{"id":21756,"date":"2025-02-03T10:44:37","date_gmt":"2025-02-03T09:44:37","guid":{"rendered":"https:\/\/boskienasiona.pl\/product\/nasiona-kwiatow-mieszanka-roslin-jezowka-mix-byliny-o-okazalych-kwiatach\/"},"modified":"2026-02-27T01:21:14","modified_gmt":"2026-02-27T00:21:14","slug":"nasiona-kwiatow-mieszanka-roslin-jezowka-mix-byliny-o-okazalych-kwiatach","status":"publish","type":"product","link":"https:\/\/boskienasiona.pl\/en\/produkt\/nasiona-kwiatow-mieszanka-roslin-jezowka-mix-byliny-o-okazalych-kwiatach\/","title":{"rendered":"Nasiona kwiat\u00f3w mieszanka ro\u015blin Je\u017c\u00f3wka MIX byliny o okaza\u0142ych kwiatach"},"content":{"rendered":"<section class=\"section\">\n<div class=\"item item-12\">\n<section class=\"text-item\">\n<h1>Nasiona kwiat\u00f3w mieszanka ro\u015blin Je\u017c\u00f3wka MIX byliny o okaza\u0142ych kwiatach<\/h1>\n<\/section><\/div>\n<\/section>\n<section class=\"section\">\n<div class=\"item item-6\">\n<section class=\"image-item\">\n            <img decoding=\"async\" src=\"https:\/\/upload.cdn.baselinker.com\/products\/3018170\/9017939f89c3a406e7af543db6a29c9a.png\" \/><br \/>\n        <\/section>\n<\/p><\/div>\n<div class=\"item item-6\">\n<section class=\"text-item\">\n<p><b>Je\u017c\u00f3wka mix<\/b><\/p>\n<p>Zaskakuj\u0105ca mieszanka kolorystyczna znanej i\u00a0lubianej byliny o\u00a0okaza\u0142ych kwiatach ze sto\u017ckowo wypuk\u0142ym kolczastym \u015brodkiem, dorasta do\u00a060 \u2013 80 cm. <b>Ch\u0119tnie odwiedzana przez motyle, pszczo\u0142y. Polecana na\u00a0rabaty z\u00a0s\u0105siedztwie traw lub\u00a0jako t\u0142o dla innych bylin.<\/b> Wysiew do\u00a0ciep\u0142ego inspektu w\u00a0II \u2013 III, lub\u00a0bezpo\u015brednio do\u00a0gruntu w\u00a0IV &#8211; V. Poradzi sobie w\u00a0ka\u017cdej glebie, na\u00a0stanowisku s\u0142onecznym lub\u00a0w\u00a0p\u00f3\u0142cieniu.<\/p>\n<\/section><\/div>\n<\/section>\n<section class=\"section\">\n<div class=\"item item-6\">\n<section class=\"image-item\">\n            <img decoding=\"async\" src=\"https:\/\/upload.cdn.baselinker.com\/products\/3018170\/fd841af183ec39afa4ca9e4485b67670.png\" \/><br \/>\n        <\/section>\n<\/p><\/div>\n<div class=\"item item-6\">\n<section class=\"text-item\">\n<p><b>SPRAWDZONA JAKO\u015a\u0106 NASION<\/b><\/p>\n<p>Oferowane przez nas nasiona s\u0105 testowane w\u00a0<b>Laboratorium Oceny Nasion pod wzgl\u0119dem:<\/b><\/p>\n<p>\u2705<b>kie\u0142kowania<\/b><\/p>\n<p>\u2705<b>wilgotno\u015bci<\/b><\/p>\n<p>\u2705<b>czysto\u015bci ziarna<\/b><\/p>\n<p><b>Dzi\u0119ki czemu udost\u0119pniane nasiona s\u0105 \u015bci\u015ble wyselekcjonowane, tylko wysokiej klasy.<\/b><\/p>\n<p>Torebki zakupione na naszej aukcji s\u0105 w pe\u0142ni bezpieczne, posiadaj\u0105\u00a0<b>dat\u0119 wa\u017cno\u015bci i nr partii na opakowaniu.<\/b>\u00a0Gwarantujemy r\u00f3wnie\u017c jako\u015b\u0107 i oryginalno\u015b\u0107 produkt\u00f3w, poniewa\u017c s\u0105 nabywane bezpo\u015brednio od producenta.<\/p>\n<\/section><\/div>\n<\/section>\n<section class=\"section\">\n<div class=\"item item-6\">\n<section class=\"image-item\">\n            <img decoding=\"async\" src=\"https:\/\/upload.cdn.baselinker.com\/products\/3018170\/f15c3b47a353bd3d884046a28e1fa197.jpg\" \/><br \/>\n        <\/section>\n<\/p><\/div>\n<div class=\"item item-6\">\n<section class=\"image-item\">\n            <img decoding=\"async\" src=\"https:\/\/upload.cdn.baselinker.com\/products\/3018170\/4729d8c0ec84b70f0715ff81f62defd5.jpg\" \/><br \/>\n        <\/section>\n<\/p><\/div>\n<\/section>\n","protected":false},"excerpt":{"rendered":"<p>Nasiona kwiat\u00f3w mieszanka ro\u015blin Je\u017c\u00f3wka MIX byliny o okaza\u0142ych kwiatach Je\u017c\u00f3wka mix Zaskakuj\u0105ca mieszanka kolorystyczna znanej i\u00a0lubianej byliny o\u00a0okaza\u0142ych kwiatach ze sto\u017ckowo wypuk\u0142ym kolczastym \u015brodkiem, dorasta do\u00a060 \u2013 80 cm. Ch\u0119tnie odwiedzana przez motyle, pszczo\u0142y. Polecana na\u00a0rabaty z\u00a0s\u0105siedztwie traw lub\u00a0jako t\u0142o dla innych bylin. Wysiew do\u00a0ciep\u0142ego inspektu w\u00a0II \u2013 III, lub\u00a0bezpo\u015brednio do\u00a0gruntu w\u00a0IV &#8211; V&#8230;.<\/p>\n","protected":false},"featured_media":21734,"comment_status":"open","ping_status":"closed","template":"","meta":{"inline_featured_image":false},"product_cat":[134,162,183],"product_tag":[],"location":[],"class_list":{"0":"post-21756","1":"product","2":"type-product","3":"status-publish","4":"has-post-thumbnail","6":"product_cat-nasiona-kwiatow","7":"product_cat-nasiona","8":"product_cat-nasiona-kwiatow-ogrodowych","9":"nt-post-class","10":"","13":"excerpt-none","16":"first","17":"instock","18":"shipping-taxable","19":"purchasable","20":"product-type-simple"},"_links":{"self":[{"href":"https:\/\/boskienasiona.pl\/en\/wp-json\/wp\/v2\/product\/21756","targetHints":{"allow":["GET"]}}],"collection":[{"href":"https:\/\/boskienasiona.pl\/en\/wp-json\/wp\/v2\/product"}],"about":[{"href":"https:\/\/boskienasiona.pl\/en\/wp-json\/wp\/v2\/types\/product"}],"replies":[{"embeddable":true,"href":"https:\/\/boskienasiona.pl\/en\/wp-json\/wp\/v2\/comments?post=21756"}],"version-history":[{"count":1,"href":"https:\/\/boskienasiona.pl\/en\/wp-json\/wp\/v2\/product\/21756\/revisions"}],"predecessor-version":[{"id":22542,"href":"https:\/\/boskienasiona.pl\/en\/wp-json\/wp\/v2\/product\/21756\/revisions\/22542"}],"wp:featuredmedia":[{"embeddable":true,"href":"https:\/\/boskienasiona.pl\/en\/wp-json\/wp\/v2\/media\/21734"}],"wp:attachment":[{"href":"https:\/\/boskienasiona.pl\/en\/wp-json\/wp\/v2\/media?parent=21756"}],"wp:term":[{"taxonomy":"product_cat","embeddable":true,"href":"https:\/\/boskienasiona.pl\/en\/wp-json\/wp\/v2\/product_cat?post=21756"},{"taxonomy":"product_tag","embeddable":true,"href":"https:\/\/boskienasiona.pl\/en\/wp-json\/wp\/v2\/product_tag?post=21756"},{"taxonomy":"location","embeddable":true,"href":"https:\/\/boskienasiona.pl\/en\/wp-json\/wp\/v2\/location?post=21756"}],"curies":[{"name":"wp","href":"https:\/\/api.w.org\/{rel}","templated":true}]}}