{"id":21768,"date":"2025-02-03T10:45:00","date_gmt":"2025-02-03T09:45:00","guid":{"rendered":"https:\/\/boskienasiona.pl\/product\/nasiona-kwiatow-mieszanka-express-laczka-o-szybkim-tempie-wzrostu\/"},"modified":"2026-04-19T14:18:24","modified_gmt":"2026-04-19T12:18:24","slug":"nasiona-kwiatow-mieszanka-express-laczka-o-szybkim-tempie-wzrostu","status":"publish","type":"product","link":"https:\/\/boskienasiona.pl\/en\/produkt\/nasiona-kwiatow-mieszanka-express-laczka-o-szybkim-tempie-wzrostu\/","title":{"rendered":"Nasiona kwiat\u00f3w Mieszanka EXPRESS \u0141\u0104CZKA o szybkim tempie wzrostu"},"content":{"rendered":"<section class=\"section\">\n<div class=\"item item-12\">\n<section class=\"text-item\">\n<h1>Nasiona kwiat\u00f3w Mieszanka EXPRESS \u0141\u0104CZKA o szybkim tempie wzrostu<\/h1>\n<\/section><\/div>\n<\/section>\n<section class=\"section\">\n<div class=\"item item-6\">\n<section class=\"image-item\"><img decoding=\"async\" src=\"https:\/\/upload.cdn.baselinker.com\/products\/3018170\/ef5aba2c9c955bbabdc291f59e677913.jpg\" \/><\/section>\n<\/p><\/div>\n<div class=\"item item-6\">\n<section class=\"text-item\">\n<p><b>Mieszanka kwiat\u00f3w EXPRESS \u0141\u0104CZKA o szybkim tempie wzrostu\u00a0 nasiona<\/b><\/p>\n<p>Mieszanka kwiat\u00f3w Expres \u0141\u0105czka to unikalna mieszanka szybko kwitn\u0105cych, ma\u0142o wymagaj\u0105cych kwiat\u00f3w polnych i zi\u00f3\u0142 w pastelowych barwach. Od wysiania do kwitnienia mija zaledwie kilka tygodni, dzi\u0119ki czemu uzyskasz \u2018ekspresowy\u2019 efekt pi\u0119knie kwitn\u0105cej \u0142\u0105ki dodaj\u0105c w ten spos\u00f3b uroku swojemu ogrodowi w ostatniej chwili.<\/p>\n<p>Zalecany siew rzutowy u\u017cywaj\u0105c oko\u0142o 4-10 g\/m2.<\/p>\n<p><b>\u2705Wysiew pod os\u0142ony:<\/b><\/p>\n<p><b>\u2705Wysiew do gruntu:<\/b>\u00a0IV \u2013 \u00bd VII<\/p>\n<p><b>\u2705Kwitnienie:<\/b>\u00a0\u00bd V &#8211; IX<\/p>\n<p><b>\u2705Wysoko\u015b\u0107:<\/b>\u00a030 &#8211; 100 cm<\/p>\n<\/section><\/div>\n<\/section>\n","protected":false},"excerpt":{"rendered":"<p>Nasiona kwiat\u00f3w Mieszanka EXPRESS \u0141\u0104CZKA o szybkim tempie wzrostu Mieszanka kwiat\u00f3w EXPRESS \u0141\u0104CZKA o szybkim tempie wzrostu\u00a0 nasiona Mieszanka kwiat\u00f3w Expres \u0141\u0105czka to unikalna mieszanka szybko kwitn\u0105cych, ma\u0142o wymagaj\u0105cych kwiat\u00f3w polnych i zi\u00f3\u0142 w pastelowych barwach. Od wysiania do kwitnienia mija zaledwie kilka tygodni, dzi\u0119ki czemu uzyskasz \u2018ekspresowy\u2019 efekt pi\u0119knie kwitn\u0105cej \u0142\u0105ki dodaj\u0105c w ten&#8230;<\/p>\n","protected":false},"featured_media":21762,"comment_status":"open","ping_status":"closed","template":"","meta":{"inline_featured_image":false},"product_cat":[134,162,183],"product_tag":[],"location":[],"class_list":{"0":"post-21768","1":"product","2":"type-product","3":"status-publish","4":"has-post-thumbnail","6":"product_cat-nasiona-kwiatow","7":"product_cat-nasiona","8":"product_cat-nasiona-kwiatow-ogrodowych","9":"nt-post-class","10":"","13":"excerpt-none","16":"first","17":"instock","18":"shipping-taxable","19":"purchasable","20":"product-type-simple"},"_links":{"self":[{"href":"https:\/\/boskienasiona.pl\/en\/wp-json\/wp\/v2\/product\/21768","targetHints":{"allow":["GET"]}}],"collection":[{"href":"https:\/\/boskienasiona.pl\/en\/wp-json\/wp\/v2\/product"}],"about":[{"href":"https:\/\/boskienasiona.pl\/en\/wp-json\/wp\/v2\/types\/product"}],"replies":[{"embeddable":true,"href":"https:\/\/boskienasiona.pl\/en\/wp-json\/wp\/v2\/comments?post=21768"}],"version-history":[{"count":1,"href":"https:\/\/boskienasiona.pl\/en\/wp-json\/wp\/v2\/product\/21768\/revisions"}],"predecessor-version":[{"id":22545,"href":"https:\/\/boskienasiona.pl\/en\/wp-json\/wp\/v2\/product\/21768\/revisions\/22545"}],"wp:featuredmedia":[{"embeddable":true,"href":"https:\/\/boskienasiona.pl\/en\/wp-json\/wp\/v2\/media\/21762"}],"wp:attachment":[{"href":"https:\/\/boskienasiona.pl\/en\/wp-json\/wp\/v2\/media?parent=21768"}],"wp:term":[{"taxonomy":"product_cat","embeddable":true,"href":"https:\/\/boskienasiona.pl\/en\/wp-json\/wp\/v2\/product_cat?post=21768"},{"taxonomy":"product_tag","embeddable":true,"href":"https:\/\/boskienasiona.pl\/en\/wp-json\/wp\/v2\/product_tag?post=21768"},{"taxonomy":"location","embeddable":true,"href":"https:\/\/boskienasiona.pl\/en\/wp-json\/wp\/v2\/location?post=21768"}],"curies":[{"name":"wp","href":"https:\/\/api.w.org\/{rel}","templated":true}]}}