{"id":21775,"date":"2025-02-03T10:45:14","date_gmt":"2025-02-03T09:45:14","guid":{"rendered":"https:\/\/boskienasiona.pl\/product\/nasiona-kwiatow-lwia-paszcza-idealna-na-kwiaty-ciete-i-wysokie-rabaty\/"},"modified":"2026-04-15T14:23:17","modified_gmt":"2026-04-15T12:23:17","slug":"nasiona-kwiatow-lwia-paszcza-idealna-na-kwiaty-ciete-i-wysokie-rabaty","status":"publish","type":"product","link":"https:\/\/boskienasiona.pl\/en\/produkt\/nasiona-kwiatow-lwia-paszcza-idealna-na-kwiaty-ciete-i-wysokie-rabaty\/","title":{"rendered":"Nasiona kwiat\u00f3w LWIA PASZCZA idealna na kwiaty ci\u0119te i wysokie rabaty"},"content":{"rendered":"<section class=\"section\">\n<div class=\"item item-12\">\n<section class=\"text-item\">\n<h1>Nasiona kwiat\u00f3w LWIA PASZCZA idealna na kwiaty ci\u0119te i wysokie rabaty<\/h1>\n<\/section><\/div>\n<\/section>\n<section class=\"section\">\n<div class=\"item item-6\">\n<section class=\"image-item\"><img decoding=\"async\" src=\"https:\/\/upload.cdn.baselinker.com\/products\/3018170\/0da296d351b4d85a9b9b94828ea6b5ff.jpg\" \/><\/section>\n<\/p><\/div>\n<div class=\"item item-6\">\n<section class=\"text-item\">\n<p><b>Lwia paszcza wysoka karminowa<\/b><\/p>\n<p>Antirrhinum majus<\/p>\n<p>Atrakcyjna, d\u0142ugo kwitn\u0105ca ro\u015blina jednoroczna wysoko\u015bci 100-120 cm o wargowych, karminowych kwiatach zebranych w groniaste kwiatostany. Kwitnie do pierwszych przymrozk\u00f3w. Idealna na wysokie rabaty, kwietniki, grupy ogrodowe, kwiaty ci\u0119te d\u0142ugo utrzymuj\u0105 \u015bwie\u017co\u015b\u0107 w wazonie. Wysiew nasion II-IV pod os\u0142ony lub koniec IV do gruntu. Wymaga stanowiska s\u0142onecznego i \u015brednio zasobnej gleby.<\/p>\n<ul>\n<li><b>Siew inspekt:<\/b> II-IV<\/li>\n<li><b>Siew grunt:<\/b> \u00bd IV<\/li>\n<li><b>Kwitnienie:<\/b> VI-X<\/li>\n<li><b>Rozstawa:<\/b> 30\u00d730 cm<\/li>\n<li><b>Wysoko\u015b\u0107:<\/b> 100-120 cm<\/li>\n<\/ul>\n<\/section><\/div>\n<\/section>\n<section class=\"section\">\n<div class=\"item item-6\">\n<section class=\"image-item\"><img decoding=\"async\" src=\"https:\/\/upload.cdn.baselinker.com\/products\/3018170\/185aef05b46474dec3ee7c6028ddb910.jpg\" \/><\/section>\n<\/p><\/div>\n<div class=\"item item-6\">\n<section class=\"text-item\">\n<p><b>SPRAWDZONA JAKO\u015a\u0106 NASION<\/b><\/p>\n<p>Oferowane przez nas nasiona s\u0105 testowane w\u00a0<b>Laboratorium Oceny Nasion pod wzgl\u0119dem:<\/b><\/p>\n<p>\u2705<b>kie\u0142kowania<\/b><\/p>\n<p>\u2705<b>wilgotno\u015bci<\/b><\/p>\n<p>\u2705<b>czysto\u015bci ziarna<\/b><\/p>\n<p><b>Dzi\u0119ki czemu udost\u0119pniane nasiona s\u0105 \u015bci\u015ble wyselekcjonowane, tylko wysokiej klasy.<\/b><\/p>\n<p>Torebki zakupione na naszej aukcji s\u0105 w pe\u0142ni bezpieczne, posiadaj\u0105\u00a0<b>dat\u0119 wa\u017cno\u015bci i nr partii na opakowaniu.<\/b>\u00a0Gwarantujemy r\u00f3wnie\u017c jako\u015b\u0107 i oryginalno\u015b\u0107 produkt\u00f3w, poniewa\u017c s\u0105 nabywane bezpo\u015brednio od producenta.<\/p>\n<\/section><\/div>\n<\/section>\n<section class=\"section\">\n<div class=\"item item-12\">\n<section class=\"image-item\"><img decoding=\"async\" src=\"https:\/\/upload.cdn.baselinker.com\/products\/3018170\/34d3174160aee822b5688e88ca259c46.jpg\" \/><\/section>\n<\/p><\/div>\n<\/section>\n","protected":false},"excerpt":{"rendered":"<p>Nasiona kwiat\u00f3w LWIA PASZCZA idealna na kwiaty ci\u0119te i wysokie rabaty Lwia paszcza wysoka karminowa Antirrhinum majus Atrakcyjna, d\u0142ugo kwitn\u0105ca ro\u015blina jednoroczna wysoko\u015bci 100-120 cm o wargowych, karminowych kwiatach zebranych w groniaste kwiatostany. Kwitnie do pierwszych przymrozk\u00f3w. Idealna na wysokie rabaty, kwietniki, grupy ogrodowe, kwiaty ci\u0119te d\u0142ugo utrzymuj\u0105 \u015bwie\u017co\u015b\u0107 w wazonie. Wysiew nasion II-IV pod&#8230;<\/p>\n","protected":false},"featured_media":21769,"comment_status":"open","ping_status":"closed","template":"","meta":{"inline_featured_image":false},"product_cat":[134,162],"product_tag":[],"location":[],"class_list":{"0":"post-21775","1":"product","2":"type-product","3":"status-publish","4":"has-post-thumbnail","6":"product_cat-nasiona-kwiatow","7":"product_cat-nasiona","8":"nt-post-class","9":"","12":"excerpt-none","15":"first","16":"instock","17":"shipping-taxable","18":"purchasable","19":"product-type-simple"},"_links":{"self":[{"href":"https:\/\/boskienasiona.pl\/en\/wp-json\/wp\/v2\/product\/21775","targetHints":{"allow":["GET"]}}],"collection":[{"href":"https:\/\/boskienasiona.pl\/en\/wp-json\/wp\/v2\/product"}],"about":[{"href":"https:\/\/boskienasiona.pl\/en\/wp-json\/wp\/v2\/types\/product"}],"replies":[{"embeddable":true,"href":"https:\/\/boskienasiona.pl\/en\/wp-json\/wp\/v2\/comments?post=21775"}],"version-history":[{"count":0,"href":"https:\/\/boskienasiona.pl\/en\/wp-json\/wp\/v2\/product\/21775\/revisions"}],"wp:featuredmedia":[{"embeddable":true,"href":"https:\/\/boskienasiona.pl\/en\/wp-json\/wp\/v2\/media\/21769"}],"wp:attachment":[{"href":"https:\/\/boskienasiona.pl\/en\/wp-json\/wp\/v2\/media?parent=21775"}],"wp:term":[{"taxonomy":"product_cat","embeddable":true,"href":"https:\/\/boskienasiona.pl\/en\/wp-json\/wp\/v2\/product_cat?post=21775"},{"taxonomy":"product_tag","embeddable":true,"href":"https:\/\/boskienasiona.pl\/en\/wp-json\/wp\/v2\/product_tag?post=21775"},{"taxonomy":"location","embeddable":true,"href":"https:\/\/boskienasiona.pl\/en\/wp-json\/wp\/v2\/location?post=21775"}],"curies":[{"name":"wp","href":"https:\/\/api.w.org\/{rel}","templated":true}]}}