{"id":21782,"date":"2025-02-03T10:45:31","date_gmt":"2025-02-03T09:45:31","guid":{"rendered":"https:\/\/boskienasiona.pl\/product\/nasiona-kwiatow-lewkonia-letnia-mix-na-kwiat-ciety-rabaty-obwodki\/"},"modified":"2025-06-02T14:21:26","modified_gmt":"2025-06-02T12:21:26","slug":"nasiona-kwiatow-lewkonia-letnia-mix-na-kwiat-ciety-rabaty-obwodki","status":"publish","type":"product","link":"https:\/\/boskienasiona.pl\/en\/produkt\/nasiona-kwiatow-lewkonia-letnia-mix-na-kwiat-ciety-rabaty-obwodki\/","title":{"rendered":"Nasiona kwiat\u00f3w LEWKONIA LETNIA MIX na kwiat ci\u0119ty rabaty obw\u00f3dki"},"content":{"rendered":"<section class=\"section\">\n<div class=\"item item-12\">\n<section class=\"text-item\">\n<h1>Nasiona kwiat\u00f3w LEWKONIA LETNIA MIX na kwiat ci\u0119ty rabaty obw\u00f3dki<\/h1>\n<\/section><\/div>\n<\/section>\n<section class=\"section\">\n<div class=\"item item-6\">\n<section class=\"image-item\"><img decoding=\"async\" src=\"https:\/\/upload.cdn.baselinker.com\/products\/3018170\/cc2cce3d011558d7b592526ba5838923.jpg\" \/><\/section>\n<\/p><\/div>\n<div class=\"item item-6\">\n<section class=\"text-item\">\n<p><b>Lewkonia MIX<\/b><\/p>\n<p>Mathiola incana<\/p>\n<p>Ro\u015blina jednoroczna o r\u00f3\u017cnobarwnych kwiatach zebranych w d\u0142ugie 25-30 cm k\u0142osy. Zastosowanie: na kwiat ci\u0119ty, rabaty, obw\u00f3dki lub do uprawy doniczkowej. Wysiew nasion na g\u0142. 0,5 cm, II-IV w szklarni lub ciep\u0142ym inspekcie. Wymaga pikowania. Na miejsce sta\u0142e wysadza\u0107 od maja.<\/p>\n<ul>\n<li><b>Siew inspekt:<\/b> II-IV<\/li>\n<li><b>Kwitnienie:<\/b> VI\u2013IX (2 rok)<\/li>\n<li><b>Rozstawa:<\/b> 25-30\u00d730 cm<\/li>\n<li><b>Wysoko\u015b\u0107:<\/b> 25-30 cm<\/li>\n<\/ul>\n<\/section><\/div>\n<\/section>\n<section class=\"section\">\n<div class=\"item item-6\">\n<section class=\"image-item\"><img decoding=\"async\" src=\"https:\/\/upload.cdn.baselinker.com\/products\/3018170\/894fa005d477e4d9dfeebdab32f9ca10.jpg\" \/><\/section>\n<\/p><\/div>\n<div class=\"item item-6\">\n<section class=\"text-item\">\n<p><b>SPRAWDZONA JAKO\u015a\u0106 NASION<\/b><\/p>\n<p>Oferowane przez nas nasiona s\u0105 testowane w\u00a0<b>Laboratorium Oceny Nasion pod wzgl\u0119dem:<\/b><\/p>\n<p>\u2705<b>kie\u0142kowania<\/b><\/p>\n<p>\u2705<b>wilgotno\u015bci<\/b><\/p>\n<p>\u2705<b>czysto\u015bci ziarna<\/b><\/p>\n<p><b>Dzi\u0119ki czemu udost\u0119pniane nasiona s\u0105 \u015bci\u015ble wyselekcjonowane, tylko wysokiej klasy.<\/b><\/p>\n<p>Torebki zakupione na naszej aukcji s\u0105 w pe\u0142ni bezpieczne, posiadaj\u0105\u00a0<b>dat\u0119 wa\u017cno\u015bci i nr partii na opakowaniu.<\/b>\u00a0Gwarantujemy r\u00f3wnie\u017c jako\u015b\u0107 i oryginalno\u015b\u0107 produkt\u00f3w, poniewa\u017c s\u0105 nabywane bezpo\u015brednio od producenta.<\/p>\n<\/section><\/div>\n<\/section>\n<section class=\"section\">\n<div class=\"item item-12\">\n<section class=\"image-item\"><img decoding=\"async\" src=\"https:\/\/upload.cdn.baselinker.com\/products\/3018170\/72a31f70e32cb97e86c42a24df5fdf6a.jpg\" \/><\/section>\n<\/p><\/div>\n<\/section>\n","protected":false},"excerpt":{"rendered":"<p>Nasiona kwiat\u00f3w LEWKONIA LETNIA MIX na kwiat ci\u0119ty rabaty obw\u00f3dki Lewkonia MIX Mathiola incana Ro\u015blina jednoroczna o r\u00f3\u017cnobarwnych kwiatach zebranych w d\u0142ugie 25-30 cm k\u0142osy. Zastosowanie: na kwiat ci\u0119ty, rabaty, obw\u00f3dki lub do uprawy doniczkowej. Wysiew nasion na g\u0142. 0,5 cm, II-IV w szklarni lub ciep\u0142ym inspekcie. Wymaga pikowania. Na miejsce sta\u0142e wysadza\u0107 od maja&#8230;.<\/p>\n","protected":false},"featured_media":21776,"comment_status":"open","ping_status":"closed","template":"","meta":{"inline_featured_image":false},"product_cat":[134,162],"product_tag":[],"location":[],"class_list":{"0":"post-21782","1":"product","2":"type-product","3":"status-publish","4":"has-post-thumbnail","6":"product_cat-nasiona-kwiatow","7":"product_cat-nasiona","8":"nt-post-class","9":"","12":"excerpt-none","15":"first","16":"outofstock","17":"shipping-taxable","18":"purchasable","19":"product-type-simple"},"_links":{"self":[{"href":"https:\/\/boskienasiona.pl\/en\/wp-json\/wp\/v2\/product\/21782","targetHints":{"allow":["GET"]}}],"collection":[{"href":"https:\/\/boskienasiona.pl\/en\/wp-json\/wp\/v2\/product"}],"about":[{"href":"https:\/\/boskienasiona.pl\/en\/wp-json\/wp\/v2\/types\/product"}],"replies":[{"embeddable":true,"href":"https:\/\/boskienasiona.pl\/en\/wp-json\/wp\/v2\/comments?post=21782"}],"version-history":[{"count":0,"href":"https:\/\/boskienasiona.pl\/en\/wp-json\/wp\/v2\/product\/21782\/revisions"}],"wp:featuredmedia":[{"embeddable":true,"href":"https:\/\/boskienasiona.pl\/en\/wp-json\/wp\/v2\/media\/21776"}],"wp:attachment":[{"href":"https:\/\/boskienasiona.pl\/en\/wp-json\/wp\/v2\/media?parent=21782"}],"wp:term":[{"taxonomy":"product_cat","embeddable":true,"href":"https:\/\/boskienasiona.pl\/en\/wp-json\/wp\/v2\/product_cat?post=21782"},{"taxonomy":"product_tag","embeddable":true,"href":"https:\/\/boskienasiona.pl\/en\/wp-json\/wp\/v2\/product_tag?post=21782"},{"taxonomy":"location","embeddable":true,"href":"https:\/\/boskienasiona.pl\/en\/wp-json\/wp\/v2\/location?post=21782"}],"curies":[{"name":"wp","href":"https:\/\/api.w.org\/{rel}","templated":true}]}}