{"id":21799,"date":"2025-02-03T10:46:01","date_gmt":"2025-02-03T09:46:01","guid":{"rendered":"https:\/\/boskienasiona.pl\/product\/nasiona-kwiatow-aster-peoniowy-ofelia-rozowy-piekne-duze-kule-kwiatowe\/"},"modified":"2026-04-16T06:17:26","modified_gmt":"2026-04-16T04:17:26","slug":"nasiona-kwiatow-aster-peoniowy-ofelia-rozowy-piekne-duze-kule-kwiatowe","status":"publish","type":"product","link":"https:\/\/boskienasiona.pl\/en\/produkt\/nasiona-kwiatow-aster-peoniowy-ofelia-rozowy-piekne-duze-kule-kwiatowe\/","title":{"rendered":"NASIONA KWIAT\u00d3W ASTER PEONIOWY Ofelia R\u00d3\u017bOWY pi\u0119kne du\u017ce kule kwiatowe"},"content":{"rendered":"<section class=\"section\">\n<div class=\"item item-12\">\n<section class=\"text-item\">\n<h1>NASIONA KWIAT\u00d3W ASTER PEONIOWY Ofelia R\u00d3\u017bOWY pi\u0119kne du\u017ce kule kwiatowe<\/h1>\n<\/section><\/div>\n<\/section>\n<section class=\"section\">\n<div class=\"item item-6\">\n<section class=\"image-item\"><img decoding=\"async\" src=\"https:\/\/upload.cdn.baselinker.com\/products\/3018170\/adf1e6b3270e25a55c9c35840ebd15d6.jpg\" \/><\/section>\n<\/p><\/div>\n<div class=\"item item-6\">\n<section class=\"text-item\">\n<p><b>Aster Peoniowy Wysoki Ofelia &#8211; r\u00f3\u017cowy<\/b><\/p>\n<p>Opakowanie: 1 g<\/p>\n<p>Siew: \u00a0\u00a0 \u00a0III-IV<\/p>\n<p>Kwitnienie: \u00a0\u00a0 \u00a0VII-X<\/p>\n<p>Rozstawa: \u00a0\u00a0 \u00a020x40cm<\/p>\n<p>Wysoko\u015b\u0107: \u00a0\u00a0 \u00a060-80cm<\/p>\n<p>Ro\u015blina jednoroczna o\u00a0okaza\u0142ych, pe\u0142nych prawie kulistych kwiatach w\u00a0kolorze r\u00f3\u017cowo-amarantowym. \u015arednica kwiat\u00f3w 10-12cm.Wysoko\u015b\u0107 ro\u015blin do\u00a060-80cm. Polecana na\u00a0kwiat ci\u0119ty, wysokie rabaty obw\u00f3dki i\u00a0kwietniki. Wysiew w\u00a0marcu-kwietniu do\u00a0ogrzewanego inspektu lub\u00a0wprost do\u00a0gruntu w\u00a0kwietniu-maju. Pikowanie wzmacnia ro\u015blin\u0119. Na\u00a0rabaty wysadza\u0107 w\u00a0maju. Wymaga stanowiska s\u0142onecznego, \u015brednio wilgotnej, \u017cyznej gleby.<\/p>\n<\/section><\/div>\n<\/section>\n<section class=\"section\">\n<div class=\"item item-6\">\n<section class=\"image-item\"><img decoding=\"async\" src=\"https:\/\/upload.cdn.baselinker.com\/products\/3018170\/26a0814fca05951f4b5592c39fe8cae1.jpg\" \/><\/section>\n<\/p><\/div>\n<div class=\"item item-6\">\n<section class=\"text-item\">\n<p><b>SPRAWDZONA JAKO\u015a\u0106 NASION<\/b><\/p>\n<p>Oferowane przez nas nasiona s\u0105 testowane w\u00a0<b>Laboratorium Oceny Nasion pod wzgl\u0119dem:<\/b><\/p>\n<p>\u2705<b>kie\u0142kowania<\/b><\/p>\n<p>\u2705<b>wilgotno\u015bci<\/b><\/p>\n<p>\u2705<b>czysto\u015bci ziarna<\/b><\/p>\n<p><b>Dzi\u0119ki czemu udost\u0119pniane nasiona s\u0105 \u015bci\u015ble wyselekcjonowane, tylko wysokiej klasy.<\/b><\/p>\n<p>Torebki zakupione na naszej aukcji s\u0105 w pe\u0142ni bezpieczne, posiadaj\u0105\u00a0<b>dat\u0119 wa\u017cno\u015bci i nr partii na opakowaniu.<\/b>\u00a0Gwarantujemy r\u00f3wnie\u017c jako\u015b\u0107 i oryginalno\u015b\u0107 produkt\u00f3w, ponie<\/p>\n<\/section><\/div>\n<\/section>\n<section class=\"section\">\n<div class=\"item item-6\">\n<section class=\"image-item\"><img decoding=\"async\" src=\"https:\/\/upload.cdn.baselinker.com\/products\/3018170\/5fad459bd09a81e38c6a08e634bbf64b.jpg\" \/><\/section>\n<\/p><\/div>\n<div class=\"item item-6\">\n<section class=\"image-item\"><img decoding=\"async\" src=\"https:\/\/upload.cdn.baselinker.com\/products\/3018170\/75fdfe555fb2311cc0c41895f1c74f33.jpg\" \/><\/section>\n<\/p><\/div>\n<\/section>\n","protected":false},"excerpt":{"rendered":"<p>NASIONA KWIAT\u00d3W ASTER PEONIOWY Ofelia R\u00d3\u017bOWY pi\u0119kne du\u017ce kule kwiatowe Aster Peoniowy Wysoki Ofelia &#8211; r\u00f3\u017cowy Opakowanie: 1 g Siew: \u00a0\u00a0 \u00a0III-IV Kwitnienie: \u00a0\u00a0 \u00a0VII-X Rozstawa: \u00a0\u00a0 \u00a020x40cm Wysoko\u015b\u0107: \u00a0\u00a0 \u00a060-80cm Ro\u015blina jednoroczna o\u00a0okaza\u0142ych, pe\u0142nych prawie kulistych kwiatach w\u00a0kolorze r\u00f3\u017cowo-amarantowym. \u015arednica kwiat\u00f3w 10-12cm.Wysoko\u015b\u0107 ro\u015blin do\u00a060-80cm. Polecana na\u00a0kwiat ci\u0119ty, wysokie rabaty obw\u00f3dki i\u00a0kwietniki. Wysiew w\u00a0marcu-kwietniu do\u00a0ogrzewanego&#8230;<\/p>\n","protected":false},"featured_media":21783,"comment_status":"open","ping_status":"closed","template":"","meta":{"inline_featured_image":false},"product_cat":[134,162,182],"product_tag":[],"location":[],"class_list":{"0":"post-21799","1":"product","2":"type-product","3":"status-publish","4":"has-post-thumbnail","6":"product_cat-nasiona-kwiatow","7":"product_cat-nasiona","8":"product_cat-nasiona-kwiaty-doniczkowe","9":"nt-post-class","10":"","13":"excerpt-none","16":"first","17":"instock","18":"shipping-taxable","19":"purchasable","20":"product-type-simple"},"_links":{"self":[{"href":"https:\/\/boskienasiona.pl\/en\/wp-json\/wp\/v2\/product\/21799","targetHints":{"allow":["GET"]}}],"collection":[{"href":"https:\/\/boskienasiona.pl\/en\/wp-json\/wp\/v2\/product"}],"about":[{"href":"https:\/\/boskienasiona.pl\/en\/wp-json\/wp\/v2\/types\/product"}],"replies":[{"embeddable":true,"href":"https:\/\/boskienasiona.pl\/en\/wp-json\/wp\/v2\/comments?post=21799"}],"version-history":[{"count":1,"href":"https:\/\/boskienasiona.pl\/en\/wp-json\/wp\/v2\/product\/21799\/revisions"}],"predecessor-version":[{"id":22518,"href":"https:\/\/boskienasiona.pl\/en\/wp-json\/wp\/v2\/product\/21799\/revisions\/22518"}],"wp:featuredmedia":[{"embeddable":true,"href":"https:\/\/boskienasiona.pl\/en\/wp-json\/wp\/v2\/media\/21783"}],"wp:attachment":[{"href":"https:\/\/boskienasiona.pl\/en\/wp-json\/wp\/v2\/media?parent=21799"}],"wp:term":[{"taxonomy":"product_cat","embeddable":true,"href":"https:\/\/boskienasiona.pl\/en\/wp-json\/wp\/v2\/product_cat?post=21799"},{"taxonomy":"product_tag","embeddable":true,"href":"https:\/\/boskienasiona.pl\/en\/wp-json\/wp\/v2\/product_tag?post=21799"},{"taxonomy":"location","embeddable":true,"href":"https:\/\/boskienasiona.pl\/en\/wp-json\/wp\/v2\/location?post=21799"}],"curies":[{"name":"wp","href":"https:\/\/api.w.org\/{rel}","templated":true}]}}