{"id":21808,"date":"2025-02-03T12:31:19","date_gmt":"2025-02-03T11:31:19","guid":{"rendered":"https:\/\/boskienasiona.pl\/product\/nasiona-kwiatow-cynia-daliowa-czerwona-piekne-aksamitne-kwiaty\/"},"modified":"2026-04-14T14:23:12","modified_gmt":"2026-04-14T12:23:12","slug":"nasiona-kwiatow-cynia-daliowa-czerwona-piekne-aksamitne-kwiaty","status":"publish","type":"product","link":"https:\/\/boskienasiona.pl\/en\/produkt\/nasiona-kwiatow-cynia-daliowa-czerwona-piekne-aksamitne-kwiaty\/","title":{"rendered":"Nasiona kwiat\u00f3w CYNIA DALIOWA czerwona pi\u0119kne aksamitne kwiaty"},"content":{"rendered":"<section class=\"section\">\n<div class=\"item item-12\">\n<section class=\"text-item\">\n<h1>Nasiona kwiat\u00f3w CYNIA DALIOWA czerwona pi\u0119kne aksamitne kwiaty\u00a0<\/h1>\n<\/section><\/div>\n<\/section>\n<section class=\"section\">\n<div class=\"item item-6\">\n<section class=\"image-item\">\n            <img decoding=\"async\" src=\"https:\/\/upload.cdn.baselinker.com\/products\/3018170\/38d84a98260e8e4a87bae96b4a79b7a7.png\" \/><br \/>\n        <\/section>\n<\/p><\/div>\n<div class=\"item item-6\">\n<section class=\"text-item\">\n<p><b>CYNIA DALIOWA CZERWONA<\/b><\/p>\n<p>Ro\u015blina jednoroczna, do 80cm wys. Kwiaty okaza\u0142e, szkar\u0142atno-czerwone, pe\u0142ne. Doskona\u0142a na wy\u017csze rabaty, do nasadze\u0144 w grupach i na kwiat ci\u0119ty. Pi\u0119knie kwitn\u0105 od lipca do p\u00f3\u017anej jesieni. Wysiew nasion w IV do inspektu. Wymaga pikowania. Wysadza\u0107 w V.<\/p>\n<ul>\n<li><b>Siew:<\/b> IV-pocz.V<\/li>\n<li><b>Kwitnienie:<\/b> VII-X<\/li>\n<li><b>Rozstawa:<\/b> 30x40cm<\/li>\n<li><b>Wysoko\u015b\u0107:<\/b> 80cm<\/li>\n<\/ul>\n<\/section><\/div>\n<\/section>\n<section class=\"section\">\n<div class=\"item item-6\">\n<section class=\"image-item\">\n            <img decoding=\"async\" src=\"https:\/\/upload.cdn.baselinker.com\/products\/3018170\/bf1aaddf4eef7b8b2c17a791ccdca518.png\" \/><br \/>\n        <\/section>\n<\/p><\/div>\n<div class=\"item item-6\">\n<section class=\"text-item\">\n<p><b>SPRAWDZONA JAKO\u015a\u0106 NASION<\/b><\/p>\n<p>Oferowane przez nas nasiona s\u0105 testowane w <b>Laboratorium Oceny Nasion pod wzgl\u0119dem:<\/b><\/p>\n<p>\u2705<b>kie\u0142kowania<\/b><\/p>\n<p>\u2705<b>wilgotno\u015bci<\/b><\/p>\n<p>\u2705<b>czysto\u015bci ziarna<\/b><\/p>\n<p><b>Dzi\u0119ki czemu udost\u0119pniane nasiona s\u0105 \u015bci\u015ble wyselekcjonowane, tylko wysokiej klasy.<\/b><\/p>\n<p>Torebki zakupione na naszej aukcji s\u0105 w pe\u0142ni bezpieczne, posiadaj\u0105 <b>dat\u0119 wa\u017cno\u015bci i nr partii na opakowaniu.<\/b> Gwarantujemy r\u00f3wnie\u017c jako\u015b\u0107 i oryginalno\u015b\u0107 produkt\u00f3w, poniewa\u017c s\u0105 nabywane bezpo\u015brednio od producenta.<\/p>\n<\/section><\/div>\n<\/section>\n<section class=\"section\">\n<div class=\"item item-6\">\n<section class=\"image-item\">\n            <img decoding=\"async\" src=\"https:\/\/upload.cdn.baselinker.com\/products\/3018170\/3971c4e89c89ce26d5fbdf3722b2db88.png\" \/><br \/>\n        <\/section>\n<\/p><\/div>\n<div class=\"item item-6\">\n<section class=\"image-item\">\n            <img decoding=\"async\" src=\"https:\/\/upload.cdn.baselinker.com\/products\/3018170\/ec27df85cb49b46ac5e72fcdcca62a2b.png\" \/><br \/>\n        <\/section>\n<\/p><\/div>\n<\/section>\n","protected":false},"excerpt":{"rendered":"<p>Nasiona kwiat\u00f3w CYNIA DALIOWA czerwona pi\u0119kne aksamitne kwiaty\u00a0 CYNIA DALIOWA CZERWONA Ro\u015blina jednoroczna, do 80cm wys. Kwiaty okaza\u0142e, szkar\u0142atno-czerwone, pe\u0142ne. Doskona\u0142a na wy\u017csze rabaty, do nasadze\u0144 w grupach i na kwiat ci\u0119ty. Pi\u0119knie kwitn\u0105 od lipca do p\u00f3\u017anej jesieni. Wysiew nasion w IV do inspektu. Wymaga pikowania. Wysadza\u0107 w V. Siew: IV-pocz.V Kwitnienie: VII-X Rozstawa:&#8230;<\/p>\n","protected":false},"featured_media":21800,"comment_status":"open","ping_status":"closed","template":"","meta":{"inline_featured_image":false},"product_cat":[134,180,162,183,182],"product_tag":[],"location":[],"class_list":{"0":"post-21808","1":"product","2":"type-product","3":"status-publish","4":"has-post-thumbnail","6":"product_cat-nasiona-kwiatow","7":"product_cat-cynie-nasiona","8":"product_cat-nasiona","9":"product_cat-nasiona-kwiatow-ogrodowych","10":"product_cat-nasiona-kwiaty-doniczkowe","11":"nt-post-class","12":"","15":"excerpt-none","18":"first","19":"instock","20":"shipping-taxable","21":"purchasable","22":"product-type-simple"},"_links":{"self":[{"href":"https:\/\/boskienasiona.pl\/en\/wp-json\/wp\/v2\/product\/21808","targetHints":{"allow":["GET"]}}],"collection":[{"href":"https:\/\/boskienasiona.pl\/en\/wp-json\/wp\/v2\/product"}],"about":[{"href":"https:\/\/boskienasiona.pl\/en\/wp-json\/wp\/v2\/types\/product"}],"replies":[{"embeddable":true,"href":"https:\/\/boskienasiona.pl\/en\/wp-json\/wp\/v2\/comments?post=21808"}],"version-history":[{"count":1,"href":"https:\/\/boskienasiona.pl\/en\/wp-json\/wp\/v2\/product\/21808\/revisions"}],"predecessor-version":[{"id":22451,"href":"https:\/\/boskienasiona.pl\/en\/wp-json\/wp\/v2\/product\/21808\/revisions\/22451"}],"wp:featuredmedia":[{"embeddable":true,"href":"https:\/\/boskienasiona.pl\/en\/wp-json\/wp\/v2\/media\/21800"}],"wp:attachment":[{"href":"https:\/\/boskienasiona.pl\/en\/wp-json\/wp\/v2\/media?parent=21808"}],"wp:term":[{"taxonomy":"product_cat","embeddable":true,"href":"https:\/\/boskienasiona.pl\/en\/wp-json\/wp\/v2\/product_cat?post=21808"},{"taxonomy":"product_tag","embeddable":true,"href":"https:\/\/boskienasiona.pl\/en\/wp-json\/wp\/v2\/product_tag?post=21808"},{"taxonomy":"location","embeddable":true,"href":"https:\/\/boskienasiona.pl\/en\/wp-json\/wp\/v2\/location?post=21808"}],"curies":[{"name":"wp","href":"https:\/\/api.w.org\/{rel}","templated":true}]}}