{"id":21815,"date":"2025-02-03T12:58:32","date_gmt":"2025-02-03T11:58:32","guid":{"rendered":"https:\/\/boskienasiona.pl\/product\/nasiona-kwiatow-aster-peoniowy-wysoki-mix-kolorow-piekne-pelne-kwiaty\/"},"modified":"2026-04-19T14:18:32","modified_gmt":"2026-04-19T12:18:32","slug":"nasiona-kwiatow-aster-peoniowy-wysoki-mix-kolorow-piekne-pelne-kwiaty","status":"publish","type":"product","link":"https:\/\/boskienasiona.pl\/en\/produkt\/nasiona-kwiatow-aster-peoniowy-wysoki-mix-kolorow-piekne-pelne-kwiaty\/","title":{"rendered":"Nasiona Kwiat\u00f3w ASTER PEONIOWY WYSOKI MIX KOLOR\u00d3W PI\u0118KNE PE\u0141NE KWIATY"},"content":{"rendered":"<section class=\"section\">\n<div class=\"item item-12\">\n<section class=\"text-item\">\n<p>Nasiona Kwiat\u00f3w ASTER PEONIOWY WYSOKI MIX KOLOR\u00d3W PI\u0118KNE PE\u0141NE KWIATY<\/p>\n<\/section><\/div>\n<\/section>\n<section class=\"section\">\n<div class=\"item item-6\">\n<section class=\"image-item\">\n            <img decoding=\"async\" src=\"https:\/\/upload.cdn.baselinker.com\/products\/3018170\/f184aa1f47394fb250eb4c0663ab1075.png\" \/><br \/>\n        <\/section>\n<\/p><\/div>\n<div class=\"item item-6\">\n<section class=\"text-item\">\n<p><b>Aster wysoki peoniowy MIX<\/b><\/p>\n<p>Ro\u015blina jednoroczna 60-80 cm wysoko\u015bci. Mieszanka kolor\u00f3w o pi\u0119knych pe\u0142nych, r\u00f3\u017cnobarwnych kwiatach. Kwitnie od lipca do pa\u017adziernika. Stosowany na kwiat ci\u0119ty, rabaty, obw\u00f3dki i kwietniki. Wysiew w marcu-kwietniu do ogrzewanego inspektu lub wprost do gruntu w kwietniu-maju. Wymaga stanowiska s\u0142onecznego, \u015brednio wilgotnej \u017cyznej gleby.<\/p>\n<\/section><\/div>\n<\/section>\n<section class=\"section\">\n<div class=\"item item-6\">\n<section class=\"image-item\">\n            <img decoding=\"async\" src=\"https:\/\/upload.cdn.baselinker.com\/products\/3018170\/440fd10002b94110b7f97a31d4349068.png\" \/><br \/>\n        <\/section>\n<\/p><\/div>\n<div class=\"item item-6\">\n<section class=\"text-item\">\n<p><b>SPRAWDZONA JAKO\u015a\u0106 NASION<\/b><\/p>\n<p>Oferowane przez nas nasiona s\u0105 testowane w <b>Laboratorium Oceny Nasion pod wzgl\u0119dem:<\/b><\/p>\n<p>\u2705<b>kie\u0142kowania<\/b><\/p>\n<p>\u2705<b>wilgotno\u015bci<\/b><\/p>\n<p>\u2705<b>czysto\u015bci ziarna<\/b><\/p>\n<p><b>Dzi\u0119ki czemu udost\u0119pniane nasiona s\u0105 \u015bci\u015ble wyselekcjonowane, tylko wysokiej klasy.<\/b><\/p>\n<p>Torebki zakupione na naszej aukcji s\u0105 w pe\u0142ni bezpieczne, posiadaj\u0105 <b>dat\u0119 wa\u017cno\u015bci i nr partii na opakowaniu.<\/b> Gwarantujemy r\u00f3wnie\u017c jako\u015b\u0107 i oryginalno\u015b\u0107 produkt\u00f3w, poniewa\u017c s\u0105 nabywane bezpo\u015brednio od producenta.<\/p>\n<\/section><\/div>\n<\/section>\n<section class=\"section\">\n<div class=\"item item-12\">\n<section class=\"image-item\">\n            <img decoding=\"async\" src=\"https:\/\/upload.cdn.baselinker.com\/products\/3018170\/463acab35d56541b9b4b6a459c601fd9.png\" \/><br \/>\n        <\/section>\n<\/p><\/div>\n<\/section>\n","protected":false},"excerpt":{"rendered":"<p>Nasiona Kwiat\u00f3w ASTER PEONIOWY WYSOKI MIX KOLOR\u00d3W PI\u0118KNE PE\u0141NE KWIATY Aster wysoki peoniowy MIX Ro\u015blina jednoroczna 60-80 cm wysoko\u015bci. Mieszanka kolor\u00f3w o pi\u0119knych pe\u0142nych, r\u00f3\u017cnobarwnych kwiatach. Kwitnie od lipca do pa\u017adziernika. Stosowany na kwiat ci\u0119ty, rabaty, obw\u00f3dki i kwietniki. Wysiew w marcu-kwietniu do ogrzewanego inspektu lub wprost do gruntu w kwietniu-maju. Wymaga stanowiska s\u0142onecznego, \u015brednio&#8230;<\/p>\n","protected":false},"featured_media":21876,"comment_status":"open","ping_status":"closed","template":"","meta":{"inline_featured_image":false},"product_cat":[126,162,183,182],"product_tag":[],"location":[],"class_list":{"0":"post-21815","1":"product","2":"type-product","3":"status-publish","4":"has-post-thumbnail","6":"product_cat-nasiona-warzyw","7":"product_cat-nasiona","8":"product_cat-nasiona-kwiatow-ogrodowych","9":"product_cat-nasiona-kwiaty-doniczkowe","10":"nt-post-class","11":"","14":"excerpt-none","17":"first","18":"instock","19":"shipping-taxable","20":"purchasable","21":"product-type-simple"},"_links":{"self":[{"href":"https:\/\/boskienasiona.pl\/en\/wp-json\/wp\/v2\/product\/21815","targetHints":{"allow":["GET"]}}],"collection":[{"href":"https:\/\/boskienasiona.pl\/en\/wp-json\/wp\/v2\/product"}],"about":[{"href":"https:\/\/boskienasiona.pl\/en\/wp-json\/wp\/v2\/types\/product"}],"replies":[{"embeddable":true,"href":"https:\/\/boskienasiona.pl\/en\/wp-json\/wp\/v2\/comments?post=21815"}],"version-history":[{"count":1,"href":"https:\/\/boskienasiona.pl\/en\/wp-json\/wp\/v2\/product\/21815\/revisions"}],"predecessor-version":[{"id":21822,"href":"https:\/\/boskienasiona.pl\/en\/wp-json\/wp\/v2\/product\/21815\/revisions\/21822"}],"wp:featuredmedia":[{"embeddable":true,"href":"https:\/\/boskienasiona.pl\/en\/wp-json\/wp\/v2\/media\/21876"}],"wp:attachment":[{"href":"https:\/\/boskienasiona.pl\/en\/wp-json\/wp\/v2\/media?parent=21815"}],"wp:term":[{"taxonomy":"product_cat","embeddable":true,"href":"https:\/\/boskienasiona.pl\/en\/wp-json\/wp\/v2\/product_cat?post=21815"},{"taxonomy":"product_tag","embeddable":true,"href":"https:\/\/boskienasiona.pl\/en\/wp-json\/wp\/v2\/product_tag?post=21815"},{"taxonomy":"location","embeddable":true,"href":"https:\/\/boskienasiona.pl\/en\/wp-json\/wp\/v2\/location?post=21815"}],"curies":[{"name":"wp","href":"https:\/\/api.w.org\/{rel}","templated":true}]}}