{"id":21831,"date":"2025-02-03T13:00:04","date_gmt":"2025-02-03T12:00:04","guid":{"rendered":"https:\/\/boskienasiona.pl\/product\/nasion-ziol-kocimietka-roslina-wieloletnia-z-niebieskolawendowymi-kwiatami\/"},"modified":"2026-03-26T22:21:24","modified_gmt":"2026-03-26T21:21:24","slug":"nasion-ziol-kocimietka-roslina-wieloletnia-z-niebieskolawendowymi-kwiatami","status":"publish","type":"product","link":"https:\/\/boskienasiona.pl\/en\/produkt\/nasion-ziol-kocimietka-roslina-wieloletnia-z-niebieskolawendowymi-kwiatami\/","title":{"rendered":"Nasion zi\u00f3\u0142 Kocimi\u0119tka ro\u015blina wieloletnia, z niebieskolawendowymi kwiatami"},"content":{"rendered":"<section class=\"section\">\n<div class=\"item item-12\">\n<section class=\"text-item\">\n<h1>Nasion zi\u00f3\u0142 Kocimi\u0119tka ro\u015blina wieloletnia, z niebieskolawendowymi kwiatami<\/h1>\n<\/section><\/div>\n<\/section>\n<section class=\"section\">\n<div class=\"item item-6\">\n<section class=\"image-item\">\n            <img decoding=\"async\" src=\"https:\/\/upload.cdn.baselinker.com\/products\/3018170\/5a267d4c741c4c4832ce9cbf4630db14.jpg\" \/><br \/>\n        <\/section>\n<\/p><\/div>\n<div class=\"item item-6\">\n<section class=\"text-item\">\n<p><b>Kocimi\u0119tka<\/b><\/p>\n<p>epeta cataria<\/p>\n<p>Ro\u015blina wieloletnia, z\u00a0niebieskolawendowymi kwiatami zebranymi w\u00a0szczytowe k\u0142osy. Kwitnie d\u0142ugo i\u00a0obficie. Ma przenikliwy, podobny do\u00a0mi\u0119towego zapach, kt\u00f3ry lubi\u0105 koty. Surowcem s\u0105 li\u015bcie i\u00a0p\u0119dy kwiatowe. Zawiera witamin\u0119 C. Napar przynosi ulg\u0119 w\u00a0przezi\u0119bieniu i\u00a0gor\u0105czce. Usuwa zdenerwowanie i\u00a0kolk\u0119 u\u00a0dzieci, b\u00f3le g\u0142owy i\u00a0k\u0142opoty \u017co\u0142\u0105dkowe. W\u00a0kuchni stosowana jako dodatek do\u00a0mi\u0119sa i\u00a0sa\u0142atek. Atrakcyjna ro\u015blina do\u00a0uprawy na\u00a0rabatach bylinowych, do\u00a0ogrod\u00f3w skalnych, na\u00a0skarpy i\u00a0murki kwiatowe. Wysiew nasion na\u00a0prze\u0142omie III-IV do\u00a0skrzynek lub\u00a0wprost do\u00a0gruntu po\u00a015 maja. Stanowisko s\u0142oneczne. Gleba przepuszczalna.<\/p>\n<ul>\n<li><b>Siew:<\/b> III-V<\/li>\n<li><b>Zbi\u00f3r:<\/b> V-VIII<\/li>\n<li><b>Rozstawa:<\/b> 30x40cm<\/li>\n<li><b>Wysoko\u015b\u0107:<\/b> 40-60cm<\/li>\n<\/ul>\n<\/section><\/div>\n<\/section>\n<section class=\"section\">\n<div class=\"item item-12\">\n<section class=\"image-item\">\n            <img decoding=\"async\" src=\"https:\/\/upload.cdn.baselinker.com\/products\/3018170\/da0fa2576f7dbe48ede14271eed3046f.jpg\" \/><br \/>\n        <\/section>\n<\/p><\/div>\n<\/section>\n<section class=\"section\">\n<div class=\"item item-12\">\n<section class=\"image-item\">\n            <img decoding=\"async\" src=\"https:\/\/upload.cdn.baselinker.com\/products\/3018170\/cefe5863992eb97c8c06f5360eb49fe9.jpg\" \/><br \/>\n        <\/section>\n<\/p><\/div>\n<\/section>\n<section class=\"section\">\n<div class=\"item item-6\">\n<section class=\"image-item\">\n            <img decoding=\"async\" src=\"https:\/\/upload.cdn.baselinker.com\/products\/3018170\/5a267d4c741c4c4832ce9cbf4630db14.jpg\" \/><br \/>\n        <\/section>\n<\/p><\/div>\n<div class=\"item item-6\">\n<section class=\"text-item\">\n<p><b>SPRAWDZONA JAKO\u015a\u0106 NASION<\/b><\/p>\n<p>Oferowane przez nas nasiona s\u0105 testowane w <b>Laboratorium Oceny Nasion pod wzgl\u0119dem:<\/b><\/p>\n<p>\u2705<b>kie\u0142kowania<\/b><\/p>\n<p>\u2705<b>wilgotno\u015bci<\/b><\/p>\n<p>\u2705<b>czysto\u015bci ziarna<\/b><\/p>\n<p><b>Dzi\u0119ki czemu udost\u0119pniane nasiona s\u0105 \u015bci\u015ble wyselekcjonowane, tylko wysokiej klasy.<\/b><\/p>\n<p>Torebki zakupione na naszej aukcji s\u0105 w pe\u0142ni bezpieczne, posiadaj\u0105 <b>dat\u0119 wa\u017cno\u015bci i nr partii na opakowaniu.<\/b> Gwarantujemy r\u00f3wnie\u017c jako\u015b\u0107 i oryginalno\u015b\u0107 produkt\u00f3w, poniewa\u017c s\u0105 nabywane bezpo\u015brednio od producenta.<\/p>\n<\/section><\/div>\n<\/section>\n","protected":false},"excerpt":{"rendered":"<p>Nasion zi\u00f3\u0142 Kocimi\u0119tka ro\u015blina wieloletnia, z niebieskolawendowymi kwiatami Kocimi\u0119tka epeta cataria Ro\u015blina wieloletnia, z\u00a0niebieskolawendowymi kwiatami zebranymi w\u00a0szczytowe k\u0142osy. Kwitnie d\u0142ugo i\u00a0obficie. Ma przenikliwy, podobny do\u00a0mi\u0119towego zapach, kt\u00f3ry lubi\u0105 koty. Surowcem s\u0105 li\u015bcie i\u00a0p\u0119dy kwiatowe. Zawiera witamin\u0119 C. Napar przynosi ulg\u0119 w\u00a0przezi\u0119bieniu i\u00a0gor\u0105czce. Usuwa zdenerwowanie i\u00a0kolk\u0119 u\u00a0dzieci, b\u00f3le g\u0142owy i\u00a0k\u0142opoty \u017co\u0142\u0105dkowe. W\u00a0kuchni stosowana jako dodatek do\u00a0mi\u0119sa&#8230;<\/p>\n","protected":false},"featured_media":21823,"comment_status":"open","ping_status":"closed","template":"","meta":{"inline_featured_image":false},"product_cat":[128,162],"product_tag":[],"location":[],"class_list":{"0":"post-21831","1":"product","2":"type-product","3":"status-publish","4":"has-post-thumbnail","6":"product_cat-nasiona-ziol","7":"product_cat-nasiona","8":"nt-post-class","9":"","12":"excerpt-none","15":"first","16":"instock","17":"shipping-taxable","18":"purchasable","19":"product-type-simple"},"_links":{"self":[{"href":"https:\/\/boskienasiona.pl\/en\/wp-json\/wp\/v2\/product\/21831","targetHints":{"allow":["GET"]}}],"collection":[{"href":"https:\/\/boskienasiona.pl\/en\/wp-json\/wp\/v2\/product"}],"about":[{"href":"https:\/\/boskienasiona.pl\/en\/wp-json\/wp\/v2\/types\/product"}],"replies":[{"embeddable":true,"href":"https:\/\/boskienasiona.pl\/en\/wp-json\/wp\/v2\/comments?post=21831"}],"version-history":[{"count":0,"href":"https:\/\/boskienasiona.pl\/en\/wp-json\/wp\/v2\/product\/21831\/revisions"}],"wp:featuredmedia":[{"embeddable":true,"href":"https:\/\/boskienasiona.pl\/en\/wp-json\/wp\/v2\/media\/21823"}],"wp:attachment":[{"href":"https:\/\/boskienasiona.pl\/en\/wp-json\/wp\/v2\/media?parent=21831"}],"wp:term":[{"taxonomy":"product_cat","embeddable":true,"href":"https:\/\/boskienasiona.pl\/en\/wp-json\/wp\/v2\/product_cat?post=21831"},{"taxonomy":"product_tag","embeddable":true,"href":"https:\/\/boskienasiona.pl\/en\/wp-json\/wp\/v2\/product_tag?post=21831"},{"taxonomy":"location","embeddable":true,"href":"https:\/\/boskienasiona.pl\/en\/wp-json\/wp\/v2\/location?post=21831"}],"curies":[{"name":"wp","href":"https:\/\/api.w.org\/{rel}","templated":true}]}}