{"id":21848,"date":"2025-02-03T13:06:50","date_gmt":"2025-02-03T12:06:50","guid":{"rendered":"https:\/\/boskienasiona.pl\/product\/nasion-kwiatow-slonecznik-mix-ozdobny-ciety-kwiat\/"},"modified":"2026-02-21T22:17:55","modified_gmt":"2026-02-21T21:17:55","slug":"nasion-kwiatow-slonecznik-mix-ozdobny-ciety-kwiat","status":"publish","type":"product","link":"https:\/\/boskienasiona.pl\/en\/produkt\/nasion-kwiatow-slonecznik-mix-ozdobny-ciety-kwiat\/","title":{"rendered":"Nasion kwiat\u00f3w S\u0142onecznik MIX ozdobny ci\u0119ty kwiat"},"content":{"rendered":"<section class=\"section\">\n<div class=\"item item-12\">\n<section class=\"text-item\">\n<h1>Nasion kwiat\u00f3w S\u0142onecznik MIX ozdobny ci\u0119ty kwiat<\/h1>\n<\/section><\/div>\n<\/section>\n<section class=\"section\">\n<div class=\"item item-6\">\n<section class=\"image-item\">\n            <img decoding=\"async\" src=\"https:\/\/upload.cdn.baselinker.com\/products\/3018170\/f7f0eac5349b5849f7bb7283bcdcbbd1.jpg\" \/><br \/>\n        <\/section>\n<\/p><\/div>\n<div class=\"item item-6\">\n<section class=\"text-item\">\n<p><b>S\u0142onecznik ozdobny mix<\/b><\/p>\n<p>Helianthus annuus<\/p>\n<p>Mieszanka ro\u015blin jednorocznych, wyrastaj\u0105ca do\u00a0wysoko\u015bci 150-250 cm, o\u00a0\u0142odygach wzniesionych, zwykle pojedynczych. Kwiatostany o\u00a0\u015brednicy 10-15 cm. Polecana do\u00a0nasadze\u0144 w\u00a0grupach przy murach i\u00a0ogrodzeniach i\u00a0jako t\u0142o lub\u00a0os\u0142ona dla innych ro\u015blin oraz\u00a0na\u00a0kwiat ci\u0119ty. Wysiew nasion od\u00a0IV do\u00a0V po\u00a02-3 nasiona gniazdowo w\u00a0odst\u0119pach 20-30cm.<\/p>\n<ul>\n<li><b>Siew:<\/b> IV-V<\/li>\n<li><b>Wysoko\u015b\u0107:<\/b> 150-250 cm<\/li>\n<li><b>Kwitnienie:<\/b> VII-X<\/li>\n<li><b>Rozstawa:<\/b> 30&#215;40 cm<\/li>\n<li><b>Stanowisko:<\/b> s\u0142oneczne<\/li>\n<\/ul>\n<\/section><\/div>\n<\/section>\n<section class=\"section\">\n<div class=\"item item-6\">\n<section class=\"image-item\">\n            <img decoding=\"async\" src=\"https:\/\/upload.cdn.baselinker.com\/products\/3018170\/2f3347e718ef0705c3a07fa7044aeccd.jpg\" \/><br \/>\n        <\/section>\n<\/p><\/div>\n<div class=\"item item-6\">\n<section class=\"text-item\">\n<p><b>SPRAWDZONA JAKO\u015a\u0106 NASION<\/b><\/p>\n<p>Oferowane przez nas nasiona s\u0105 testowane w\u00a0<b>Laboratorium Oceny Nasion pod wzgl\u0119dem:<\/b><\/p>\n<p>\u2705<b>kie\u0142kowania<\/b><\/p>\n<p>\u2705<b>wilgotno\u015bci<\/b><\/p>\n<p>\u2705<b>czysto\u015bci ziarna<\/b><\/p>\n<p><b>Dzi\u0119ki czemu udost\u0119pniane nasiona s\u0105 \u015bci\u015ble wyselekcjonowane, tylko wysokiej klasy.<\/b><\/p>\n<p>Torebki zakupione na naszej aukcji s\u0105 w pe\u0142ni bezpieczne, posiadaj\u0105\u00a0<b>dat\u0119 wa\u017cno\u015bci i nr partii na opakowaniu.<\/b>\u00a0Gwarantujemy r\u00f3wnie\u017c jako\u015b\u0107 i oryginalno\u015b\u0107 produkt\u00f3w, poniewa\u017c s\u0105 nabywane bezpo\u015brednio od producenta.<\/p>\n<\/section><\/div>\n<\/section>\n<section class=\"section\">\n<div class=\"item item-12\">\n<section class=\"image-item\">\n            <img decoding=\"async\" src=\"https:\/\/upload.cdn.baselinker.com\/products\/3018170\/37170a7cd20e2c49509692b689055cb2.jpg\" \/><br \/>\n        <\/section>\n<\/p><\/div>\n<\/section>\n","protected":false},"excerpt":{"rendered":"<p>Nasion kwiat\u00f3w S\u0142onecznik MIX ozdobny ci\u0119ty kwiat S\u0142onecznik ozdobny mix Helianthus annuus Mieszanka ro\u015blin jednorocznych, wyrastaj\u0105ca do\u00a0wysoko\u015bci 150-250 cm, o\u00a0\u0142odygach wzniesionych, zwykle pojedynczych. Kwiatostany o\u00a0\u015brednicy 10-15 cm. Polecana do\u00a0nasadze\u0144 w\u00a0grupach przy murach i\u00a0ogrodzeniach i\u00a0jako t\u0142o lub\u00a0os\u0142ona dla innych ro\u015blin oraz\u00a0na\u00a0kwiat ci\u0119ty. Wysiew nasion od\u00a0IV do\u00a0V po\u00a02-3 nasiona gniazdowo w\u00a0odst\u0119pach 20-30cm. Siew: IV-V Wysoko\u015b\u0107: 150-250 cm&#8230;<\/p>\n","protected":false},"featured_media":21838,"comment_status":"open","ping_status":"closed","template":"","meta":{"inline_featured_image":false},"product_cat":[134,162,183],"product_tag":[],"location":[],"class_list":{"0":"post-21848","1":"product","2":"type-product","3":"status-publish","4":"has-post-thumbnail","6":"product_cat-nasiona-kwiatow","7":"product_cat-nasiona","8":"product_cat-nasiona-kwiatow-ogrodowych","9":"nt-post-class","10":"","13":"excerpt-none","16":"first","17":"outofstock","18":"shipping-taxable","19":"purchasable","20":"product-type-simple"},"_links":{"self":[{"href":"https:\/\/boskienasiona.pl\/en\/wp-json\/wp\/v2\/product\/21848","targetHints":{"allow":["GET"]}}],"collection":[{"href":"https:\/\/boskienasiona.pl\/en\/wp-json\/wp\/v2\/product"}],"about":[{"href":"https:\/\/boskienasiona.pl\/en\/wp-json\/wp\/v2\/types\/product"}],"replies":[{"embeddable":true,"href":"https:\/\/boskienasiona.pl\/en\/wp-json\/wp\/v2\/comments?post=21848"}],"version-history":[{"count":1,"href":"https:\/\/boskienasiona.pl\/en\/wp-json\/wp\/v2\/product\/21848\/revisions"}],"predecessor-version":[{"id":22539,"href":"https:\/\/boskienasiona.pl\/en\/wp-json\/wp\/v2\/product\/21848\/revisions\/22539"}],"wp:featuredmedia":[{"embeddable":true,"href":"https:\/\/boskienasiona.pl\/en\/wp-json\/wp\/v2\/media\/21838"}],"wp:attachment":[{"href":"https:\/\/boskienasiona.pl\/en\/wp-json\/wp\/v2\/media?parent=21848"}],"wp:term":[{"taxonomy":"product_cat","embeddable":true,"href":"https:\/\/boskienasiona.pl\/en\/wp-json\/wp\/v2\/product_cat?post=21848"},{"taxonomy":"product_tag","embeddable":true,"href":"https:\/\/boskienasiona.pl\/en\/wp-json\/wp\/v2\/product_tag?post=21848"},{"taxonomy":"location","embeddable":true,"href":"https:\/\/boskienasiona.pl\/en\/wp-json\/wp\/v2\/location?post=21848"}],"curies":[{"name":"wp","href":"https:\/\/api.w.org\/{rel}","templated":true}]}}