{"id":21857,"date":"2025-02-03T13:07:20","date_gmt":"2025-02-03T12:07:20","guid":{"rendered":"https:\/\/boskienasiona.pl\/product\/nasion-kwiatow-slonecznik-ozdobny-pelny-teddy-bear\/"},"modified":"2026-04-19T14:18:33","modified_gmt":"2026-04-19T12:18:33","slug":"nasion-kwiatow-slonecznik-ozdobny-pelny-teddy-bear","status":"publish","type":"product","link":"https:\/\/boskienasiona.pl\/en\/produkt\/nasion-kwiatow-slonecznik-ozdobny-pelny-teddy-bear\/","title":{"rendered":"Nasion kwiat\u00f3w S\u0142onecznik ozdobny pe\u0142ny Teddy Bear"},"content":{"rendered":"<section class=\"section\">\n<div class=\"item item-12\">\n<section class=\"text-item\">\n<h1>Nasion kwiat\u00f3w S\u0142onecznik ozdobny pe\u0142ny Teddy Bear na kwiat ci\u0119ty<\/h1>\n<\/section><\/div>\n<\/section>\n<section class=\"section\">\n<div class=\"item item-6\">\n<section class=\"image-item\"><img decoding=\"async\" src=\"https:\/\/upload.cdn.baselinker.com\/products\/3018170\/f41300fbd7e0d415f92b3ae86530a8cc.png\" \/><\/section>\n<\/p><\/div>\n<div class=\"item item-6\">\n<section class=\"text-item\">\n<p><b>S\u0142onecznik ozdobny pe\u0142ny Teddy Bear<\/b><\/p>\n<p>Helianthus annuus<\/p>\n<p>Odmiana s\u0142onecznika kar\u0142owego o\u00a0pi\u0119knych, pe\u0142nych, s\u0142oneczno-\u017c\u00f3\u0142tych kwiatach, \u015brednicy ok. 15 cm. \u015awietnie nadaje\u00a0si\u0119 do\u00a0wysadzania pojedynczo i\u00a0w\u00a0grupach ogrodowych, r\u00f3wnie\u017c na\u00a0kwiat ci\u0119ty i\u00a0do\u00a0doniczek. Kwitnie od\u00a0VII do\u00a0X. Wysiew nasion w\u00a0IV-V wprost do\u00a0gruntu. Wymaga gleby \u017cyznej, g\u0142\u0119boko uprawianej.<\/p>\n<ul>\n<li><b>Siew:<\/b> IV- V<\/li>\n<li><b>Wysoko\u015b\u0107:<\/b> 50-60 cm<\/li>\n<li><b>Kwitnienie:<\/b> VII-X<\/li>\n<li><b>Rozstawa:<\/b> 30&#215;20 cm<\/li>\n<\/ul>\n<\/section><\/div>\n<\/section>\n<section class=\"section\">\n<div class=\"item item-6\">\n<section class=\"image-item\"><img decoding=\"async\" src=\"https:\/\/upload.cdn.baselinker.com\/products\/3018170\/1c45716e72d2ad0e17cd6b9c6954bdb3.png\" \/><\/section>\n<\/p><\/div>\n<div class=\"item item-6\">\n<section class=\"text-item\">\n<p><b>SPRAWDZONA JAKO\u015a\u0106 NASION<\/b><\/p>\n<p>Oferowane przez nas nasiona s\u0105 testowane w <b>Laboratorium Oceny Nasion pod wzgl\u0119dem:<\/b><\/p>\n<p>\u2705<b>kie\u0142kowania<\/b><\/p>\n<p>\u2705<b>wilgotno\u015bci<\/b><\/p>\n<p>\u2705<b>czysto\u015bci ziarna<\/b><\/p>\n<p><b>Dzi\u0119ki czemu udost\u0119pniane nasiona s\u0105 \u015bci\u015ble wyselekcjonowane, tylko wysokiej klasy.<\/b><\/p>\n<p>Torebki zakupione na naszej aukcji s\u0105 w pe\u0142ni bezpieczne, posiadaj\u0105 <b>dat\u0119 wa\u017cno\u015bci i nr partii na opakowaniu.<\/b> Gwarantujemy r\u00f3wnie\u017c jako\u015b\u0107 i oryginalno\u015b\u0107 produkt\u00f3w, poniewa\u017c s\u0105 nabywane bezpo\u015brednio od producenta.<\/p>\n<\/section><\/div>\n<\/section>\n","protected":false},"excerpt":{"rendered":"<p>Nasion kwiat\u00f3w S\u0142onecznik ozdobny pe\u0142ny Teddy Bear na kwiat ci\u0119ty S\u0142onecznik ozdobny pe\u0142ny Teddy Bear Helianthus annuus Odmiana s\u0142onecznika kar\u0142owego o\u00a0pi\u0119knych, pe\u0142nych, s\u0142oneczno-\u017c\u00f3\u0142tych kwiatach, \u015brednicy ok. 15 cm. \u015awietnie nadaje\u00a0si\u0119 do\u00a0wysadzania pojedynczo i\u00a0w\u00a0grupach ogrodowych, r\u00f3wnie\u017c na\u00a0kwiat ci\u0119ty i\u00a0do\u00a0doniczek. Kwitnie od\u00a0VII do\u00a0X. Wysiew nasion w\u00a0IV-V wprost do\u00a0gruntu. Wymaga gleby \u017cyznej, g\u0142\u0119boko uprawianej. Siew: IV- V Wysoko\u015b\u0107:&#8230;<\/p>\n","protected":false},"featured_media":21849,"comment_status":"open","ping_status":"closed","template":"","meta":{"inline_featured_image":false},"product_cat":[134,162,183],"product_tag":[],"location":[],"class_list":{"0":"post-21857","1":"product","2":"type-product","3":"status-publish","4":"has-post-thumbnail","6":"product_cat-nasiona-kwiatow","7":"product_cat-nasiona","8":"product_cat-nasiona-kwiatow-ogrodowych","9":"nt-post-class","10":"","13":"excerpt-none","16":"first","17":"instock","18":"shipping-taxable","19":"purchasable","20":"product-type-simple"},"_links":{"self":[{"href":"https:\/\/boskienasiona.pl\/en\/wp-json\/wp\/v2\/product\/21857","targetHints":{"allow":["GET"]}}],"collection":[{"href":"https:\/\/boskienasiona.pl\/en\/wp-json\/wp\/v2\/product"}],"about":[{"href":"https:\/\/boskienasiona.pl\/en\/wp-json\/wp\/v2\/types\/product"}],"replies":[{"embeddable":true,"href":"https:\/\/boskienasiona.pl\/en\/wp-json\/wp\/v2\/comments?post=21857"}],"version-history":[{"count":1,"href":"https:\/\/boskienasiona.pl\/en\/wp-json\/wp\/v2\/product\/21857\/revisions"}],"predecessor-version":[{"id":22538,"href":"https:\/\/boskienasiona.pl\/en\/wp-json\/wp\/v2\/product\/21857\/revisions\/22538"}],"wp:featuredmedia":[{"embeddable":true,"href":"https:\/\/boskienasiona.pl\/en\/wp-json\/wp\/v2\/media\/21849"}],"wp:attachment":[{"href":"https:\/\/boskienasiona.pl\/en\/wp-json\/wp\/v2\/media?parent=21857"}],"wp:term":[{"taxonomy":"product_cat","embeddable":true,"href":"https:\/\/boskienasiona.pl\/en\/wp-json\/wp\/v2\/product_cat?post=21857"},{"taxonomy":"product_tag","embeddable":true,"href":"https:\/\/boskienasiona.pl\/en\/wp-json\/wp\/v2\/product_tag?post=21857"},{"taxonomy":"location","embeddable":true,"href":"https:\/\/boskienasiona.pl\/en\/wp-json\/wp\/v2\/location?post=21857"}],"curies":[{"name":"wp","href":"https:\/\/api.w.org\/{rel}","templated":true}]}}