{"id":21862,"date":"2025-02-03T13:07:32","date_gmt":"2025-02-03T12:07:32","guid":{"rendered":"https:\/\/boskienasiona.pl\/product\/nasion-kwiatow-maciejka-dwuroga-pieknie-pachnie\/"},"modified":"2026-04-19T14:18:34","modified_gmt":"2026-04-19T12:18:34","slug":"nasion-kwiatow-maciejka-dwuroga-pieknie-pachnie","status":"publish","type":"product","link":"https:\/\/boskienasiona.pl\/en\/produkt\/nasion-kwiatow-maciejka-dwuroga-pieknie-pachnie\/","title":{"rendered":"Nasion kwiat\u00f3w Maciejka dwuroga Pi\u0119knie pachnie"},"content":{"rendered":"<section class=\"section\">\n<div class=\"item item-12\">\n<section class=\"text-item\">\n<h1>Nasion kwiat\u00f3w Maciejka dwuroga obficie kwitnie pi\u0119knie pachnie<\/h1>\n<\/section><\/div>\n<\/section>\n<section class=\"section\">\n<div class=\"item item-6\">\n<section class=\"image-item\">\n            <img decoding=\"async\" src=\"https:\/\/upload.cdn.baselinker.com\/products\/3018170\/359e0e2de1dd38f1c11e4ffb050cb08a.jpg\" \/><br \/>\n        <\/section>\n<\/p><\/div>\n<div class=\"item item-6\">\n<section class=\"text-item\">\n<p><b>Maciejka dwuroga<\/b><\/p>\n<p>Matthiola bicornis<\/p>\n<p>Ro\u015blina jednoroczna o\u00a0niepozornych jasno fioletowych, przyjemnie pachn\u0105cych, kwiatach otwieraj\u0105cych\u00a0si\u0119 wieczorem. Licznie wyst\u0119puj\u0105ce na\u00a0ro\u015blinie kwiaty kwitn\u0105 obficie od\u00a0pocz\u0105tku VI do\u00a0VIII. Polecana do\u00a0obsadzania miejsc blisko cz\u0119\u015bci wypoczynkowej ogrodu ze wzgl\u0119du na\u00a0zapach. Wysiew nasion od\u00a0wczesnej wiosny do\u00a0ko\u0144ca lata.<\/p>\n<ul>\n<li><b>Siew:<\/b> IV- VIII<\/li>\n<li><b>Rozstawa:<\/b> 10 x 15 cm<\/li>\n<li><b>Wysoko\u015b\u0107:<\/b> 30-40 cm<\/li>\n<li><b>Kwitnienie:<\/b> VI-IX<\/li>\n<\/ul>\n<\/section><\/div>\n<\/section>\n<section class=\"section\">\n<div class=\"item item-6\">\n<section class=\"image-item\">\n            <img decoding=\"async\" src=\"https:\/\/upload.cdn.baselinker.com\/products\/3018170\/30fc4f55b5785cd22e376ee0c62a35f9.jpg\" \/><br \/>\n        <\/section>\n<\/p><\/div>\n<div class=\"item item-6\">\n<section class=\"text-item\">\n<p><b>SPRAWDZONA JAKO\u015a\u0106 NASION<\/b><\/p>\n<p>Oferowane przez nas nasiona s\u0105 testowane w <b>Laboratorium Oceny Nasion pod wzgl\u0119dem:<\/b><\/p>\n<p>\u2705<b>kie\u0142kowania<\/b><\/p>\n<p>\u2705<b>wilgotno\u015bci<\/b><\/p>\n<p>\u2705<b>czysto\u015bci ziarna<\/b><\/p>\n<p><b>Dzi\u0119ki czemu udost\u0119pniane nasiona s\u0105 \u015bci\u015ble wyselekcjonowane, tylko wysokiej klasy.<\/b><\/p>\n<p>Torebki zakupione na naszej aukcji s\u0105 w pe\u0142ni bezpieczne, posiadaj\u0105 <b>dat\u0119 wa\u017cno\u015bci i nr partii na opakowaniu.<\/b> Gwarantujemy r\u00f3wnie\u017c jako\u015b\u0107 i oryginalno\u015b\u0107 produkt\u00f3w, poniewa\u017c s\u0105 nabywane bezpo\u015brednio od producenta.<\/p>\n<\/section><\/div>\n<\/section>\n","protected":false},"excerpt":{"rendered":"<p>Nasion kwiat\u00f3w Maciejka dwuroga obficie kwitnie pi\u0119knie pachnie Maciejka dwuroga Matthiola bicornis Ro\u015blina jednoroczna o\u00a0niepozornych jasno fioletowych, przyjemnie pachn\u0105cych, kwiatach otwieraj\u0105cych\u00a0si\u0119 wieczorem. Licznie wyst\u0119puj\u0105ce na\u00a0ro\u015blinie kwiaty kwitn\u0105 obficie od\u00a0pocz\u0105tku VI do\u00a0VIII. Polecana do\u00a0obsadzania miejsc blisko cz\u0119\u015bci wypoczynkowej ogrodu ze wzgl\u0119du na\u00a0zapach. Wysiew nasion od\u00a0wczesnej wiosny do\u00a0ko\u0144ca lata. Siew: IV- VIII Rozstawa: 10 x 15 cm&#8230;<\/p>\n","protected":false},"featured_media":21858,"comment_status":"open","ping_status":"closed","template":"","meta":{"inline_featured_image":false},"product_cat":[134,162],"product_tag":[],"location":[],"class_list":{"0":"post-21862","1":"product","2":"type-product","3":"status-publish","4":"has-post-thumbnail","6":"product_cat-nasiona-kwiatow","7":"product_cat-nasiona","8":"nt-post-class","9":"","12":"excerpt-none","15":"first","16":"instock","17":"shipping-taxable","18":"purchasable","19":"product-type-simple"},"_links":{"self":[{"href":"https:\/\/boskienasiona.pl\/en\/wp-json\/wp\/v2\/product\/21862","targetHints":{"allow":["GET"]}}],"collection":[{"href":"https:\/\/boskienasiona.pl\/en\/wp-json\/wp\/v2\/product"}],"about":[{"href":"https:\/\/boskienasiona.pl\/en\/wp-json\/wp\/v2\/types\/product"}],"replies":[{"embeddable":true,"href":"https:\/\/boskienasiona.pl\/en\/wp-json\/wp\/v2\/comments?post=21862"}],"version-history":[{"count":0,"href":"https:\/\/boskienasiona.pl\/en\/wp-json\/wp\/v2\/product\/21862\/revisions"}],"wp:featuredmedia":[{"embeddable":true,"href":"https:\/\/boskienasiona.pl\/en\/wp-json\/wp\/v2\/media\/21858"}],"wp:attachment":[{"href":"https:\/\/boskienasiona.pl\/en\/wp-json\/wp\/v2\/media?parent=21862"}],"wp:term":[{"taxonomy":"product_cat","embeddable":true,"href":"https:\/\/boskienasiona.pl\/en\/wp-json\/wp\/v2\/product_cat?post=21862"},{"taxonomy":"product_tag","embeddable":true,"href":"https:\/\/boskienasiona.pl\/en\/wp-json\/wp\/v2\/product_tag?post=21862"},{"taxonomy":"location","embeddable":true,"href":"https:\/\/boskienasiona.pl\/en\/wp-json\/wp\/v2\/location?post=21862"}],"curies":[{"name":"wp","href":"https:\/\/api.w.org\/{rel}","templated":true}]}}