{"id":21873,"date":"2025-02-03T13:08:08","date_gmt":"2025-02-03T12:08:08","guid":{"rendered":"https:\/\/boskienasiona.pl\/product\/nasion-kwiatow-jezowka-sniezno-biala-white-swan-bylina-przyciaga-motyle\/"},"modified":"2026-04-19T14:18:35","modified_gmt":"2026-04-19T12:18:35","slug":"nasion-kwiatow-jezowka-sniezno-biala-white-swan-bylina-przyciaga-motyle","status":"publish","type":"product","link":"https:\/\/boskienasiona.pl\/en\/produkt\/nasion-kwiatow-jezowka-sniezno-biala-white-swan-bylina-przyciaga-motyle\/","title":{"rendered":"Nasion kwiat\u00f3w Je\u017c\u00f3wka \u015bnie\u017cno-Bia\u0142a White Swan bylina przyci\u0105ga motyle"},"content":{"rendered":"<section class=\"section\">\n<div class=\"item item-12\">\n<section class=\"text-item\">\n<h1>Nasion kwiat\u00f3w Je\u017c\u00f3wka \u015bnie\u017cno-Bia\u0142a White Swan bylina przyci\u0105ga motyle<\/h1>\n<\/section><\/div>\n<\/section>\n<section class=\"section\">\n<div class=\"item item-6\">\n<section class=\"image-item\">\n            <img decoding=\"async\" src=\"https:\/\/upload.cdn.baselinker.com\/products\/3018170\/024654d90f970db3914f84e1917d9eb5.png\" \/><br \/>\n        <\/section>\n<\/p><\/div>\n<div class=\"item item-6\">\n<section class=\"text-item\">\n<p><b>Je\u017c\u00f3wka White Swan &#8211; bia\u0142a<\/b><\/p>\n<p>Echinacea purpurea<\/p>\n<p>Ch\u0119tnie odwiedzana przez motyle bylina o\u00a0kwiatach z\u00a0\u015bnie\u017cno-bia\u0142ymi p\u0142atkami i\u00a0wypuk\u0142ymi br\u0105zowymi \u015brodkami. Li\u015bcie lancetowate, d\u0142ugie i\u00a0szorstkie. Doskona\u0142a prezentuje\u00a0si\u0119 na\u00a0preriowych kompozycjach, z\u00a0trawami ozdobnymi, ogrodach naturalistycznych, wysokich rabatach bylinowych i\u00a0obw\u00f3dkach a\u00a0tak\u017ce jako soliter. Najlepiej ro\u015bnie na\u00a0stanowisku s\u0142onecznym w\u00a0glebie do\u015b\u0107 \u017cyznej i\u00a0umiarkowanie wilgotnej. Korze\u0144, li\u015bcie i\u00a0kwiaty zawieraj\u0105 tonizujace substancje stymuluj\u0105ce organizm. Z\u00a0kwiat\u00f3w i\u00a0li\u015bci mo\u017cna przygotowa\u0107 herbat\u0119 na\u00a0przezi\u0119bienie. Wysiew wprost do\u00a0gruntu IV-VI lub\u00a0jesieni\u0105 IX.<\/p>\n<ul>\n<li><b>Wysoko\u015b\u0107:<\/b> 80-120 cm<\/li>\n<li><b>Siew:<\/b> IV-VI; po\u0142. VIII-IX<\/li>\n<li><b>Kwitnienie:<\/b> VI-X<\/li>\n<li><b>Piktogram z\u00a0rozstawa:<\/b> 60 x 80 cm<\/li>\n<\/ul>\n<\/section><\/div>\n<\/section>\n<section class=\"section\">\n<div class=\"item item-6\">\n<section class=\"image-item\">\n            <img decoding=\"async\" src=\"https:\/\/upload.cdn.baselinker.com\/products\/3018170\/20705c7f60cd8dc51803afa56425ea81.png\" \/><br \/>\n        <\/section>\n<\/p><\/div>\n<div class=\"item item-6\">\n<section class=\"text-item\">\n<p><b>SPRAWDZONA JAKO\u015a\u0106 NASION<\/b><\/p>\n<p>Oferowane przez nas nasiona s\u0105 testowane w <b>Laboratorium Oceny Nasion pod wzgl\u0119dem:<\/b><\/p>\n<p>\u2705<b>kie\u0142kowania<\/b><\/p>\n<p>\u2705<b>wilgotno\u015bci<\/b><\/p>\n<p>\u2705<b>czysto\u015bci ziarna<\/b><\/p>\n<p><b>Dzi\u0119ki czemu udost\u0119pniane nasiona s\u0105 \u015bci\u015ble wyselekcjonowane, tylko wysokiej klasy.<\/b><\/p>\n<p>Torebki zakupione na naszej aukcji s\u0105 w pe\u0142ni bezpieczne, posiadaj\u0105 <b>dat\u0119 wa\u017cno\u015bci i nr partii na opakowaniu.<\/b> Gwarantujemy r\u00f3wnie\u017c jako\u015b\u0107 i oryginalno\u015b\u0107 produkt\u00f3w, poniewa\u017c s\u0105 nabywane bezpo\u015brednio od producenta.<\/p>\n<\/section><\/div>\n<\/section>\n<section class=\"section\">\n<div class=\"item item-12\">\n<section class=\"image-item\">\n            <img decoding=\"async\" src=\"https:\/\/upload.cdn.baselinker.com\/products\/3018170\/f2d690c2ec4247efd1205b6fdd84c2f3.png\" \/><br \/>\n        <\/section>\n<\/p><\/div>\n<\/section>\n","protected":false},"excerpt":{"rendered":"<p>Nasion kwiat\u00f3w Je\u017c\u00f3wka \u015bnie\u017cno-Bia\u0142a White Swan bylina przyci\u0105ga motyle Je\u017c\u00f3wka White Swan &#8211; bia\u0142a Echinacea purpurea Ch\u0119tnie odwiedzana przez motyle bylina o\u00a0kwiatach z\u00a0\u015bnie\u017cno-bia\u0142ymi p\u0142atkami i\u00a0wypuk\u0142ymi br\u0105zowymi \u015brodkami. Li\u015bcie lancetowate, d\u0142ugie i\u00a0szorstkie. Doskona\u0142a prezentuje\u00a0si\u0119 na\u00a0preriowych kompozycjach, z\u00a0trawami ozdobnymi, ogrodach naturalistycznych, wysokich rabatach bylinowych i\u00a0obw\u00f3dkach a\u00a0tak\u017ce jako soliter. Najlepiej ro\u015bnie na\u00a0stanowisku s\u0142onecznym w\u00a0glebie do\u015b\u0107 \u017cyznej i\u00a0umiarkowanie wilgotnej&#8230;.<\/p>\n","protected":false},"featured_media":21863,"comment_status":"open","ping_status":"closed","template":"","meta":{"inline_featured_image":false},"product_cat":[134,162,183],"product_tag":[],"location":[],"class_list":{"0":"post-21873","1":"product","2":"type-product","3":"status-publish","4":"has-post-thumbnail","6":"product_cat-nasiona-kwiatow","7":"product_cat-nasiona","8":"product_cat-nasiona-kwiatow-ogrodowych","9":"nt-post-class","10":"","13":"excerpt-none","16":"first","17":"instock","18":"shipping-taxable","19":"purchasable","20":"product-type-simple"},"_links":{"self":[{"href":"https:\/\/boskienasiona.pl\/en\/wp-json\/wp\/v2\/product\/21873","targetHints":{"allow":["GET"]}}],"collection":[{"href":"https:\/\/boskienasiona.pl\/en\/wp-json\/wp\/v2\/product"}],"about":[{"href":"https:\/\/boskienasiona.pl\/en\/wp-json\/wp\/v2\/types\/product"}],"replies":[{"embeddable":true,"href":"https:\/\/boskienasiona.pl\/en\/wp-json\/wp\/v2\/comments?post=21873"}],"version-history":[{"count":1,"href":"https:\/\/boskienasiona.pl\/en\/wp-json\/wp\/v2\/product\/21873\/revisions"}],"predecessor-version":[{"id":22541,"href":"https:\/\/boskienasiona.pl\/en\/wp-json\/wp\/v2\/product\/21873\/revisions\/22541"}],"wp:featuredmedia":[{"embeddable":true,"href":"https:\/\/boskienasiona.pl\/en\/wp-json\/wp\/v2\/media\/21863"}],"wp:attachment":[{"href":"https:\/\/boskienasiona.pl\/en\/wp-json\/wp\/v2\/media?parent=21873"}],"wp:term":[{"taxonomy":"product_cat","embeddable":true,"href":"https:\/\/boskienasiona.pl\/en\/wp-json\/wp\/v2\/product_cat?post=21873"},{"taxonomy":"product_tag","embeddable":true,"href":"https:\/\/boskienasiona.pl\/en\/wp-json\/wp\/v2\/product_tag?post=21873"},{"taxonomy":"location","embeddable":true,"href":"https:\/\/boskienasiona.pl\/en\/wp-json\/wp\/v2\/location?post=21873"}],"curies":[{"name":"wp","href":"https:\/\/api.w.org\/{rel}","templated":true}]}}