{"id":21888,"date":"2025-02-03T13:08:39","date_gmt":"2025-02-03T12:08:39","guid":{"rendered":"https:\/\/boskienasiona.pl\/product\/nasion-kwiatow-gozdzik-brodaty-mix-doskonaly-na-rabaty-i-kwiaty-cietye\/"},"modified":"2026-04-18T14:18:12","modified_gmt":"2026-04-18T12:18:12","slug":"nasion-kwiatow-gozdzik-brodaty-mix-doskonaly-na-rabaty-i-kwiaty-cietye","status":"publish","type":"product","link":"https:\/\/boskienasiona.pl\/en\/produkt\/nasion-kwiatow-gozdzik-brodaty-mix-doskonaly-na-rabaty-i-kwiaty-cietye\/","title":{"rendered":"Nasion kwiat\u00f3w Go\u017adzik Brodaty MIX doskona\u0142y na rabaty i kwiaty ci\u0119tye"},"content":{"rendered":"<section class=\"section\">\n<div class=\"item item-12\">\n<section class=\"text-item\">\n<h1>Nasion kwiat\u00f3w Go\u017adzik Brodaty MIX doskona\u0142y na rabaty i kwiaty ci\u0119tye<\/h1>\n<\/section><\/div>\n<\/section>\n<section class=\"section\">\n<div class=\"item item-6\">\n<section class=\"image-item\">\n            <img decoding=\"async\" src=\"https:\/\/upload.cdn.baselinker.com\/products\/3018170\/e3065348ff292014ceddbe94e9039001.png\" \/><br \/>\n        <\/section>\n<\/p><\/div>\n<div class=\"item item-6\">\n<section class=\"text-item\">\n<p><b>Go\u017adzik brodaty mieszanka<\/b><\/p>\n<p>Dianthus barbatus<\/p>\n<p>Ro\u015blina dwuletnia. Wysoko\u015b\u0107 25-60cm Wspania\u0142e wielobarwne kwiatostany. Wysiew nasion w\u00a0maju-czerwcu. Wysadzanie ro\u015blin we wrze\u015bniu 20&#215;30 cm. Kwitnie w\u00a0nast\u0119pnym roku. w\u00a0VI-VIII. Ma\u0142o wymagaj\u0105ca ro\u015blina. Preferuje stanowiska s\u0142oneczne i\u00a0p\u00f3\u0142cie\u0144. Doskona\u0142y na\u00a0rabaty, kwietniki i\u00a0na\u00a0kwiat ci\u0119ty.<\/p>\n<ul>\n<li><b>Wysoko\u015b\u0107:<\/b> 25-60 cm<\/li>\n<li><b>Siew:<\/b> V-VI<\/li>\n<li><b>Kwitnienie:<\/b> VI-VIII<\/li>\n<li><b>Rozstawa:<\/b> 20&#215;30 cm<\/li>\n<\/ul>\n<\/section><\/div>\n<\/section>\n<section class=\"section\">\n<div class=\"item item-6\">\n<section class=\"image-item\">\n            <img decoding=\"async\" src=\"https:\/\/upload.cdn.baselinker.com\/products\/3018170\/26f51d5fcd56dd4287f758d427cfdef7.png\" \/><br \/>\n        <\/section>\n<\/p><\/div>\n<div class=\"item item-6\">\n<section class=\"text-item\">\n<p><b>SPRAWDZONA JAKO\u015a\u0106 NASION<\/b><\/p>\n<p>Oferowane przez nas nasiona s\u0105 testowane w <b>Laboratorium Oceny Nasion pod wzgl\u0119dem:<\/b><\/p>\n<p>\u2705<b>kie\u0142kowania<\/b><\/p>\n<p>\u2705<b>wilgotno\u015bci<\/b><\/p>\n<p>\u2705<b>czysto\u015bci ziarna<\/b><\/p>\n<p><b>Dzi\u0119ki czemu udost\u0119pniane nasiona s\u0105 \u015bci\u015ble wyselekcjonowane, tylko wysokiej klasy.<\/b><\/p>\n<p>Torebki zakupione na naszej aukcji s\u0105 w pe\u0142ni bezpieczne, posiadaj\u0105 <b>dat\u0119 wa\u017cno\u015bci i nr partii na opakowaniu.<\/b> Gwarantujemy r\u00f3wnie\u017c jako\u015b\u0107 i oryginalno\u015b\u0107 produkt\u00f3w, poniewa\u017c s\u0105 nabywane bezpo\u015brednio od producenta.<\/p>\n<\/section><\/div>\n<\/section>\n<section class=\"section\">\n<div class=\"item item-12\">\n<section class=\"image-item\">\n            <img decoding=\"async\" src=\"https:\/\/upload.cdn.baselinker.com\/products\/3018170\/0fa10b5765fc63a34c64bc2552c30a97.png\" \/><br \/>\n        <\/section>\n<\/p><\/div>\n<\/section>\n<section class=\"section\">\n<div class=\"item item-12\">\n<section class=\"image-item\">\n            <img decoding=\"async\" src=\"https:\/\/upload.cdn.baselinker.com\/products\/3018170\/b011f5687f52663e2fc0f0280eee0c84.jpg\" \/><br \/>\n        <\/section>\n<\/p><\/div>\n<\/section>\n","protected":false},"excerpt":{"rendered":"<p>Nasion kwiat\u00f3w Go\u017adzik Brodaty MIX doskona\u0142y na rabaty i kwiaty ci\u0119tye Go\u017adzik brodaty mieszanka Dianthus barbatus Ro\u015blina dwuletnia. Wysoko\u015b\u0107 25-60cm Wspania\u0142e wielobarwne kwiatostany. Wysiew nasion w\u00a0maju-czerwcu. Wysadzanie ro\u015blin we wrze\u015bniu 20&#215;30 cm. Kwitnie w\u00a0nast\u0119pnym roku. w\u00a0VI-VIII. Ma\u0142o wymagaj\u0105ca ro\u015blina. Preferuje stanowiska s\u0142oneczne i\u00a0p\u00f3\u0142cie\u0144. Doskona\u0142y na\u00a0rabaty, kwietniki i\u00a0na\u00a0kwiat ci\u0119ty. Wysoko\u015b\u0107: 25-60 cm Siew: V-VI Kwitnienie: VI-VIII&#8230;<\/p>\n","protected":false},"featured_media":21874,"comment_status":"open","ping_status":"closed","template":"","meta":{"inline_featured_image":false},"product_cat":[134,162,183,182],"product_tag":[],"location":[],"class_list":{"0":"post-21888","1":"product","2":"type-product","3":"status-publish","4":"has-post-thumbnail","6":"product_cat-nasiona-kwiatow","7":"product_cat-nasiona","8":"product_cat-nasiona-kwiatow-ogrodowych","9":"product_cat-nasiona-kwiaty-doniczkowe","10":"nt-post-class","11":"","14":"excerpt-none","17":"first","18":"instock","19":"shipping-taxable","20":"purchasable","21":"product-type-simple"},"_links":{"self":[{"href":"https:\/\/boskienasiona.pl\/en\/wp-json\/wp\/v2\/product\/21888","targetHints":{"allow":["GET"]}}],"collection":[{"href":"https:\/\/boskienasiona.pl\/en\/wp-json\/wp\/v2\/product"}],"about":[{"href":"https:\/\/boskienasiona.pl\/en\/wp-json\/wp\/v2\/types\/product"}],"replies":[{"embeddable":true,"href":"https:\/\/boskienasiona.pl\/en\/wp-json\/wp\/v2\/comments?post=21888"}],"version-history":[{"count":1,"href":"https:\/\/boskienasiona.pl\/en\/wp-json\/wp\/v2\/product\/21888\/revisions"}],"predecessor-version":[{"id":22527,"href":"https:\/\/boskienasiona.pl\/en\/wp-json\/wp\/v2\/product\/21888\/revisions\/22527"}],"wp:featuredmedia":[{"embeddable":true,"href":"https:\/\/boskienasiona.pl\/en\/wp-json\/wp\/v2\/media\/21874"}],"wp:attachment":[{"href":"https:\/\/boskienasiona.pl\/en\/wp-json\/wp\/v2\/media?parent=21888"}],"wp:term":[{"taxonomy":"product_cat","embeddable":true,"href":"https:\/\/boskienasiona.pl\/en\/wp-json\/wp\/v2\/product_cat?post=21888"},{"taxonomy":"product_tag","embeddable":true,"href":"https:\/\/boskienasiona.pl\/en\/wp-json\/wp\/v2\/product_tag?post=21888"},{"taxonomy":"location","embeddable":true,"href":"https:\/\/boskienasiona.pl\/en\/wp-json\/wp\/v2\/location?post=21888"}],"curies":[{"name":"wp","href":"https:\/\/api.w.org\/{rel}","templated":true}]}}