{"id":21895,"date":"2025-02-03T13:08:49","date_gmt":"2025-02-03T12:08:49","guid":{"rendered":"https:\/\/boskienasiona.pl\/product\/nasion-kwiatow-cynia-daliowa-biala-piekne-kwiaty\/"},"modified":"2026-04-17T14:21:34","modified_gmt":"2026-04-17T12:21:34","slug":"nasion-kwiatow-cynia-daliowa-biala-piekne-kwiaty","status":"publish","type":"product","link":"https:\/\/boskienasiona.pl\/en\/produkt\/nasion-kwiatow-cynia-daliowa-biala-piekne-kwiaty\/","title":{"rendered":"Nasion kwiat\u00f3w CYNIA DALIOWA Bia\u0142a pi\u0119kne kwiaty"},"content":{"rendered":"<section class=\"section\">\n<div class=\"item item-12\">\n<section class=\"text-item\">\n<h1>Nasion kwiat\u00f3w CYNIA DALIOWA Bia\u0142a kwiaty okaza\u0142e bia\u0142e pe\u0142ne<\/h1>\n<\/section><\/div>\n<\/section>\n<section class=\"section\">\n<div class=\"item item-6\">\n<section class=\"image-item\"><img decoding=\"async\" src=\"https:\/\/upload.cdn.baselinker.com\/products\/3018170\/bfeff9fd6c6c56c634cbd1a2f8868f35.jpg\" \/><\/section>\n<\/p><\/div>\n<div class=\"item item-6\">\n<section class=\"text-item\">\n<p><b>Cynia daliowa bia\u0142a<\/b><\/p>\n<p>Ziania elegans dahl.fl.pl.<\/p>\n<p>Ro\u015blina jednoroczna, do&nbsp;80&nbsp;cm wys. Kwiaty okaza\u0142e, bia\u0142e, pe\u0142ne. Doskona\u0142a na&nbsp;wy\u017csze rabaty, do&nbsp;nasadze\u0144 w&nbsp;grupach i&nbsp;na&nbsp;kwiat ci\u0119ty. Pi\u0119knie kwitn\u0105 od&nbsp;lipca do&nbsp;p\u00f3\u017anej jesieni. Wysiew nasion w&nbsp;III-IV do&nbsp;ciep\u0142ego inspektu. Wymaga pikowania. Wysadza\u0107 w&nbsp;V.<\/p>\n<ul>\n<li><b>Siew:<\/b>&nbsp;III-V<\/li>\n<li><b>Kwitnienie:<\/b>&nbsp;VII-IX<\/li>\n<li><b>Rozstawa:<\/b>&nbsp;30x40cm<\/li>\n<li><b>Wysoko\u015b\u0107:<\/b>&nbsp;60-80cm<\/li>\n<\/ul>\n<\/section><\/div>\n<\/section>\n<section class=\"section\">\n<div class=\"item item-6\">\n<section class=\"image-item\"><img decoding=\"async\" src=\"\" \/><\/section>\n<\/p><\/div>\n<div class=\"item item-6\">\n<section class=\"image-item\"><img decoding=\"async\" src=\"\" \/><\/section>\n<\/p><\/div>\n<\/section>\n<section class=\"section\">\n<div class=\"item item-6\">\n<section class=\"image-item\"><img decoding=\"async\" src=\"https:\/\/upload.cdn.baselinker.com\/products\/3018170\/dbeda8bc963ec69080a7dfb364945675.jpg\" \/><\/section>\n<\/p><\/div>\n<div class=\"item item-6\">\n<section class=\"image-item\"><img decoding=\"async\" src=\"\" \/><\/section>\n<\/p><\/div>\n<\/section>\n<section class=\"section\">\n<div class=\"item item-6\">\n<section class=\"image-item\"><img decoding=\"async\" src=\"https:\/\/upload.cdn.baselinker.com\/products\/3018170\/bfeff9fd6c6c56c634cbd1a2f8868f35.jpg\" \/><\/section>\n<\/p><\/div>\n<div class=\"item item-6\">\n<section class=\"text-item\">\n<p><b>SPRAWDZONA JAKO\u015a\u0106 NASION<\/b><\/p>\n<p>Oferowane przez nas nasiona s\u0105 testowane w&nbsp;<b>Laboratorium Oceny Nasion pod wzgl\u0119dem:<\/b><\/p>\n<p>\u2705<b>kie\u0142kowania<\/b><\/p>\n<p>\u2705<b>wilgotno\u015bci<\/b><\/p>\n<p>\u2705<b>czysto\u015bci ziarna<\/b><\/p>\n<p><b>Dzi\u0119ki czemu udost\u0119pniane nasiona s\u0105 \u015bci\u015ble wyselekcjonowane, tylko wysokiej klasy.<\/b><\/p>\n<p>Torebki zakupione na naszej aukcji s\u0105 w pe\u0142ni bezpieczne, posiadaj\u0105&nbsp;<b>dat\u0119 wa\u017cno\u015bci i nr partii na opakowaniu.<\/b>&nbsp;Gwarantujemy r\u00f3wnie\u017c jako\u015b\u0107 i oryginalno\u015b\u0107 produkt\u00f3w, poniewa\u017c s\u0105 nabywane bezpo\u015brednio od producenta.<\/p>\n<\/section><\/div>\n<\/section>\n","protected":false},"excerpt":{"rendered":"<p>Nasion kwiat\u00f3w CYNIA DALIOWA Bia\u0142a kwiaty okaza\u0142e bia\u0142e pe\u0142ne Cynia daliowa bia\u0142a Ziania elegans dahl.fl.pl. Ro\u015blina jednoroczna, do&nbsp;80&nbsp;cm wys. Kwiaty okaza\u0142e, bia\u0142e, pe\u0142ne. Doskona\u0142a na&nbsp;wy\u017csze rabaty, do&nbsp;nasadze\u0144 w&nbsp;grupach i&nbsp;na&nbsp;kwiat ci\u0119ty. Pi\u0119knie kwitn\u0105 od&nbsp;lipca do&nbsp;p\u00f3\u017anej jesieni. Wysiew nasion w&nbsp;III-IV do&nbsp;ciep\u0142ego inspektu. Wymaga pikowania. Wysadza\u0107 w&nbsp;V. Siew:&nbsp;III-V Kwitnienie:&nbsp;VII-IX Rozstawa:&nbsp;30x40cm Wysoko\u015b\u0107:&nbsp;60-80cm SPRAWDZONA JAKO\u015a\u0106 NASION Oferowane przez nas nasiona&#8230;<\/p>\n","protected":false},"featured_media":21891,"comment_status":"open","ping_status":"closed","template":"","meta":{"inline_featured_image":false},"product_cat":[134,180,162,183,182],"product_tag":[],"location":[],"class_list":{"0":"post-21895","1":"product","2":"type-product","3":"status-publish","4":"has-post-thumbnail","6":"product_cat-nasiona-kwiatow","7":"product_cat-cynie-nasiona","8":"product_cat-nasiona","9":"product_cat-nasiona-kwiatow-ogrodowych","10":"product_cat-nasiona-kwiaty-doniczkowe","11":"nt-post-class","12":"","15":"excerpt-none","18":"first","19":"instock","20":"shipping-taxable","21":"purchasable","22":"product-type-simple"},"_links":{"self":[{"href":"https:\/\/boskienasiona.pl\/en\/wp-json\/wp\/v2\/product\/21895","targetHints":{"allow":["GET"]}}],"collection":[{"href":"https:\/\/boskienasiona.pl\/en\/wp-json\/wp\/v2\/product"}],"about":[{"href":"https:\/\/boskienasiona.pl\/en\/wp-json\/wp\/v2\/types\/product"}],"replies":[{"embeddable":true,"href":"https:\/\/boskienasiona.pl\/en\/wp-json\/wp\/v2\/comments?post=21895"}],"version-history":[{"count":1,"href":"https:\/\/boskienasiona.pl\/en\/wp-json\/wp\/v2\/product\/21895\/revisions"}],"predecessor-version":[{"id":22450,"href":"https:\/\/boskienasiona.pl\/en\/wp-json\/wp\/v2\/product\/21895\/revisions\/22450"}],"wp:featuredmedia":[{"embeddable":true,"href":"https:\/\/boskienasiona.pl\/en\/wp-json\/wp\/v2\/media\/21891"}],"wp:attachment":[{"href":"https:\/\/boskienasiona.pl\/en\/wp-json\/wp\/v2\/media?parent=21895"}],"wp:term":[{"taxonomy":"product_cat","embeddable":true,"href":"https:\/\/boskienasiona.pl\/en\/wp-json\/wp\/v2\/product_cat?post=21895"},{"taxonomy":"product_tag","embeddable":true,"href":"https:\/\/boskienasiona.pl\/en\/wp-json\/wp\/v2\/product_tag?post=21895"},{"taxonomy":"location","embeddable":true,"href":"https:\/\/boskienasiona.pl\/en\/wp-json\/wp\/v2\/location?post=21895"}],"curies":[{"name":"wp","href":"https:\/\/api.w.org\/{rel}","templated":true}]}}