{"id":21912,"date":"2025-02-03T13:09:19","date_gmt":"2025-02-03T12:09:19","guid":{"rendered":"https:\/\/boskienasiona.pl\/product\/ogorek-gruntowy-podluzny-gladki-gergana-salatkowy-na-mizerie-wczesny\/"},"modified":"2026-04-19T14:18:36","modified_gmt":"2026-04-19T12:18:36","slug":"ogorek-gruntowy-podluzny-gladki-gergana-salatkowy-na-mizerie-wczesny","status":"publish","type":"product","link":"https:\/\/boskienasiona.pl\/en\/produkt\/ogorek-gruntowy-podluzny-gladki-gergana-salatkowy-na-mizerie-wczesny\/","title":{"rendered":"Og\u00f3rek gruntowy pod\u0142u\u017cny g\u0142adki GERGANA Sa\u0142atkowy na mizeri\u0119 wczesny"},"content":{"rendered":"<section class=\"section\">\n<div class=\"item item-12\">\n<section class=\"text-item\">\n<h1>Og\u00f3rek gruntowy pod\u0142u\u017cny g\u0142adki GERGANA Sa\u0142atkowy na mizeri\u0119 wczesny<\/h1>\n<\/section><\/div>\n<\/section>\n<section class=\"section\">\n<div class=\"item item-6\">\n<section class=\"image-item\">\n            <img decoding=\"async\" src=\"https:\/\/upload.cdn.baselinker.com\/products\/3018170\/d9dd8e90ffbeff8218a7812920e77332.png\" \/><br \/>\n        <\/section>\n<\/p><\/div>\n<div class=\"item item-6\">\n<section class=\"text-item\">\n<p><b>Og\u00f3rek gruntowy\u00a0GERGANA\u00a0(wczesny)<\/b><\/p>\n<p>Cucumis sativus \u00a0L.<\/p>\n<p>Odmiana wczesna plenna, silnie rosn\u0105ca, przeznaczona do\u00a0uprawy w\u00a0gruncie, szklarniach i\u00a0tunelach foliowych. Tworzy d\u0142ugie, (28-33 cm), lekko \u017cebrowane, walcowate owoce o\u00a0ciemnozielone sk\u00f3rce pozbawione gorzkiego posmaku. Odmiana szczeg\u00f3lnie polecana na\u00a0sa\u0142atki, mizeri\u0119, do\u00a0kanapek i\u00a0do\u00a0konserwowania. Wysiew III-V, zbi\u00f3r VIII-IX.<\/p>\n<p><b>\u2705Siew:<\/b> III-V<\/p>\n<p><b>\u2705Zbi\u00f3r:<\/b> VIII-IX<\/p>\n<p><b>\u2705Rozstawa:<\/b> 80 &#8211; 100 x 90 &#8211; 120 cm<\/p>\n<\/section><\/div>\n<\/section>\n<section class=\"section\">\n<div class=\"item item-6\">\n<section class=\"image-item\">\n            <img decoding=\"async\" src=\"https:\/\/upload.cdn.baselinker.com\/products\/3018170\/4c92a9bfda2d64fc09c8c7722d4b65c7.png\" \/><br \/>\n        <\/section>\n<\/p><\/div>\n<div class=\"item item-6\">\n<section class=\"text-item\">\n<p><b>SPRAWDZONA JAKO\u015a\u0106 NASION<\/b><\/p>\n<p>Oferowane przez nas nasiona s\u0105 testowane w\u00a0<b>Laboratorium Oceny Nasion pod wzgl\u0119dem:<\/b><\/p>\n<p>\u2705<b>kie\u0142kowania<\/b><\/p>\n<p>\u2705<b>wilgotno\u015bci<\/b><\/p>\n<p>\u2705<b>czysto\u015bci ziarna<\/b><\/p>\n<p><b>Dzi\u0119ki czemu udost\u0119pniane nasiona s\u0105 \u015bci\u015ble wyselekcjonowane, tylko wysokiej klasy.<\/b><\/p>\n<p>Torebki zakupione na naszej aukcji s\u0105 w pe\u0142ni bezpieczne, posiadaj\u0105\u00a0<b>dat\u0119 wa\u017cno\u015bci i nr partii na opakowaniu.<\/b>\u00a0Gwarantujemy r\u00f3wnie\u017c jako\u015b\u0107 i oryginalno\u015b\u0107 produkt\u00f3w, poniewa\u017c s\u0105 nabywane bezpo\u015brednio od producenta.<\/p>\n<\/section><\/div>\n<\/section>\n<section class=\"section\">\n<div class=\"item item-6\">\n<section class=\"image-item\">\n            <img decoding=\"async\" src=\"https:\/\/upload.cdn.baselinker.com\/products\/3018170\/77611432c4ccc33b281442dbf5f585de.jpg\" \/><br \/>\n        <\/section>\n<\/p><\/div>\n<div class=\"item item-6\">\n<section class=\"image-item\">\n            <img decoding=\"async\" src=\"https:\/\/upload.cdn.baselinker.com\/products\/3018170\/4588bcbbf1cc6e801b629d9d02ac914e.jpg\" \/><br \/>\n        <\/section>\n<\/p><\/div>\n<\/section>\n<section class=\"section\">\n<div class=\"item item-6\">\n<section class=\"image-item\">\n            <img decoding=\"async\" src=\"https:\/\/upload.cdn.baselinker.com\/products\/3018170\/00ec8c36f3377c54cddd02fd39256e6e.jpg\" \/><br \/>\n        <\/section>\n<\/p><\/div>\n<div class=\"item item-6\">\n<section class=\"image-item\">\n            <img decoding=\"async\" src=\"https:\/\/upload.cdn.baselinker.com\/products\/3018170\/43ce3e2fee837fe66268ec750de2f348.jpg\" \/><br \/>\n        <\/section>\n<\/p><\/div>\n<\/section>\n<section class=\"section\">\n<div class=\"item item-12\">\n<section class=\"image-item\">\n            <img decoding=\"async\" src=\"https:\/\/upload.cdn.baselinker.com\/products\/3018170\/a43ed9ded24b4b91d35db25ac32ce580.jpg\" \/><br \/>\n        <\/section>\n<\/p><\/div>\n<\/section>\n","protected":false},"excerpt":{"rendered":"<p>Og\u00f3rek gruntowy pod\u0142u\u017cny g\u0142adki GERGANA Sa\u0142atkowy na mizeri\u0119 wczesny Og\u00f3rek gruntowy\u00a0GERGANA\u00a0(wczesny) Cucumis sativus \u00a0L. Odmiana wczesna plenna, silnie rosn\u0105ca, przeznaczona do\u00a0uprawy w\u00a0gruncie, szklarniach i\u00a0tunelach foliowych. Tworzy d\u0142ugie, (28-33 cm), lekko \u017cebrowane, walcowate owoce o\u00a0ciemnozielone sk\u00f3rce pozbawione gorzkiego posmaku. Odmiana szczeg\u00f3lnie polecana na\u00a0sa\u0142atki, mizeri\u0119, do\u00a0kanapek i\u00a0do\u00a0konserwowania. Wysiew III-V, zbi\u00f3r VIII-IX. \u2705Siew: III-V \u2705Zbi\u00f3r: VIII-IX \u2705Rozstawa: 80&#8230;<\/p>\n","protected":false},"featured_media":21889,"comment_status":"open","ping_status":"closed","template":"","meta":{"inline_featured_image":false},"product_cat":[126,162],"product_tag":[],"location":[],"class_list":{"0":"post-21912","1":"product","2":"type-product","3":"status-publish","4":"has-post-thumbnail","6":"product_cat-nasiona-warzyw","7":"product_cat-nasiona","8":"nt-post-class","9":"","12":"excerpt-none","15":"first","16":"instock","17":"shipping-taxable","18":"purchasable","19":"product-type-simple"},"_links":{"self":[{"href":"https:\/\/boskienasiona.pl\/en\/wp-json\/wp\/v2\/product\/21912","targetHints":{"allow":["GET"]}}],"collection":[{"href":"https:\/\/boskienasiona.pl\/en\/wp-json\/wp\/v2\/product"}],"about":[{"href":"https:\/\/boskienasiona.pl\/en\/wp-json\/wp\/v2\/types\/product"}],"replies":[{"embeddable":true,"href":"https:\/\/boskienasiona.pl\/en\/wp-json\/wp\/v2\/comments?post=21912"}],"version-history":[{"count":0,"href":"https:\/\/boskienasiona.pl\/en\/wp-json\/wp\/v2\/product\/21912\/revisions"}],"wp:featuredmedia":[{"embeddable":true,"href":"https:\/\/boskienasiona.pl\/en\/wp-json\/wp\/v2\/media\/21889"}],"wp:attachment":[{"href":"https:\/\/boskienasiona.pl\/en\/wp-json\/wp\/v2\/media?parent=21912"}],"wp:term":[{"taxonomy":"product_cat","embeddable":true,"href":"https:\/\/boskienasiona.pl\/en\/wp-json\/wp\/v2\/product_cat?post=21912"},{"taxonomy":"product_tag","embeddable":true,"href":"https:\/\/boskienasiona.pl\/en\/wp-json\/wp\/v2\/product_tag?post=21912"},{"taxonomy":"location","embeddable":true,"href":"https:\/\/boskienasiona.pl\/en\/wp-json\/wp\/v2\/location?post=21912"}],"curies":[{"name":"wp","href":"https:\/\/api.w.org\/{rel}","templated":true}]}}