{"id":21923,"date":"2025-02-03T16:14:06","date_gmt":"2025-02-03T15:14:06","guid":{"rendered":"https:\/\/boskienasiona.pl\/product\/nasiona-kwiatow-karmnik-oscisty-piekne-biale-drobne-kwiatki\/"},"modified":"2026-02-23T01:20:54","modified_gmt":"2026-02-23T00:20:54","slug":"nasiona-kwiatow-karmnik-oscisty-piekne-biale-drobne-kwiatki","status":"publish","type":"product","link":"https:\/\/boskienasiona.pl\/en\/produkt\/nasiona-kwiatow-karmnik-oscisty-piekne-biale-drobne-kwiatki\/","title":{"rendered":"NASIONA KWIAT\u00d3W KARMNIK O\u015aCISTY PI\u0118KNE BIA\u0141E DROBNE KWIATKI"},"content":{"rendered":"<section class=\"section\">\n<div class=\"item item-12\">\n<section class=\"text-item\">\n<h1>NASIONA KWIAT\u00d3W KARMNIK O\u015aCISTY PI\u0118KNE BIA\u0141E DROBNE KWIATKI<\/h1>\n<\/section><\/div>\n<\/section>\n<section class=\"section\">\n<div class=\"item item-6\">\n<section class=\"image-item\"><img decoding=\"async\" src=\"https:\/\/upload.cdn.baselinker.com\/products\/3018170\/91359a4824aad86271233fbdae8790d4.jpg\" \/><\/section>\n<\/p><\/div>\n<div class=\"item item-6\">\n<section class=\"text-item\">\n<p><b>Karmnik o\u015bcisty bia\u0142y<\/b><\/p>\n<p>Sagina subulata<\/p>\n<p>Wieloletnia, \u0142atwa w uprawie bylina. Tworzy poduszkowate, szybko zadarniaj\u0105ce grunt zielone podobne do mchu kobierce. Latem s\u0105 one obsypane mas\u0105 drobnych urokliwych bia\u0142ych kwiat\u00f3w. Wspania\u0142a ozdoba skalnik\u00f3w, niskich rabat, obw\u00f3dek i przestrzeni mi\u0119dzy kamieniami. Wysiew nasion w IV-VI na rozsadniku lub wprost do gruntu w V-VI. Wymaga stanowiska s\u0142onecznego, niezbyt wilgotnego, gleby lekkiej.<\/p>\n<ul>\n<li><b>Siew na rozsadniku:<\/b> IV-VI<\/li>\n<li><b>Siew grunt:<\/b> V-VI<\/li>\n<li><b>Kwitnienie:<\/b> VI-IX<\/li>\n<li><b>Rozstawa:<\/b> 10\u00d720 cm<\/li>\n<li><b>Wysoko\u015b\u0107:<\/b> 2-8 cm<\/li>\n<\/ul>\n<\/section><\/div>\n<\/section>\n<section class=\"section\">\n<div class=\"item item-6\">\n<section class=\"image-item\"><img decoding=\"async\" src=\"https:\/\/upload.cdn.baselinker.com\/products\/3018170\/e06eb7f550788a9a21063325ce824d8e.jpg\" \/><\/section>\n<\/p><\/div>\n<div class=\"item item-6\">\n<section class=\"text-item\">\n<p><b>SPRAWDZONA JAKO\u015a\u0106 NASION<\/b><\/p>\n<p>Oferowane przez nas nasiona s\u0105 testowane w\u00a0<b>Laboratorium Oceny Nasion pod wzgl\u0119dem:<\/b><\/p>\n<p>\u2705<b>kie\u0142kowania<\/b><\/p>\n<p>\u2705<b>wilgotno\u015bci<\/b><\/p>\n<p>\u2705<b>czysto\u015bci ziarna<\/b><\/p>\n<p><b>Dzi\u0119ki czemu udost\u0119pniane nasiona s\u0105 \u015bci\u015ble wyselekcjonowane, tylko wysokiej klasy.<\/b><\/p>\n<p>Torebki zakupione na naszej aukcji s\u0105 w pe\u0142ni bezpieczne, posiadaj\u0105\u00a0<b>dat\u0119 wa\u017cno\u015bci i nr partii na opakowaniu.<\/b>\u00a0Gwarantujemy r\u00f3wnie\u017c jako\u015b\u0107 i oryginalno\u015b\u0107 produkt\u00f3w, poniewa\u017c s\u0105 nabywane bezpo\u015brednio od producenta.<\/p>\n<\/section><\/div>\n<\/section>\n<section class=\"section\">\n<div class=\"item item-6\">\n<section class=\"image-item\"><img decoding=\"async\" src=\"https:\/\/upload.cdn.baselinker.com\/products\/3018170\/aee475bb2b1b6587903d3664412e4829.jpg\" \/><\/section>\n<\/p><\/div>\n<div class=\"item item-6\">\n<section class=\"image-item\"><img decoding=\"async\" src=\"https:\/\/upload.cdn.baselinker.com\/products\/3018170\/af8806ce84f8400f55f8e2f282237616.jpg\" \/><\/section>\n<\/p><\/div>\n<\/section>\n","protected":false},"excerpt":{"rendered":"<p>NASIONA KWIAT\u00d3W KARMNIK O\u015aCISTY PI\u0118KNE BIA\u0141E DROBNE KWIATKI Karmnik o\u015bcisty bia\u0142y Sagina subulata Wieloletnia, \u0142atwa w uprawie bylina. Tworzy poduszkowate, szybko zadarniaj\u0105ce grunt zielone podobne do mchu kobierce. Latem s\u0105 one obsypane mas\u0105 drobnych urokliwych bia\u0142ych kwiat\u00f3w. Wspania\u0142a ozdoba skalnik\u00f3w, niskich rabat, obw\u00f3dek i przestrzeni mi\u0119dzy kamieniami. Wysiew nasion w IV-VI na rozsadniku lub wprost&#8230;<\/p>\n","protected":false},"featured_media":21913,"comment_status":"open","ping_status":"closed","template":"","meta":{"inline_featured_image":false},"product_cat":[134,162],"product_tag":[],"location":[],"class_list":{"0":"post-21923","1":"product","2":"type-product","3":"status-publish","4":"has-post-thumbnail","6":"product_cat-nasiona-kwiatow","7":"product_cat-nasiona","8":"nt-post-class","9":"","12":"excerpt-none","15":"first","16":"outofstock","17":"shipping-taxable","18":"purchasable","19":"product-type-simple"},"_links":{"self":[{"href":"https:\/\/boskienasiona.pl\/en\/wp-json\/wp\/v2\/product\/21923","targetHints":{"allow":["GET"]}}],"collection":[{"href":"https:\/\/boskienasiona.pl\/en\/wp-json\/wp\/v2\/product"}],"about":[{"href":"https:\/\/boskienasiona.pl\/en\/wp-json\/wp\/v2\/types\/product"}],"replies":[{"embeddable":true,"href":"https:\/\/boskienasiona.pl\/en\/wp-json\/wp\/v2\/comments?post=21923"}],"version-history":[{"count":0,"href":"https:\/\/boskienasiona.pl\/en\/wp-json\/wp\/v2\/product\/21923\/revisions"}],"wp:featuredmedia":[{"embeddable":true,"href":"https:\/\/boskienasiona.pl\/en\/wp-json\/wp\/v2\/media\/21913"}],"wp:attachment":[{"href":"https:\/\/boskienasiona.pl\/en\/wp-json\/wp\/v2\/media?parent=21923"}],"wp:term":[{"taxonomy":"product_cat","embeddable":true,"href":"https:\/\/boskienasiona.pl\/en\/wp-json\/wp\/v2\/product_cat?post=21923"},{"taxonomy":"product_tag","embeddable":true,"href":"https:\/\/boskienasiona.pl\/en\/wp-json\/wp\/v2\/product_tag?post=21923"},{"taxonomy":"location","embeddable":true,"href":"https:\/\/boskienasiona.pl\/en\/wp-json\/wp\/v2\/location?post=21923"}],"curies":[{"name":"wp","href":"https:\/\/api.w.org\/{rel}","templated":true}]}}