{"id":21930,"date":"2025-02-03T16:18:32","date_gmt":"2025-02-03T15:18:32","guid":{"rendered":"https:\/\/boskienasiona.pl\/product\/nasiona-kwiatow-mak-syberyjski-mix-bylina-wieloletnia\/"},"modified":"2026-04-18T22:18:29","modified_gmt":"2026-04-18T20:18:29","slug":"nasiona-kwiatow-mak-syberyjski-mix-bylina","status":"publish","type":"product","link":"https:\/\/boskienasiona.pl\/en\/produkt\/nasiona-kwiatow-mak-syberyjski-mix-bylina\/","title":{"rendered":"Nasiona kwiat\u00f3w MAK SYBERYJSKI MIX Bylina wieloletnia"},"content":{"rendered":"<section class=\"section\">\n<div class=\"item item-12\">\n<section class=\"text-item\">\n<h2>Mak syberyjski MIX \u2013 nasiona byliny wieloletniej o niezwyk\u0142ych kolorach i zapachu<\/h2>\n<p><strong>Mak syberyjski<\/strong> (Papaver nudicaule) to wyj\u0105tkowa bylina wieloletnia, kt\u00f3ra urzeka ogrodnik\u00f3w na ca\u0142ym \u015bwiecie swoimi subtelnymi, pachn\u0105cymi kwiatami. Ta r\u00f3\u017cnobarwna mieszanka zawiera kwiaty w odcieniach \u017c\u00f3\u0142ci, pomara\u0144czu, czerwieni i kremu, tworz\u0105c efektown\u0105 kompozycj\u0119 barw idealn\u0105 do ka\u017cdego ogrodu. Ro\u015blina ta jest nie tylko ozdobna, ale r\u00f3wnie\u017c odporna na niskie temperatury, dzi\u0119ki czemu doskonale sprawdza si\u0119 w polskich warunkach klimatycznych.<\/p>\n<\/section>\n<\/div>\n<\/section>\n<section class=\"section\">\n<div class=\"item item-6\">\n<section class=\"image-item\"><img decoding=\"async\" src=\"https:\/\/upload.cdn.baselinker.com\/products\/3018170\/e9676a03cf9a57ef5f415d4b89525711.png\" \/><\/section>\n<section>\n<h2>Jak wygl\u0105da uprawa maku syberyjskiego?<\/h2>\n<p><strong>Mak syberyjski<\/strong> preferuje stanowiska w pe\u0142ni nas\u0142onecznione i dobrze przepuszczalne gleby o umiarkowanej wilgotno\u015bci. Nie jest ro\u015blin\u0105 wymagaj\u0105c\u0105 \u2013 doskonale radzi sobie w glebach suchych, lekkich i piaszczystych, co czyni go \u015bwietnym wyborem nawet dla pocz\u0105tkuj\u0105cych ogrodnik\u00f3w. <strong>Siew nasion przeprowadza si\u0119 wprost do gruntu \u2013 wiosn\u0105, od kwietnia do czerwca, lub jesieni\u0105 \u2013 od wrze\u015bnia do pa\u017adziernika<\/strong>. <strong>Kwitnienie<\/strong> nast\u0119puje w kolejnym roku, zazwyczaj <strong>od czerwca do sierpnia<\/strong>, poniewa\u017c jak wi\u0119kszo\u015b\u0107 bylin, ro\u015blina rozwija si\u0119 w pe\u0142ni od drugiego sezonu wegetacyjnego.<\/p>\n<p>Wzrost ro\u015bliny jest zwarty i niski \u2013 dorasta ona do 25\u201340 cm wysoko\u015bci, dlatego idealnie nadaje si\u0119 do rabat, obw\u00f3dek oraz ogr\u00f3dk\u00f3w skalnych. Przy zalecanej rozstawie 20 \u00d7 30 cm mak syberyjski mo\u017ce swobodnie si\u0119 rozwija\u0107 i tworzy\u0107 g\u0119ste, barwne k\u0119py. Z uwagi na intensywne kwitnienie i przyjemny zapach, <strong>mak syberyjski<\/strong> przyci\u0105ga tak\u017ce owady zapylaj\u0105ce, co dodatkowo wp\u0142ywa korzystnie na ca\u0142y ekosystem ogrodu.<\/p>\n<\/section>\n<\/div>\n<\/section>\n<section class=\"section\">\n<div class=\"item item-6\">\n<section class=\"image-item\"><img decoding=\"async\" src=\"https:\/\/upload.cdn.baselinker.com\/products\/3018170\/874f20724a1c31d76c52a00465bd7c7f.png\" \/><\/section>\n<section>\n<h2>Nasiona maku syberyjskiego \u2013 jako\u015b\u0107 potwierdzona badaniami<\/h2>\n<p>Wszystkie <strong><a href=\"https:\/\/boskienasiona.pl\/kategoria\/nasiona\/\">nasiona<\/a><\/strong> dost\u0119pne w naszej ofercie s\u0105 starannie selekcjonowane i pochodz\u0105 od sprawdzonych dostawc\u00f3w. Ka\u017cda partia <strong>maku syberyjskiego<\/strong> jest poddawana szczeg\u00f3\u0142owym testom w <strong>Laboratorium Oceny Nasion<\/strong>. Dzi\u0119ki temu mo\u017cemy zagwarantowa\u0107 wysok\u0105 jako\u015b\u0107 i skuteczno\u015b\u0107 wysiewu. Dodatkowo, ka\u017cda torebka zawiera oznaczenia z numerem partii i dat\u0105 wa\u017cno\u015bci, co zapewnia bezpiecze\u0144stwo i \u015bwie\u017co\u015b\u0107 produktu.<\/p>\n<p>Zakup <strong>nasion maku syberyjskiego<\/strong> w naszym sklepie to tak\u017ce gwarancja autentyczno\u015bci \u2013 oferujemy wy\u0142\u0105cznie produkty pochodz\u0105ce bezpo\u015brednio od producent\u00f3w, bez po\u015brednik\u00f3w, co przek\u0142ada si\u0119 na atrakcyjn\u0105 cen\u0119 i pewne \u017ar\u00f3d\u0142o pochodzenia.<\/p>\n<\/section>\n<\/div>\n<div class=\"item item-6\">\n<section class=\"text-item\">Oferowane przez nas nasiona s\u0105 testowane pod wzgl\u0119dem:<\/p>\n<ul>\n<li><b>kie\u0142kowania<\/b><\/li>\n<li><b>wilgotno\u015bci<\/b><\/li>\n<li><b>czysto\u015bci ziarna<\/b><\/li>\n<\/ul>\n<h2>Mak syberyjski w aran\u017cacjach ogrodowych<\/h2>\n<p><strong>Mak syberyjski MIX<\/strong> to ro\u015blina niezwykle uniwersalna. Doskonale odnajduje si\u0119 w ogrodach naturalistycznych, w stylu rustykalnym czy wiejskim, a tak\u017ce w nowoczesnych kompozycjach. Mo\u017ce stanowi\u0107 centralny punkt rabaty bylinowej, doskonale komponowa\u0107 si\u0119 z trawami ozdobnymi, lawend\u0105 czy rudbeki\u0105. Jego intensywne kolory dodaj\u0105 energii ka\u017cdej przestrzeni i prze\u0142amuj\u0105 monotoni\u0119 zieleni.<\/p>\n<p>Dodatkowo, <strong>mak syberyjski<\/strong> \u015bwietnie nadaje si\u0119 na kwiat ci\u0119ty. Cho\u0107 jego kwiaty nie s\u0105 bardzo trwa\u0142e w wazonie, to ich delikatno\u015b\u0107 i naturalny urok wprowadzaj\u0105 do wn\u0119trza niepowtarzalny klimat, szczeg\u00f3lnie gdy zestawimy je z innymi sezonowymi kwiatami.<\/p>\n<p>Zobacz r\u00f3wnie\u017c inne <a href=\"https:\/\/boskienasiona.pl\/kategoria\/nasiona-kwiatow\/\">nasiona kwiat\u00f3w<\/a>.<\/p>\n<\/section>\n<\/div>\n<\/section>\n<section class=\"section\">\n<div class=\"item item-12\">\n<section class=\"image-item\"><img decoding=\"async\" src=\"https:\/\/upload.cdn.baselinker.com\/products\/3018170\/7bbb2bb270ec531e82094641326dbdb7.png\" \/><\/section>\n<section>\n<h2>Zam\u00f3w nasiona maku syberyjskiego ju\u017c dzi\u015b!<\/h2>\n<p>Je\u015bli marzysz o ogrodzie pe\u0142nym kolor\u00f3w i naturalnego uroku, <strong>mak syberyjski nasiona<\/strong> to wyb\u00f3r, kt\u00f3ry Ci\u0119 nie zawiedzie. To ro\u015blina \u0142atwa w uprawie, odporna, a jednocze\u015bnie niezwykle efektowna. Dzi\u0119ki wysokiej jako\u015bci materia\u0142owi siewnemu, mo\u017cesz mie\u0107 pewno\u015b\u0107 udanego wysiewu i pi\u0119knego efektu ko\u0144cowego. Ju\u017c dzi\u015b dodaj nasiona do koszyka i stw\u00f3rz przestrze\u0144, kt\u00f3ra b\u0119dzie cieszy\u0107 oczy przez wiele sezon\u00f3w!<\/p>\n<h2>Informacje<\/h2>\n<ul>\n<li><strong>Siew:<\/strong> IV-VI; IX-X<\/li>\n<li><strong>Kwitnienie:<\/strong> VI-VIII (2 rok)<\/li>\n<li><strong>Rozstawa<\/strong>: 20\u00d730 cm<\/li>\n<li><strong>Wysoko\u015b\u0107<\/strong>: 25-40 cm<\/li>\n<\/ul>\n<\/section>\n<\/div>\n<\/section>\n","protected":false},"excerpt":{"rendered":"<p>Mak syberyjski MIX \u2013 nasiona byliny wieloletniej o niezwyk\u0142ych kolorach i zapachu Mak syberyjski (Papaver nudicaule) to wyj\u0105tkowa bylina wieloletnia, kt\u00f3ra urzeka ogrodnik\u00f3w na ca\u0142ym \u015bwiecie swoimi subtelnymi, pachn\u0105cymi kwiatami. Ta r\u00f3\u017cnobarwna mieszanka zawiera kwiaty w odcieniach \u017c\u00f3\u0142ci, pomara\u0144czu, czerwieni i kremu, tworz\u0105c efektown\u0105 kompozycj\u0119 barw idealn\u0105 do ka\u017cdego ogrodu. Ro\u015blina ta jest nie tylko&#8230;<\/p>\n","protected":false},"featured_media":21924,"comment_status":"open","ping_status":"closed","template":"","meta":{"inline_featured_image":false},"product_cat":[134,162],"product_tag":[],"location":[],"class_list":{"0":"post-21930","1":"product","2":"type-product","3":"status-publish","4":"has-post-thumbnail","6":"product_cat-nasiona-kwiatow","7":"product_cat-nasiona","8":"nt-post-class","9":"","12":"excerpt-none","15":"first","16":"instock","17":"shipping-taxable","18":"purchasable","19":"product-type-simple"},"_links":{"self":[{"href":"https:\/\/boskienasiona.pl\/en\/wp-json\/wp\/v2\/product\/21930","targetHints":{"allow":["GET"]}}],"collection":[{"href":"https:\/\/boskienasiona.pl\/en\/wp-json\/wp\/v2\/product"}],"about":[{"href":"https:\/\/boskienasiona.pl\/en\/wp-json\/wp\/v2\/types\/product"}],"replies":[{"embeddable":true,"href":"https:\/\/boskienasiona.pl\/en\/wp-json\/wp\/v2\/comments?post=21930"}],"version-history":[{"count":2,"href":"https:\/\/boskienasiona.pl\/en\/wp-json\/wp\/v2\/product\/21930\/revisions"}],"predecessor-version":[{"id":22552,"href":"https:\/\/boskienasiona.pl\/en\/wp-json\/wp\/v2\/product\/21930\/revisions\/22552"}],"wp:featuredmedia":[{"embeddable":true,"href":"https:\/\/boskienasiona.pl\/en\/wp-json\/wp\/v2\/media\/21924"}],"wp:attachment":[{"href":"https:\/\/boskienasiona.pl\/en\/wp-json\/wp\/v2\/media?parent=21930"}],"wp:term":[{"taxonomy":"product_cat","embeddable":true,"href":"https:\/\/boskienasiona.pl\/en\/wp-json\/wp\/v2\/product_cat?post=21930"},{"taxonomy":"product_tag","embeddable":true,"href":"https:\/\/boskienasiona.pl\/en\/wp-json\/wp\/v2\/product_tag?post=21930"},{"taxonomy":"location","embeddable":true,"href":"https:\/\/boskienasiona.pl\/en\/wp-json\/wp\/v2\/location?post=21930"}],"curies":[{"name":"wp","href":"https:\/\/api.w.org\/{rel}","templated":true}]}}