{"id":21947,"date":"2025-02-03T18:36:43","date_gmt":"2025-02-03T17:36:43","guid":{"rendered":"https:\/\/boskienasiona.pl\/product\/nasiona-warzyw-koper-monarch-odrastajacy-bardzo-odporny-na-zbior-peczkowy\/"},"modified":"2026-04-17T22:19:12","modified_gmt":"2026-04-17T20:19:12","slug":"nasiona-warzyw-koper-monarch-odrastajacy-bardzo-odporny-na-zbior-peczkowy","status":"publish","type":"product","link":"https:\/\/boskienasiona.pl\/en\/produkt\/nasiona-warzyw-koper-monarch-odrastajacy-bardzo-odporny-na-zbior-peczkowy\/","title":{"rendered":"Nasiona warzyw Koper MONARCH odrastaj\u0105cy bardzo odporny na zbi\u00f3r p\u0119czkowy"},"content":{"rendered":"<section class=\"section\">\n<div class=\"item item-12\">\n<section class=\"text-item\">\n<h1>Nasiona warzyw Koper MONARCH odrastaj\u0105cy bardzo odporny na zbi\u00f3r p\u0119czkowy<\/h1>\n<\/section><\/div>\n<\/section>\n<section class=\"section\">\n<div class=\"item item-6\">\n<section class=\"image-item\"><img decoding=\"async\" src=\"https:\/\/upload.cdn.baselinker.com\/products\/3018170\/fd1e9ba208b5ec2c6558f110c67f7290.jpg\" \/><\/section>\n<\/p><\/div>\n<div class=\"item item-6\">\n<section class=\"text-item\">\n<p><b>Koper MONARCH<\/b><\/p>\n<p>ANETHUM GRAVEOLENS L.<\/p>\n<p>Jedna z najlepszych odmian kopru przeznaczonego na zbi\u00f3r p\u0119czkowy. Bardzo odporna<\/p>\n<p>na wybijanie w p\u0119dy kwiatowe, silnie krzewi\u0105ca si\u0119, dzi\u0119ki czemu zbi\u00f3r natki mo\u017cna przeprowadza\u0107 wielokrotnie. Listki ciemnozielone ze srebrnym nalotem, \u0142odygi g\u0119sto ulistnione. Pierwsze zbiory przeprowadza si\u0119 po 45-55 dniach od wysiewu. Odmiana przeznaczona zar\u00f3wno do uprawy w gruncie, jak i pod os\u0142onami.<\/p>\n<ul>\n<li><b>Siew:<\/b> III-VIII, na g\u0142. 1-2 cm<\/li>\n<li><b>Zbi\u00f3r:<\/b> IV-X<\/li>\n<li><b>Rozstawa:<\/b> 5-10 x 30 cm<\/li>\n<\/ul>\n<\/section><\/div>\n<\/section>\n<section class=\"section\">\n<div class=\"item item-6\">\n<section class=\"image-item\"><img decoding=\"async\" src=\"https:\/\/upload.cdn.baselinker.com\/products\/3018170\/fd54a1f476155a858fde6cb08c3b3ec7.jpg\" \/><\/section>\n<\/p><\/div>\n<div class=\"item item-6\">\n<section class=\"text-item\">\n<p><b>SPRAWDZONA JAKO\u015a\u0106 NASION<\/b><\/p>\n<p>Oferowane przez nas nasiona s\u0105 testowane w\u00a0<b>Laboratorium Oceny Nasion pod wzgl\u0119dem:<\/b><\/p>\n<p>\u2705<b>kie\u0142kowania<\/b><\/p>\n<p>\u2705<b>wilgotno\u015bci<\/b><\/p>\n<p>\u2705<b>czysto\u015bci ziarna<\/b><\/p>\n<p><b>Dzi\u0119ki czemu udost\u0119pniane nasiona s\u0105 \u015bci\u015ble wyselekcjonowane, tylko wysokiej klasy.<\/b><\/p>\n<p>Torebki zakupione na naszej aukcji s\u0105 w pe\u0142ni bezpieczne, posiadaj\u0105\u00a0<b>dat\u0119 wa\u017cno\u015bci i nr partii na opakowaniu.<\/b>\u00a0Gwarantujemy r\u00f3wnie\u017c jako\u015b\u0107 i oryginalno\u015b\u0107 produkt\u00f3w, poniewa\u017c s\u0105 nabywane bezpo\u015brednio od producenta.<\/p>\n<\/section><\/div>\n<\/section>\n<section class=\"section\">\n<div class=\"item item-12\">\n<section class=\"image-item\"><img decoding=\"async\" src=\"https:\/\/upload.cdn.baselinker.com\/products\/3018170\/789403c194f6fafe415c9dc8dcbc1e1c.jpg\" \/><\/section>\n<\/p><\/div>\n<\/section>\n<section class=\"section\">\n<div class=\"item item-6\">\n<section class=\"image-item\"><img decoding=\"async\" src=\"https:\/\/upload.cdn.baselinker.com\/products\/3018170\/918117cece8f04d01dbe395b4be4cdbb.jpg\" \/><\/section>\n<\/p><\/div>\n<div class=\"item item-6\">\n<section class=\"image-item\"><img decoding=\"async\" src=\"https:\/\/upload.cdn.baselinker.com\/products\/3018170\/44e671c15c1018a00c4a890a1df54ec1.jpg\" \/><\/section>\n<\/p><\/div>\n<\/section>\n<section class=\"section\">\n<div class=\"item item-6\">\n<section class=\"image-item\"><img decoding=\"async\" src=\"https:\/\/upload.cdn.baselinker.com\/products\/3018170\/7d71b601e3191803d6368a4943443128.jpg\" \/><\/section>\n<\/p><\/div>\n<div class=\"item item-6\">\n<section class=\"image-item\"><img decoding=\"async\" src=\"https:\/\/upload.cdn.baselinker.com\/products\/3018170\/f8bd970eb2aa68d7dc3a2233bbf10a1c.jpg\" \/><\/section>\n<\/p><\/div>\n<\/section>\n","protected":false},"excerpt":{"rendered":"<p>Nasiona warzyw Koper MONARCH odrastaj\u0105cy bardzo odporny na zbi\u00f3r p\u0119czkowy Koper MONARCH ANETHUM GRAVEOLENS L. Jedna z najlepszych odmian kopru przeznaczonego na zbi\u00f3r p\u0119czkowy. Bardzo odporna na wybijanie w p\u0119dy kwiatowe, silnie krzewi\u0105ca si\u0119, dzi\u0119ki czemu zbi\u00f3r natki mo\u017cna przeprowadza\u0107 wielokrotnie. Listki ciemnozielone ze srebrnym nalotem, \u0142odygi g\u0119sto ulistnione. Pierwsze zbiory przeprowadza si\u0119 po 45-55&#8230;<\/p>\n","protected":false},"featured_media":21931,"comment_status":"open","ping_status":"closed","template":"","meta":{"inline_featured_image":false},"product_cat":[126,162],"product_tag":[],"location":[],"class_list":{"0":"post-21947","1":"product","2":"type-product","3":"status-publish","4":"has-post-thumbnail","6":"product_cat-nasiona-warzyw","7":"product_cat-nasiona","8":"nt-post-class","9":"","12":"excerpt-none","15":"first","16":"instock","17":"shipping-taxable","18":"purchasable","19":"product-type-simple"},"_links":{"self":[{"href":"https:\/\/boskienasiona.pl\/en\/wp-json\/wp\/v2\/product\/21947","targetHints":{"allow":["GET"]}}],"collection":[{"href":"https:\/\/boskienasiona.pl\/en\/wp-json\/wp\/v2\/product"}],"about":[{"href":"https:\/\/boskienasiona.pl\/en\/wp-json\/wp\/v2\/types\/product"}],"replies":[{"embeddable":true,"href":"https:\/\/boskienasiona.pl\/en\/wp-json\/wp\/v2\/comments?post=21947"}],"version-history":[{"count":0,"href":"https:\/\/boskienasiona.pl\/en\/wp-json\/wp\/v2\/product\/21947\/revisions"}],"wp:featuredmedia":[{"embeddable":true,"href":"https:\/\/boskienasiona.pl\/en\/wp-json\/wp\/v2\/media\/21931"}],"wp:attachment":[{"href":"https:\/\/boskienasiona.pl\/en\/wp-json\/wp\/v2\/media?parent=21947"}],"wp:term":[{"taxonomy":"product_cat","embeddable":true,"href":"https:\/\/boskienasiona.pl\/en\/wp-json\/wp\/v2\/product_cat?post=21947"},{"taxonomy":"product_tag","embeddable":true,"href":"https:\/\/boskienasiona.pl\/en\/wp-json\/wp\/v2\/product_tag?post=21947"},{"taxonomy":"location","embeddable":true,"href":"https:\/\/boskienasiona.pl\/en\/wp-json\/wp\/v2\/location?post=21947"}],"curies":[{"name":"wp","href":"https:\/\/api.w.org\/{rel}","templated":true}]}}