{"id":21965,"date":"2025-02-03T18:37:21","date_gmt":"2025-02-03T17:37:21","guid":{"rendered":"https:\/\/boskienasiona.pl\/product\/nasiona-warzyw-seler-naciowy-verde-pascal-niezwykle-plenna-odmiana\/"},"modified":"2026-04-19T14:18:37","modified_gmt":"2026-04-19T12:18:37","slug":"nasiona-warzyw-seler-naciowy-verde-pascal-niezwykle-plenna-odmiana","status":"publish","type":"product","link":"https:\/\/boskienasiona.pl\/en\/produkt\/nasiona-warzyw-seler-naciowy-verde-pascal-niezwykle-plenna-odmiana\/","title":{"rendered":"Nasiona warzyw SELER NACIOWY VERDE PASCAL Niezwykle plenna odmiana"},"content":{"rendered":"<section class=\"section\">\n<div class=\"item item-12\">\n<section class=\"text-item\">\n<h1>Nasiona warzyw SELER NACIOWY VERDE PASCAL Niezwykle plenna odmiana<\/h1>\n<\/section><\/div>\n<\/section>\n<section class=\"section\">\n<div class=\"item item-6\">\n<section class=\"image-item\"><img decoding=\"async\" src=\"https:\/\/upload.cdn.baselinker.com\/products\/3018170\/b0799ffc999decd46e02d717de09514b.jpg\" \/><\/section>\n<\/p><\/div>\n<div class=\"item item-6\">\n<section class=\"text-item\">\n<p><b>Seler naciowy VERDE PASCAL<\/b><\/p>\n<p>APIUM GRAVEOLENS L. VAR. DULCE<\/p>\n<p>Niezwykle plenna odmiana o bardzo d\u0142ugich, mi\u0119sistych ogonkach li\u015bciowych, zawieraj\u0105cych du\u017co witaminy C oraz sk\u0142adnik\u00f3w mineralnych. Nadaje si\u0119 do spo\u017cywania zar\u00f3wno na surowo jak i po obr\u00f3bce cieplnej. Idealna odmiana do zup, koncentrat\u00f3w i sok\u00f3w wielowarzywnych. Uprawa wymaga rozsady, wysiew na rozsadniku w I-III, wysadzanie do gruntu w V-VI.<\/p>\n<p><b>\u2705Siew pod os\u0142ony:<\/b> I-III; 0,5 cm<\/p>\n<p><b>\u2705Przesadzanie:<\/b> V-VI<\/p>\n<p><b>\u2705Zbi\u00f3r:<\/b> VII-XI<\/p>\n<p><b>\u2705Rozstawa:<\/b> 40\u00d720 cm<\/p>\n<\/section><\/div>\n<\/section>\n<section class=\"section\">\n<div class=\"item item-6\">\n<section class=\"image-item\"><img decoding=\"async\" src=\"https:\/\/upload.cdn.baselinker.com\/products\/3018170\/065daaee26b87e65c50d1b1642d6bc09.jpg\" \/><\/section>\n<\/p><\/div>\n<div class=\"item item-6\">\n<section class=\"text-item\">\n<p><b>SPRAWDZONA JAKO\u015a\u0106 NASION<\/b><\/p>\n<p>Oferowane przez nas nasiona s\u0105 testowane w\u00a0<b>Laboratorium Oceny Nasion pod wzgl\u0119dem:<\/b><\/p>\n<p>\u2705<b>kie\u0142kowania<\/b><\/p>\n<p>\u2705<b>wilgotno\u015bci<\/b><\/p>\n<p>\u2705<b>czysto\u015bci ziarna<\/b><\/p>\n<p><b>Dzi\u0119ki czemu udost\u0119pniane nasiona s\u0105 \u015bci\u015ble wyselekcjonowane, tylko wysokiej klasy.<\/b><\/p>\n<p>Torebki zakupione na naszej aukcji s\u0105 w pe\u0142ni bezpieczne, posiadaj\u0105\u00a0<b>dat\u0119 wa\u017cno\u015bci i nr partii na opakowaniu.<\/b>\u00a0Gwarantujemy r\u00f3wnie\u017c jako\u015b\u0107 i oryginalno\u015b\u0107 produkt\u00f3w, poniewa\u017c s\u0105 nabywane bezpo\u015brednio od producenta.<\/p>\n<\/section><\/div>\n<\/section>\n<section class=\"section\">\n<div class=\"item item-12\">\n<section class=\"image-item\"><img decoding=\"async\" src=\"https:\/\/upload.cdn.baselinker.com\/products\/3018170\/820236064074874e87afcb0b4d766034.jpg\" \/><\/section>\n<\/p><\/div>\n<\/section>\n<section class=\"section\">\n<div class=\"item item-12\">\n<section class=\"image-item\"><img decoding=\"async\" src=\"https:\/\/upload.cdn.baselinker.com\/products\/3018170\/466ea9a9af60ec8fa1c1cc0a70676a48.jpg\" \/><\/section>\n<\/p><\/div>\n<\/section>\n","protected":false},"excerpt":{"rendered":"<p>Nasiona warzyw SELER NACIOWY VERDE PASCAL Niezwykle plenna odmiana Seler naciowy VERDE PASCAL APIUM GRAVEOLENS L. VAR. DULCE Niezwykle plenna odmiana o bardzo d\u0142ugich, mi\u0119sistych ogonkach li\u015bciowych, zawieraj\u0105cych du\u017co witaminy C oraz sk\u0142adnik\u00f3w mineralnych. Nadaje si\u0119 do spo\u017cywania zar\u00f3wno na surowo jak i po obr\u00f3bce cieplnej. Idealna odmiana do zup, koncentrat\u00f3w i sok\u00f3w wielowarzywnych. Uprawa&#8230;<\/p>\n","protected":false},"featured_media":21957,"comment_status":"open","ping_status":"closed","template":"","meta":{"inline_featured_image":false},"product_cat":[126,162],"product_tag":[],"location":[],"class_list":{"0":"post-21965","1":"product","2":"type-product","3":"status-publish","4":"has-post-thumbnail","6":"product_cat-nasiona-warzyw","7":"product_cat-nasiona","8":"nt-post-class","9":"","12":"excerpt-none","15":"first","16":"instock","17":"shipping-taxable","18":"purchasable","19":"product-type-simple"},"_links":{"self":[{"href":"https:\/\/boskienasiona.pl\/en\/wp-json\/wp\/v2\/product\/21965","targetHints":{"allow":["GET"]}}],"collection":[{"href":"https:\/\/boskienasiona.pl\/en\/wp-json\/wp\/v2\/product"}],"about":[{"href":"https:\/\/boskienasiona.pl\/en\/wp-json\/wp\/v2\/types\/product"}],"replies":[{"embeddable":true,"href":"https:\/\/boskienasiona.pl\/en\/wp-json\/wp\/v2\/comments?post=21965"}],"version-history":[{"count":0,"href":"https:\/\/boskienasiona.pl\/en\/wp-json\/wp\/v2\/product\/21965\/revisions"}],"wp:featuredmedia":[{"embeddable":true,"href":"https:\/\/boskienasiona.pl\/en\/wp-json\/wp\/v2\/media\/21957"}],"wp:attachment":[{"href":"https:\/\/boskienasiona.pl\/en\/wp-json\/wp\/v2\/media?parent=21965"}],"wp:term":[{"taxonomy":"product_cat","embeddable":true,"href":"https:\/\/boskienasiona.pl\/en\/wp-json\/wp\/v2\/product_cat?post=21965"},{"taxonomy":"product_tag","embeddable":true,"href":"https:\/\/boskienasiona.pl\/en\/wp-json\/wp\/v2\/product_tag?post=21965"},{"taxonomy":"location","embeddable":true,"href":"https:\/\/boskienasiona.pl\/en\/wp-json\/wp\/v2\/location?post=21965"}],"curies":[{"name":"wp","href":"https:\/\/api.w.org\/{rel}","templated":true}]}}