{"id":21976,"date":"2025-02-03T20:23:35","date_gmt":"2025-02-03T19:23:35","guid":{"rendered":"https:\/\/boskienasiona.pl\/product\/nasiona-kwiatow-malwa-ogrodowa-pelna-mix-piekne-duze-pelne-kwiaty\/"},"modified":"2026-04-19T14:18:38","modified_gmt":"2026-04-19T12:18:38","slug":"nasiona-kwiatow-malwa-ogrodowa-pelna-mix-piekne-duze-pelne-kwiaty","status":"publish","type":"product","link":"https:\/\/boskienasiona.pl\/en\/produkt\/nasiona-kwiatow-malwa-ogrodowa-pelna-mix-piekne-duze-pelne-kwiaty\/","title":{"rendered":"Nasiona kwiat\u00f3w MALWA OGRODOWA PE\u0141NA MIX Pi\u0119kne du\u017ce pe\u0142ne kwiaty"},"content":{"rendered":"<section class=\"section\">\n<div class=\"item item-12\">\n<section class=\"text-item\">\n<h1>Nasiona kwiat\u00f3w MALWA OGRODOWA PE\u0141NA MIX Pi\u0119kne du\u017ce pe\u0142ne kwiaty<\/h1>\n<\/section><\/div>\n<\/section>\n<section class=\"section\">\n<div class=\"item item-6\">\n<section class=\"image-item\"><img decoding=\"async\" src=\"https:\/\/upload.cdn.baselinker.com\/products\/3018170\/f7ff7b0ca24d46bbb79d0605aed20581.jpg\" \/><\/section>\n<\/p><\/div>\n<div class=\"item item-6\">\n<section class=\"text-item\">\n<p><b>Malwa ogrodowa pe\u0142na mix<\/b><\/p>\n<p>Althaea rosea fl. pl.<\/p>\n<p>Mieszanka kolor\u00f3w ro\u015bliny dwuletniej o dekoracyjnych, du\u017cych, pe\u0142nych kwiatach, zebranych w d\u0142ugie kwiatostany. Wysoko\u015b\u0107 ro\u015blin to 200-250 cm. Doskona\u0142a do nasadze\u0144 naturalistycznych, przy ogrodzeniach, murach, w grupach ogrodowych i na kwiat ci\u0119ty. Wysiew nasion w V-VI, wysadza\u0107 na miejsce sta\u0142e we IX. Kwitnie w VII-IX nast\u0119pnego roku.<\/p>\n<p><b>\u2705Siew:<\/b> V-VI<\/p>\n<p><b>\u2705Kwitnienie:<\/b> VII-IX (2 rok)<\/p>\n<p><b>\u2705Rozstawa:<\/b> 50\u00d770 cm<\/p>\n<p><b>\u2705<\/b><b>Wysoko\u015b\u0107:<\/b> 200-250 cm<\/p>\n<\/section><\/div>\n<\/section>\n<section class=\"section\">\n<div class=\"item item-6\">\n<section class=\"image-item\"><img decoding=\"async\" src=\"https:\/\/upload.cdn.baselinker.com\/products\/3018170\/e41a35ac3a191b213f2c95d9ae5d0804.jpg\" \/><\/section>\n<\/p><\/div>\n<div class=\"item item-6\">\n<section class=\"text-item\">\n<p><b>SPRAWDZONA JAKO\u015a\u0106 NASION<\/b><\/p>\n<p>Oferowane przez nas nasiona s\u0105 testowane w\u00a0<b>Laboratorium Oceny Nasion pod wzgl\u0119dem:<\/b><\/p>\n<p>\u2705<b>kie\u0142kowania<\/b><\/p>\n<p>\u2705<b>wilgotno\u015bci<\/b><\/p>\n<p>\u2705<b>czysto\u015bci ziarna<\/b><\/p>\n<p><b>Dzi\u0119ki czemu udost\u0119pniane nasiona s\u0105 \u015bci\u015ble wyselekcjonowane, tylko wysokiej klasy.<\/b><\/p>\n<p>Torebki zakupione na naszej aukcji s\u0105 w pe\u0142ni bezpieczne, posiadaj\u0105\u00a0<b>dat\u0119 wa\u017cno\u015bci i nr partii na opakowaniu.<\/b>\u00a0Gwarantujemy r\u00f3wnie\u017c jako\u015b\u0107 i oryginalno\u015b\u0107 produkt\u00f3w, poniewa\u017c s\u0105 nabywane bezpo\u015brednio od producenta.<\/p>\n<\/section><\/div>\n<\/section>\n<section class=\"section\">\n<div class=\"item item-12\">\n<section class=\"image-item\"><img decoding=\"async\" src=\"https:\/\/upload.cdn.baselinker.com\/products\/3018170\/b5c72db97213264fcf9878edc34f2ff7.jpg\" \/><\/section>\n<\/p><\/div>\n<\/section>\n<section class=\"section\">\n<div class=\"item item-12\">\n<section class=\"image-item\"><img decoding=\"async\" src=\"https:\/\/upload.cdn.baselinker.com\/products\/3018170\/69187c73e099cd133993bc5d69555789.jpg\" \/><\/section>\n<\/p><\/div>\n<\/section>\n","protected":false},"excerpt":{"rendered":"<p>Nasiona kwiat\u00f3w MALWA OGRODOWA PE\u0141NA MIX Pi\u0119kne du\u017ce pe\u0142ne kwiaty Malwa ogrodowa pe\u0142na mix Althaea rosea fl. pl. Mieszanka kolor\u00f3w ro\u015bliny dwuletniej o dekoracyjnych, du\u017cych, pe\u0142nych kwiatach, zebranych w d\u0142ugie kwiatostany. Wysoko\u015b\u0107 ro\u015blin to 200-250 cm. Doskona\u0142a do nasadze\u0144 naturalistycznych, przy ogrodzeniach, murach, w grupach ogrodowych i na kwiat ci\u0119ty. Wysiew nasion w V-VI, wysadza\u0107&#8230;<\/p>\n","protected":false},"featured_media":21966,"comment_status":"open","ping_status":"closed","template":"","meta":{"inline_featured_image":false},"product_cat":[134,162,183],"product_tag":[],"location":[],"class_list":{"0":"post-21976","1":"product","2":"type-product","3":"status-publish","4":"has-post-thumbnail","6":"product_cat-nasiona-kwiatow","7":"product_cat-nasiona","8":"product_cat-nasiona-kwiatow-ogrodowych","9":"nt-post-class","10":"","13":"excerpt-none","16":"first","17":"instock","18":"shipping-taxable","19":"purchasable","20":"product-type-simple"},"_links":{"self":[{"href":"https:\/\/boskienasiona.pl\/en\/wp-json\/wp\/v2\/product\/21976","targetHints":{"allow":["GET"]}}],"collection":[{"href":"https:\/\/boskienasiona.pl\/en\/wp-json\/wp\/v2\/product"}],"about":[{"href":"https:\/\/boskienasiona.pl\/en\/wp-json\/wp\/v2\/types\/product"}],"replies":[{"embeddable":true,"href":"https:\/\/boskienasiona.pl\/en\/wp-json\/wp\/v2\/comments?post=21976"}],"version-history":[{"count":1,"href":"https:\/\/boskienasiona.pl\/en\/wp-json\/wp\/v2\/product\/21976\/revisions"}],"predecessor-version":[{"id":22540,"href":"https:\/\/boskienasiona.pl\/en\/wp-json\/wp\/v2\/product\/21976\/revisions\/22540"}],"wp:featuredmedia":[{"embeddable":true,"href":"https:\/\/boskienasiona.pl\/en\/wp-json\/wp\/v2\/media\/21966"}],"wp:attachment":[{"href":"https:\/\/boskienasiona.pl\/en\/wp-json\/wp\/v2\/media?parent=21976"}],"wp:term":[{"taxonomy":"product_cat","embeddable":true,"href":"https:\/\/boskienasiona.pl\/en\/wp-json\/wp\/v2\/product_cat?post=21976"},{"taxonomy":"product_tag","embeddable":true,"href":"https:\/\/boskienasiona.pl\/en\/wp-json\/wp\/v2\/product_tag?post=21976"},{"taxonomy":"location","embeddable":true,"href":"https:\/\/boskienasiona.pl\/en\/wp-json\/wp\/v2\/location?post=21976"}],"curies":[{"name":"wp","href":"https:\/\/api.w.org\/{rel}","templated":true}]}}