{"id":22114,"date":"2025-02-07T12:12:01","date_gmt":"2025-02-07T11:12:01","guid":{"rendered":"https:\/\/boskienasiona.pl\/product\/cebula-dymka-biala-025-kg-plenna-soczysta-o-lagodnym-smaku\/"},"modified":"2026-04-19T14:18:39","modified_gmt":"2026-04-19T12:18:39","slug":"cebula-dymka-biala-025-kg-plenna-soczysta-o-lagodnym-smaku","status":"publish","type":"product","link":"https:\/\/boskienasiona.pl\/en\/produkt\/cebula-dymka-biala-025-kg-plenna-soczysta-o-lagodnym-smaku\/","title":{"rendered":"Cebula Dymka Bia\u0142a 0,25 Kg Plenna Soczysta o \u0142agodnym smaku"},"content":{"rendered":"<section class=\"section\">\n<div class=\"item item-12\">\n<section class=\"text-item\">\n<h1>Cebula Dymka Bia\u0142a 0,25 Kg Plenna Soczysta o \u0142agodnym smaku<\/h1>\n<\/section><\/div>\n<\/section>\n<section class=\"section\">\n<div class=\"item item-6\">\n<section class=\"image-item\"><img decoding=\"async\" src=\"https:\/\/upload.cdn.baselinker.com\/products\/3018170\/4dd68180d9f1b2084e4ebc7bb7a2f8ea.jpg\" \/><\/section>\n<\/p><\/div>\n<div class=\"item item-6\">\n<section class=\"text-item\">\n<p><b>Cebula Snowball<\/b>\u00a0to jedna z popularniejszych odmian cebuli o bia\u0142ej sk\u00f3rce. Jest ceniona za sw\u00f3j \u0142agodny smak i wszechstronno\u015b\u0107 w kuchni. Idealnie nadaje si\u0119 zar\u00f3wno do spo\u017cycia na surowo, jak i do przetwor\u00f3w. Jest to odmiana \u015brednio wczesna, daj\u0105ca dobre plony i dobrze przechowuj\u0105ca si\u0119 po zbiorach. Cebula jest jednym z najbardziej popularnych warzyw na \u015bwiecie. Dymk\u0119 najlepiej sadzi\u0107 od ko\u0144ca marca prosto do gruntu. Stanowisko do uprawy cebuli musi by\u0107 dobrze nas\u0142onecznione. Cebula jest warzywem zawieraj\u0105cym witaminy C, E, z grupy B oraz sk\u0142adniki mineralne. W cebuli poza cennymi sk\u0142adnikami mineralnymi i witaminami, surowa cebula obni\u017ca poziom cukru we krwi.<\/p>\n<\/section><\/div>\n<\/section>\n<section class=\"section\">\n<div class=\"item item-6\">\n<section class=\"image-item\"><img decoding=\"async\" src=\"https:\/\/upload.cdn.baselinker.com\/products\/3018170\/1b2c1908de4fee5f4d7c2c6a09eb6ed3.png\" \/><\/section>\n<\/p><\/div>\n<div class=\"item item-6\">\n<section class=\"text-item\">\n<p><b>Zalety odmiany Snowball<\/b><\/p>\n<p>\u2714 \u0141agodny smak \u2013 idealna dla os\u00f3b, kt\u00f3re nie lubi\u0105 ostrej cebuli.<\/p>\n<p>\u2714 Estetyczny wygl\u0105d \u2013 bia\u0142a sk\u00f3rka sprawia, \u017ce jest atrakcyjna wizualnie.<\/p>\n<p>\u2714 Wszechstronno\u015b\u0107 \u2013 nadaje si\u0119 zar\u00f3wno do spo\u017cycia na surowo, jak i do gotowania.<\/p>\n<p>\u2714 Dobre przechowywanie \u2013 przy odpowiednich warunkach mo\u017ce by\u0107 przechowywana przez d\u0142ugi czas.<\/p>\n<p>\u2714 \u0141atwa w uprawie \u2013 odporna na warunki atmosferyczne, daje dobry plon.<\/p>\n<p>Cebula Snowball to doskona\u0142y wyb\u00f3r dla ka\u017cdego ogrodnika i kucharza \u0142atwa w uprawie, smaczna i wszechstronna!<\/p>\n<\/section><\/div>\n<\/section>\n<section class=\"section\">\n<div class=\"item item-12\">\n<section class=\"image-item\"><img decoding=\"async\" src=\"https:\/\/upload.cdn.baselinker.com\/products\/3018170\/47a90bbefc59eb42f59b7ef56da41909.png\" \/><\/section>\n<\/p><\/div>\n<\/section>\n","protected":false},"excerpt":{"rendered":"<p>Cebula Dymka Bia\u0142a 0,25 Kg Plenna Soczysta o \u0142agodnym smaku Cebula Snowball\u00a0to jedna z popularniejszych odmian cebuli o bia\u0142ej sk\u00f3rce. Jest ceniona za sw\u00f3j \u0142agodny smak i wszechstronno\u015b\u0107 w kuchni. Idealnie nadaje si\u0119 zar\u00f3wno do spo\u017cycia na surowo, jak i do przetwor\u00f3w. Jest to odmiana \u015brednio wczesna, daj\u0105ca dobre plony i dobrze przechowuj\u0105ca si\u0119 po&#8230;<\/p>\n","protected":false},"featured_media":22108,"comment_status":"open","ping_status":"closed","template":"","meta":{"inline_featured_image":false},"product_cat":[162,163],"product_tag":[],"location":[],"class_list":{"0":"post-22114","1":"product","2":"type-product","3":"status-publish","4":"has-post-thumbnail","6":"product_cat-nasiona","7":"product_cat-nasiona-cebuli","8":"nt-post-class","9":"","12":"excerpt-none","15":"first","16":"instock","17":"shipping-taxable","18":"purchasable","19":"product-type-simple"},"_links":{"self":[{"href":"https:\/\/boskienasiona.pl\/en\/wp-json\/wp\/v2\/product\/22114","targetHints":{"allow":["GET"]}}],"collection":[{"href":"https:\/\/boskienasiona.pl\/en\/wp-json\/wp\/v2\/product"}],"about":[{"href":"https:\/\/boskienasiona.pl\/en\/wp-json\/wp\/v2\/types\/product"}],"replies":[{"embeddable":true,"href":"https:\/\/boskienasiona.pl\/en\/wp-json\/wp\/v2\/comments?post=22114"}],"version-history":[{"count":0,"href":"https:\/\/boskienasiona.pl\/en\/wp-json\/wp\/v2\/product\/22114\/revisions"}],"wp:featuredmedia":[{"embeddable":true,"href":"https:\/\/boskienasiona.pl\/en\/wp-json\/wp\/v2\/media\/22108"}],"wp:attachment":[{"href":"https:\/\/boskienasiona.pl\/en\/wp-json\/wp\/v2\/media?parent=22114"}],"wp:term":[{"taxonomy":"product_cat","embeddable":true,"href":"https:\/\/boskienasiona.pl\/en\/wp-json\/wp\/v2\/product_cat?post=22114"},{"taxonomy":"product_tag","embeddable":true,"href":"https:\/\/boskienasiona.pl\/en\/wp-json\/wp\/v2\/product_tag?post=22114"},{"taxonomy":"location","embeddable":true,"href":"https:\/\/boskienasiona.pl\/en\/wp-json\/wp\/v2\/location?post=22114"}],"curies":[{"name":"wp","href":"https:\/\/api.w.org\/{rel}","templated":true}]}}