{"id":22630,"date":"2025-10-09T09:12:16","date_gmt":"2025-10-09T07:12:16","guid":{"rendered":"https:\/\/boskienasiona.pl\/produkt\/nasiona-na-tasmie-marchew-amsterdam-duza-wysiew-od-kwietnia-krucha-soczysta-na-soki\/"},"modified":"2026-03-09T07:54:30","modified_gmt":"2026-03-09T06:54:30","slug":"nasiona-na-tasmie-marchew-amsterdam-duza-wysiew-od-kwietnia-krucha-soczysta-na-soki","status":"publish","type":"product","link":"https:\/\/boskienasiona.pl\/en\/produkt\/nasiona-na-tasmie-marchew-amsterdam-duza-wysiew-od-kwietnia-krucha-soczysta-na-soki\/","title":{"rendered":"Nasiona na ta\u015bmie Marchew Amsterdam Du\u017ca Wysiew od Kwietnia Krucha Soczysta na soki"},"content":{"rendered":"<section class=\"section\">\n<div class=\"item item-6\">\n<section class=\"image-item\">\n            <img decoding=\"async\" src=\"https:\/\/upload.cdn.baselinker.com\/products\/3018170\/d1f92526d897379f0dac4d7b1e197e54.png\" \/><br \/>\n        <\/section>\n<\/p><\/div>\n<div class=\"item item-6\">\n<section class=\"text-item\">\n<p>Marchew jadalna AMSTERDAM 3 \u2013 ta\u015bma<\/p>\n<p>Daucus carota L.<\/p>\n<p>Odmiana wczesna. Korzenie d\u0142ugo\u015bci 15 cm, ciemno-pomara\u0144czowe, wcze\u015bnie wybarwiaj\u0105ce si\u0119, kruche i soczyste. Bardzo dobra na soki i do bezpo\u015bredniego spo\u017cycia i kr\u00f3tkotrwa\u0142ego przechowywania. Wymaga gleby lekkiej, \u017cyznej dobrze uprawionej. Wysiew na g\u0142\u0119boko\u015b\u01071-2 cm od ko\u0144ca III od ko\u0144ca V. Zbi\u00f3r od VIII do IX.<\/p>\n<p>Ta\u015bma nasienna u\u0142atwia wysiew, dzi\u0119ki odpowiedniemu rozmieszczeniu nasion na ta\u015bmie eliminuj\u0105c potrzeb\u0119 stosowania przerywki i pozwala na uzyskanie dobrych plon\u00f3w.<\/p>\n<p>Opakowanie zawiera 6 m ta\u015bmy nasiennej.<\/p>\n<\/section><\/div>\n<\/section>\n","protected":false},"excerpt":{"rendered":"<p>Marchew jadalna AMSTERDAM 3 \u2013 ta\u015bma Daucus carota L. Odmiana wczesna. Korzenie d\u0142ugo\u015bci 15 cm, ciemno-pomara\u0144czowe, wcze\u015bnie wybarwiaj\u0105ce si\u0119, kruche i soczyste. Bardzo dobra na soki i do bezpo\u015bredniego spo\u017cycia i kr\u00f3tkotrwa\u0142ego przechowywania. Wymaga gleby lekkiej, \u017cyznej dobrze uprawionej. Wysiew na g\u0142\u0119boko\u015b\u01071-2 cm od ko\u0144ca III od ko\u0144ca V. Zbi\u00f3r od VIII do IX. Ta\u015bma&#8230;<\/p>\n","protected":false},"featured_media":22628,"comment_status":"open","ping_status":"closed","template":"","meta":{"inline_featured_image":false},"product_cat":[126,162],"product_tag":[],"location":[],"class_list":{"0":"post-22630","1":"product","2":"type-product","3":"status-publish","4":"has-post-thumbnail","6":"product_cat-nasiona-warzyw","7":"product_cat-nasiona","8":"nt-post-class","9":"","12":"excerpt-none","15":"first","16":"instock","17":"shipping-taxable","18":"purchasable","19":"product-type-simple"},"_links":{"self":[{"href":"https:\/\/boskienasiona.pl\/en\/wp-json\/wp\/v2\/product\/22630","targetHints":{"allow":["GET"]}}],"collection":[{"href":"https:\/\/boskienasiona.pl\/en\/wp-json\/wp\/v2\/product"}],"about":[{"href":"https:\/\/boskienasiona.pl\/en\/wp-json\/wp\/v2\/types\/product"}],"replies":[{"embeddable":true,"href":"https:\/\/boskienasiona.pl\/en\/wp-json\/wp\/v2\/comments?post=22630"}],"version-history":[{"count":0,"href":"https:\/\/boskienasiona.pl\/en\/wp-json\/wp\/v2\/product\/22630\/revisions"}],"wp:featuredmedia":[{"embeddable":true,"href":"https:\/\/boskienasiona.pl\/en\/wp-json\/wp\/v2\/media\/22628"}],"wp:attachment":[{"href":"https:\/\/boskienasiona.pl\/en\/wp-json\/wp\/v2\/media?parent=22630"}],"wp:term":[{"taxonomy":"product_cat","embeddable":true,"href":"https:\/\/boskienasiona.pl\/en\/wp-json\/wp\/v2\/product_cat?post=22630"},{"taxonomy":"product_tag","embeddable":true,"href":"https:\/\/boskienasiona.pl\/en\/wp-json\/wp\/v2\/product_tag?post=22630"},{"taxonomy":"location","embeddable":true,"href":"https:\/\/boskienasiona.pl\/en\/wp-json\/wp\/v2\/location?post=22630"}],"curies":[{"name":"wp","href":"https:\/\/api.w.org\/{rel}","templated":true}]}}