{"id":22736,"date":"2026-02-06T12:12:25","date_gmt":"2026-02-06T11:12:25","guid":{"rendered":"https:\/\/boskienasiona.pl\/produkt\/nasiona-warzyw-na-tasmie-marchew-burak-ogorek-pietruszka-rzodkiewka-zestaw-2\/"},"modified":"2026-04-16T14:01:27","modified_gmt":"2026-04-16T12:01:27","slug":"nasiona-warzyw-na-tasmie-marchew-burak-ogorek-pietruszka-rzodkiewka-zestaw-2","status":"publish","type":"product","link":"https:\/\/boskienasiona.pl\/en\/produkt\/nasiona-warzyw-na-tasmie-marchew-burak-ogorek-pietruszka-rzodkiewka-zestaw-2\/","title":{"rendered":"Nasiona warzyw na ta\u015bmie marchew burak og\u00f3rek pietruszka rzodkiewka ZESTAW"},"content":{"rendered":"<section class=\"section\">\n<div class=\"item item-12\">\n<section class=\"text-item\">\n<h1>Nasiona warzyw na ta\u015bmie marchew burak og\u00f3rek pietruszka rzodkiewka ZESTAW<\/h1>\n<\/section><\/div>\n<\/section>\n<section class=\"section\">\n<div class=\"item item-12\">\n<section class=\"text-item\">\n<p><b>Nasiona na ta\u015bmie<\/b><\/p>\n<p>S\u0105 to specjalne ta\u015bmy oraz kr\u0105\u017cki naszpikowane nasionami w odpowiednim rozstawie. Nie trzeba wi\u0119c by\u0107 ekspertem, \u017ceby odpowiednio dobra\u0107 odleg\u0142o\u015b\u0107 rozsiewu dla danej ro\u015bliny. Ro\u015bliny nie b\u0119d\u0105 przeszkadza\u0107 sobie nawzajem w rozro\u015bcie, dzi\u0119ki temu plony b\u0119d\u0105 maksymalnie obfite!<\/p>\n<p>Zestaw zawiera:<\/p>\n<p><b>\u2705Marchew Amsterdam Wczesna (Boskie Nasiona)<\/b><\/p>\n<p><b>\u2705Marchew Flakkese P\u00f3\u017ana (Toraf)<\/b><\/p>\n<p><b>\u2705Burak \u0107wik\u0142owy Czerwona kula (Toraf)<\/b><\/p>\n<p><b>\u2705Burak \u0107wik\u0142owy opolski (Toraf)<\/b><\/p>\n<p><b>\u2705Pietruszka korze\u0144 Berli\u0144ska (Toraf)<\/b><\/p>\n<p><b>\u2705Pietruszka korze\u0144 O\u0142omu\u0144cka(Toraf)<\/b><\/p>\n<p><b>\u2705Og\u00f3rek \u015aremski (Toraf)<\/b><\/p>\n<p><b>\u2705Rzodkiewka Opolanka (Toraf)<\/b><\/p>\n<p><b>\u2705Rzodkiewka Carmen (Toraf)<\/b><\/p>\n<p><b>\u2705Og\u00f3rek + Koper (Toraf)<\/b><\/p>\n<p><b>\u2705Sa\u0142ata Kr\u00f3lowa Majowych (Toraf)<\/b><\/p>\n<p><b>\u2705Pietruszka Naciowa Festival (Toraf)<\/b><\/p>\n<\/section><\/div>\n<\/section>\n<section class=\"section\">\n<div class=\"item item-6\">\n<section class=\"image-item\"><img decoding=\"async\" src=\"https:\/\/upload.cdn.baselinker.com\/products\/3018170\/2d3086f1ca4faf740c497779540ae043.jpg\" \/><\/section>\n<\/p><\/div>\n<div class=\"item item-6\">\n<section class=\"text-item\">\n<p><b>Wysiew nasion na ta\u015bmie w 4 prostych krokach<\/b><\/p>\n<p>1\ufe0f\u20e3 Rozrywamy ta\u015bm\u0119 w miejscu perforacji<\/p>\n<p>2\ufe0f\u20e3 Uk\u0142adamy we wcze\u015bniej przygotowanym rowku<\/p>\n<p>3\ufe0f\u20e3 Roz\u0142o\u017con\u0105 ta\u015bm\u0119 przysypujemy cienk\u0105 warstw\u0105 ziemi<\/p>\n<p>4\ufe0f\u20e3 Na koniec obficie podlewamy<\/p>\n<\/section><\/div>\n<\/section>\n<section class=\"section\">\n<div class=\"item item-6\">\n<section class=\"image-item\"><img decoding=\"async\" src=\"https:\/\/upload.cdn.baselinker.com\/products\/3018170\/23d731580ffa712c7239be22d811fc97.jpg\" \/><\/section>\n<\/p><\/div>\n<div class=\"item item-6\">\n<section class=\"text-item\">\n<p><b>Marchew jadalna AMSTERDAM 3 \u2013 ta\u015bma<\/b><\/p>\n<p>Daucus carota&nbsp; L.<\/p>\n<p>Odmiana wczesna. Korzenie d\u0142ugo\u015bci 15 cm, ciemno-pomara\u0144czowe, wcze\u015bnie wybarwiaj\u0105ce si\u0119, kruche i soczyste. Bardzo dobra na soki i do bezpo\u015bredniego spo\u017cycia i kr\u00f3tkotrwa\u0142ego przechowywania. Wymaga gleby lekkiej, \u017cyznej dobrze uprawionej. Wysiew na g\u0142\u0119boko\u015b\u0107<\/p>\n<p>1-2 cm od ko\u0144ca III od ko\u0144ca V. Zbi\u00f3r od VIII do IX.<\/p>\n<p>Ta\u015bma nasienna u\u0142atwia wysiew, dzi\u0119ki odpowiedniemu rozmieszczeniu nasion na ta\u015bmie eliminuj\u0105c potrzeb\u0119 stosowania przerywki i pozwala na uzyskanie dobrych plon\u00f3w.&nbsp;<b>Opakowanie zawiera 6 m ta\u015bmy nasiennej.<\/b><\/p>\n<p><b>\u2705Siew: \u00bd&nbsp; III- V; XI-XII<\/b><\/p>\n<p><b>\u2705Zbi\u00f3r: VIII-IX, V<\/b><\/p>\n<\/section><\/div>\n<\/section>\n<section class=\"section\">\n<div class=\"item item-6\">\n<section class=\"image-item\"><img decoding=\"async\" src=\"https:\/\/upload.cdn.baselinker.com\/products\/3018170\/69a70975fa4add03ab827bff6d28ec3d.jpg\" \/><\/section>\n<\/p><\/div>\n<div class=\"item item-6\">\n<section class=\"text-item\">\n<p><b>Marchew jadalna FLAKKESE 2 \u2013 ta\u015bma<\/b><\/p>\n<p>Daucus carota &nbsp;L.<\/p>\n<p>Odmiana p\u00f3\u017ana, bardzo plenna. Korzenie du\u017ce o d\u0142ugo\u015bci 17-22 cm, bez sk\u0142onno\u015bci do gromadzenia azotan\u00f3w. Sk\u00f3rka g\u0142adka. Mi\u0105\u017csz intensywnie pomara\u0144czowy s\u0142odki, zawiera du\u017co karotenu. Nadaje si\u0119 do bezpo\u015bredniego spo\u017cycia i do przetw\u00f3rstwa, na soki<\/p>\n<p>i mro\u017conki. Siew od po\u0142owy IV do ko\u0144ca V.<\/p>\n<p>Ta\u015bma nasienna u\u0142atwia wysiew, dzi\u0119ki odpowiedniemu rozmieszczeniu nasion na ta\u015bmie eliminuj\u0105c potrzeb\u0119 stosowania przerywki i pozwala na uzyskanie dobrych plon\u00f3w.<\/p>\n<p><b>Opakowanie zawiera 6 m ta\u015bmy nasiennej.<\/b><\/p>\n<p><b>\u2705Siew:<\/b> IV-V<\/p>\n<p><b>\u2705Zbi\u00f3r:<\/b> IX-X<\/p>\n<\/section><\/div>\n<\/section>\n<section class=\"section\">\n<div class=\"item item-6\">\n<section class=\"image-item\"><img decoding=\"async\" src=\"https:\/\/upload.cdn.baselinker.com\/products\/3018170\/19efd355a3f36424f3418db44493f347.jpg\" \/><\/section>\n<\/p><\/div>\n<div class=\"item item-6\">\n<section class=\"text-item\">\n<p><b>Burak CZERWONA KULA 2 \u2013 ta\u015bma<\/b><\/p>\n<p>BETA VULGARIS&nbsp; L.<\/p>\n<p>Odmiana bardzo plenna o korzeniach kulistych i du\u017cej zawarto\u015bci soku oraz s\u0142abo widocznych pier\u015bcieniach. Nadaje si\u0119 do d\u0142ugotrwa\u0142ego przechowywania zimowego. Odmiana przeznaczona na u\u017cytek letni i jesienny. Na zbi\u00f3r letni nasiona nale\u017cy wysia\u0107 oko\u0142o po\u0142owy kwietnia. Na zbi\u00f3r jesienno-zimowy od po\u0142owy maja do ko\u0144ca czerwca. Okres wegetacji 100-110 dni.<\/p>\n<p><b>Opakowanie zawiera 6m ta\u015bmy nasiennej.<\/b><\/p>\n<p><b>\u2705Siew:<\/b> Zbi\u00f3r:<\/p>\n<p><b>\u2705\u00bd IV- VI:<\/b> VII-X<\/p>\n<\/section><\/div>\n<\/section>\n<section class=\"section\">\n<div class=\"item item-6\">\n<section class=\"image-item\"><img decoding=\"async\" src=\"https:\/\/upload.cdn.baselinker.com\/products\/3018170\/f2c1f304479849e0eae40404e4b04a91.jpg\" \/><\/section>\n<\/p><\/div>\n<div class=\"item item-6\">\n<section class=\"text-item\">\n<p><b>Burak \u0107wik\u0142owy OPOLSKI \u2013 ta\u015bma<\/b><\/p>\n<p>BETA VULGARIS&nbsp; L.<\/p>\n<p>Odmiana bardzo plenna o wyd\u0142u\u017conych korzeniach z zaokr\u0105glon\u0105 nasad\u0105. Wyr\u00f3\u017cnia si\u0119 smakowito\u015bci\u0105 i intensywnie wybarwionym mi\u0105\u017cszem z du\u017c\u0105 zawarto\u015bci\u0105 betainy. Przydatna do bezpo\u015bredniego spo\u017cycia, przechowywania oraz przetw\u00f3rstwa. Wysiew na g\u0142\u0119boko\u015b\u0107&nbsp; 2-3 cm od &nbsp;pocz\u0105tku IV do pocz\u0105tku VII.<\/p>\n<p><b>Opakowanie zawiera 6m ta\u015bmy nasiennej.<\/b><\/p>\n<p><b>\u2705Siew:<\/b> \u00bd IV- pocz\u0105tek VII<\/p>\n<p><b>\u2705Zbi\u00f3r:<\/b> VII- pocz\u0105tek XI<\/p>\n<p><b><\/b><\/p>\n<\/section><\/div>\n<\/section>\n<section class=\"section\">\n<div class=\"item item-6\">\n<section class=\"image-item\"><img decoding=\"async\" src=\"https:\/\/upload.cdn.baselinker.com\/products\/3018170\/5cebe7b13a452ccde6afc1e8961a69f8.jpg\" \/><\/section>\n<\/p><\/div>\n<div class=\"item item-6\">\n<section class=\"text-item\">\n<p><b>Rzodkiewka CARMEN \u2013 ta\u015bma<\/b><\/p>\n<p>Raphanus sativus &nbsp;L. subvar. radicula<\/p>\n<p>Odmiana bardzo plenna wczesna do ca\u0142orocznej uprawy gruntowej. Tworzy du\u017ce kszta\u0142tne karminowo-czerwone zgrubienia z bia\u0142ym ogonkiem. \u0141agodna w smaku odporna na parcenie i p\u0119kanie. Przez d\u0142ugi okres zachowuje dobr\u0105 jako\u015b\u0107 zgrubienia. Siew na g\u0142\u0119boko\u015b\u0107 1 cm od po\u0142. III do V na zbi\u00f3r wiosenny i od VIII do po\u0142. IX na zbi\u00f3r jesienny.<\/p>\n<p>Ta\u015bma nasienna u\u0142atwia wysiew, dzi\u0119ki odpowiedniemu rozmieszczeniu nasion na ta\u015bmie eliminuj\u0105c potrzeb\u0119 stosowania przerywki i pozwala na uzyskanie dobrych plon\u00f3w.<\/p>\n<p><b>Opakowanie zawiera 6 m ta\u015bmy nasiennej.<\/b><\/p>\n<p><b>\u2705Siew:<\/b> III \u2013 V, VIII \u2013 IX<\/p>\n<p><b>\u2705Zbi\u00f3r:<\/b> V \u2013 VII, IX \u2013 X<\/p>\n<\/section><\/div>\n<\/section>\n<section class=\"section\">\n<div class=\"item item-6\">\n<section class=\"image-item\"><img decoding=\"async\" src=\"https:\/\/upload.cdn.baselinker.com\/products\/3018170\/8539a47121e5e6bfe493ee22fd8de4c4.jpg\" \/><\/section>\n<\/p><\/div>\n<div class=\"item item-6\">\n<section class=\"text-item\">\n<p><b>Rzodkiewka OPOLANKA \u2013 ta\u015bma<\/b><\/p>\n<p>Raphanus sativus &nbsp;L. subvar. radicula<\/p>\n<p>Odmiana wczesna, bardzo plenna z ma\u0142\u0105 sk\u0142onno\u015bci\u0105 do parcenia do uprawy pod os\u0142onami<\/p>\n<p>i w gruncie. Okres wegetacji oko\u0142o 25 dni. Tworzy cylindryczne, szkar\u0142atno-czerwone zgrubienia z bia\u0142ym ko\u0144cem i soczystym mi\u0105\u017cszem. Mo\u017cna uprawia\u0107 na zbi\u00f3r wiosenny<\/p>\n<p>i jesienny. Siew na g\u0142\u0119boko\u015b\u0107 1cm od po\u0142. III do po\u0142. VI na zbi\u00f3r wiosenny i od VIII do IX na zbi\u00f3r jesienny.<\/p>\n<p>Ta\u015bma nasienna u\u0142atwia wysiew, dzi\u0119ki odpowiedniemu rozmieszczeniu nasion na ta\u015bmie eliminuj\u0105c potrzeb\u0119 stosowania przerywki i pozwala na uzyskanie dobrych plon\u00f3w.<\/p>\n<p><b>Opakowanie zawiera 6 m ta\u015bmy nasiennej.<\/b><\/p>\n<p><b>\u2705Siew:<\/b> III\u2013VI, VIII\u2013IX<\/p>\n<p><b>\u2705Zbi\u00f3r:<\/b> IV-VII, IX-X<\/p>\n<\/section><\/div>\n<\/section>\n<section class=\"section\">\n<div class=\"item item-6\">\n<section class=\"image-item\"><img decoding=\"async\" src=\"https:\/\/upload.cdn.baselinker.com\/products\/3018170\/973939c8cb4cb3b3e4a439f04f74534a.jpg\" \/><\/section>\n<\/p><\/div>\n<div class=\"item item-6\">\n<section class=\"text-item\">\n<p><b>Pietruszka korzeniowa HALBLANGE \u2013 Berli\u0144ska \u2013 ta\u015bma<\/b><\/p>\n<p>Petroselinum crispum<\/p>\n<p>Odmiana p\u00f3\u017ana, bardzo plenna, przeznaczona na u\u017cytek jesienny i zimowy. Bardzo trwa\u0142a<\/p>\n<p>w przechowywaniu. Korze\u0144 d\u0142ugo\u015bci oko\u0142o 22 cm w kszta\u0142cie wyd\u0142u\u017conego sto\u017cka, mi\u0105\u017csz bia\u0142y, j\u0119drny. Wysiew od po\u0142owy III do po\u0142owy V. Mo\u017cna stosowa\u0107 siew ozimy od po\u0142owy X-XI.<\/p>\n<p>Ta\u015bma nasienna u\u0142atwia wysiew, dzi\u0119ki odpowiedniemu rozmieszczeniu nasion na ta\u015bmie eliminuj\u0105c potrzeb\u0119 stosowania przerywki i pozwala na uzyskanie dobrych plon\u00f3w.<\/p>\n<p><b>Opakowanie zawiera 6 m ta\u015bmy nasiennej.<\/b><\/p>\n<p><b><\/b><\/p>\n<p><b>\u2705Siew:<\/b> \u00bd&nbsp; III \u2013 \u00bd V ; \u00bd&nbsp; IX-XI<\/p>\n<p><b>\u2705Zbi\u00f3r:<\/b> \u00bd V-VI; VIII-XI<\/p>\n<\/section><\/div>\n<\/section>\n<section class=\"section\">\n<div class=\"item item-6\">\n<section class=\"image-item\"><img decoding=\"async\" src=\"https:\/\/upload.cdn.baselinker.com\/products\/3018170\/cc97625f0f28282216da016a3c7d5b35.jpg\" \/><\/section>\n<\/p><\/div>\n<div class=\"item item-6\">\n<section class=\"text-item\">\n<p><b>Pietruszka korzeniowa O\u0141OMU\u0143CKA \u2013 ta\u015bma<\/b><\/p>\n<p>PETROSELINUM CRISPUM<\/p>\n<p>Odmiana p\u00f3\u017ana (okres wegetacji 185-205 dni) o bardzo dobrych jako\u015bciowo, zdrowych korzeniach i li\u015bciach. Korzenie bardzo kszta\u0142tne, d\u0142ugie (22-24 cm), r\u00f3wnomiernie zw\u0119\u017caj\u0105ce si\u0119 ku do\u0142owi. Maj\u0105 g\u0142adk\u0105, jasn\u0105 sk\u00f3rk\u0119 i nie rozwidlaj\u0105 si\u0119. Mi\u0105\u017csz aromatyczny, bia\u0142o-kremowy, zwarty. Odporna na d\u0142ugie przechowywanie. Wysiew na g\u0142\u0119boko\u015b\u0107 1,5-2,5 cm od po\u0142owy III do po\u0142owy V. Mo\u017cna stosowa\u0107 siew ozimy od po\u0142owy X-XI.<\/p>\n<p><b>Opakowanie zawiera 6m ta\u015bmy nasiennej.<\/b><\/p>\n<p><b>\u2705Siew:<\/b> III\u2013V, X-XI<\/p>\n<p><b>\u2705Zbi\u00f3r:<\/b> VIII-XI, \u00bd V-VI<\/p>\n<\/section><\/div>\n<\/section>\n<section class=\"section\">\n<div class=\"item item-6\">\n<section class=\"image-item\"><img decoding=\"async\" src=\"https:\/\/upload.cdn.baselinker.com\/products\/3018170\/a7903697b17ff424b0cf88203a9b7843.jpg\" \/><\/section>\n<\/p><\/div>\n<div class=\"item item-6\">\n<section class=\"text-item\">\n<p><b>Sa\u0142ata mas\u0142owa KR\u00d3LOWA MAJOWYCH \u2013 ta\u015bma<\/b><\/p>\n<p>Lactuca sativa L. var. capitata<\/p>\n<p>Odmiana wczesna przeznaczona do wczesnej uprawy w gruncie i pod os\u0142onami. Tworzy du\u017ce dobrze zamkni\u0119te kuliste g\u0142\u00f3wki o j\u0119drnych li\u015bciach. Do\u015b\u0107 odporna na m\u0105czniaka rzekomego<\/p>\n<p>i \u015brednio odporna na szar\u0105 ple\u015b\u0144. Dobrze plonuje w 2 roku po oborniku, na glebach ciep\u0142ych, przewiewnych, dostatecznie wilgotnych. Siew na g\u0142\u0119boko\u015b\u0107 1cm wiosn\u0105 IV- V, na zbi\u00f3r jesienny w VIII. Ta\u015bma nasienna u\u0142atwia wysiew, dzi\u0119ki odpowiedniemu rozmieszczeniu nasion na ta\u015bmie eliminuj\u0105c potrzeb\u0119 stosowania przerywki i pozwala na uzyskanie dobrych plon\u00f3w.<\/p>\n<p><b>Opakowanie zawiera 7 m ta\u015bmy nasiennej.<\/b><\/p>\n<p><b>\u2705Siew:<\/b> IV-V i VIII<\/p>\n<p><b>\u2705Zbi\u00f3r:<\/b> \u00bd V-VII i \u00bd IX-X<\/p>\n<\/section><\/div>\n<\/section>\n<section class=\"section\">\n<div class=\"item item-6\">\n<section class=\"image-item\"><img decoding=\"async\" src=\"https:\/\/upload.cdn.baselinker.com\/products\/3018170\/6f680d37ec4547d1c456ec02c43c7044.jpg\" \/><\/section>\n<\/p><\/div>\n<div class=\"item item-6\">\n<section class=\"text-item\">\n<p><b>Pietruszka naciowa FESTIVAL 68 \u2013 ta\u015bma<\/b><\/p>\n<p>Petroselinum crispum<\/p>\n<p>Odmiana plenna o aromatycznych intensywnie zielonych g\u0142adkich li\u015bciach. Niezwykle zasobna w witaminy A, C i B i sole mineralne. Odporna na \u017c\u00f3\u0142kni\u0119cie i m\u0105czniaka prawdziwego. Odmiana dobrze zimuje w gruncie. Na zbi\u00f3r wiosenny wysiew nasion w VII,na zbi\u00f3r jesienny od III do V. Nasiona wysiewa\u0107 na g\u0142\u0119boko\u015b\u0107 1,5-2,5 cm.<\/p>\n<p><b>Opakowanie zawiera 7 m ta\u015bmy nasiennej.<\/b><\/p>\n<p><b>\u2705Siew:<\/b> III\u2013V, VIII<\/p>\n<p><b>\u2705Zbi\u00f3r:<\/b> \u00bd&nbsp; IV-X<\/p>\n<\/section><\/div>\n<\/section>\n<section class=\"section\">\n<div class=\"item item-6\">\n<section class=\"image-item\"><img decoding=\"async\" src=\"https:\/\/upload.cdn.baselinker.com\/products\/3018170\/4f21ac28c41299390001cf664a9fb7a1.jpg\" \/><\/section>\n<\/p><\/div>\n<div class=\"item item-6\">\n<section class=\"text-item\">\n<p><b>Zestaw warzyw \u2013 OG\u00d3REK I KOPER \u2013 ta\u015bma<\/b><\/p>\n<p>Opakowanie zawiera 6 m ta\u015bmy nasiennej \u2013 2 x 2 m ta\u015bmy z og\u00f3rkiem i 1 x 2 m ta\u015bmy&nbsp;z koprem.<\/p>\n<p>Og\u00f3rek gruntowy. Odmiana uniwersalna o wszechstronnym zastosowaniu: ma\u0142e owoce nadaj\u0105 si\u0119 do konserwowania, wi\u0119ksze do kwaszenia i na sa\u0142atki. Owoce nieco wyd\u0142u\u017cone, zielone z niewielk\u0105 ilo\u015bci\u0105 brodawek. Odmiana o bujnym wzro\u015bcie i kompleksowej odporno\u015bci na choroby, w tym na m\u0105czniaka rzekomego.<\/p>\n<p>Koper. Odmiana wczesna, dobrze plonuj\u0105ca \u201ena zielono\u201d, nadaje si\u0119 r\u00f3wnie\u017c do kwaszenia. Ro\u015bliny dobrze ulistnione. Li\u015bcie zielone do ciemnozielonych.<\/p>\n<\/section><\/div>\n<\/section>\n<section class=\"section\">\n<div class=\"item item-6\">\n<section class=\"image-item\"><img decoding=\"async\" src=\"https:\/\/upload.cdn.baselinker.com\/products\/3018170\/0b0418b106d7b548e6847225e5bd75a0.jpg\" \/><\/section>\n<\/p><\/div>\n<div class=\"item item-6\">\n<section class=\"text-item\">\n<p><b>Og\u00f3rek gruntowy \u015aREMSKI F1\u2013 ta\u015bma<\/b><\/p>\n<p>Cucumis sativus &nbsp;L.<\/p>\n<p>Odmiana wczesna, bardzo plenna, o du\u017cej tolerancji wobec chor\u00f3b, &nbsp;polecana do uprawy gruntowej i pod tunelami na wczesny zbi\u00f3r. Przydatna do konserwowania, kwaszenia<\/p>\n<p>i na sur\u00f3wki. Owoce bardzo smaczne pozbawione goryczki, kszta\u0142tne, cylindryczne, bez szyjki, z ma\u0142\u0105 komor\u0105 nasienn\u0105. Wysiew nasion na g\u0142\u0119boko\u015b\u0107 2 cm po 15 V.<\/p>\n<p><b>\u2705Siew:<\/b> V \u2013 VI<\/p>\n<p><b>\u2705Zbi\u00f3r:<\/b> VII \u2013 IX<\/p>\n<\/section><\/div>\n<\/section>\n<section class=\"section\">\n<div class=\"item item-6\">\n<section class=\"image-item\"><img decoding=\"async\" src=\"https:\/\/upload.cdn.baselinker.com\/products\/3018170\/5c70238642361a972a6bdc9659c6115d.jpg\" \/><\/section>\n<\/p><\/div>\n<div class=\"item item-6\">\n<section class=\"text-item\">\n<p><b>SPRAWDZONA JAKO\u015a\u0106 NASION<\/b><\/p>\n<p>Oferowane przez nas nasiona s\u0105 testowane w&nbsp;<b>Laboratorium Oceny Nasion pod wzgl\u0119dem:<\/b><\/p>\n<p>\u2705<b>kie\u0142kowania<\/b><\/p>\n<p>\u2705<b>wilgotno\u015bci<\/b><\/p>\n<p>\u2705<b>czysto\u015bci ziarna<\/b><\/p>\n<p><b>Dzi\u0119ki czemu udost\u0119pniane nasiona s\u0105 \u015bci\u015ble wyselekcjonowane, tylko wysokiej klasy.<\/b><\/p>\n<p>Torebki zakupione na naszej aukcji s\u0105 w pe\u0142ni bezpieczne, posiadaj\u0105&nbsp;<b>dat\u0119 wa\u017cno\u015bci i nr partii na opakowaniu.<\/b>&nbsp;Gwarantujemy r\u00f3wnie\u017c jako\u015b\u0107 i oryginalno\u015b\u0107 produkt\u00f3w, poniewa\u017c s\u0105 nabywane bezpo\u015brednio od producenta.<\/p>\n<\/section><\/div>\n<\/section>\n<section class=\"section\">\n<div class=\"item item-12\">\n<section class=\"image-item\"><img decoding=\"async\" src=\"https:\/\/upload.cdn.baselinker.com\/products\/3018170\/5c70238642361a972a6bdc9659c6115d.jpg\" \/><\/section>\n<\/p><\/div>\n<\/section>\n","protected":false},"excerpt":{"rendered":"<p>Nasiona warzyw na ta\u015bmie marchew burak og\u00f3rek pietruszka rzodkiewka ZESTAW Nasiona na ta\u015bmie S\u0105 to specjalne ta\u015bmy oraz kr\u0105\u017cki naszpikowane nasionami w odpowiednim rozstawie. Nie trzeba wi\u0119c by\u0107 ekspertem, \u017ceby odpowiednio dobra\u0107 odleg\u0142o\u015b\u0107 rozsiewu dla danej ro\u015bliny. Ro\u015bliny nie b\u0119d\u0105 przeszkadza\u0107 sobie nawzajem w rozro\u015bcie, dzi\u0119ki temu plony b\u0119d\u0105 maksymalnie obfite! Zestaw zawiera: \u2705Marchew Amsterdam&#8230;<\/p>\n","protected":false},"featured_media":22734,"comment_status":"open","ping_status":"closed","template":"","meta":{"inline_featured_image":false},"product_cat":[126,162],"product_tag":[],"location":[],"class_list":{"0":"post-22736","1":"product","2":"type-product","3":"status-publish","4":"has-post-thumbnail","6":"product_cat-nasiona-warzyw","7":"product_cat-nasiona","8":"nt-post-class","9":"","12":"excerpt-none","15":"first","16":"instock","17":"shipping-taxable","18":"purchasable","19":"product-type-simple"},"_links":{"self":[{"href":"https:\/\/boskienasiona.pl\/en\/wp-json\/wp\/v2\/product\/22736","targetHints":{"allow":["GET"]}}],"collection":[{"href":"https:\/\/boskienasiona.pl\/en\/wp-json\/wp\/v2\/product"}],"about":[{"href":"https:\/\/boskienasiona.pl\/en\/wp-json\/wp\/v2\/types\/product"}],"replies":[{"embeddable":true,"href":"https:\/\/boskienasiona.pl\/en\/wp-json\/wp\/v2\/comments?post=22736"}],"version-history":[{"count":0,"href":"https:\/\/boskienasiona.pl\/en\/wp-json\/wp\/v2\/product\/22736\/revisions"}],"wp:featuredmedia":[{"embeddable":true,"href":"https:\/\/boskienasiona.pl\/en\/wp-json\/wp\/v2\/media\/22734"}],"wp:attachment":[{"href":"https:\/\/boskienasiona.pl\/en\/wp-json\/wp\/v2\/media?parent=22736"}],"wp:term":[{"taxonomy":"product_cat","embeddable":true,"href":"https:\/\/boskienasiona.pl\/en\/wp-json\/wp\/v2\/product_cat?post=22736"},{"taxonomy":"product_tag","embeddable":true,"href":"https:\/\/boskienasiona.pl\/en\/wp-json\/wp\/v2\/product_tag?post=22736"},{"taxonomy":"location","embeddable":true,"href":"https:\/\/boskienasiona.pl\/en\/wp-json\/wp\/v2\/location?post=22736"}],"curies":[{"name":"wp","href":"https:\/\/api.w.org\/{rel}","templated":true}]}}