{"id":22887,"date":"2026-02-06T12:18:37","date_gmt":"2026-02-06T11:18:37","guid":{"rendered":"https:\/\/boskienasiona.pl\/produkt\/nasiona-warzyw-na-tasmie-marchew-ogorek-burak-zestaw-tabliczki-do-roslin-4\/"},"modified":"2026-02-10T10:35:29","modified_gmt":"2026-02-10T09:35:29","slug":"nasiona-warzyw-na-tasmie-marchew-ogorek-burak-zestaw-tabliczki-do-roslin-4","status":"publish","type":"product","link":"https:\/\/boskienasiona.pl\/en\/produkt\/nasiona-warzyw-na-tasmie-marchew-ogorek-burak-zestaw-tabliczki-do-roslin-4\/","title":{"rendered":"Nasiona warzyw na ta\u015bmie MARCHEW OG\u00d3REK BURAK ZESTAW + TABLICZKI DO RO\u015aLIN"},"content":{"rendered":"<section class=\"section\">\n<div class=\"item item-12\">\n<section class=\"text-item\">\n<h1>Nasiona warzyw na ta\u015bmie MARCHEW OG\u00d3REK BURAK ZESTAW + TABLICZKI DO RO\u015aLIN<\/h1>\n<\/section><\/div>\n<\/section>\n<section class=\"section\">\n<div class=\"item item-12\">\n<section class=\"text-item\">\n<p><b>Nasiona na ta\u015bmie<\/b><\/p>\n<p>S\u0105 to specjalne ta\u015bmy oraz kr\u0105\u017cki naszpikowane nasionami w odpowiednim rozstawie. Nie trzeba wi\u0119c by\u0107 ekspertem, \u017ceby odpowiednio dobra\u0107 odleg\u0142o\u015b\u0107 rozsiewu dla danej ro\u015bliny. Ro\u015bliny nie b\u0119d\u0105 przeszkadza\u0107 sobie nawzajem w rozro\u015bcie, dzi\u0119ki temu plony b\u0119d\u0105 maksymalnie obfite!<\/p>\n<p><b>Zestaw zawiera:<\/b><\/p>\n<p><b>\u2705Burak \u0107wik\u0142owy Czerwona kula<\/b><\/p>\n<p><b>\u2705Burak \u0107wik\u0142owy opolski<\/b><\/p>\n<p><b>\u2705Sa\u0142ata Kr\u00f3lowa Majowych<\/b><\/p>\n<p><b>\u2705Og\u00f3rek \u015aremski<\/b><\/p>\n<p><b>\u2705Rzodkiewka Opolanka<\/b><\/p>\n<p><b>\u2705Rzodkiewka Carmen<\/b><\/p>\n<p><b>\u2705Og\u00f3rek Polan<\/b><\/p>\n<p><b>\u2705Og\u00f3rek + Koper<\/b><\/p>\n<p><b>\u2705Sa\u0142ata MIX<\/b><\/p>\n<p><b>\u2705Pietruszka Naciowa Festival<\/b><\/p>\n<p><b>\u2705Marchew Amsterdam Wczesna<\/b><\/p>\n<p><b>\u2705Marchew Nantaise P\u00f3\u017ana<\/b><\/p>\n<p><b>\u2705Tabliczki do ro\u015blin 12 szt.<\/b><\/p>\n<\/section><\/div>\n<\/section>\n<section class=\"section\">\n<div class=\"item item-12\">\n<section class=\"image-item\"><img decoding=\"async\" src=\"https:\/\/upload.cdn.baselinker.com\/products\/3018170\/33cc5762310c615d06a2f80174c9017b.jpg\" \/><\/section>\n<\/p><\/div>\n<\/section>\n<section class=\"section\">\n<div class=\"item item-6\">\n<section class=\"image-item\"><img decoding=\"async\" src=\"https:\/\/upload.cdn.baselinker.com\/products\/3018170\/ac1303b17e34c62e5ff523928b346ed2.jpg\" \/><\/section>\n<\/p><\/div>\n<div class=\"item item-6\">\n<section class=\"text-item\">\n<p><b>Wysiew nasion na ta\u015bmie w 4 prostych krokach<\/b><\/p>\n<p><b>1\ufe0f\u20e3 Rozrywamy ta\u015bm\u0119 w miejscu perforacji<\/b><\/p>\n<p><b>2\ufe0f\u20e3 Uk\u0142adamy we wcze\u015bniej przygotowanym rowku<\/b><\/p>\n<p><b>3\ufe0f\u20e3 Roz\u0142o\u017con\u0105 ta\u015bm\u0119 przysypujemy cienk\u0105 warstw\u0105 ziemi<\/b><\/p>\n<p><b>4\ufe0f\u20e3 Na koniec obficie podlewamy<\/b><\/p>\n<\/section><\/div>\n<\/section>\n<section class=\"section\">\n<div class=\"item item-6\">\n<section class=\"image-item\"><img decoding=\"async\" src=\"https:\/\/upload.cdn.baselinker.com\/products\/3018170\/9b63fba153fd48481aaa029102551134.jpg\" \/><\/section>\n<\/p><\/div>\n<div class=\"item item-6\">\n<section class=\"text-item\">\n<p><b>Nasiona na ta\u015bmie Burak \u0106wik\u0142owy Czerwona Kula 2<\/b><\/p>\n<p><b>Burak \u0107wik\u0142owy Czerwona Kula 2<\/b><\/p>\n<p>Odmiana bardzo plenna o korzeniach kulistych i du\u017cej zawarto\u015bci soku i s\u0142abo widocznych pier\u015bcieniach. Nadaje si\u0119 do d\u0142ugotrwa\u0142ego przechowywania zimowego. Odmiana przeznaczona na u\u017cytek letni i jesienny. Na zbi\u00f3r letni nasiona nale\u017cy wysia\u0107 oko\u0142o po\u0142owy kwietnia. Na sprz\u0119t jesienno-zimowy od po\u0142owy maja do ko\u0144ca czerwca. Okres wegetacji 100-110 dni.<\/p>\n<\/section><\/div>\n<\/section>\n<section class=\"section\">\n<div class=\"item item-6\">\n<section class=\"image-item\"><img decoding=\"async\" src=\"https:\/\/upload.cdn.baselinker.com\/products\/3018170\/3c69cfb569f40ff9752e7c83dca874a3.jpg\" \/><\/section>\n<\/p><\/div>\n<div class=\"item item-6\">\n<section class=\"text-item\">\n<p><b>Nasiona na ta\u015bmie Burak \u0106wik\u0142owy Opolski Plenny<\/b><\/p>\n<p>Odmiana bardzo plenna o&nbsp;wyd\u0142u\u017conych korzeniach z&nbsp;zaokr\u0105glon\u0105 nasad\u0105. Wyr\u00f3\u017cnia&nbsp;si\u0119 smakowito\u015bci\u0105 i&nbsp;intensywnie wybarwionym mi\u0105\u017cszem z&nbsp;du\u017c\u0105 zawarto\u015bci\u0105&nbsp;<b>betaniny<\/b>. Przydatna do&nbsp;bezpo\u015bredniego spo\u017cycia, przechowywania oraz&nbsp;przetw\u00f3rstwa. Wysiew na&nbsp;g\u0142\u0119boko\u015b\u0107 2-3&nbsp;cm od&nbsp;pocz\u0105tku IV do&nbsp;pocz\u0105tku VII.<\/p>\n<\/section><\/div>\n<\/section>\n<section class=\"section\">\n<div class=\"item item-6\">\n<section class=\"image-item\"><img decoding=\"async\" src=\"https:\/\/upload.cdn.baselinker.com\/products\/3018170\/43f1cef996658748934fd36ece70f221.jpg\" \/><\/section>\n<\/p><\/div>\n<div class=\"item item-6\">\n<section class=\"text-item\">\n<p><b>Nasiona na Ta\u015bmie Pietruszka li\u015bciowa Festival 68<\/b><\/p>\n<p>Pietruszka li\u015bciowa FESTIVAL 68 \u2013 NASIONA TA&nbsp;TA\u015aMIE<\/p>\n<p>PETROSELINUM CRISPUM<\/p>\n<p>Odmiana plenna o aromatycznych intensywnie zielonych g\u0142adkich li\u015bciach. Niezwykle zasobna w witaminy A, C i B i sole mineralne. Odporna na \u017c\u00f3\u0142kni\u0119cie i m\u0105czniaka prawdziwego. Odmiana dobrze zimuje w gruncie. Na zbi\u00f3r wiosenny wysiew nasion w VII, na zbi\u00f3r jesienny od III do V.<\/p>\n<\/section><\/div>\n<\/section>\n<section class=\"section\">\n<div class=\"item item-6\">\n<section class=\"image-item\"><img decoding=\"async\" src=\"https:\/\/upload.cdn.baselinker.com\/products\/3018170\/db510953fbc091ba807fb16c0886145d.jpg\" \/><\/section>\n<\/p><\/div>\n<div class=\"item item-6\">\n<section class=\"text-item\">\n<p><b>Rzodkiewka&nbsp;Carmen&nbsp;(wczesna) &#8211; ta\u015bma<\/b><\/p>\n<p>Raphanus sativus &nbsp;L. subvar. radicula<\/p>\n<p>Odmiana bardzo plenna wczesna do&nbsp;ca\u0142orocznej uprawy gruntowej. Tworzy du\u017ce kszta\u0142tne karminowo-czerwone zgrubienia z&nbsp;bia\u0142ym ogonkiem. \u0141agodna w&nbsp;smaku odporna na&nbsp;parcenie i&nbsp;p\u0119kanie. Przez d\u0142ugi okres zachowuje dobr\u0105 jako\u015b\u0107 zgrubienia. Siew na&nbsp;g\u0142\u0119boko\u015b\u0107 1&nbsp;cm od&nbsp;po\u0142. III do&nbsp;V na&nbsp;zbi\u00f3r wiosenny i&nbsp;od&nbsp;VIII do&nbsp;po\u0142. IX na&nbsp;zbi\u00f3r jesienny.<\/p>\n<p>Ta\u015bma nasienna u\u0142atwia wysiew, dzi\u0119ki odpowiedniemu rozmieszczeniu nasion na&nbsp;ta\u015bmie eliminuj\u0105c potrzeb\u0119 stosowania przerywki i&nbsp;pozwala na&nbsp;uzyskanie dobrych plon\u00f3w.<\/p>\n<p>Opakowanie zawiera 6&nbsp;m ta\u015bmy nasiennej.<\/p>\n<\/section><\/div>\n<\/section>\n<section class=\"section\">\n<div class=\"item item-6\">\n<section class=\"image-item\"><img decoding=\"async\" src=\"https:\/\/upload.cdn.baselinker.com\/products\/3018170\/cf23c12a19dc634f494539778d0520a1.jpg\" \/><\/section>\n<\/p><\/div>\n<div class=\"item item-6\">\n<section class=\"text-item\">\n<p><b>Rzodkiewka Opolanka (wczesna) &#8211; ta\u015bma<\/b><\/p>\n<p>Raphanus sativus &nbsp;L. subvar. radicula<\/p>\n<p>Odmiana wczesna, bardzo plenna z&nbsp;ma\u0142\u0105 sk\u0142onno\u015bci\u0105 do&nbsp;parcenia do&nbsp;uprawy pod&nbsp;os\u0142onami i&nbsp;w&nbsp;gruncie. Okres wegetacji oko\u0142o 25 dni. Tworzy cylindryczne, szkar\u0142atno-czerwone zgrubienia z&nbsp;bia\u0142ym ko\u0144cem i&nbsp;soczystym mi\u0105\u017cszu. Mo\u017cna uprawia\u0107 na&nbsp;zbi\u00f3r wiosenny i&nbsp;jesienny. Siew na&nbsp;g\u0142\u0119boko\u015b\u0107 1cm od&nbsp;po\u0142. III do&nbsp;po\u0142. VI na&nbsp;zbi\u00f3r wiosenny i&nbsp;od&nbsp;VIII do&nbsp;IX na&nbsp;zbi\u00f3r jesienny.<\/p>\n<p>Ta\u015bma nasienna u\u0142atwia wysiew, dzi\u0119ki odpowiedniemu rozmieszczeniu nasion na&nbsp;ta\u015bmie eliminuj\u0105c potrzeb\u0119 stosowania przerywki i&nbsp;pozwala na&nbsp;uzyskanie dobrych plon\u00f3w.<\/p>\n<p>Opakowanie zawiera 6&nbsp;m ta\u015bmy nasiennej.<\/p>\n<\/section><\/div>\n<\/section>\n<section class=\"section\">\n<div class=\"item item-6\">\n<section class=\"image-item\"><img decoding=\"async\" src=\"https:\/\/upload.cdn.baselinker.com\/products\/3018170\/344c5c856fe1feea7d54e799acf5aa8c.jpg\" \/><\/section>\n<\/p><\/div>\n<div class=\"item item-6\">\n<section class=\"text-item\">\n<p><b>Zestaw warzyw \u2013 OG\u00d3REK I KOPER \u2013 ta\u015bma<\/b><\/p>\n<p>Opakowanie zawiera 6 m ta\u015bmy nasiennej \u2013 2 x 2 m ta\u015bmy z og\u00f3rkiem i 1 x 2 m ta\u015bmy&nbsp;z koprem.<\/p>\n<p>Og\u00f3rek gruntowy. Odmiana uniwersalna o wszechstronnym zastosowaniu: ma\u0142e owoce nadaj\u0105 si\u0119 do konserwowania, wi\u0119ksze do kwaszenia i na sa\u0142atki. Owoce nieco wyd\u0142u\u017cone, zielone z niewielk\u0105 ilo\u015bci\u0105 brodawek. Odmiana o bujnym wzro\u015bcie i kompleksowej odporno\u015bci na choroby, w tym na m\u0105czniaka rzekomego.<\/p>\n<p>Koper. Odmiana wczesna, dobrze plonuj\u0105ca \u201ena zielono\u201d, nadaje si\u0119 r\u00f3wnie\u017c do kwaszenia. Ro\u015bliny dobrze ulistnione. Li\u015bcie zielone do ciemnozielonych.<\/p>\n<\/section><\/div>\n<\/section>\n<section class=\"section\">\n<div class=\"item item-6\">\n<section class=\"image-item\"><img decoding=\"async\" src=\"https:\/\/upload.cdn.baselinker.com\/products\/3018170\/eefc1251a95ff14fb43a23004d24ad38.jpg\" \/><\/section>\n<\/p><\/div>\n<div class=\"item item-6\">\n<section class=\"text-item\">\n<p><b>Nasiona na ta\u015bmie Og\u00f3rek \u015aREMSKI F1<\/b><\/p>\n<p><b>Og\u00f3rek \u015aremski<\/b><\/p>\n<p>Odmiana wczesna, bardzo plenna, o&nbsp;du\u017cej tolerancji wobec chor\u00f3b, polecana do&nbsp;uprawy<\/p>\n<p>gruntowej i&nbsp;pod&nbsp;tunelami na&nbsp;wczesny zbi\u00f3r. Przydatna do&nbsp;konserwowania, kwaszenia i&nbsp;na&nbsp;sur\u00f3wki.<\/p>\n<p>Owoce bardzo smaczne pozbawione goryczki, kszta\u0142tne, cylindryczne, bez&nbsp;szyjki z&nbsp;ma\u0142\u0105 komor\u0105 nasienn\u0105.<\/p>\n<p>Wysiew nasion na&nbsp;g\u0142\u0119boko\u015b\u0107 2&nbsp;cm po&nbsp;15 V.<\/p>\n<ul>\n<li><b>Siew:<\/b>&nbsp;\u00bd V \u2013 VI<\/li>\n<li><b>Zbi\u00f3r:<\/b>&nbsp;VII \u2013 IX<\/li>\n<li><b>Rozstawa:<\/b>&nbsp;90 cm<\/li>\n<\/ul>\n<\/section><\/div>\n<\/section>\n<section class=\"section\">\n<div class=\"item item-6\">\n<section class=\"image-item\"><img decoding=\"async\" src=\"https:\/\/upload.cdn.baselinker.com\/products\/3018170\/5ad4c27516c5b5a575c9c2bb5b8560ee.jpg\" \/><\/section>\n<\/p><\/div>\n<div class=\"item item-6\">\n<section class=\"text-item\">\n<p><b>Nasiona na ta\u015bmie Og\u00f3rek Polan F1 \u015brednio wczesny<\/b><\/p>\n<p><b>OG\u00d3REK POLAN TA\u015aMA<\/b><\/p>\n<p>Odmiana \u015brednio-wczesna, bardzo plenna. Owoce grubo-brodawkowe, nie wykazuj\u0105 tendencji do tworzenia pustych kom\u00f3r nasiennych. Doskonale nadaj\u0105\u00a0si\u0119 do\u00a0kiszenia, kwaszenia i\u00a0do\u00a0sa\u0142atek.<\/p>\n<\/section><\/div>\n<\/section>\n<section class=\"section\">\n<div class=\"item item-6\">\n<section class=\"image-item\"><img decoding=\"async\" src=\"https:\/\/upload.cdn.baselinker.com\/products\/3018170\/4df34331fecfe53848bec1d114c3b1a6.jpg\" \/><\/section>\n<\/p><\/div>\n<div class=\"item item-6\">\n<section class=\"text-item\">\n<p><b>Nasiona na ta\u015bmie SA\u0141ATA KR\u00d3LOWA MAJOWYCH Wczesna<\/b><\/p>\n<p><b>Sa\u0142ata siewna g\u0142owiasta Kr\u00f3lowa&nbsp;Majowych<\/b><\/p>\n<p>Lactuca sativa L. var. capitata<\/p>\n<p>Odmiana wczesna przeznaczona do&nbsp;wczesnej uprawy w&nbsp;gruncie i&nbsp;pod&nbsp;os\u0142onami. Tworzy du\u017ce dobrze zamkni\u0119te kuliste g\u0142\u00f3wki o&nbsp;j\u0119drnych li\u015bciach. Do\u015b\u0107 odporna na&nbsp;m\u0105czniaka rzekomego i&nbsp;\u015brednio odporna na&nbsp;szar\u0105 ple\u015b\u0144. Dobrze plonuje w&nbsp;2 roku po&nbsp;oborniku, na&nbsp;glebach ciep\u0142ych, przewiewnych, dostatecznie wilgotnych. Siew na&nbsp;g\u0142\u0119boko\u015b\u0107 1cm wiosn\u0105 IV- V, na&nbsp;zbi\u00f3r jesienny w&nbsp;VIII.<\/p>\n<ul>\n<li><b>Siew:<\/b>&nbsp;IV-V i&nbsp;VIII<\/li>\n<li><b>Zbi\u00f3r:<\/b>&nbsp;po\u0142owa V-VII i&nbsp;po\u0142owa IX-X<\/li>\n<li><b>Rozstawa:<\/b>&nbsp;30-40 x 20-25 cm<\/li>\n<\/ul>\n<p><b>Opakowanie zawiera 6m ta\u015bmy nasiennej.<\/b><\/p>\n<\/section><\/div>\n<\/section>\n<section class=\"section\">\n<div class=\"item item-6\">\n<section class=\"image-item\"><img decoding=\"async\" src=\"https:\/\/upload.cdn.baselinker.com\/products\/3018170\/dd5c44a871689c67cd9bf5407e6650f7.jpg\" \/><\/section>\n<\/p><\/div>\n<div class=\"item item-6\">\n<section class=\"text-item\">\n<p><b>Marchew jadalna&nbsp;Amsterdam&nbsp;3 (wczesna) &#8211; ta\u015bma<\/b><\/p>\n<p>Daucus carota&nbsp; L.<\/p>\n<p>Odmiana wczesna. Korzenie d\u0142ugo\u015bci 15 cm, ciemno-pomara\u0144czowe, wcze\u015bnie wybarwiaj\u0105ce si\u0119, kruche i&nbsp;soczyste. Bardzo dobra na&nbsp;soki i&nbsp;do&nbsp;bezpo\u015bredniego spo\u017cycia i&nbsp;kr\u00f3tkotrwa\u0142ego przechowywania. Wymaga gleby lekkiej, \u017cyznej dobrze uprawionej. Wysiew na&nbsp;g\u0142\u0119boko\u015b\u0107 1-2&nbsp;cm od&nbsp;ko\u0144ca III od&nbsp;ko\u0144ca V. Zbi\u00f3r od&nbsp;VIII do&nbsp;IX.<\/p>\n<p>Ta\u015bma nasienna u\u0142atwia wysiew, dzi\u0119ki odpowiedniemu rozmieszczeniu nasion na&nbsp;ta\u015bmie eliminuj\u0105c potrzeb\u0119 stosowania przerywki i&nbsp;pozwala na&nbsp;uzyskanie dobrych plon\u00f3w.<\/p>\n<p>Opakowanie zawiera 6&nbsp;m ta\u015bmy nasiennej.<\/p>\n<\/section><\/div>\n<\/section>\n<section class=\"section\">\n<div class=\"item item-6\">\n<section class=\"image-item\"><img decoding=\"async\" src=\"https:\/\/upload.cdn.baselinker.com\/products\/3018170\/35028cbb0b875ba37a43b9dd394359f5.jpg\" \/><\/section>\n<\/p><\/div>\n<div class=\"item item-6\">\n<section class=\"text-item\">\n<p><b>Nasiona na ta\u015bmie MARCHEW NANTAISE \u015ar. Wczesna<\/b><\/p>\n<p>DAUCUS CAROTA&nbsp; L.<\/p>\n<p>Odmiana \u015brednio wczesna, przeznaczona na&nbsp;zbi\u00f3r letni i&nbsp;jesienny. Korze\u0144 d\u0142ugo\u015bci 20-22cm lekko sto\u017ckowaty z&nbsp;ma\u0142\u0105 tendencj\u0105 do&nbsp;zazielenienia. Mi\u0105\u017csz delikatny, smaczny, o&nbsp;kruchej konsystencji, ciemno-pomara\u0144czowy. Polecana do&nbsp;upraw amatorskich i&nbsp;handlowych<\/p>\n<p>Wysiew nasion od&nbsp;IV do&nbsp;po\u0142owy VI. Zbi\u00f3r od&nbsp;po\u0142. VIII do&nbsp;X<\/p>\n<p>Ta\u015bma nasienna u\u0142atwia wysiew, dzi\u0119ki odpowiedniemu rozmieszczeniu nasion na&nbsp;ta\u015bmie eliminuj\u0105c potrzeb\u0119 stosowania przerywki i&nbsp;pozwala na&nbsp;uzyskanie dobrych plon\u00f3w.<\/p>\n<p><b>Opakowanie zawiera 6m ta\u015bmy nasiennej.<\/b><\/p>\n<\/section><\/div>\n<\/section>\n<section class=\"section\">\n<div class=\"item item-6\">\n<section class=\"image-item\"><img decoding=\"async\" src=\"https:\/\/upload.cdn.baselinker.com\/products\/3018170\/139cf261ecf3dfb1931a9a7ab19648fc.jpg\" \/><\/section>\n<\/p><\/div>\n<div class=\"item item-6\">\n<section class=\"text-item\">\n<p><b>Nasiona Na Ta\u015bmie Sa\u0142ata Mieszanka Odmian 7M MIX<\/b><\/p>\n<p><b>Nasiona na ta\u015bmie Sa\u0142ata Mix<\/b><\/p>\n<p>Mieszanka r\u00f3\u017cnych typ\u00f3w oraz kolor\u00f3w sa\u0142aty mas\u0142owej, kruchej (lodowej) i li\u015bciowej o doskona\u0142ym smaku i zr\u00f3\u017cnicowanej teksturze li\u015bci.<\/p>\n<p>Doskona\u0142y zestaw do mieszanek sa\u0142atkowych. Przeznaczona na zbi\u00f3r wiosenny i jesienny. W sk\u0142ad mieszanki wchodz\u0105 takie gatunki jak<\/p>\n<p>\u2705<b>Sa\u0142ata li\u015bciowa d\u0119bolistna<\/b><\/p>\n<ul>\n<li><b>Salad Bowl 15%<\/b><\/li>\n<li><b>Red Sald Bowl 15%<\/b><\/li>\n<\/ul>\n<p>\u2705<b>Sa\u0142ata li\u015bciowa<\/b><\/p>\n<ul>\n<li><b>Lollo Bionda 15%<\/b><\/li>\n<li><b>Lollo Rosa 15%<\/b><\/li>\n<\/ul>\n<p>\u2705<b>Sa\u0142ata mas\u0142owa<\/b><\/p>\n<ul>\n<li><b>Kr\u00f3lowa Majowych 10%<\/b><\/li>\n<li><b>Sahim 10%<\/b><\/li>\n<\/ul>\n<p>\u2705<b>Sa\u0142ata Krucha<\/b><\/p>\n<ul>\n<li><b>Traper 10%<\/b><\/li>\n<li><b>Led 10%<\/b><\/li>\n<\/ul>\n<p><b>Opakowanie zawiera 7m ta\u015bmy nasiennej.<\/b><\/p>\n<\/section><\/div>\n<\/section>\n<section class=\"section\">\n<div class=\"item item-6\">\n<section class=\"image-item\"><img decoding=\"async\" src=\"https:\/\/upload.cdn.baselinker.com\/products\/3018170\/33cc5762310c615d06a2f80174c9017b.jpg\" \/><\/section>\n<\/p><\/div>\n<div class=\"item item-6\">\n<section class=\"text-item\">\n<p><b>SPRAWDZONA JAKO\u015a\u0106 NASION<\/b><\/p>\n<p>Oferowane przez nas nasiona s\u0105 testowane w\u00a0<b>Laboratorium Oceny Nasion pod wzgl\u0119dem:<\/b><\/p>\n<p>\u2705<b>kie\u0142kowania<\/b><\/p>\n<p>\u2705<b>wilgotno\u015bci<\/b><\/p>\n<p>\u2705<b>czysto\u015bci ziarna<\/b><\/p>\n<p><b>Dzi\u0119ki czemu udost\u0119pniane nasiona s\u0105 \u015bci\u015ble wyselekcjonowane, tylko wysokiej klasy.<\/b><\/p>\n<p>Torebki zakupione na naszej aukcji s\u0105 w pe\u0142ni bezpieczne, posiadaj\u0105\u00a0<b>dat\u0119 wa\u017cno\u015bci i nr partii na opakowaniu.<\/b>\u00a0Gwarantujemy r\u00f3wnie\u017c jako\u015b\u0107 i oryginalno\u015b\u0107 produkt\u00f3w, poniewa\u017c s\u0105 nabywane bezpo\u015brednio od producenta.<\/p>\n<\/section><\/div>\n<\/section>\n<section class=\"section\">\n<div class=\"item item-6\">\n<section class=\"image-item\"><img decoding=\"async\" src=\"https:\/\/upload.cdn.baselinker.com\/products\/3018170\/a6699982b8b747c565c14fb1e7a387ea.jpg\" \/><\/section>\n<\/p><\/div>\n<div class=\"item item-6\">\n<section class=\"text-item\">\n<p><b>\u2705TABLICZKI OGRODWE<\/b><\/p>\n<p>Tabliczki ogrodowe plastikowe do opisywania ro\u015blin to popularny wyb\u00f3r w\u015br\u00f3d ogrodnik\u00f3w, poniewa\u017c s\u0105 lekkie, trwa\u0142e i \u0142atwe w u\u017cyciu. Wykonane z tworzyw sztucznych, oferuj\u0105 kilka istotnych zalet.<\/p>\n<p><b>Cechy charakterystyczne plastikowych tabliczek ogrodowych:<\/b><\/p>\n<p><b>\u2705Trwa\u0142o\u015b\u0107 i odporno\u015b\u0107 na warunki atmosferyczne:<\/b>&nbsp;Plastikowe tabliczki s\u0105 odporne na deszcz, wilgo\u0107, s\u0142o\u0144ce i zmiany temperatur, co sprawia, \u017ce nie blakn\u0105 ani nie rdzewiej\u0105, jak mo\u017ce to mie\u0107 miejsce w przypadku materia\u0142\u00f3w metalowych czy drewnianych. S\u0105 idealne do u\u017cytku na zewn\u0105trz, w r\u00f3\u017cnych warunkach pogodowych.<\/p>\n<p><b>\u2705Lekko\u015b\u0107 i \u0142atwo\u015b\u0107 monta\u017cu:<\/b>&nbsp;Dzi\u0119ki swojej lekko\u015bci, plastikowe tabliczki s\u0105 \u0142atwe do wbicia w ziemi\u0119. Wystarczy je delikatnie wsun\u0105\u0107 w ziemi\u0119 przy ro\u015blinie, co u\u0142atwia ich szybkie i wygodne ustawianie.<\/p>\n<p><b>\u2705Mo\u017cliwo\u015b\u0107 \u0142atwego zapisu i aktualizacji:<\/b>&nbsp;Tabliczki plastikowe zwykle maj\u0105 powierzchni\u0119, kt\u00f3r\u0105 \u0142atwo zapisa\u0107 za pomoc\u0105 specjalnych marker\u00f3w do pisania na plastiku. Cz\u0119sto u\u017cywa si\u0119 do tego marker\u00f3w, kt\u00f3re mo\u017cna p\u00f3\u017aniej zmy\u0107, co umo\u017cliwia wielokrotne u\u017cycie tabliczki w sezonach. Mo\u017cna na nich zapisa\u0107 nazw\u0119 ro\u015bliny, dat\u0119 sadzenia, wymagania dotycz\u0105ce piel\u0119gnacji czy inne informacje.<\/p>\n<h2>\u2b50Specyfikacja\u2b50<\/h2>\n<p>\u2714\ufe0f<b>Ilo\u015b\u0107:<\/b> 12 szt<\/p>\n<p>\u2714\ufe0f<b>Kolor:<\/b>&nbsp;Bia\u0142y<\/p>\n<p>\u2714\ufe0f<b>Materia\u0142:<\/b>&nbsp;Tworzywo sztuczne<\/p>\n<p>\u2714\ufe0f<b>Wysoko\u015b\u0107:<\/b>&nbsp;13,5 cm<\/p>\n<p>\u2714\ufe0f<b>Szeroko\u015b\u0107:<\/b>&nbsp;1,7 cm<\/p>\n<p>\u2714\ufe0f<b>Wysoko\u015b\u0107 robocza:&nbsp;<\/b>9 cm<\/p>\n<p>\u2714\ufe0f<b>Szeroko\u015b\u0107 robocza:&nbsp;<\/b>1,7 cm<\/p>\n<p>\u2714\ufe0f<b>Producent: <\/b>Boskie nasiona<\/p>\n<\/section><\/div>\n<\/section>\n<section class=\"section\">\n<div class=\"item item-6\">\n<section class=\"image-item\"><img decoding=\"async\" src=\"https:\/\/upload.cdn.baselinker.com\/products\/3018170\/9b63fba153fd48481aaa029102551134.jpg\" \/><\/section>\n<\/p><\/div>\n<div class=\"item item-6\">\n<section class=\"image-item\"><img decoding=\"async\" src=\"https:\/\/upload.cdn.baselinker.com\/products\/3018170\/43f1cef996658748934fd36ece70f221.jpg\" \/><\/section>\n<\/p><\/div>\n<\/section>\n<section class=\"section\">\n<div class=\"item item-6\">\n<section class=\"image-item\"><img decoding=\"async\" src=\"https:\/\/upload.cdn.baselinker.com\/products\/3018170\/3c69cfb569f40ff9752e7c83dca874a3.jpg\" \/><\/section>\n<\/p><\/div>\n<div class=\"item item-6\">\n<section class=\"image-item\"><img decoding=\"async\" src=\"https:\/\/upload.cdn.baselinker.com\/products\/3018170\/dd5c44a871689c67cd9bf5407e6650f7.jpg\" \/><\/section>\n<\/p><\/div>\n<\/section>\n<section class=\"section\">\n<div class=\"item item-6\">\n<section class=\"image-item\"><img decoding=\"async\" src=\"https:\/\/upload.cdn.baselinker.com\/products\/3018170\/db510953fbc091ba807fb16c0886145d.jpg\" \/><\/section>\n<\/p><\/div>\n<div class=\"item item-6\">\n<section class=\"image-item\"><img decoding=\"async\" src=\"https:\/\/upload.cdn.baselinker.com\/products\/3018170\/cf23c12a19dc634f494539778d0520a1.jpg\" \/><\/section>\n<\/p><\/div>\n<\/section>\n<section class=\"section\">\n<div class=\"item item-6\">\n<section class=\"image-item\"><img decoding=\"async\" src=\"https:\/\/upload.cdn.baselinker.com\/products\/3018170\/4df34331fecfe53848bec1d114c3b1a6.jpg\" \/><\/section>\n<\/p><\/div>\n<div class=\"item item-6\">\n<section class=\"image-item\"><img decoding=\"async\" src=\"https:\/\/upload.cdn.baselinker.com\/products\/3018170\/139cf261ecf3dfb1931a9a7ab19648fc.jpg\" \/><\/section>\n<\/p><\/div>\n<\/section>\n<section class=\"section\">\n<div class=\"item item-6\">\n<section class=\"image-item\"><img decoding=\"async\" src=\"https:\/\/upload.cdn.baselinker.com\/products\/3018170\/5ad4c27516c5b5a575c9c2bb5b8560ee.jpg\" \/><\/section>\n<\/p><\/div>\n<div class=\"item item-6\">\n<section class=\"image-item\"><img decoding=\"async\" src=\"https:\/\/upload.cdn.baselinker.com\/products\/3018170\/eefc1251a95ff14fb43a23004d24ad38.jpg\" \/><\/section>\n<\/p><\/div>\n<\/section>\n<section class=\"section\">\n<div class=\"item item-6\">\n<section class=\"image-item\"><img decoding=\"async\" src=\"https:\/\/upload.cdn.baselinker.com\/products\/3018170\/344c5c856fe1feea7d54e799acf5aa8c.jpg\" \/><\/section>\n<\/p><\/div>\n<div class=\"item item-6\">\n<section class=\"image-item\"><img decoding=\"async\" src=\"https:\/\/upload.cdn.baselinker.com\/products\/3018170\/35028cbb0b875ba37a43b9dd394359f5.jpg\" \/><\/section>\n<\/p><\/div>\n<\/section>\n","protected":false},"excerpt":{"rendered":"<p>Nasiona warzyw na ta\u015bmie MARCHEW OG\u00d3REK BURAK ZESTAW + TABLICZKI DO RO\u015aLIN Nasiona na ta\u015bmie S\u0105 to specjalne ta\u015bmy oraz kr\u0105\u017cki naszpikowane nasionami w odpowiednim rozstawie. Nie trzeba wi\u0119c by\u0107 ekspertem, \u017ceby odpowiednio dobra\u0107 odleg\u0142o\u015b\u0107 rozsiewu dla danej ro\u015bliny. Ro\u015bliny nie b\u0119d\u0105 przeszkadza\u0107 sobie nawzajem w rozro\u015bcie, dzi\u0119ki temu plony b\u0119d\u0105 maksymalnie obfite! Zestaw zawiera:&#8230;<\/p>\n","protected":false},"featured_media":22885,"comment_status":"open","ping_status":"closed","template":"","meta":{"inline_featured_image":false},"product_cat":[126,162,184],"product_tag":[],"location":[],"class_list":{"0":"post-22887","1":"product","2":"type-product","3":"status-publish","4":"has-post-thumbnail","6":"product_cat-nasiona-warzyw","7":"product_cat-nasiona","8":"product_cat-nasiona-warzyw-na-tasmie","9":"nt-post-class","10":"","13":"excerpt-none","16":"first","17":"instock","18":"shipping-taxable","19":"purchasable","20":"product-type-simple"},"_links":{"self":[{"href":"https:\/\/boskienasiona.pl\/en\/wp-json\/wp\/v2\/product\/22887","targetHints":{"allow":["GET"]}}],"collection":[{"href":"https:\/\/boskienasiona.pl\/en\/wp-json\/wp\/v2\/product"}],"about":[{"href":"https:\/\/boskienasiona.pl\/en\/wp-json\/wp\/v2\/types\/product"}],"replies":[{"embeddable":true,"href":"https:\/\/boskienasiona.pl\/en\/wp-json\/wp\/v2\/comments?post=22887"}],"version-history":[{"count":0,"href":"https:\/\/boskienasiona.pl\/en\/wp-json\/wp\/v2\/product\/22887\/revisions"}],"wp:featuredmedia":[{"embeddable":true,"href":"https:\/\/boskienasiona.pl\/en\/wp-json\/wp\/v2\/media\/22885"}],"wp:attachment":[{"href":"https:\/\/boskienasiona.pl\/en\/wp-json\/wp\/v2\/media?parent=22887"}],"wp:term":[{"taxonomy":"product_cat","embeddable":true,"href":"https:\/\/boskienasiona.pl\/en\/wp-json\/wp\/v2\/product_cat?post=22887"},{"taxonomy":"product_tag","embeddable":true,"href":"https:\/\/boskienasiona.pl\/en\/wp-json\/wp\/v2\/product_tag?post=22887"},{"taxonomy":"location","embeddable":true,"href":"https:\/\/boskienasiona.pl\/en\/wp-json\/wp\/v2\/location?post=22887"}],"curies":[{"name":"wp","href":"https:\/\/api.w.org\/{rel}","templated":true}]}}