{"id":22922,"date":"2026-02-06T12:29:20","date_gmt":"2026-02-06T11:29:20","guid":{"rendered":"https:\/\/boskienasiona.pl\/produkt\/nasiona-watzyw-fasolnik-chinski-smaczne-waskie-zielone-bezwlokniste-straki\/"},"modified":"2026-04-19T14:18:41","modified_gmt":"2026-04-19T12:18:41","slug":"nasiona-watzyw-fasolnik-chinski-smaczne-waskie-zielone-bezwlokniste-straki","status":"publish","type":"product","link":"https:\/\/boskienasiona.pl\/en\/produkt\/nasiona-watzyw-fasolnik-chinski-smaczne-waskie-zielone-bezwlokniste-straki\/","title":{"rendered":"NASIONA WATZYW Fasolnik CHI\u0143SKI smaczne w\u0105skie zielone bezw\u0142\u00f3kniste str\u0105ki"},"content":{"rendered":"<section class=\"section\">\n<div class=\"item item-12\">\n<section class=\"text-item\">\n<h1>NASIONA WATZYW Fasolnik CHI\u0143SKI smaczne w\u0105skie zielone bezw\u0142\u00f3kniste str\u0105ki<\/h1>\n<\/section><\/div>\n<\/section>\n<section class=\"section\">\n<div class=\"item item-6\">\n<section class=\"image-item\"><img decoding=\"async\" src=\"https:\/\/upload.cdn.baselinker.com\/products\/3018170\/66f40821c229c5802973315b94e0aa4a.jpg\" \/><\/section>\n<\/p><\/div>\n<div class=\"item item-6\">\n<section class=\"text-item\">\n<p><b>Fasolnik CHI\u0143SKI<\/b><\/p>\n<p>VIGNA SINENSIS<\/p>\n<p>Ciep\u0142olubna ro\u015blina osi\u0105gaj\u0105ca wysoko\u015b\u0107 do 3 m. Wymaga podp\u00f3r. Cz\u0119\u015bci\u0105 jadaln\u0105<\/p>\n<p>s\u0105 smaczne w\u0105skie, zielone, bezw\u0142\u00f3kniste str\u0105ki, bardzo d\u0142ugie (40-60cm). Mo\u017cna je spo\u017cywa\u0107 po ugotowaniu w ca\u0142o\u015bci, jak warzywne spaghetti lub pokrojone na kawa\u0142ki, jak fasolk\u0119<\/p>\n<p>szparagow\u0105. Siew pod os\u0142onami od IV do po\u0142owy VI. Wysiew wprost do gruntu po 15 maja<\/p>\n<p>w temperaturze powy\u017cej 20oC. Ro\u015bnie i owocuje a\u017c do przymrozk\u00f3w.<\/p>\n<p><b>\u2705Siew:<\/b> IV-V<\/p>\n<p><b>\u2705Zbi\u00f3r:<\/b> VII-IX<\/p>\n<p><b>\u2705Rozstawa:<\/b> 80\u00d740 cm<\/p>\n<\/section><\/div>\n<\/section>\n<section class=\"section\">\n<div class=\"item item-6\">\n<section class=\"image-item\"><img decoding=\"async\" src=\"https:\/\/upload.cdn.baselinker.com\/products\/3018170\/f9e37354ffc84ca8b90db3bf258d0bdf.jpg\" \/><\/section>\n<\/p><\/div>\n<div class=\"item item-6\">\n<section class=\"text-item\">\n<p><b>SPRAWDZONA JAKO\u015a\u0106 NASION<\/b><\/p>\n<p>Oferowane przez nas nasiona s\u0105 testowane w&nbsp;<b>Laboratorium Oceny Nasion pod wzgl\u0119dem:<\/b><\/p>\n<p>\u2705<b>kie\u0142kowania<\/b><\/p>\n<p>\u2705<b>wilgotno\u015bci<\/b><\/p>\n<p>\u2705<b>czysto\u015bci ziarna<\/b><\/p>\n<p><b>Dzi\u0119ki czemu udost\u0119pniane nasiona s\u0105 \u015bci\u015ble wyselekcjonowane, tylko wysokiej klasy.<\/b><\/p>\n<p>Torebki zakupione na naszej aukcji s\u0105 w pe\u0142ni bezpieczne, posiadaj\u0105&nbsp;<b>dat\u0119 wa\u017cno\u015bci i nr partii na opakowaniu.<\/b>&nbsp;Gwarantujemy r\u00f3wnie\u017c jako\u015b\u0107 i oryginalno\u015b\u0107 produkt\u00f3w, poniewa\u017c s\u0105 nabywane bezpo\u015brednio od producenta.<\/p>\n<\/section><\/div>\n<\/section>\n<section class=\"section\">\n<div class=\"item item-12\">\n<section class=\"image-item\"><img decoding=\"async\" src=\"https:\/\/upload.cdn.baselinker.com\/products\/3018170\/dc058cbef58dd32ed94308c5b82e8e98.jpg\" \/><\/section>\n<\/p><\/div>\n<\/section>\n","protected":false},"excerpt":{"rendered":"<p>NASIONA WATZYW Fasolnik CHI\u0143SKI smaczne w\u0105skie zielone bezw\u0142\u00f3kniste str\u0105ki Fasolnik CHI\u0143SKI VIGNA SINENSIS Ciep\u0142olubna ro\u015blina osi\u0105gaj\u0105ca wysoko\u015b\u0107 do 3 m. Wymaga podp\u00f3r. Cz\u0119\u015bci\u0105 jadaln\u0105 s\u0105 smaczne w\u0105skie, zielone, bezw\u0142\u00f3kniste str\u0105ki, bardzo d\u0142ugie (40-60cm). Mo\u017cna je spo\u017cywa\u0107 po ugotowaniu w ca\u0142o\u015bci, jak warzywne spaghetti lub pokrojone na kawa\u0142ki, jak fasolk\u0119 szparagow\u0105. Siew pod os\u0142onami od IV&#8230;<\/p>\n","protected":false},"featured_media":22920,"comment_status":"open","ping_status":"closed","template":"","meta":{"inline_featured_image":false},"product_cat":[126,162,189],"product_tag":[],"location":[],"class_list":{"0":"post-22922","1":"product","2":"type-product","3":"status-publish","4":"has-post-thumbnail","6":"product_cat-nasiona-warzyw","7":"product_cat-nasiona","8":"product_cat-nasiona-fasolki-szparagowej","9":"nt-post-class","10":"","13":"excerpt-none","16":"first","17":"instock","18":"shipping-taxable","19":"purchasable","20":"product-type-simple"},"_links":{"self":[{"href":"https:\/\/boskienasiona.pl\/en\/wp-json\/wp\/v2\/product\/22922","targetHints":{"allow":["GET"]}}],"collection":[{"href":"https:\/\/boskienasiona.pl\/en\/wp-json\/wp\/v2\/product"}],"about":[{"href":"https:\/\/boskienasiona.pl\/en\/wp-json\/wp\/v2\/types\/product"}],"replies":[{"embeddable":true,"href":"https:\/\/boskienasiona.pl\/en\/wp-json\/wp\/v2\/comments?post=22922"}],"version-history":[{"count":0,"href":"https:\/\/boskienasiona.pl\/en\/wp-json\/wp\/v2\/product\/22922\/revisions"}],"wp:featuredmedia":[{"embeddable":true,"href":"https:\/\/boskienasiona.pl\/en\/wp-json\/wp\/v2\/media\/22920"}],"wp:attachment":[{"href":"https:\/\/boskienasiona.pl\/en\/wp-json\/wp\/v2\/media?parent=22922"}],"wp:term":[{"taxonomy":"product_cat","embeddable":true,"href":"https:\/\/boskienasiona.pl\/en\/wp-json\/wp\/v2\/product_cat?post=22922"},{"taxonomy":"product_tag","embeddable":true,"href":"https:\/\/boskienasiona.pl\/en\/wp-json\/wp\/v2\/product_tag?post=22922"},{"taxonomy":"location","embeddable":true,"href":"https:\/\/boskienasiona.pl\/en\/wp-json\/wp\/v2\/location?post=22922"}],"curies":[{"name":"wp","href":"https:\/\/api.w.org\/{rel}","templated":true}]}}