{"id":22935,"date":"2026-02-06T12:29:37","date_gmt":"2026-02-06T11:29:37","guid":{"rendered":"https:\/\/boskienasiona.pl\/produkt\/nasiona-warzyw-fasola-szparagowa-karlowa-dwubarwna-borlotto-smaczna\/"},"modified":"2026-04-18T14:18:28","modified_gmt":"2026-04-18T12:18:28","slug":"nasiona-warzyw-fasola-szparagowa-karlowa-dwubarwna-borlotto-smaczna","status":"publish","type":"product","link":"https:\/\/boskienasiona.pl\/en\/produkt\/nasiona-warzyw-fasola-szparagowa-karlowa-dwubarwna-borlotto-smaczna\/","title":{"rendered":"NASIONA WARZYW Fasola szparagowa kar\u0142owa dwubarwna Borlotto smaczna"},"content":{"rendered":"<section class=\"section\">\n<div class=\"item item-12\">\n<section class=\"text-item\">\n<h1>NASIONA WARZYW Fasola szparagowa kar\u0142owa dwubarwna Borlotto smaczna<\/h1>\n<\/section><\/div>\n<\/section>\n<section class=\"section\">\n<div class=\"item item-6\">\n<section class=\"image-item\"><img decoding=\"async\" src=\"https:\/\/upload.cdn.baselinker.com\/products\/3018170\/01a8ccf5830015fd06afde89d45871dd.jpg\" \/><\/section>\n<\/p><\/div>\n<div class=\"item item-6\">\n<section class=\"text-item\">\n<p><b>Fasola szparagowa kar\u0142owa dwubarwna BORLOTTO LINGUA DI FUOCO NANO<\/b><\/p>\n<p>PHASEOLUS VULGARIS&nbsp; L.<\/p>\n<p>Fasola kar\u0142owa dwubarwna \u2013 szparagowa Borlotto Lingua di Fuoco Nano, popularnie znana jako Borlotto, to wczesna, kar\u0142owa odmiana, kt\u00f3r\u0105 ceni\u0105 zar\u00f3wno profesjonalni producenci warzyw, jak i mi\u0142o\u015bnicy przydomowych ogr\u00f3dk\u00f3w. Jest wszechstronnym wyborem, poniewa\u017c mo\u017cna j\u0105 uprawia\u0107 zar\u00f3wno jako fasol\u0119 szparagow\u0105, jak i na suche nasiona. Uprawa tej fasoli jest stosunkowo \u0142atwa. Nasiona sieje si\u0119 od maja do czerwca (V-VI), na g\u0142\u0119boko\u015b\u0107 3\u20135 cm, w rozstawie 35\u201340 \u00d7 5\u201310 cm. Dzi\u0119ki temu ju\u017c od po\u0142owy lipca do wrze\u015bnia (po\u0142owa VII\u2013IX) mo\u017cna cieszy\u0107 si\u0119 pierwszymi plonami. Ro\u015bliny tworz\u0105 zwarte, niskie krzaczki, kt\u00f3re dobrze znosz\u0105 zmienne warunki pogodowe, co jest niezwykle istotne w naszym klimacie. Odmiana ta wyr\u00f3\u017cnia si\u0119 wysok\u0105 plenno\u015bci\u0105 oraz \u0142atwo\u015bci\u0105 uprawy. Z tego powodu ch\u0119tnie wybieraj\u0105 j\u0105 zar\u00f3wno ogrodnicy-amatorzy, jak i osoby prowadz\u0105ce profesjonalne uprawy. Co wi\u0119cej, str\u0105ki fasoli szparagowej Borlotto s\u0105 szerokie, bezw\u0142\u00f3kniste oraz soczyste. Ich barwa to \u017c\u00f3\u0142tozielona, z charakterystycznym czerwonym nakrapianiem, dzi\u0119ki czemu prezentuj\u0105 si\u0119 bardzo dekoracyjnie.<\/p>\n<p><b>\u2705Siew:<\/b> V- VI<\/p>\n<p><b>\u2705Zbi\u00f3r:<\/b> \u00bdVII- IX<\/p>\n<p><b>\u2705Rozstawa:<\/b> 35-40\u00d75-10 cm<\/p>\n<\/section><\/div>\n<\/section>\n<section class=\"section\">\n<div class=\"item item-6\">\n<section class=\"image-item\"><img decoding=\"async\" src=\"https:\/\/upload.cdn.baselinker.com\/products\/3018170\/db997fb525b2c91827fcee6ec3a9dced.jpg\" \/><\/section>\n<\/p><\/div>\n<div class=\"item item-6\">\n<section class=\"text-item\">\n<p><b>SPRAWDZONA JAKO\u015a\u0106 NASION<\/b><\/p>\n<p>Oferowane przez nas nasiona s\u0105 testowane w&nbsp;<b>Laboratorium Oceny Nasion pod wzgl\u0119dem:<\/b><\/p>\n<p>\u2705<b>kie\u0142kowania<\/b><\/p>\n<p>\u2705<b>wilgotno\u015bci<\/b><\/p>\n<p>\u2705<b>czysto\u015bci ziarna<\/b><\/p>\n<p><b>Dzi\u0119ki czemu udost\u0119pniane nasiona s\u0105 \u015bci\u015ble wyselekcjonowane, tylko wysokiej klasy.<\/b><\/p>\n<p>Torebki zakupione na naszej aukcji s\u0105 w pe\u0142ni bezpieczne, posiadaj\u0105&nbsp;<b>dat\u0119 wa\u017cno\u015bci i nr partii na opakowaniu.<\/b>&nbsp;Gwarantujemy r\u00f3wnie\u017c jako\u015b\u0107 i oryginalno\u015b\u0107 produkt\u00f3w, poniewa\u017c s\u0105 nabywane bezpo\u015brednio od producenta.<\/p>\n<\/section><\/div>\n<\/section>\n<section class=\"section\">\n<div class=\"item item-6\">\n<section class=\"image-item\"><img decoding=\"async\" src=\"https:\/\/upload.cdn.baselinker.com\/products\/3018170\/d56432e13acf6797737f3bec752ae120.jpg\" \/><\/section>\n<\/p><\/div>\n<div class=\"item item-6\">\n<section class=\"text-item\">\n<p><b>Zastosowanie i Przeznaczenie<\/b><\/p>\n<p>Str\u0105ki tej odmiany \u015bwietnie sprawdzaj\u0105 si\u0119 w kuchni, poniewa\u017c zachwycaj\u0105 zar\u00f3wno smakiem, jak i atrakcyjnym wygl\u0105dem. Mo\u017cna je spo\u017cywa\u0107 na \u015bwie\u017co, na przyk\u0142ad w sur\u00f3wkach czy sa\u0142atkach, ale r\u00f3wnie dobrze komponuj\u0105 si\u0119 z r\u00f3\u017cnymi daniami kuchni polskiej i mi\u0119dzynarodowej. Co wi\u0119cej, fasola Borlotto nadaje si\u0119 do konserwowania oraz mro\u017cenia. Nawet po obr\u00f3bce termicznej zachowuje sw\u00f3j intensywny kolor oraz chrupk\u0105 struktur\u0119, co stanowi jej ogromn\u0105 zalet\u0119.<\/p>\n<\/section><\/div>\n<\/section>\n<section class=\"section\">\n<div class=\"item item-12\">\n<section class=\"image-item\"><img decoding=\"async\" src=\"https:\/\/upload.cdn.baselinker.com\/products\/3018170\/78c43433814cba5fb471caa7d3a0ad08.jpg\" \/><\/section>\n<\/p><\/div>\n<\/section>\n","protected":false},"excerpt":{"rendered":"<p>NASIONA WARZYW Fasola szparagowa kar\u0142owa dwubarwna Borlotto smaczna Fasola szparagowa kar\u0142owa dwubarwna BORLOTTO LINGUA DI FUOCO NANO PHASEOLUS VULGARIS&nbsp; L. Fasola kar\u0142owa dwubarwna \u2013 szparagowa Borlotto Lingua di Fuoco Nano, popularnie znana jako Borlotto, to wczesna, kar\u0142owa odmiana, kt\u00f3r\u0105 ceni\u0105 zar\u00f3wno profesjonalni producenci warzyw, jak i mi\u0142o\u015bnicy przydomowych ogr\u00f3dk\u00f3w. Jest wszechstronnym wyborem, poniewa\u017c mo\u017cna j\u0105&#8230;<\/p>\n","protected":false},"featured_media":22933,"comment_status":"open","ping_status":"closed","template":"","meta":{"inline_featured_image":false},"product_cat":[126,162,189],"product_tag":[],"location":[],"class_list":{"0":"post-22935","1":"product","2":"type-product","3":"status-publish","4":"has-post-thumbnail","6":"product_cat-nasiona-warzyw","7":"product_cat-nasiona","8":"product_cat-nasiona-fasolki-szparagowej","9":"nt-post-class","10":"","13":"excerpt-none","16":"first","17":"instock","18":"shipping-taxable","19":"purchasable","20":"product-type-simple"},"_links":{"self":[{"href":"https:\/\/boskienasiona.pl\/en\/wp-json\/wp\/v2\/product\/22935","targetHints":{"allow":["GET"]}}],"collection":[{"href":"https:\/\/boskienasiona.pl\/en\/wp-json\/wp\/v2\/product"}],"about":[{"href":"https:\/\/boskienasiona.pl\/en\/wp-json\/wp\/v2\/types\/product"}],"replies":[{"embeddable":true,"href":"https:\/\/boskienasiona.pl\/en\/wp-json\/wp\/v2\/comments?post=22935"}],"version-history":[{"count":0,"href":"https:\/\/boskienasiona.pl\/en\/wp-json\/wp\/v2\/product\/22935\/revisions"}],"wp:featuredmedia":[{"embeddable":true,"href":"https:\/\/boskienasiona.pl\/en\/wp-json\/wp\/v2\/media\/22933"}],"wp:attachment":[{"href":"https:\/\/boskienasiona.pl\/en\/wp-json\/wp\/v2\/media?parent=22935"}],"wp:term":[{"taxonomy":"product_cat","embeddable":true,"href":"https:\/\/boskienasiona.pl\/en\/wp-json\/wp\/v2\/product_cat?post=22935"},{"taxonomy":"product_tag","embeddable":true,"href":"https:\/\/boskienasiona.pl\/en\/wp-json\/wp\/v2\/product_tag?post=22935"},{"taxonomy":"location","embeddable":true,"href":"https:\/\/boskienasiona.pl\/en\/wp-json\/wp\/v2\/location?post=22935"}],"curies":[{"name":"wp","href":"https:\/\/api.w.org\/{rel}","templated":true}]}}