{"id":22964,"date":"2026-02-06T12:30:06","date_gmt":"2026-02-06T11:30:06","guid":{"rendered":"https:\/\/boskienasiona.pl\/produkt\/nasiona-warzyw-fasola-szparagowa-tyczna-fioletowa-szybkie-opfite-polny\/"},"modified":"2026-04-19T14:18:42","modified_gmt":"2026-04-19T12:18:42","slug":"nasiona-warzyw-fasola-szparagowa-tyczna-fioletowa-szybkie-opfite-polny","status":"publish","type":"product","link":"https:\/\/boskienasiona.pl\/en\/produkt\/nasiona-warzyw-fasola-szparagowa-tyczna-fioletowa-szybkie-opfite-polny\/","title":{"rendered":"NASIONA WARZYW Fasola szparagowa tyczna FIOLETOWA SZYBKIE OPFITE POLNY"},"content":{"rendered":"<section class=\"section\">\n<div class=\"item item-12\">\n<section class=\"text-item\">\n<h1>NASIONA WARZYW Fasola szparagowa tyczna FIOLETOWA SZYBKIE OPFITE POLNY<\/h1>\n<\/section><\/div>\n<\/section>\n<section class=\"section\">\n<div class=\"item item-6\">\n<section class=\"image-item\"><img decoding=\"async\" src=\"https:\/\/upload.cdn.baselinker.com\/products\/3018170\/c24ac376f91097d0fefd33cff398af8f.jpg\" \/><\/section>\n<\/p><\/div>\n<div class=\"item item-6\">\n<section class=\"text-item\">\n<p><b>Fasola szparagowa tyczna BLAUHILDE<\/b><\/p>\n<p>PHASEOLUS VULGARIS&nbsp; L.<\/p>\n<p>Fasola zwyk\u0142a tyczna szparagowa BLAUHILDE to ceniona, wczesna odmiana w kategorii nasiona fasoli szparagowej, wyr\u00f3\u017cniaj\u0105ca si\u0119 efektownymi, fioletowymi str\u0105kami. Okres wegetacji wynosi oko\u0142o 65 dni, co sprawia, \u017ce jest doskona\u0142ym wyborem dla os\u00f3b poszukuj\u0105cych szybkich i obfitych plon\u00f3w zar\u00f3wno w uprawach amatorskich, jak i towarowych. Nasiona fasoli BLAUHILDE nale\u017cy wysiewa\u0107 bezpo\u015brednio do gruntu od po\u0142owy maja \u00bd V do czerwca VI, po 3\u20134 nasiona w jednym miejscu, na g\u0142\u0119boko\u015b\u0107 3\u20135 cm. Odpowiednia piel\u0119gnacja i podpora gwarantuj\u0105 wysokie plony i zdrowe ro\u015bliny. Ro\u015bliny potrzebuj\u0105 podp\u00f3r lub mog\u0105 by\u0107 sadzone wzd\u0142u\u017c wysokich ogrodze\u0144 czy p\u0142ot\u00f3w, co pozwala optymalnie wykorzysta\u0107 przestrze\u0144 w ogrodzie. Ro\u015blina najlepiej ro\u015bnie na \u017cyznej, niezbyt zwi\u0119z\u0142ej glebie i wymaga stanowiska s\u0142onecznego. Charakterystyczne dla odmiany s\u0105 d\u0142ugie, bezw\u0142\u00f3kniste str\u0105ki o intensywnym, fioletowym kolorze. Co ciekawe, po ugotowaniu str\u0105ki zmieniaj\u0105 kolor na zielony, zachowuj\u0105c przy tym swoj\u0105 krucho\u015b\u0107 i wyj\u0105tkowy smak. To sprawia, \u017ce BLAUHILDE nie tylko \u015bwietnie smakuje, ale r\u00f3wnie\u017c prezentuje si\u0119 niezwykle efektownie w kuchni.<\/p>\n<p><b>\u2705Siew:<\/b> \u00bd V- VI<\/p>\n<p><b>\u2705Zbi\u00f3r:<\/b> VII- IX<\/p>\n<p><b>\u2705Rozstawa:<\/b> 40-60\u00d710 cm<\/p>\n<\/section><\/div>\n<\/section>\n<section class=\"section\">\n<div class=\"item item-6\">\n<section class=\"image-item\"><img decoding=\"async\" src=\"https:\/\/upload.cdn.baselinker.com\/products\/3018170\/9386666f9749e5b52073a83c0b294a06.jpg\" \/><\/section>\n<\/p><\/div>\n<div class=\"item item-6\">\n<section class=\"text-item\">\n<p><b>SPRAWDZONA JAKO\u015a\u0106 NASION<\/b><\/p>\n<p>Oferowane przez nas nasiona s\u0105 testowane w&nbsp;<b>Laboratorium Oceny Nasion pod wzgl\u0119dem:<\/b><\/p>\n<p>\u2705<b>kie\u0142kowania<\/b><\/p>\n<p>\u2705<b>wilgotno\u015bci<\/b><\/p>\n<p>\u2705<b>czysto\u015bci ziarna<\/b><\/p>\n<p><b>Dzi\u0119ki czemu udost\u0119pniane nasiona s\u0105 \u015bci\u015ble wyselekcjonowane, tylko wysokiej klasy.<\/b><\/p>\n<p>Torebki zakupione na naszej aukcji s\u0105 w pe\u0142ni bezpieczne, posiadaj\u0105&nbsp;<b>dat\u0119 wa\u017cno\u015bci i nr partii na opakowaniu.<\/b>&nbsp;Gwarantujemy r\u00f3wnie\u017c jako\u015b\u0107 i oryginalno\u015b\u0107 produkt\u00f3w, poniewa\u017c s\u0105 nabywane bezpo\u015brednio od producenta.<\/p>\n<\/section><\/div>\n<\/section>\n<section class=\"section\">\n<div class=\"item item-6\">\n<section class=\"image-item\"><img decoding=\"async\" src=\"https:\/\/upload.cdn.baselinker.com\/products\/3018170\/89ecebf4568c0ea1549a6bf3b46cfa91.jpg\" \/><\/section>\n<\/p><\/div>\n<div class=\"item item-6\">\n<section class=\"text-item\">\n<p>Zastosowanie i przeznaczenie fasoli BLAUHILDE<\/p>\n<p>Ta wyj\u0105tkowa fioletowa fasola znakomicie nadaje si\u0119 do spo\u017cycia na \u015bwie\u017co, jako sk\u0142adnik sa\u0142atek, sur\u00f3wek, a tak\u017ce do gotowania, duszenia czy sma\u017cenia. Jest r\u00f3wnie\u017c idealna do przetw\u00f3rstwa \u2013 do mro\u017cenia oraz konserwowania, zachowuj\u0105c po obr\u00f3bce kulinarnej doskona\u0142y smak i walory od\u017cywcze.<\/p>\n<\/section><\/div>\n<\/section>\n<section class=\"section\">\n<div class=\"item item-12\">\n<section class=\"image-item\"><img decoding=\"async\" src=\"https:\/\/upload.cdn.baselinker.com\/products\/3018170\/89ecebf4568c0ea1549a6bf3b46cfa91.jpg\" \/><\/section>\n<\/p><\/div>\n<\/section>\n","protected":false},"excerpt":{"rendered":"<p>NASIONA WARZYW Fasola szparagowa tyczna FIOLETOWA SZYBKIE OPFITE POLNY Fasola szparagowa tyczna BLAUHILDE PHASEOLUS VULGARIS&nbsp; L. Fasola zwyk\u0142a tyczna szparagowa BLAUHILDE to ceniona, wczesna odmiana w kategorii nasiona fasoli szparagowej, wyr\u00f3\u017cniaj\u0105ca si\u0119 efektownymi, fioletowymi str\u0105kami. Okres wegetacji wynosi oko\u0142o 65 dni, co sprawia, \u017ce jest doskona\u0142ym wyborem dla os\u00f3b poszukuj\u0105cych szybkich i obfitych plon\u00f3w zar\u00f3wno&#8230;<\/p>\n","protected":false},"featured_media":22962,"comment_status":"open","ping_status":"closed","template":"","meta":{"inline_featured_image":false},"product_cat":[126,162,189],"product_tag":[],"location":[],"class_list":{"0":"post-22964","1":"product","2":"type-product","3":"status-publish","4":"has-post-thumbnail","6":"product_cat-nasiona-warzyw","7":"product_cat-nasiona","8":"product_cat-nasiona-fasolki-szparagowej","9":"nt-post-class","10":"","13":"excerpt-none","16":"first","17":"instock","18":"shipping-taxable","19":"purchasable","20":"product-type-simple"},"_links":{"self":[{"href":"https:\/\/boskienasiona.pl\/en\/wp-json\/wp\/v2\/product\/22964","targetHints":{"allow":["GET"]}}],"collection":[{"href":"https:\/\/boskienasiona.pl\/en\/wp-json\/wp\/v2\/product"}],"about":[{"href":"https:\/\/boskienasiona.pl\/en\/wp-json\/wp\/v2\/types\/product"}],"replies":[{"embeddable":true,"href":"https:\/\/boskienasiona.pl\/en\/wp-json\/wp\/v2\/comments?post=22964"}],"version-history":[{"count":0,"href":"https:\/\/boskienasiona.pl\/en\/wp-json\/wp\/v2\/product\/22964\/revisions"}],"wp:featuredmedia":[{"embeddable":true,"href":"https:\/\/boskienasiona.pl\/en\/wp-json\/wp\/v2\/media\/22962"}],"wp:attachment":[{"href":"https:\/\/boskienasiona.pl\/en\/wp-json\/wp\/v2\/media?parent=22964"}],"wp:term":[{"taxonomy":"product_cat","embeddable":true,"href":"https:\/\/boskienasiona.pl\/en\/wp-json\/wp\/v2\/product_cat?post=22964"},{"taxonomy":"product_tag","embeddable":true,"href":"https:\/\/boskienasiona.pl\/en\/wp-json\/wp\/v2\/product_tag?post=22964"},{"taxonomy":"location","embeddable":true,"href":"https:\/\/boskienasiona.pl\/en\/wp-json\/wp\/v2\/location?post=22964"}],"curies":[{"name":"wp","href":"https:\/\/api.w.org\/{rel}","templated":true}]}}