{"id":22977,"date":"2026-02-06T12:30:20","date_gmt":"2026-02-06T11:30:20","guid":{"rendered":"https:\/\/boskienasiona.pl\/produkt\/nasiona-warzyw-fasola-purple-teepee-szparagowa-karl-fioletowa-do-mrozenia\/"},"modified":"2026-04-15T22:22:27","modified_gmt":"2026-04-15T20:22:27","slug":"nasiona-warzyw-fasola-purple-teepee-szparagowa-karl-fioletowa-do-mrozenia","status":"publish","type":"product","link":"https:\/\/boskienasiona.pl\/en\/produkt\/nasiona-warzyw-fasola-purple-teepee-szparagowa-karl-fioletowa-do-mrozenia\/","title":{"rendered":"NASIONA WARZYW Fasola Purple Teepee szparagowa kar\u0142. fioletowa do mro\u017cenia"},"content":{"rendered":"<section class=\"section\">\n<div class=\"item item-12\">\n<section class=\"text-item\">\n<h1>NASIONA WARZYW Fasola Purple Teepee szparagowa kar\u0142. fioletowa do mro\u017cenia<\/h1>\n<\/section><\/div>\n<\/section>\n<section class=\"section\">\n<div class=\"item item-6\">\n<section class=\"image-item\"><img decoding=\"async\" src=\"https:\/\/upload.cdn.baselinker.com\/products\/3018170\/b8b2f5d412bb7a9aee649cbdd3c78758.jpg\" \/><\/section>\n<\/p><\/div>\n<div class=\"item item-6\">\n<section class=\"text-item\">\n<p><b>Fasola szparagowa kar\u0142owa PURPLE TEEPEE<\/b><\/p>\n<p>PHASEOLUS VULGARIS&nbsp; L.<\/p>\n<p>Odmiana wczesna, obficie plonuj\u0105ca, o d\u0142ugich, lekko wygi\u0119tych str\u0105kach barwy fioletowej. Polecana do uprawy amatorskiej. Bezw\u0142\u00f3kniste str\u0105ki po ugotowaniu zmieniaj\u0105 barw\u0119 na zielon\u0105. Polecane s\u0105 do bezpo\u015bredniego spo\u017cycia, konserwowania i mro\u017cenia. Wysiew wprost do gruntu od po\u0142owy V do VI na g\u0142\u0119boko\u015b\u0107 3-5 cm. Doskona\u0142y wyb\u00f3r, je\u015bli szukasz&nbsp;nasiona foli szparagowej fioletowej&nbsp;ta odmiana zapewnia wysoki plon i jako\u015b\u0107.<\/p>\n<\/section><\/div>\n<\/section>\n<section class=\"section\">\n<div class=\"item item-6\">\n<section class=\"image-item\"><img decoding=\"async\" src=\"https:\/\/upload.cdn.baselinker.com\/products\/3018170\/53260e1e57540c8da7ef8026d1eac95a.jpg\" \/><\/section>\n<\/p><\/div>\n<div class=\"item item-6\">\n<section class=\"text-item\">\n<p><b>SPRAWDZONA JAKO\u015a\u0106 NASION<\/b><\/p>\n<p>Oferowane przez nas nasiona s\u0105 testowane w&nbsp;<b>Laboratorium Oceny Nasion pod wzgl\u0119dem:<\/b><\/p>\n<p>\u2705<b>kie\u0142kowania<\/b><\/p>\n<p>\u2705<b>wilgotno\u015bci<\/b><\/p>\n<p>\u2705<b>czysto\u015bci ziarna<\/b><\/p>\n<p><b>Dzi\u0119ki czemu udost\u0119pniane nasiona s\u0105 \u015bci\u015ble wyselekcjonowane, tylko wysokiej klasy.<\/b><\/p>\n<p>Torebki zakupione na naszej aukcji s\u0105 w pe\u0142ni bezpieczne, posiadaj\u0105&nbsp;<b>dat\u0119 wa\u017cno\u015bci i nr partii na opakowaniu.<\/b>&nbsp;Gwarantujemy r\u00f3wnie\u017c jako\u015b\u0107 i oryginalno\u015b\u0107 produkt\u00f3w, poniewa\u017c s\u0105 nabywane bezpo\u015brednio od producenta.<\/p>\n<\/section><\/div>\n<\/section>\n<section class=\"section\">\n<div class=\"item item-12\">\n<section class=\"image-item\"><img decoding=\"async\" src=\"https:\/\/upload.cdn.baselinker.com\/products\/3018170\/b96dc5be6cbeb3c0440834fb2d53e7b0.jpg\" \/><\/section>\n<\/p><\/div>\n<\/section>\n","protected":false},"excerpt":{"rendered":"<p>NASIONA WARZYW Fasola Purple Teepee szparagowa kar\u0142. fioletowa do mro\u017cenia Fasola szparagowa kar\u0142owa PURPLE TEEPEE PHASEOLUS VULGARIS&nbsp; L. Odmiana wczesna, obficie plonuj\u0105ca, o d\u0142ugich, lekko wygi\u0119tych str\u0105kach barwy fioletowej. Polecana do uprawy amatorskiej. Bezw\u0142\u00f3kniste str\u0105ki po ugotowaniu zmieniaj\u0105 barw\u0119 na zielon\u0105. Polecane s\u0105 do bezpo\u015bredniego spo\u017cycia, konserwowania i mro\u017cenia. Wysiew wprost do gruntu od po\u0142owy&#8230;<\/p>\n","protected":false},"featured_media":22975,"comment_status":"open","ping_status":"closed","template":"","meta":{"inline_featured_image":false},"product_cat":[126,162,189],"product_tag":[],"location":[],"class_list":{"0":"post-22977","1":"product","2":"type-product","3":"status-publish","4":"has-post-thumbnail","6":"product_cat-nasiona-warzyw","7":"product_cat-nasiona","8":"product_cat-nasiona-fasolki-szparagowej","9":"nt-post-class","10":"","13":"excerpt-none","16":"first","17":"instock","18":"shipping-taxable","19":"purchasable","20":"product-type-simple"},"_links":{"self":[{"href":"https:\/\/boskienasiona.pl\/en\/wp-json\/wp\/v2\/product\/22977","targetHints":{"allow":["GET"]}}],"collection":[{"href":"https:\/\/boskienasiona.pl\/en\/wp-json\/wp\/v2\/product"}],"about":[{"href":"https:\/\/boskienasiona.pl\/en\/wp-json\/wp\/v2\/types\/product"}],"replies":[{"embeddable":true,"href":"https:\/\/boskienasiona.pl\/en\/wp-json\/wp\/v2\/comments?post=22977"}],"version-history":[{"count":0,"href":"https:\/\/boskienasiona.pl\/en\/wp-json\/wp\/v2\/product\/22977\/revisions"}],"wp:featuredmedia":[{"embeddable":true,"href":"https:\/\/boskienasiona.pl\/en\/wp-json\/wp\/v2\/media\/22975"}],"wp:attachment":[{"href":"https:\/\/boskienasiona.pl\/en\/wp-json\/wp\/v2\/media?parent=22977"}],"wp:term":[{"taxonomy":"product_cat","embeddable":true,"href":"https:\/\/boskienasiona.pl\/en\/wp-json\/wp\/v2\/product_cat?post=22977"},{"taxonomy":"product_tag","embeddable":true,"href":"https:\/\/boskienasiona.pl\/en\/wp-json\/wp\/v2\/product_tag?post=22977"},{"taxonomy":"location","embeddable":true,"href":"https:\/\/boskienasiona.pl\/en\/wp-json\/wp\/v2\/location?post=22977"}],"curies":[{"name":"wp","href":"https:\/\/api.w.org\/{rel}","templated":true}]}}