{"id":22990,"date":"2026-02-06T12:30:38","date_gmt":"2026-02-06T11:30:38","guid":{"rendered":"https:\/\/boskienasiona.pl\/produkt\/nasiona-warzyw-fasola-szparagowa-tyczna-neckargold-miesista-bezlykowa\/"},"modified":"2026-04-18T14:18:30","modified_gmt":"2026-04-18T12:18:30","slug":"nasiona-warzyw-fasola-szparagowa-tyczna-neckargold-miesista-bezlykowa","status":"publish","type":"product","link":"https:\/\/boskienasiona.pl\/en\/produkt\/nasiona-warzyw-fasola-szparagowa-tyczna-neckargold-miesista-bezlykowa\/","title":{"rendered":"NASIONA WARZYW Fasola szparagowa tyczna NECKARGOLD mi\u0119sista bez\u0142ykowa"},"content":{"rendered":"<section class=\"section\">\n<div class=\"item item-12\">\n<section class=\"text-item\">\n<h1>NASIONA WARZYW Fasola szparagowa tyczna NECKARGOLD mi\u0119sista bez\u0142ykowa<\/h1>\n<\/section><\/div>\n<\/section>\n<section class=\"section\">\n<div class=\"item item-6\">\n<section class=\"image-item\"><img decoding=\"async\" src=\"https:\/\/upload.cdn.baselinker.com\/products\/3018170\/291f323790a3ebff51ff8ceaa7b40210.jpg\" \/><\/section>\n<\/p><\/div>\n<div class=\"item item-6\">\n<section class=\"text-item\">\n<p><b>Fasola szparagowa tyczna NECKARGOLD<\/b><\/p>\n<p>PHASEOLUS VULGARIS&nbsp; L.<\/p>\n<p>Str\u0105ki \u017c\u00f3\u0142te, d\u0142ugo\u015bci 20-25cm, okr\u0105g\u0142e, mi\u0119siste, bez\u0142ykowe. Nasiona bia\u0142e, okr\u0105g\u0142e. Zapewnia bardzo obfite zbiory. Odporna na wirusa mozaiki fasoli. Wymaga podp\u00f3r (palik\u00f3w). Udaje si\u0119 najlepiej na glebach \u015brednio zwi\u0119z\u0142ych, \u017cyznych. Siew druga po\u0142owa V do VI.<\/p>\n<ul>\n<li><b>Siew:<\/b> \u00bd V- VI<\/li>\n<li><b>Zbi\u00f3r:<\/b> VII- X<\/li>\n<li><b>Rozstawa:<\/b> 60\u00d750 cm<\/li>\n<\/ul>\n<\/section><\/div>\n<\/section>\n<section class=\"section\">\n<div class=\"item item-6\">\n<section class=\"image-item\"><img decoding=\"async\" src=\"https:\/\/upload.cdn.baselinker.com\/products\/3018170\/c87e1d538549c9e957e7d1886867e073.jpg\" \/><\/section>\n<\/p><\/div>\n<div class=\"item item-6\">\n<section class=\"text-item\">\n<p><b>SPRAWDZONA JAKO\u015a\u0106 NASION<\/b><\/p>\n<p>Oferowane przez nas nasiona s\u0105 testowane w&nbsp;<b>Laboratorium Oceny Nasion pod wzgl\u0119dem:<\/b><\/p>\n<p>\u2705<b>kie\u0142kowania<\/b><\/p>\n<p>\u2705<b>wilgotno\u015bci<\/b><\/p>\n<p>\u2705<b>czysto\u015bci ziarna<\/b><\/p>\n<p><b>Dzi\u0119ki czemu udost\u0119pniane nasiona s\u0105 \u015bci\u015ble wyselekcjonowane, tylko wysokiej klasy.<\/b><\/p>\n<p>Torebki zakupione na naszej aukcji s\u0105 w pe\u0142ni bezpieczne, posiadaj\u0105&nbsp;<b>dat\u0119 wa\u017cno\u015bci i nr partii na opakowaniu.<\/b>&nbsp;Gwarantujemy r\u00f3wnie\u017c jako\u015b\u0107 i oryginalno\u015b\u0107 produkt\u00f3w, poniewa\u017c s\u0105 nabywane bezpo\u015brednio od producenta.<\/p>\n<\/section><\/div>\n<\/section>\n<section class=\"section\">\n<div class=\"item item-12\">\n<section class=\"image-item\"><img decoding=\"async\" src=\"https:\/\/upload.cdn.baselinker.com\/products\/3018170\/5fede5002b2d78b6157a703164b7a691.jpg\" \/><\/section>\n<\/p><\/div>\n<\/section>\n<section class=\"section\">\n<div class=\"item item-12\">\n<section class=\"image-item\"><img decoding=\"async\" src=\"https:\/\/upload.cdn.baselinker.com\/products\/3018170\/53383f29e6460947976e8f9d5040fd94.jpg\" \/><\/section>\n<\/p><\/div>\n<\/section>\n","protected":false},"excerpt":{"rendered":"<p>NASIONA WARZYW Fasola szparagowa tyczna NECKARGOLD mi\u0119sista bez\u0142ykowa Fasola szparagowa tyczna NECKARGOLD PHASEOLUS VULGARIS&nbsp; L. Str\u0105ki \u017c\u00f3\u0142te, d\u0142ugo\u015bci 20-25cm, okr\u0105g\u0142e, mi\u0119siste, bez\u0142ykowe. Nasiona bia\u0142e, okr\u0105g\u0142e. Zapewnia bardzo obfite zbiory. Odporna na wirusa mozaiki fasoli. Wymaga podp\u00f3r (palik\u00f3w). Udaje si\u0119 najlepiej na glebach \u015brednio zwi\u0119z\u0142ych, \u017cyznych. Siew druga po\u0142owa V do VI. Siew: \u00bd V- VI&#8230;<\/p>\n","protected":false},"featured_media":22988,"comment_status":"open","ping_status":"closed","template":"","meta":{"inline_featured_image":false},"product_cat":[126,162,189],"product_tag":[],"location":[],"class_list":{"0":"post-22990","1":"product","2":"type-product","3":"status-publish","4":"has-post-thumbnail","6":"product_cat-nasiona-warzyw","7":"product_cat-nasiona","8":"product_cat-nasiona-fasolki-szparagowej","9":"nt-post-class","10":"","13":"excerpt-none","16":"first","17":"instock","18":"shipping-taxable","19":"purchasable","20":"product-type-simple"},"_links":{"self":[{"href":"https:\/\/boskienasiona.pl\/en\/wp-json\/wp\/v2\/product\/22990","targetHints":{"allow":["GET"]}}],"collection":[{"href":"https:\/\/boskienasiona.pl\/en\/wp-json\/wp\/v2\/product"}],"about":[{"href":"https:\/\/boskienasiona.pl\/en\/wp-json\/wp\/v2\/types\/product"}],"replies":[{"embeddable":true,"href":"https:\/\/boskienasiona.pl\/en\/wp-json\/wp\/v2\/comments?post=22990"}],"version-history":[{"count":0,"href":"https:\/\/boskienasiona.pl\/en\/wp-json\/wp\/v2\/product\/22990\/revisions"}],"wp:featuredmedia":[{"embeddable":true,"href":"https:\/\/boskienasiona.pl\/en\/wp-json\/wp\/v2\/media\/22988"}],"wp:attachment":[{"href":"https:\/\/boskienasiona.pl\/en\/wp-json\/wp\/v2\/media?parent=22990"}],"wp:term":[{"taxonomy":"product_cat","embeddable":true,"href":"https:\/\/boskienasiona.pl\/en\/wp-json\/wp\/v2\/product_cat?post=22990"},{"taxonomy":"product_tag","embeddable":true,"href":"https:\/\/boskienasiona.pl\/en\/wp-json\/wp\/v2\/product_tag?post=22990"},{"taxonomy":"location","embeddable":true,"href":"https:\/\/boskienasiona.pl\/en\/wp-json\/wp\/v2\/location?post=22990"}],"curies":[{"name":"wp","href":"https:\/\/api.w.org\/{rel}","templated":true}]}}