{"id":23007,"date":"2026-02-06T12:30:56","date_gmt":"2026-02-06T11:30:56","guid":{"rendered":"https:\/\/boskienasiona.pl\/produkt\/nasiona-warzyw-fasola-karl-zolta-supernano-giallo-bardzo-plenna-typu-wstega\/"},"modified":"2026-04-16T22:21:35","modified_gmt":"2026-04-16T20:21:35","slug":"nasiona-warzyw-fasola-karl-zolta-supernano-giallo-bardzo-plenna-typu-wstega","status":"publish","type":"product","link":"https:\/\/boskienasiona.pl\/en\/produkt\/nasiona-warzyw-fasola-karl-zolta-supernano-giallo-bardzo-plenna-typu-wstega\/","title":{"rendered":"NASIONA WARZYW Fasola kar\u0142 \u017c\u00f3\u0142ta Supernano Giallo bardzo plenna typu Wst\u0119ga"},"content":{"rendered":"<section class=\"section\">\n<div class=\"item item-12\">\n<section class=\"text-item\">\n<h1>NASIONA WARZYW Fasola kar\u0142 \u017c\u00f3\u0142ta Supernano Giallo bardzo plenna typu Wst\u0119ga<\/h1>\n<\/section><\/div>\n<\/section>\n<section class=\"section\">\n<div class=\"item item-6\">\n<section class=\"image-item\"><img decoding=\"async\" src=\"https:\/\/upload.cdn.baselinker.com\/products\/3018170\/b721279443707f5b62190d9242a6d547.jpg\" \/><\/section>\n<\/p><\/div>\n<div class=\"item item-6\">\n<section class=\"text-item\">\n<p><b>Fasola szparagowa kar\u0142owa SUPERNANO<\/b> GIALLO<\/p>\n<p>PHASEOLUS VULGARIS&nbsp; L.<\/p>\n<p>Odmiana wczesna, kar\u0142owa, wysoko\u015b\u0107 ro\u015blin 30-45cm, bardzo plenna, typu Wst\u0119ga. Tworzy bezw\u0142\u00f3kniste jasno\u017c\u00f3\u0142te p\u0142askie str\u0105ki, 2-2,5 cm szeroko\u015bci i d\u0142ugo\u015bci 16-17cm. Nasiona koloru czarnego. Ze wzgl\u0119du na wczesno\u015b\u0107 i dobry smak nadaj\u0119 si\u0119 do bezpo\u015bredniego spo\u017cycia oraz mro\u017conki i konserwy. Wysiew wprost do gruntu w od po\u0142owy V do VII na g\u0142\u0119boko\u015b\u0107 2-3cm.<\/p>\n<ul>\n<li><b>Siew:<\/b> \u00bd V- pocz\u0105tek VII<\/li>\n<li><b>Zbi\u00f3r:<\/b> VII- IX<\/li>\n<li><b>Rozstawa:<\/b> 40-60 x 10 cm<\/li>\n<\/ul>\n<\/section><\/div>\n<\/section>\n<section class=\"section\">\n<div class=\"item item-6\">\n<section class=\"image-item\"><img decoding=\"async\" src=\"https:\/\/upload.cdn.baselinker.com\/products\/3018170\/219c5bd069700abb0c86eb847c9f4646.jpg\" \/><\/section>\n<\/p><\/div>\n<div class=\"item item-6\">\n<section class=\"text-item\">\n<p><b>SPRAWDZONA JAKO\u015a\u0106 NASION<\/b><\/p>\n<p>Oferowane przez nas nasiona s\u0105 testowane w&nbsp;<b>Laboratorium Oceny Nasion pod wzgl\u0119dem:<\/b><\/p>\n<p>\u2705<b>kie\u0142kowania<\/b><\/p>\n<p>\u2705<b>wilgotno\u015bci<\/b><\/p>\n<p>\u2705<b>czysto\u015bci ziarna<\/b><\/p>\n<p><b>Dzi\u0119ki czemu udost\u0119pniane nasiona s\u0105 \u015bci\u015ble wyselekcjonowane, tylko wysokiej klasy.<\/b><\/p>\n<p>Torebki zakupione na naszej aukcji s\u0105 w pe\u0142ni bezpieczne, posiadaj\u0105&nbsp;<b>dat\u0119 wa\u017cno\u015bci i nr partii na opakowaniu.<\/b>&nbsp;Gwarantujemy r\u00f3wnie\u017c jako\u015b\u0107 i oryginalno\u015b\u0107 produkt\u00f3w, poniewa\u017c s\u0105 nabywane bezpo\u015brednio od producenta.<\/p>\n<\/section><\/div>\n<\/section>\n<section class=\"section\">\n<div class=\"item item-12\">\n<section class=\"image-item\"><img decoding=\"async\" src=\"https:\/\/upload.cdn.baselinker.com\/products\/3018170\/b613264c301714631db013694766eaaf.jpg\" \/><\/section>\n<\/p><\/div>\n<\/section>\n","protected":false},"excerpt":{"rendered":"<p>NASIONA WARZYW Fasola kar\u0142 \u017c\u00f3\u0142ta Supernano Giallo bardzo plenna typu Wst\u0119ga Fasola szparagowa kar\u0142owa SUPERNANO GIALLO PHASEOLUS VULGARIS&nbsp; L. Odmiana wczesna, kar\u0142owa, wysoko\u015b\u0107 ro\u015blin 30-45cm, bardzo plenna, typu Wst\u0119ga. Tworzy bezw\u0142\u00f3kniste jasno\u017c\u00f3\u0142te p\u0142askie str\u0105ki, 2-2,5 cm szeroko\u015bci i d\u0142ugo\u015bci 16-17cm. Nasiona koloru czarnego. Ze wzgl\u0119du na wczesno\u015b\u0107 i dobry smak nadaj\u0119 si\u0119 do bezpo\u015bredniego spo\u017cycia&#8230;<\/p>\n","protected":false},"featured_media":23005,"comment_status":"open","ping_status":"closed","template":"","meta":{"inline_featured_image":false},"product_cat":[126,162,189],"product_tag":[],"location":[],"class_list":{"0":"post-23007","1":"product","2":"type-product","3":"status-publish","4":"has-post-thumbnail","6":"product_cat-nasiona-warzyw","7":"product_cat-nasiona","8":"product_cat-nasiona-fasolki-szparagowej","9":"nt-post-class","10":"","13":"excerpt-none","16":"first","17":"instock","18":"shipping-taxable","19":"purchasable","20":"product-type-simple"},"_links":{"self":[{"href":"https:\/\/boskienasiona.pl\/en\/wp-json\/wp\/v2\/product\/23007","targetHints":{"allow":["GET"]}}],"collection":[{"href":"https:\/\/boskienasiona.pl\/en\/wp-json\/wp\/v2\/product"}],"about":[{"href":"https:\/\/boskienasiona.pl\/en\/wp-json\/wp\/v2\/types\/product"}],"replies":[{"embeddable":true,"href":"https:\/\/boskienasiona.pl\/en\/wp-json\/wp\/v2\/comments?post=23007"}],"version-history":[{"count":0,"href":"https:\/\/boskienasiona.pl\/en\/wp-json\/wp\/v2\/product\/23007\/revisions"}],"wp:featuredmedia":[{"embeddable":true,"href":"https:\/\/boskienasiona.pl\/en\/wp-json\/wp\/v2\/media\/23005"}],"wp:attachment":[{"href":"https:\/\/boskienasiona.pl\/en\/wp-json\/wp\/v2\/media?parent=23007"}],"wp:term":[{"taxonomy":"product_cat","embeddable":true,"href":"https:\/\/boskienasiona.pl\/en\/wp-json\/wp\/v2\/product_cat?post=23007"},{"taxonomy":"product_tag","embeddable":true,"href":"https:\/\/boskienasiona.pl\/en\/wp-json\/wp\/v2\/product_tag?post=23007"},{"taxonomy":"location","embeddable":true,"href":"https:\/\/boskienasiona.pl\/en\/wp-json\/wp\/v2\/location?post=23007"}],"curies":[{"name":"wp","href":"https:\/\/api.w.org\/{rel}","templated":true}]}}