{"id":23020,"date":"2026-02-06T12:31:09","date_gmt":"2026-02-06T11:31:09","guid":{"rendered":"https:\/\/boskienasiona.pl\/produkt\/nasiona-warzyw-fasola-szparagowa-karlowa-golden-teepee-sredniowczesna\/"},"modified":"2026-04-17T14:21:47","modified_gmt":"2026-04-17T12:21:47","slug":"nasiona-warzyw-fasola-szparagowa-karlowa-golden-teepee-sredniowczesna","status":"publish","type":"product","link":"https:\/\/boskienasiona.pl\/en\/produkt\/nasiona-warzyw-fasola-szparagowa-karlowa-golden-teepee-sredniowczesna\/","title":{"rendered":"NASIONA WARZYW Fasola szparagowa kar\u0142owa GOLDEN TEEPEE \u015bredniowczesna"},"content":{"rendered":"<section class=\"section\">\n<div class=\"item item-12\">\n<section class=\"text-item\">\n<h1>NASIONA WARZYW Fasola szparagowa kar\u0142owa GOLDEN TEEPEE \u015bredniowczesna<\/h1>\n<\/section><\/div>\n<\/section>\n<section class=\"section\">\n<div class=\"item item-6\">\n<section class=\"image-item\"><img decoding=\"async\" src=\"https:\/\/upload.cdn.baselinker.com\/products\/3018170\/387720a3a173c96989a03f142f713d43.jpg\" \/><\/section>\n<\/p><\/div>\n<div class=\"item item-6\">\n<section class=\"text-item\">\n<p><b>Fasola szparagowa kar\u0142owa GOLDEN TEEPEE<\/b><\/p>\n<p>PHASEOLUS VULGARIS&nbsp; L.<\/p>\n<p>Odmiana \u015bredniowczesna. Fasola tworzy bezw\u0142\u00f3kniste z\u0142oto\u017c\u00f3\u0142te str\u0105ki d\u0142ugo\u015b\u0107 15-18cm powy\u017cej li\u015bci, co u\u0142atwia ich zbi\u00f3r. Ro\u015bliny o stabilnym wzro\u015bcie gwarantuj\u0105cym wysokie<\/p>\n<p>i wyr\u00f3wnane zbiory. Polecana do bezpo\u015bredniego spo\u017cycia, konserwowania i mro\u017cenia. Wysiew nasion od pocz\u0105tku V do po\u0142owy VII. Zbi\u00f3r od po\u0142owy VII do IX.<\/p>\n<ul>\n<li><b>Siew:<\/b> V- \u00bd VII<\/li>\n<li><b>Zbi\u00f3r:<\/b> \u00bd VII- IX<\/li>\n<li><b>Rozstawa:<\/b> 30-50\u00d77-10 cm<\/li>\n<\/ul>\n<\/section><\/div>\n<\/section>\n<section class=\"section\">\n<div class=\"item item-6\">\n<section class=\"image-item\"><img decoding=\"async\" src=\"https:\/\/upload.cdn.baselinker.com\/products\/3018170\/7e8dbc0f3ae9dc80bb42d3e56f850b2d.jpg\" \/><\/section>\n<\/p><\/div>\n<div class=\"item item-6\">\n<section class=\"text-item\">\n<p><b>SPRAWDZONA JAKO\u015a\u0106 NASION<\/b><\/p>\n<p>Oferowane przez nas nasiona s\u0105 testowane w&nbsp;<b>Laboratorium Oceny Nasion pod wzgl\u0119dem:<\/b><\/p>\n<p>\u2705<b>kie\u0142kowania<\/b><\/p>\n<p>\u2705<b>wilgotno\u015bci<\/b><\/p>\n<p>\u2705<b>czysto\u015bci ziarna<\/b><\/p>\n<p><b>Dzi\u0119ki czemu udost\u0119pniane nasiona s\u0105 \u015bci\u015ble wyselekcjonowane, tylko wysokiej klasy.<\/b><\/p>\n<p>Torebki zakupione na naszej aukcji s\u0105 w pe\u0142ni bezpieczne, posiadaj\u0105&nbsp;<b>dat\u0119 wa\u017cno\u015bci i nr partii na opakowaniu.<\/b>&nbsp;Gwarantujemy r\u00f3wnie\u017c jako\u015b\u0107 i oryginalno\u015b\u0107 produkt\u00f3w, poniewa\u017c s\u0105 nabywane bezpo\u015brednio od producenta.<\/p>\n<\/section><\/div>\n<\/section>\n<section class=\"section\">\n<div class=\"item item-12\">\n<section class=\"image-item\"><img decoding=\"async\" src=\"https:\/\/upload.cdn.baselinker.com\/products\/3018170\/6b86d7453f1738dbb494211468f2c8d9.jpg\" \/><\/section>\n<\/p><\/div>\n<\/section>\n","protected":false},"excerpt":{"rendered":"<p>NASIONA WARZYW Fasola szparagowa kar\u0142owa GOLDEN TEEPEE \u015bredniowczesna Fasola szparagowa kar\u0142owa GOLDEN TEEPEE PHASEOLUS VULGARIS&nbsp; L. Odmiana \u015bredniowczesna. Fasola tworzy bezw\u0142\u00f3kniste z\u0142oto\u017c\u00f3\u0142te str\u0105ki d\u0142ugo\u015b\u0107 15-18cm powy\u017cej li\u015bci, co u\u0142atwia ich zbi\u00f3r. Ro\u015bliny o stabilnym wzro\u015bcie gwarantuj\u0105cym wysokie i wyr\u00f3wnane zbiory. Polecana do bezpo\u015bredniego spo\u017cycia, konserwowania i mro\u017cenia. Wysiew nasion od pocz\u0105tku V do po\u0142owy VII&#8230;.<\/p>\n","protected":false},"featured_media":23018,"comment_status":"open","ping_status":"closed","template":"","meta":{"inline_featured_image":false},"product_cat":[126,162,189],"product_tag":[],"location":[],"class_list":{"0":"post-23020","1":"product","2":"type-product","3":"status-publish","4":"has-post-thumbnail","6":"product_cat-nasiona-warzyw","7":"product_cat-nasiona","8":"product_cat-nasiona-fasolki-szparagowej","9":"nt-post-class","10":"","13":"excerpt-none","16":"first","17":"instock","18":"shipping-taxable","19":"purchasable","20":"product-type-simple"},"_links":{"self":[{"href":"https:\/\/boskienasiona.pl\/en\/wp-json\/wp\/v2\/product\/23020","targetHints":{"allow":["GET"]}}],"collection":[{"href":"https:\/\/boskienasiona.pl\/en\/wp-json\/wp\/v2\/product"}],"about":[{"href":"https:\/\/boskienasiona.pl\/en\/wp-json\/wp\/v2\/types\/product"}],"replies":[{"embeddable":true,"href":"https:\/\/boskienasiona.pl\/en\/wp-json\/wp\/v2\/comments?post=23020"}],"version-history":[{"count":0,"href":"https:\/\/boskienasiona.pl\/en\/wp-json\/wp\/v2\/product\/23020\/revisions"}],"wp:featuredmedia":[{"embeddable":true,"href":"https:\/\/boskienasiona.pl\/en\/wp-json\/wp\/v2\/media\/23018"}],"wp:attachment":[{"href":"https:\/\/boskienasiona.pl\/en\/wp-json\/wp\/v2\/media?parent=23020"}],"wp:term":[{"taxonomy":"product_cat","embeddable":true,"href":"https:\/\/boskienasiona.pl\/en\/wp-json\/wp\/v2\/product_cat?post=23020"},{"taxonomy":"product_tag","embeddable":true,"href":"https:\/\/boskienasiona.pl\/en\/wp-json\/wp\/v2\/product_tag?post=23020"},{"taxonomy":"location","embeddable":true,"href":"https:\/\/boskienasiona.pl\/en\/wp-json\/wp\/v2\/location?post=23020"}],"curies":[{"name":"wp","href":"https:\/\/api.w.org\/{rel}","templated":true}]}}