{"id":23033,"date":"2026-02-06T12:31:23","date_gmt":"2026-02-06T11:31:23","guid":{"rendered":"https:\/\/boskienasiona.pl\/produkt\/nasiona-warzyw-fasola-szparagowa-karlowa-zolta-goldtime-wczesna-plenna\/"},"modified":"2026-04-16T14:22:47","modified_gmt":"2026-04-16T12:22:47","slug":"nasiona-warzyw-fasola-szparagowa-karlowa-zolta-goldtime-wczesna-plenna","status":"publish","type":"product","link":"https:\/\/boskienasiona.pl\/en\/produkt\/nasiona-warzyw-fasola-szparagowa-karlowa-zolta-goldtime-wczesna-plenna\/","title":{"rendered":"NASIONA WARZYW Fasola szparagowa kar\u0142owa \u017c\u00f3\u0142ta GOLDTIME Wczesna plenna"},"content":{"rendered":"<section class=\"section\">\n<div class=\"item item-12\">\n<section class=\"text-item\">\n<h1>NASIONA WARZYW Fasola szparagowa kar\u0142owa \u017c\u00f3\u0142ta GOLDTIME Wczesna plenna<\/h1>\n<\/section><\/div>\n<\/section>\n<section class=\"section\">\n<div class=\"item item-6\">\n<section class=\"image-item\"><img decoding=\"async\" src=\"https:\/\/upload.cdn.baselinker.com\/products\/3018170\/6ae9bb44d708470c935787d242d0a969.jpg\" \/><\/section>\n<\/p><\/div>\n<div class=\"item item-6\">\n<section class=\"text-item\">\n<p><b>Fasola szparagowa kar\u0142owa GOLDTIME<\/b><\/p>\n<p>PHASEOLUS VULGARIS L.<\/p>\n<p>Wczesna plenna odmiana fasoli o wysokiej odporno\u015bci na wirusa mozaiki. Tworzy proste, smuk\u0142e, \u017c\u00f3\u0142te i d\u0142ugie (13 cm) str\u0105ki bez tendencji do tworzenia \u0142yka. Wi\u0105\u017ce str\u0105ki nad li\u015b\u0107mi, dzi\u0119ki czemu jest \u0142atwa w zbiorze, zar\u00f3wno r\u0119cznym, jak i maszynowym. Po zblanszowaniu fasole zachowuj\u0105 chrupko\u015b\u0107, a w smaku s\u0105 niezwykle delikatne. Siew wprost do gruntu od V do VII.<\/p>\n<p><b>\u2705Siew:<\/b> V-VII<\/p>\n<p><b>\u2705Zbi\u00f3r:<\/b> VII-X<\/p>\n<p><b>\u2705Rozstawa:<\/b> 40-60\u00d710 cm<\/p>\n<\/section><\/div>\n<\/section>\n<section class=\"section\">\n<div class=\"item item-6\">\n<section class=\"image-item\"><img decoding=\"async\" src=\"https:\/\/upload.cdn.baselinker.com\/products\/3018170\/70d0752ce63c6c6a18669e00cc6a3ca3.jpg\" \/><\/section>\n<\/p><\/div>\n<div class=\"item item-6\">\n<section class=\"text-item\">\n<p><b>SPRAWDZONA JAKO\u015a\u0106 NASION<\/b><\/p>\n<p>Oferowane przez nas nasiona s\u0105 testowane w&nbsp;<b>Laboratorium Oceny Nasion pod wzgl\u0119dem:<\/b><\/p>\n<p>\u2705<b>kie\u0142kowania<\/b><\/p>\n<p>\u2705<b>wilgotno\u015bci<\/b><\/p>\n<p>\u2705<b>czysto\u015bci ziarna<\/b><\/p>\n<p><b>Dzi\u0119ki czemu udost\u0119pniane nasiona s\u0105 \u015bci\u015ble wyselekcjonowane, tylko wysokiej klasy.<\/b><\/p>\n<p>Torebki zakupione na naszej aukcji s\u0105 w pe\u0142ni bezpieczne, posiadaj\u0105&nbsp;<b>dat\u0119 wa\u017cno\u015bci i nr partii na opakowaniu.<\/b>&nbsp;Gwarantujemy r\u00f3wnie\u017c jako\u015b\u0107 i oryginalno\u015b\u0107 produkt\u00f3w, poniewa\u017c s\u0105 nabywane bezpo\u015brednio od producenta.<\/p>\n<\/section><\/div>\n<\/section>\n<section class=\"section\">\n<div class=\"item item-12\">\n<section class=\"image-item\"><img decoding=\"async\" src=\"https:\/\/upload.cdn.baselinker.com\/products\/3018170\/671c28537fb120caeaf7cf160e917b43.jpg\" \/><\/section>\n<\/p><\/div>\n<\/section>\n<section class=\"section\">\n<div class=\"item item-12\">\n<section class=\"image-item\"><img decoding=\"async\" src=\"https:\/\/upload.cdn.baselinker.com\/products\/3018170\/31d4caed667c51bdd6b1440d95e0a127.jpg\" \/><\/section>\n<\/p><\/div>\n<\/section>\n","protected":false},"excerpt":{"rendered":"<p>NASIONA WARZYW Fasola szparagowa kar\u0142owa \u017c\u00f3\u0142ta GOLDTIME Wczesna plenna Fasola szparagowa kar\u0142owa GOLDTIME PHASEOLUS VULGARIS L. Wczesna plenna odmiana fasoli o wysokiej odporno\u015bci na wirusa mozaiki. Tworzy proste, smuk\u0142e, \u017c\u00f3\u0142te i d\u0142ugie (13 cm) str\u0105ki bez tendencji do tworzenia \u0142yka. Wi\u0105\u017ce str\u0105ki nad li\u015b\u0107mi, dzi\u0119ki czemu jest \u0142atwa w zbiorze, zar\u00f3wno r\u0119cznym, jak i maszynowym&#8230;.<\/p>\n","protected":false},"featured_media":23031,"comment_status":"open","ping_status":"closed","template":"","meta":{"inline_featured_image":false},"product_cat":[126,162,189],"product_tag":[],"location":[],"class_list":{"0":"post-23033","1":"product","2":"type-product","3":"status-publish","4":"has-post-thumbnail","6":"product_cat-nasiona-warzyw","7":"product_cat-nasiona","8":"product_cat-nasiona-fasolki-szparagowej","9":"nt-post-class","10":"","13":"excerpt-none","16":"first","17":"instock","18":"shipping-taxable","19":"purchasable","20":"product-type-simple"},"_links":{"self":[{"href":"https:\/\/boskienasiona.pl\/en\/wp-json\/wp\/v2\/product\/23033","targetHints":{"allow":["GET"]}}],"collection":[{"href":"https:\/\/boskienasiona.pl\/en\/wp-json\/wp\/v2\/product"}],"about":[{"href":"https:\/\/boskienasiona.pl\/en\/wp-json\/wp\/v2\/types\/product"}],"replies":[{"embeddable":true,"href":"https:\/\/boskienasiona.pl\/en\/wp-json\/wp\/v2\/comments?post=23033"}],"version-history":[{"count":0,"href":"https:\/\/boskienasiona.pl\/en\/wp-json\/wp\/v2\/product\/23033\/revisions"}],"wp:featuredmedia":[{"embeddable":true,"href":"https:\/\/boskienasiona.pl\/en\/wp-json\/wp\/v2\/media\/23031"}],"wp:attachment":[{"href":"https:\/\/boskienasiona.pl\/en\/wp-json\/wp\/v2\/media?parent=23033"}],"wp:term":[{"taxonomy":"product_cat","embeddable":true,"href":"https:\/\/boskienasiona.pl\/en\/wp-json\/wp\/v2\/product_cat?post=23033"},{"taxonomy":"product_tag","embeddable":true,"href":"https:\/\/boskienasiona.pl\/en\/wp-json\/wp\/v2\/product_tag?post=23033"},{"taxonomy":"location","embeddable":true,"href":"https:\/\/boskienasiona.pl\/en\/wp-json\/wp\/v2\/location?post=23033"}],"curies":[{"name":"wp","href":"https:\/\/api.w.org\/{rel}","templated":true}]}}