{"id":23050,"date":"2026-02-06T12:31:43","date_gmt":"2026-02-06T11:31:43","guid":{"rendered":"https:\/\/boskienasiona.pl\/produkt\/nasiona-warzyw-fasolka-szparagowa-sonesta-bardzo-wczesna-niezwykle-plenna\/"},"modified":"2026-04-19T14:18:43","modified_gmt":"2026-04-19T12:18:43","slug":"nasiona-warzyw-fasolka-szparagowa-sonesta-bardzo-wczesna-niezwykle-plenna","status":"publish","type":"product","link":"https:\/\/boskienasiona.pl\/en\/produkt\/nasiona-warzyw-fasolka-szparagowa-sonesta-bardzo-wczesna-niezwykle-plenna\/","title":{"rendered":"NASIONA WARZYW FASOLKA SZPARAGOWA SONESTA BARDZO WCZESNA NIEZWYKLE PLENNA"},"content":{"rendered":"<section class=\"section\">\n<div class=\"item item-12\">\n<section class=\"text-item\">\n<h1>NASIONA WARZYW FASOLKA SZPARAGOWA SONESTA BARDZO WCZESNA NIEZWYKLE PLENNA<\/h1>\n<\/section><\/div>\n<\/section>\n<section class=\"section\">\n<div class=\"item item-6\">\n<section class=\"image-item\"><img decoding=\"async\" src=\"https:\/\/upload.cdn.baselinker.com\/products\/3018170\/4212edd639ebd3abc1d4cf553181052b.jpg\" \/><\/section>\n<\/p><\/div>\n<div class=\"item item-6\">\n<section class=\"text-item\">\n<p><b>Fasola szparagowa kar\u0142owa SONESTA<\/b><\/p>\n<p>PHASEOLUS VULGARIS L.<\/p>\n<p>Fasola zwyk\u0142a kar\u0142owa szparagowa SONESTA&nbsp;to jedna z najch\u0119tniej wybieranych odmian fasoli. To bardzo wczesna, niezwykle plenna, kt\u00f3ra potrzebuje zaledwie&nbsp;65\u201370 dni&nbsp;od siewu do zbioru, co czyni j\u0105 idealnym wyborem zar\u00f3wno dla profesjonalnych producent\u00f3w warzyw, jak i dla pasjonat\u00f3w uprawy&nbsp;\u017c\u00f3\u0142tej fasoli&nbsp;w przydomowym ogr\u00f3dku. SONESTA tworzy kompaktowe, kar\u0142owe ro\u015bliny, kt\u00f3re doskonale radz\u0105 sobie w r\u00f3\u017cnych warunkach klimatycznych. Jej najwi\u0119ksz\u0105 zalet\u0105 jest wysoka odporno\u015b\u0107 na choroby grzybowe oraz zmienne warunki pogodowe, co znacz\u0105co ogranicza ryzyko strat w uprawie. Ta \u017c\u00f3\u0142ta fasola wytwarza intensywnie \u017c\u00f3\u0142te, mi\u0119siste i wyj\u0105tkowo delikatne w smaku str\u0105ki, kt\u00f3re s\u0105 ca\u0142kowicie bezw\u0142\u00f3kniste, co zwi\u0119ksza komfort konsumpcji oraz przetwarzania. Str\u0105ki osi\u0105gaj\u0105 d\u0142ugo\u015b\u0107&nbsp;13\u201314 cm, maj\u0105 g\u0142adk\u0105 powierzchni\u0119 i jednolit\u0105 barw\u0119, dzi\u0119ki czemu prezentuj\u0105 si\u0119 wyj\u0105tkowo atrakcyjnie na talerzu oraz w s\u0142oiku czy mro\u017conkach.<\/p>\n<\/section><\/div>\n<\/section>\n<section class=\"section\">\n<div class=\"item item-6\">\n<section class=\"image-item\"><img decoding=\"async\" src=\"https:\/\/upload.cdn.baselinker.com\/products\/3018170\/044f1120c34bc60352095b6e5fc1cfbe.jpg\" \/><\/section>\n<\/p><\/div>\n<div class=\"item item-6\">\n<section class=\"text-item\">\n<p>Zastosowanie i przeznaczenie fasoli SONESTA<\/p>\n<p>Ta ceniona odmiana \u017c\u00f3\u0142tej fasoli jest doskona\u0142a do spo\u017cycia na \u015bwie\u017co idealnie nadaje si\u0119 na sur\u00f3wki, sa\u0142atki, do da\u0144 kuchni polskiej i mi\u0119dzynarodowej. \u015awietnie sprawdza si\u0119 r\u00f3wnie\u017c w przetw\u00f3rstwie, zar\u00f3wno do mro\u017cenia, jak i konserwowania, zachowuj\u0105c po obr\u00f3bce kulinarnej sw\u00f3j pi\u0119kny, \u017c\u00f3\u0142ty kolor oraz chrupko\u015b\u0107.<\/p>\n<p><b>\u2705Siew:<\/b> \u00bd V \u2013 VIII<\/p>\n<p><b>\u2705Zbi\u00f3r:<\/b> VII \u2013 X<\/p>\n<p><b>\u2705Rozstawa:<\/b> 35-40\u00d77\u201310 cm<\/p>\n<\/section><\/div>\n<\/section>\n<section class=\"section\">\n<div class=\"item item-6\">\n<section class=\"image-item\"><img decoding=\"async\" src=\"https:\/\/upload.cdn.baselinker.com\/products\/3018170\/4cced3d087d5a08babb8b3302ec8ecc5.jpg\" \/><\/section>\n<\/p><\/div>\n<div class=\"item item-6\">\n<section class=\"text-item\">\n<p><b>SPRAWDZONA JAKO\u015a\u0106 NASION<\/b><\/p>\n<p>Oferowane przez nas nasiona s\u0105 testowane w&nbsp;<b>Laboratorium Oceny Nasion pod wzgl\u0119dem:<\/b><\/p>\n<p>\u2705<b>kie\u0142kowania<\/b><\/p>\n<p>\u2705<b>wilgotno\u015bci<\/b><\/p>\n<p>\u2705<b>czysto\u015bci ziarna<\/b><\/p>\n<p><b>Dzi\u0119ki czemu udost\u0119pniane nasiona s\u0105 \u015bci\u015ble wyselekcjonowane, tylko wysokiej klasy.<\/b><\/p>\n<p>Torebki zakupione na naszej aukcji s\u0105 w pe\u0142ni bezpieczne, posiadaj\u0105&nbsp;<b>dat\u0119 wa\u017cno\u015bci i nr partii na opakowaniu.<\/b>&nbsp;Gwarantujemy r\u00f3wnie\u017c jako\u015b\u0107 i oryginalno\u015b\u0107 produkt\u00f3w, poniewa\u017c s\u0105 nabywane bezpo\u015brednio od producenta.<\/p>\n<\/section><\/div>\n<\/section>\n","protected":false},"excerpt":{"rendered":"<p>NASIONA WARZYW FASOLKA SZPARAGOWA SONESTA BARDZO WCZESNA NIEZWYKLE PLENNA Fasola szparagowa kar\u0142owa SONESTA PHASEOLUS VULGARIS L. Fasola zwyk\u0142a kar\u0142owa szparagowa SONESTA&nbsp;to jedna z najch\u0119tniej wybieranych odmian fasoli. To bardzo wczesna, niezwykle plenna, kt\u00f3ra potrzebuje zaledwie&nbsp;65\u201370 dni&nbsp;od siewu do zbioru, co czyni j\u0105 idealnym wyborem zar\u00f3wno dla profesjonalnych producent\u00f3w warzyw, jak i dla pasjonat\u00f3w uprawy&nbsp;\u017c\u00f3\u0142tej fasoli&nbsp;w&#8230;<\/p>\n","protected":false},"featured_media":23048,"comment_status":"open","ping_status":"closed","template":"","meta":{"inline_featured_image":false},"product_cat":[126,162,189],"product_tag":[],"location":[],"class_list":{"0":"post-23050","1":"product","2":"type-product","3":"status-publish","4":"has-post-thumbnail","6":"product_cat-nasiona-warzyw","7":"product_cat-nasiona","8":"product_cat-nasiona-fasolki-szparagowej","9":"nt-post-class","10":"","13":"excerpt-none","16":"first","17":"instock","18":"shipping-taxable","19":"purchasable","20":"product-type-simple"},"_links":{"self":[{"href":"https:\/\/boskienasiona.pl\/en\/wp-json\/wp\/v2\/product\/23050","targetHints":{"allow":["GET"]}}],"collection":[{"href":"https:\/\/boskienasiona.pl\/en\/wp-json\/wp\/v2\/product"}],"about":[{"href":"https:\/\/boskienasiona.pl\/en\/wp-json\/wp\/v2\/types\/product"}],"replies":[{"embeddable":true,"href":"https:\/\/boskienasiona.pl\/en\/wp-json\/wp\/v2\/comments?post=23050"}],"version-history":[{"count":0,"href":"https:\/\/boskienasiona.pl\/en\/wp-json\/wp\/v2\/product\/23050\/revisions"}],"wp:featuredmedia":[{"embeddable":true,"href":"https:\/\/boskienasiona.pl\/en\/wp-json\/wp\/v2\/media\/23048"}],"wp:attachment":[{"href":"https:\/\/boskienasiona.pl\/en\/wp-json\/wp\/v2\/media?parent=23050"}],"wp:term":[{"taxonomy":"product_cat","embeddable":true,"href":"https:\/\/boskienasiona.pl\/en\/wp-json\/wp\/v2\/product_cat?post=23050"},{"taxonomy":"product_tag","embeddable":true,"href":"https:\/\/boskienasiona.pl\/en\/wp-json\/wp\/v2\/product_tag?post=23050"},{"taxonomy":"location","embeddable":true,"href":"https:\/\/boskienasiona.pl\/en\/wp-json\/wp\/v2\/location?post=23050"}],"curies":[{"name":"wp","href":"https:\/\/api.w.org\/{rel}","templated":true}]}}