{"id":23063,"date":"2026-02-06T12:31:59","date_gmt":"2026-02-06T11:31:59","guid":{"rendered":"https:\/\/boskienasiona.pl\/produkt\/nasiona-warzyw-fasola-maxidor-najlepsze-do-bezposredniego-spozycia\/"},"modified":"2026-04-17T22:19:19","modified_gmt":"2026-04-17T20:19:19","slug":"nasiona-warzyw-fasola-maxidor-najlepsze-do-bezposredniego-spozycia","status":"publish","type":"product","link":"https:\/\/boskienasiona.pl\/en\/produkt\/nasiona-warzyw-fasola-maxidor-najlepsze-do-bezposredniego-spozycia\/","title":{"rendered":"NASIONA WARZYW FASOLA MAXIDOR Najlepsze do bezpo\u015bredniego spo\u017cycia"},"content":{"rendered":"<section class=\"section\">\n<div class=\"item item-12\">\n<section class=\"text-item\">\n<h1>NASIONA WARZYW FASOLA MAXIDOR Najlepsze do bezpo\u015bredniego spo\u017cycia<\/h1>\n<\/section><\/div>\n<\/section>\n<section class=\"section\">\n<div class=\"item item-6\">\n<section class=\"image-item\"><img decoding=\"async\" src=\"https:\/\/upload.cdn.baselinker.com\/products\/3018170\/f5756ca86e58611ef7cdc4512650761c.jpg\" \/><\/section>\n<\/p><\/div>\n<div class=\"item item-6\">\n<section class=\"text-item\">\n<p><b>Fasola szparagowa kar\u0142owa MAXIDOR<\/b><\/p>\n<p>PHASEOLUS VULGARIS<\/p>\n<p>Fasola szparagowa MAXIDOR to odmiana kar\u0142owa (dorasta do 60cm), wczesna, odporna na antraknoz\u0119 i bakterioz\u0119. Str\u0105ki d\u0142ugo\u015bci do 16 cm, bezw\u0142\u00f3kniste, charakteryzuj\u0105 si\u0119 du\u017c\u0105 zawarto\u015bci\u0105 b\u0142onnika pokarmowego. Najlepsze do bezpo\u015bredniego spo\u017cycia po ugotowaniu jako dodatek do mi\u0119s, ryb, zup i zapiekanek. Nadaj\u0105 si\u0119 r\u00f3wnie\u017c do mro\u017cenia i konserwowania. Siew wprost do gruntu od \u00bd V do VIII.<\/p>\n<p><b>\u2705Siew:<\/b> \u00bd V \u2013 VIII<\/p>\n<p><b>\u2705Zbi\u00f3r:<\/b> VII \u2013 X<\/p>\n<p><b>\u2705Rozstawa:<\/b> 35-40\u00d77\u201310 cm<\/p>\n<\/section><\/div>\n<\/section>\n<section class=\"section\">\n<div class=\"item item-6\">\n<section class=\"image-item\"><img decoding=\"async\" src=\"https:\/\/upload.cdn.baselinker.com\/products\/3018170\/cd2be86058a5fd187eb31a9a4f75fe72.jpg\" \/><\/section>\n<\/p><\/div>\n<div class=\"item item-6\">\n<section class=\"text-item\">\n<p><b>SPRAWDZONA JAKO\u015a\u0106 NASION<\/b><\/p>\n<p>Oferowane przez nas nasiona s\u0105 testowane w&nbsp;<b>Laboratorium Oceny Nasion pod wzgl\u0119dem:<\/b><\/p>\n<p>\u2705<b>kie\u0142kowania<\/b><\/p>\n<p>\u2705<b>wilgotno\u015bci<\/b><\/p>\n<p>\u2705<b>czysto\u015bci ziarna<\/b><\/p>\n<p><b>Dzi\u0119ki czemu udost\u0119pniane nasiona s\u0105 \u015bci\u015ble wyselekcjonowane, tylko wysokiej klasy.<\/b><\/p>\n<p>Torebki zakupione na naszej aukcji s\u0105 w pe\u0142ni bezpieczne, posiadaj\u0105&nbsp;<b>dat\u0119 wa\u017cno\u015bci i nr partii na opakowaniu.<\/b>&nbsp;Gwarantujemy r\u00f3wnie\u017c jako\u015b\u0107 i oryginalno\u015b\u0107 produkt\u00f3w, poniewa\u017c s\u0105 nabywane bezpo\u015brednio od producenta.<\/p>\n<\/section><\/div>\n<\/section>\n<section class=\"section\">\n<div class=\"item item-12\">\n<section class=\"image-item\"><img decoding=\"async\" src=\"https:\/\/upload.cdn.baselinker.com\/products\/3018170\/613f7a1801cdbf074fbf64d0e529ffd4.jpg\" \/><\/section>\n<\/p><\/div>\n<\/section>\n","protected":false},"excerpt":{"rendered":"<p>NASIONA WARZYW FASOLA MAXIDOR Najlepsze do bezpo\u015bredniego spo\u017cycia Fasola szparagowa kar\u0142owa MAXIDOR PHASEOLUS VULGARIS Fasola szparagowa MAXIDOR to odmiana kar\u0142owa (dorasta do 60cm), wczesna, odporna na antraknoz\u0119 i bakterioz\u0119. Str\u0105ki d\u0142ugo\u015bci do 16 cm, bezw\u0142\u00f3kniste, charakteryzuj\u0105 si\u0119 du\u017c\u0105 zawarto\u015bci\u0105 b\u0142onnika pokarmowego. Najlepsze do bezpo\u015bredniego spo\u017cycia po ugotowaniu jako dodatek do mi\u0119s, ryb, zup i zapiekanek&#8230;.<\/p>\n","protected":false},"featured_media":23061,"comment_status":"open","ping_status":"closed","template":"","meta":{"inline_featured_image":false},"product_cat":[126,162,189],"product_tag":[],"location":[],"class_list":{"0":"post-23063","1":"product","2":"type-product","3":"status-publish","4":"has-post-thumbnail","6":"product_cat-nasiona-warzyw","7":"product_cat-nasiona","8":"product_cat-nasiona-fasolki-szparagowej","9":"nt-post-class","10":"","13":"excerpt-none","16":"first","17":"instock","18":"shipping-taxable","19":"purchasable","20":"product-type-simple"},"_links":{"self":[{"href":"https:\/\/boskienasiona.pl\/en\/wp-json\/wp\/v2\/product\/23063","targetHints":{"allow":["GET"]}}],"collection":[{"href":"https:\/\/boskienasiona.pl\/en\/wp-json\/wp\/v2\/product"}],"about":[{"href":"https:\/\/boskienasiona.pl\/en\/wp-json\/wp\/v2\/types\/product"}],"replies":[{"embeddable":true,"href":"https:\/\/boskienasiona.pl\/en\/wp-json\/wp\/v2\/comments?post=23063"}],"version-history":[{"count":0,"href":"https:\/\/boskienasiona.pl\/en\/wp-json\/wp\/v2\/product\/23063\/revisions"}],"wp:featuredmedia":[{"embeddable":true,"href":"https:\/\/boskienasiona.pl\/en\/wp-json\/wp\/v2\/media\/23061"}],"wp:attachment":[{"href":"https:\/\/boskienasiona.pl\/en\/wp-json\/wp\/v2\/media?parent=23063"}],"wp:term":[{"taxonomy":"product_cat","embeddable":true,"href":"https:\/\/boskienasiona.pl\/en\/wp-json\/wp\/v2\/product_cat?post=23063"},{"taxonomy":"product_tag","embeddable":true,"href":"https:\/\/boskienasiona.pl\/en\/wp-json\/wp\/v2\/product_tag?post=23063"},{"taxonomy":"location","embeddable":true,"href":"https:\/\/boskienasiona.pl\/en\/wp-json\/wp\/v2\/location?post=23063"}],"curies":[{"name":"wp","href":"https:\/\/api.w.org\/{rel}","templated":true}]}}