{"id":23084,"date":"2026-02-06T12:32:18","date_gmt":"2026-02-06T11:32:18","guid":{"rendered":"https:\/\/boskienasiona.pl\/produkt\/nasiona-warzyw-fasola-fasolka-szparagowa-berggold-bezlykowa-plenna-odporna\/"},"modified":"2026-04-19T14:18:43","modified_gmt":"2026-04-19T12:18:43","slug":"nasiona-warzyw-fasola-fasolka-szparagowa-berggold-bezlykowa-plenna-odporna","status":"publish","type":"product","link":"https:\/\/boskienasiona.pl\/en\/produkt\/nasiona-warzyw-fasola-fasolka-szparagowa-berggold-bezlykowa-plenna-odporna\/","title":{"rendered":"NASIONA WARZYW FASOLA FASOLKA SZPARAGOWA BERGGOLD BEZ\u0141YKOWA PLENNA ODPORNA"},"content":{"rendered":"<section class=\"section\">\n<div class=\"item item-12\">\n<section class=\"text-item\">\n<h1>NASIONA WARZYW FASOLA FASOLKA SZPARAGOWA BERGGOLD BEZ\u0141YKOWA PLENNA ODPORNA<\/h1>\n<\/section><\/div>\n<\/section>\n<section class=\"section\">\n<div class=\"item item-6\">\n<section class=\"image-item\"><img decoding=\"async\" src=\"https:\/\/upload.cdn.baselinker.com\/products\/3018170\/bf102224dd17d5ed4465be2899fe155e.jpg\" \/><\/section>\n<\/p><\/div>\n<div class=\"item item-6\">\n<section class=\"text-item\">\n<p><b>Fasola szparagowa kar\u0142owa BERGGOLD<\/b><\/p>\n<p>PHASEOLUS VULGARIS&nbsp; L.<\/p>\n<p>Odmiana bardzo wczesna, kar\u0142owa, bez\u0142ykowa, str\u0105ki \u017c\u00f3\u0142te o d\u0142ugo\u015bci 12-14 cm. Plenna. Odporna na wirusa mozaiki zwyk\u0142ej fasoli i antraknoz\u0119. Odmiana ta nadaje si\u0119 do bezpo\u015bredniego spo\u017cycia, konserwowania i mro\u017cenia. Dobrze plonuje na glebach \u017cyznych, bogatych w pr\u00f3chnic\u0119. Dla przed\u0142u\u017cenia okresu plonowania, mo\u017cna sia\u0107 sukcesywnie co<\/p>\n<p>10-14 dni do po\u0142owy lipca.<\/p>\n<p><b>\u2705Siew:<\/b> V- \u00bd VII<\/p>\n<p><b>\u2705Zbi\u00f3r:<\/b> \u00bd VII- IX<\/p>\n<p><b>\u2705Rozstawa:<\/b> 50\u00d75-10 cm<\/p>\n<\/section><\/div>\n<\/section>\n<section class=\"section\">\n<div class=\"item item-6\">\n<section class=\"image-item\"><img decoding=\"async\" src=\"https:\/\/upload.cdn.baselinker.com\/products\/3018170\/f1e40434fdfcea1e4d7d4903d5c5abd3.jpg\" \/><\/section>\n<\/p><\/div>\n<div class=\"item item-6\">\n<section class=\"text-item\">\n<p><b>SPRAWDZONA JAKO\u015a\u0106 NASION<\/b><\/p>\n<p>Oferowane przez nas nasiona s\u0105 testowane w&nbsp;<b>Laboratorium Oceny Nasion pod wzgl\u0119dem:<\/b><\/p>\n<p>\u2705<b>kie\u0142kowania<\/b><\/p>\n<p>\u2705<b>wilgotno\u015bci<\/b><\/p>\n<p>\u2705<b>czysto\u015bci ziarna<\/b><\/p>\n<p><b>Dzi\u0119ki czemu udost\u0119pniane nasiona s\u0105 \u015bci\u015ble wyselekcjonowane, tylko wysokiej klasy.<\/b><\/p>\n<p>Torebki zakupione na naszej aukcji s\u0105 w pe\u0142ni bezpieczne, posiadaj\u0105&nbsp;<b>dat\u0119 wa\u017cno\u015bci i nr partii na opakowaniu.<\/b>&nbsp;Gwarantujemy r\u00f3wnie\u017c jako\u015b\u0107 i oryginalno\u015b\u0107 produkt\u00f3w, poniewa\u017c s\u0105 nabywane bezpo\u015brednio od producenta.<\/p>\n<\/section><\/div>\n<\/section>\n<section class=\"section\">\n<div class=\"item item-6\">\n<section class=\"image-item\"><img decoding=\"async\" src=\"https:\/\/upload.cdn.baselinker.com\/products\/3018170\/1757ee62380068edc210cc9be80cd847.jpg\" \/><\/section>\n<\/p><\/div>\n<div class=\"item item-6\">\n<section class=\"image-item\"><img decoding=\"async\" src=\"https:\/\/upload.cdn.baselinker.com\/products\/3018170\/a2b87a417ac5005698e055b3fe28a220.jpg\" \/><\/section>\n<\/p><\/div>\n<\/section>\n","protected":false},"excerpt":{"rendered":"<p>NASIONA WARZYW FASOLA FASOLKA SZPARAGOWA BERGGOLD BEZ\u0141YKOWA PLENNA ODPORNA Fasola szparagowa kar\u0142owa BERGGOLD PHASEOLUS VULGARIS&nbsp; L. Odmiana bardzo wczesna, kar\u0142owa, bez\u0142ykowa, str\u0105ki \u017c\u00f3\u0142te o d\u0142ugo\u015bci 12-14 cm. Plenna. Odporna na wirusa mozaiki zwyk\u0142ej fasoli i antraknoz\u0119. Odmiana ta nadaje si\u0119 do bezpo\u015bredniego spo\u017cycia, konserwowania i mro\u017cenia. Dobrze plonuje na glebach \u017cyznych, bogatych w pr\u00f3chnic\u0119. Dla&#8230;<\/p>\n","protected":false},"featured_media":23082,"comment_status":"open","ping_status":"closed","template":"","meta":{"inline_featured_image":false},"product_cat":[126,162,189],"product_tag":[],"location":[],"class_list":{"0":"post-23084","1":"product","2":"type-product","3":"status-publish","4":"has-post-thumbnail","6":"product_cat-nasiona-warzyw","7":"product_cat-nasiona","8":"product_cat-nasiona-fasolki-szparagowej","9":"nt-post-class","10":"","13":"excerpt-none","16":"first","17":"instock","18":"shipping-taxable","19":"purchasable","20":"product-type-simple"},"_links":{"self":[{"href":"https:\/\/boskienasiona.pl\/en\/wp-json\/wp\/v2\/product\/23084","targetHints":{"allow":["GET"]}}],"collection":[{"href":"https:\/\/boskienasiona.pl\/en\/wp-json\/wp\/v2\/product"}],"about":[{"href":"https:\/\/boskienasiona.pl\/en\/wp-json\/wp\/v2\/types\/product"}],"replies":[{"embeddable":true,"href":"https:\/\/boskienasiona.pl\/en\/wp-json\/wp\/v2\/comments?post=23084"}],"version-history":[{"count":0,"href":"https:\/\/boskienasiona.pl\/en\/wp-json\/wp\/v2\/product\/23084\/revisions"}],"wp:featuredmedia":[{"embeddable":true,"href":"https:\/\/boskienasiona.pl\/en\/wp-json\/wp\/v2\/media\/23082"}],"wp:attachment":[{"href":"https:\/\/boskienasiona.pl\/en\/wp-json\/wp\/v2\/media?parent=23084"}],"wp:term":[{"taxonomy":"product_cat","embeddable":true,"href":"https:\/\/boskienasiona.pl\/en\/wp-json\/wp\/v2\/product_cat?post=23084"},{"taxonomy":"product_tag","embeddable":true,"href":"https:\/\/boskienasiona.pl\/en\/wp-json\/wp\/v2\/product_tag?post=23084"},{"taxonomy":"location","embeddable":true,"href":"https:\/\/boskienasiona.pl\/en\/wp-json\/wp\/v2\/location?post=23084"}],"curies":[{"name":"wp","href":"https:\/\/api.w.org\/{rel}","templated":true}]}}