{"id":23109,"date":"2026-02-06T12:32:37","date_gmt":"2026-02-06T11:32:37","guid":{"rendered":"https:\/\/boskienasiona.pl\/produkt\/nasiona-warzyw-fasola-hilds-neckarkonigin-zielona-tyczna-bezwloknista\/"},"modified":"2026-04-18T14:18:32","modified_gmt":"2026-04-18T12:18:32","slug":"nasiona-warzyw-fasola-hilds-neckarkonigin-zielona-tyczna-bezwloknista","status":"publish","type":"product","link":"https:\/\/boskienasiona.pl\/en\/produkt\/nasiona-warzyw-fasola-hilds-neckarkonigin-zielona-tyczna-bezwloknista\/","title":{"rendered":"NASIONA WARZYW FASOLA HILDS NECKARKONIGIN ZIELONA TYCZNA bezw\u0142\u00f3knista"},"content":{"rendered":"<section class=\"section\">\n<div class=\"item item-12\">\n<section class=\"text-item\">\n<h1>NASIONA WARZYW FASOLA HILDS NECKARKONIGIN ZIELONA TYCZNA bezw\u0142\u00f3knista<\/h1>\n<\/section><\/div>\n<\/section>\n<section class=\"section\">\n<div class=\"item item-6\">\n<section class=\"image-item\"><img decoding=\"async\" src=\"https:\/\/upload.cdn.baselinker.com\/products\/3018170\/6d6f1431b36c9c023eae2acd9b336159.jpg\" \/><\/section>\n<\/p><\/div>\n<div class=\"item item-6\">\n<section class=\"text-item\">\n<p><b>Fasola szparagowa kar\u0142owa HILDS NECKARKONIGIN<\/b><\/p>\n<p>PHASEOLUS VULGARIS&nbsp; L.<\/p>\n<p>Odmiana tyczna szparagowa o zielonych bezw\u0142\u00f3knistych str\u0105czkach d\u0142ugo\u015bci 20-25 cm.<\/p>\n<p>W przekroju okr\u0105g\u0142e. Wysiew na g\u0142\u0119boko\u015b\u0107 2-3cm &nbsp;po 15 maja po 2-3 nasiona co 40 cm. Wymaga stosowania podp\u00f3r. Nadaje si\u0119 do bezpo\u015bredniego spo\u017cycia lub konserwowania. Najlepiej udaj\u0105 si\u0119 na glebach \u017cyznych, przepuszczalnych, szybko nagrzewaj\u0105cych si\u0119.<\/p>\n<ul>\n<li><b>Siew:<\/b> V-VI<\/li>\n<li><b>Zbi\u00f3r:<\/b> VII- IX<\/li>\n<li><b>Rozstawa:<\/b> 80\u00d740 cm<\/li>\n<\/ul>\n<\/section><\/div>\n<\/section>\n<section class=\"section\">\n<div class=\"item item-6\">\n<section class=\"image-item\"><img decoding=\"async\" src=\"https:\/\/upload.cdn.baselinker.com\/products\/3018170\/68be7d33986205e7d2b836c315ba27be.jpg\" \/><\/section>\n<\/p><\/div>\n<div class=\"item item-6\">\n<section class=\"text-item\">\n<p><b>SPRAWDZONA JAKO\u015a\u0106 NASION<\/b><\/p>\n<p>Oferowane przez nas nasiona s\u0105 testowane w&nbsp;<b>Laboratorium Oceny Nasion pod wzgl\u0119dem:<\/b><\/p>\n<p>\u2705<b>kie\u0142kowania<\/b><\/p>\n<p>\u2705<b>wilgotno\u015bci<\/b><\/p>\n<p>\u2705<b>czysto\u015bci ziarna<\/b><\/p>\n<p><b>Dzi\u0119ki czemu udost\u0119pniane nasiona s\u0105 \u015bci\u015ble wyselekcjonowane, tylko wysokiej klasy.<\/b><\/p>\n<p>Torebki zakupione na naszej aukcji s\u0105 w pe\u0142ni bezpieczne, posiadaj\u0105&nbsp;<b>dat\u0119 wa\u017cno\u015bci i nr partii na opakowaniu.<\/b>&nbsp;Gwarantujemy r\u00f3wnie\u017c jako\u015b\u0107 i oryginalno\u015b\u0107 produkt\u00f3w, poniewa\u017c s\u0105 nabywane bezpo\u015brednio od producenta.<\/p>\n<\/section><\/div>\n<\/section>\n","protected":false},"excerpt":{"rendered":"<p>NASIONA WARZYW FASOLA HILDS NECKARKONIGIN ZIELONA TYCZNA bezw\u0142\u00f3knista Fasola szparagowa kar\u0142owa HILDS NECKARKONIGIN PHASEOLUS VULGARIS&nbsp; L. Odmiana tyczna szparagowa o zielonych bezw\u0142\u00f3knistych str\u0105czkach d\u0142ugo\u015bci 20-25 cm. W przekroju okr\u0105g\u0142e. Wysiew na g\u0142\u0119boko\u015b\u0107 2-3cm &nbsp;po 15 maja po 2-3 nasiona co 40 cm. Wymaga stosowania podp\u00f3r. Nadaje si\u0119 do bezpo\u015bredniego spo\u017cycia lub konserwowania. Najlepiej udaj\u0105 si\u0119&#8230;<\/p>\n","protected":false},"featured_media":23107,"comment_status":"open","ping_status":"closed","template":"","meta":{"inline_featured_image":false},"product_cat":[126,162,189],"product_tag":[],"location":[],"class_list":{"0":"post-23109","1":"product","2":"type-product","3":"status-publish","4":"has-post-thumbnail","6":"product_cat-nasiona-warzyw","7":"product_cat-nasiona","8":"product_cat-nasiona-fasolki-szparagowej","9":"nt-post-class","10":"","13":"excerpt-none","16":"first","17":"instock","18":"shipping-taxable","19":"purchasable","20":"product-type-simple"},"_links":{"self":[{"href":"https:\/\/boskienasiona.pl\/en\/wp-json\/wp\/v2\/product\/23109","targetHints":{"allow":["GET"]}}],"collection":[{"href":"https:\/\/boskienasiona.pl\/en\/wp-json\/wp\/v2\/product"}],"about":[{"href":"https:\/\/boskienasiona.pl\/en\/wp-json\/wp\/v2\/types\/product"}],"replies":[{"embeddable":true,"href":"https:\/\/boskienasiona.pl\/en\/wp-json\/wp\/v2\/comments?post=23109"}],"version-history":[{"count":0,"href":"https:\/\/boskienasiona.pl\/en\/wp-json\/wp\/v2\/product\/23109\/revisions"}],"wp:featuredmedia":[{"embeddable":true,"href":"https:\/\/boskienasiona.pl\/en\/wp-json\/wp\/v2\/media\/23107"}],"wp:attachment":[{"href":"https:\/\/boskienasiona.pl\/en\/wp-json\/wp\/v2\/media?parent=23109"}],"wp:term":[{"taxonomy":"product_cat","embeddable":true,"href":"https:\/\/boskienasiona.pl\/en\/wp-json\/wp\/v2\/product_cat?post=23109"},{"taxonomy":"product_tag","embeddable":true,"href":"https:\/\/boskienasiona.pl\/en\/wp-json\/wp\/v2\/product_tag?post=23109"},{"taxonomy":"location","embeddable":true,"href":"https:\/\/boskienasiona.pl\/en\/wp-json\/wp\/v2\/location?post=23109"}],"curies":[{"name":"wp","href":"https:\/\/api.w.org\/{rel}","templated":true}]}}