{"id":23122,"date":"2026-02-06T12:32:48","date_gmt":"2026-02-06T11:32:48","guid":{"rendered":"https:\/\/boskienasiona.pl\/produkt\/nasiona-warzyw-fasola-yin-yang-nadaja-sie-do-gotowania-i-zapiekania\/"},"modified":"2026-02-06T12:34:50","modified_gmt":"2026-02-06T11:34:50","slug":"nasiona-warzyw-fasola-yin-yang-nadaja-sie-do-gotowania-i-zapiekania","status":"publish","type":"product","link":"https:\/\/boskienasiona.pl\/en\/produkt\/nasiona-warzyw-fasola-yin-yang-nadaja-sie-do-gotowania-i-zapiekania\/","title":{"rendered":"NASIONA WARZYW FASOLA YIN YANG Nadaj\u0105 si\u0119 do gotowania i zapiekania"},"content":{"rendered":"<section class=\"section\">\n<div class=\"item item-12\">\n<section class=\"text-item\">\n<h1>NASIONA WARZYW FASOLA YIN YANG Nadaj\u0105 si\u0119 do gotowania i zapiekania<\/h1>\n<\/section><\/div>\n<\/section>\n<section class=\"section\">\n<div class=\"item item-6\">\n<section class=\"image-item\"><img decoding=\"async\" src=\"https:\/\/upload.cdn.baselinker.com\/products\/3018170\/2aa164f5dc6c5adc415314d5c979ac4f.jpg\" \/><\/section>\n<\/p><\/div>\n<div class=\"item item-6\">\n<section class=\"text-item\">\n<p><b>Fasola szparagowa kar\u0142owa YIN YANG<\/b><\/p>\n<p>PHASEOLUS VULGARIS<\/p>\n<p>Odmiana kar\u0142owa o zwartym krzaczastym pokroju, maj\u0105ca zastosowanie zar\u00f3wno jako fasola szparagowa, jak i do uprawy na suche nasiona. Tworzy szerokie, bezw\u0142\u00f3kniste, soczystozielone str\u0105ki z 4-5 nasionami o zdumiewaj\u0105co podobnym rozmieszczeniu kolor\u00f3w czarno-bia\u0142ego do diagramu yin yang. T\u0105 odmian\u0119 o niezwykle oryginalnych nasion mo\u017cna uprawia\u0107 bezpo\u015brednio w gruncie lub na podwy\u017cszonych rabatach warzywnych, koszach<\/p>\n<p>i donicach na balkonie oraz na tarasie. Nadaj\u0105 si\u0119 do gotowania i zapiekania, jako dodatek do sa\u0142atek i zup, mo\u017cna je tak\u017ce wykorzysta\u0107&nbsp; jako dekoracj\u0119. Wysiew nasion pod os\u0142onami<\/p>\n<p>IV lub bezpo\u015brednio do gruntu od po\u0142owy V do ko\u0144ca VI na g\u0142\u0119boko\u015b\u0107 3-5cm.<\/p>\n<p><b>\u2705Siew:<\/b> IV- VI<\/p>\n<p><b>\u2705Zbi\u00f3r:<\/b> \u00bd IX-X<\/p>\n<p><b>\u2705Rozstawa:<\/b> 40-50\u00d730 cm<\/p>\n<\/section><\/div>\n<\/section>\n<section class=\"section\">\n<div class=\"item item-6\">\n<section class=\"image-item\"><img decoding=\"async\" src=\"https:\/\/upload.cdn.baselinker.com\/products\/3018170\/2462e117bb3083528be136be3ac62385.jpg\" \/><\/section>\n<\/p><\/div>\n<div class=\"item item-6\">\n<section class=\"text-item\">\n<p><b>SPRAWDZONA JAKO\u015a\u0106 NASION<\/b><\/p>\n<p>Oferowane przez nas nasiona s\u0105 testowane w&nbsp;<b>Laboratorium Oceny Nasion pod wzgl\u0119dem:<\/b><\/p>\n<p>\u2705<b>kie\u0142kowania<\/b><\/p>\n<p>\u2705<b>wilgotno\u015bci<\/b><\/p>\n<p>\u2705<b>czysto\u015bci ziarna<\/b><\/p>\n<p><b>Dzi\u0119ki czemu udost\u0119pniane nasiona s\u0105 \u015bci\u015ble wyselekcjonowane, tylko wysokiej klasy.<\/b><\/p>\n<p>Torebki zakupione na naszej aukcji s\u0105 w pe\u0142ni bezpieczne, posiadaj\u0105&nbsp;<b>dat\u0119 wa\u017cno\u015bci i nr partii na opakowaniu.<\/b>&nbsp;Gwarantujemy r\u00f3wnie\u017c jako\u015b\u0107 i oryginalno\u015b\u0107 produkt\u00f3w, poniewa\u017c s\u0105 nabywane bezpo\u015brednio od producenta.<\/p>\n<\/section><\/div>\n<\/section>\n<section class=\"section\">\n<div class=\"item item-6\">\n<section class=\"image-item\"><img decoding=\"async\" src=\"https:\/\/upload.cdn.baselinker.com\/products\/3018170\/75fbb1dd4dd5b5851e25459fc5fa42c9.jpg\" \/><\/section>\n<\/p><\/div>\n<div class=\"item item-6\">\n<section class=\"image-item\"><img decoding=\"async\" src=\"https:\/\/upload.cdn.baselinker.com\/products\/3018170\/272a88a48d1693c1825f8b1b3fd7cdf3.jpg\" \/><\/section>\n<\/p><\/div>\n<\/section>\n","protected":false},"excerpt":{"rendered":"<p>NASIONA WARZYW FASOLA YIN YANG Nadaj\u0105 si\u0119 do gotowania i zapiekania Fasola szparagowa kar\u0142owa YIN YANG PHASEOLUS VULGARIS Odmiana kar\u0142owa o zwartym krzaczastym pokroju, maj\u0105ca zastosowanie zar\u00f3wno jako fasola szparagowa, jak i do uprawy na suche nasiona. Tworzy szerokie, bezw\u0142\u00f3kniste, soczystozielone str\u0105ki z 4-5 nasionami o zdumiewaj\u0105co podobnym rozmieszczeniu kolor\u00f3w czarno-bia\u0142ego do diagramu yin yang&#8230;.<\/p>\n","protected":false},"featured_media":23212,"comment_status":"open","ping_status":"closed","template":"","meta":{"inline_featured_image":false},"product_cat":[126,162,189],"product_tag":[],"location":[],"class_list":{"0":"post-23122","1":"product","2":"type-product","3":"status-publish","4":"has-post-thumbnail","6":"product_cat-nasiona-warzyw","7":"product_cat-nasiona","8":"product_cat-nasiona-fasolki-szparagowej","9":"nt-post-class","10":"","13":"excerpt-none","16":"first","17":"instock","18":"shipping-taxable","19":"purchasable","20":"product-type-simple"},"_links":{"self":[{"href":"https:\/\/boskienasiona.pl\/en\/wp-json\/wp\/v2\/product\/23122","targetHints":{"allow":["GET"]}}],"collection":[{"href":"https:\/\/boskienasiona.pl\/en\/wp-json\/wp\/v2\/product"}],"about":[{"href":"https:\/\/boskienasiona.pl\/en\/wp-json\/wp\/v2\/types\/product"}],"replies":[{"embeddable":true,"href":"https:\/\/boskienasiona.pl\/en\/wp-json\/wp\/v2\/comments?post=23122"}],"version-history":[{"count":1,"href":"https:\/\/boskienasiona.pl\/en\/wp-json\/wp\/v2\/product\/23122\/revisions"}],"predecessor-version":[{"id":23147,"href":"https:\/\/boskienasiona.pl\/en\/wp-json\/wp\/v2\/product\/23122\/revisions\/23147"}],"wp:featuredmedia":[{"embeddable":true,"href":"https:\/\/boskienasiona.pl\/en\/wp-json\/wp\/v2\/media\/23212"}],"wp:attachment":[{"href":"https:\/\/boskienasiona.pl\/en\/wp-json\/wp\/v2\/media?parent=23122"}],"wp:term":[{"taxonomy":"product_cat","embeddable":true,"href":"https:\/\/boskienasiona.pl\/en\/wp-json\/wp\/v2\/product_cat?post=23122"},{"taxonomy":"product_tag","embeddable":true,"href":"https:\/\/boskienasiona.pl\/en\/wp-json\/wp\/v2\/product_tag?post=23122"},{"taxonomy":"location","embeddable":true,"href":"https:\/\/boskienasiona.pl\/en\/wp-json\/wp\/v2\/location?post=23122"}],"curies":[{"name":"wp","href":"https:\/\/api.w.org\/{rel}","templated":true}]}}