{"id":23252,"date":"2026-02-06T12:42:50","date_gmt":"2026-02-06T11:42:50","guid":{"rendered":"https:\/\/boskienasiona.pl\/produkt\/nasiona-arbuz-zolty-luteo-f1odmiana-wytrzymala-na-zmienne-warunki-pogodowe\/"},"modified":"2026-04-19T14:18:45","modified_gmt":"2026-04-19T12:18:45","slug":"nasiona-arbuz-zolty-luteo-f1odmiana-wytrzymala-na-zmienne-warunki-pogodowe","status":"publish","type":"product","link":"https:\/\/boskienasiona.pl\/en\/produkt\/nasiona-arbuz-zolty-luteo-f1odmiana-wytrzymala-na-zmienne-warunki-pogodowe\/","title":{"rendered":"NASIONA ARBUZ \u017b\u00d3\u0141TY LUTEO F1odmiana wytrzyma\u0142a na zmienne warunki pogodowe"},"content":{"rendered":"<section class=\"section\">\n<div class=\"item item-12\">\n<section class=\"text-item\">\n<h1>NASIONA ARBUZ \u017b\u00d3\u0141TY LUTEO F1odmiana wytrzyma\u0142a na zmienne warunki pogodowe (7 SZT. NASION)<\/h1>\n<\/section><\/div>\n<\/section>\n<section class=\"section\">\n<div class=\"item item-6\">\n<section class=\"image-item\"><img decoding=\"async\" src=\"https:\/\/upload.cdn.baselinker.com\/products\/3018170\/df9e421dbc7298e8ff3a287d3de73608.jpg\" \/><\/section>\n<\/p><\/div>\n<div class=\"item item-6\">\n<section class=\"text-item\">\n<p><b>Arbuz LUTEO F1<\/b><\/p>\n<p>Citrulus lanatus<\/p>\n<p>Wyj\u0105tkowa odmiana wytrzyma\u0142a na zmienne warunki pogodowe, o zaskakuj\u0105co intensywnie \u017c\u00f3\u0142tym kolorze mi\u0105\u017cszu i bardzo aromatycznym, s\u0142odkim smaku przypominaj\u0105cym&nbsp; melona<\/p>\n<p>i ananasa. Sk\u00f3rka delikatna, jasnozielona, z ciemniejszym \u017cebrowaniem. Owoce osi\u0105gaj\u0105<\/p>\n<p>od 2,5 do 3 kg. Wysiew nasion pod os\u0142ony od II do IV lub bezpo\u015brednio do gruntu w II po\u0142owie maja. Rozsad\u0119 wysadza\u0107 do gruntu po 15 V.<\/p>\n<ul>\n<li><b>Siew pod os\u0142onami:<\/b> II-IV<\/li>\n<li><b>Siew do gruntu:<\/b> \u00bd V-VI<\/li>\n<li><b>Rozstawa:<\/b> 90-120\u00d715 cm<\/li>\n<li><b>Zbi\u00f3r:<\/b> VII\u2013IX<\/li>\n<\/ul>\n<\/section><\/div>\n<\/section>\n<section class=\"section\">\n<div class=\"item item-12\">\n<section class=\"image-item\"><img decoding=\"async\" src=\"https:\/\/upload.cdn.baselinker.com\/products\/3018170\/774bda6a5790bea14424919b744ea29d.jpg\" \/><\/section>\n<\/p><\/div>\n<\/section>\n<section class=\"section\">\n<div class=\"item item-12\">\n<section class=\"image-item\"><img decoding=\"async\" src=\"https:\/\/upload.cdn.baselinker.com\/products\/3018170\/63a4ac6a819d431e368a54d321d64760.jpg\" \/><\/section>\n<\/p><\/div>\n<\/section>\n<section class=\"section\">\n<div class=\"item item-6\">\n<section class=\"image-item\"><img decoding=\"async\" src=\"https:\/\/upload.cdn.baselinker.com\/products\/3018170\/3ab675d7ee77520597458c28876bd2d7.jpg\" \/><\/section>\n<\/p><\/div>\n<div class=\"item item-6\">\n<section class=\"text-item\">\n<p><b>SPRAWDZONA JAKO\u015a\u0106 NASION<\/b><\/p>\n<p>Oferowane przez nas nasiona s\u0105 testowane w&nbsp;<b>Laboratorium Oceny Nasion pod wzgl\u0119dem:<\/b><\/p>\n<p>\u2705<b>kie\u0142kowania<\/b><\/p>\n<p>\u2705<b>wilgotno\u015bci<\/b><\/p>\n<p>\u2705<b>czysto\u015bci ziarna<\/b><\/p>\n<p><b>Dzi\u0119ki czemu udost\u0119pniane nasiona s\u0105 \u015bci\u015ble wyselekcjonowane, tylko wysokiej klasy.<\/b><\/p>\n<p>Torebki zakupione na naszej aukcji s\u0105 w pe\u0142ni bezpieczne, posiadaj\u0105&nbsp;<b>dat\u0119 wa\u017cno\u015bci i nr partii na opakowaniu.<\/b>&nbsp;Gwarantujemy r\u00f3wnie\u017c jako\u015b\u0107 i oryginalno\u015b\u0107 produkt\u00f3w, poniewa\u017c s\u0105 nabywane bezpo\u015brednio od producenta.<\/p>\n<p><b>Towar mo\u017ce wyst\u0119powa\u0107 w r\u00f3\u017cnych szatach graficznych.<\/b><\/p>\n<\/section><\/div>\n<\/section>\n","protected":false},"excerpt":{"rendered":"<p>NASIONA ARBUZ \u017b\u00d3\u0141TY LUTEO F1odmiana wytrzyma\u0142a na zmienne warunki pogodowe (7 SZT. NASION) Arbuz LUTEO F1 Citrulus lanatus Wyj\u0105tkowa odmiana wytrzyma\u0142a na zmienne warunki pogodowe, o zaskakuj\u0105co intensywnie \u017c\u00f3\u0142tym kolorze mi\u0105\u017cszu i bardzo aromatycznym, s\u0142odkim smaku przypominaj\u0105cym&nbsp; melona i ananasa. Sk\u00f3rka delikatna, jasnozielona, z ciemniejszym \u017cebrowaniem. Owoce osi\u0105gaj\u0105 od 2,5 do 3 kg. Wysiew nasion&#8230;<\/p>\n","protected":false},"featured_media":23250,"comment_status":"open","ping_status":"closed","template":"","meta":{"inline_featured_image":false},"product_cat":[135,162,176],"product_tag":[],"location":[],"class_list":{"0":"post-23252","1":"product","2":"type-product","3":"status-publish","4":"has-post-thumbnail","6":"product_cat-nasiona-owocowe","7":"product_cat-nasiona","8":"product_cat-nasiona-arbuza","9":"nt-post-class","10":"","13":"excerpt-none","16":"first","17":"instock","18":"shipping-taxable","19":"purchasable","20":"product-type-simple"},"_links":{"self":[{"href":"https:\/\/boskienasiona.pl\/en\/wp-json\/wp\/v2\/product\/23252","targetHints":{"allow":["GET"]}}],"collection":[{"href":"https:\/\/boskienasiona.pl\/en\/wp-json\/wp\/v2\/product"}],"about":[{"href":"https:\/\/boskienasiona.pl\/en\/wp-json\/wp\/v2\/types\/product"}],"replies":[{"embeddable":true,"href":"https:\/\/boskienasiona.pl\/en\/wp-json\/wp\/v2\/comments?post=23252"}],"version-history":[{"count":0,"href":"https:\/\/boskienasiona.pl\/en\/wp-json\/wp\/v2\/product\/23252\/revisions"}],"wp:featuredmedia":[{"embeddable":true,"href":"https:\/\/boskienasiona.pl\/en\/wp-json\/wp\/v2\/media\/23250"}],"wp:attachment":[{"href":"https:\/\/boskienasiona.pl\/en\/wp-json\/wp\/v2\/media?parent=23252"}],"wp:term":[{"taxonomy":"product_cat","embeddable":true,"href":"https:\/\/boskienasiona.pl\/en\/wp-json\/wp\/v2\/product_cat?post=23252"},{"taxonomy":"product_tag","embeddable":true,"href":"https:\/\/boskienasiona.pl\/en\/wp-json\/wp\/v2\/product_tag?post=23252"},{"taxonomy":"location","embeddable":true,"href":"https:\/\/boskienasiona.pl\/en\/wp-json\/wp\/v2\/location?post=23252"}],"curies":[{"name":"wp","href":"https:\/\/api.w.org\/{rel}","templated":true}]}}