{"id":23277,"date":"2026-02-06T12:43:11","date_gmt":"2026-02-06T11:43:11","guid":{"rendered":"https:\/\/boskienasiona.pl\/produkt\/nasiona-poziomka-yellow-wonder-bardzo-plenna-zachwyca-swoim-slodkim-smakiem\/"},"modified":"2026-04-19T14:18:44","modified_gmt":"2026-04-19T12:18:44","slug":"nasiona-poziomka-yellow-wonder-bardzo-plenna-zachwyca-swoim-slodkim-smakiem","status":"publish","type":"product","link":"https:\/\/boskienasiona.pl\/en\/produkt\/nasiona-poziomka-yellow-wonder-bardzo-plenna-zachwyca-swoim-slodkim-smakiem\/","title":{"rendered":"NASIONA POZIOMKA YELLOW WONDER bardzo plenna zachwyca swoim s\u0142odkim smakiem"},"content":{"rendered":"<section class=\"section\">\n<div class=\"item item-12\">\n<section class=\"text-item\">\n<h1>NASIONA POZIOMKA YELLOW WONDER bardzo plenna zachwyca swoim s\u0142odkim smakiem<\/h1>\n<\/section><\/div>\n<\/section>\n<section class=\"section\">\n<div class=\"item item-6\">\n<section class=\"image-item\"><img decoding=\"async\" src=\"https:\/\/upload.cdn.baselinker.com\/products\/3018170\/2ec7ab4418b4e7119ed750a245c52c39.jpg\" \/><\/section>\n<\/p><\/div>\n<div class=\"item item-6\">\n<section class=\"text-item\">\n<p><b>Poziomka YELLOW WONDER<\/b><\/p>\n<p>Fragaria vesca var. Hortensis<\/p>\n<p>Oryginalna, bardzo plenna odmiana, kt\u00f3ra zachwyca swoim s\u0142odkim smakiem i niezwyk\u0142ym wygl\u0105dem intensywnie \u017c\u00f3\u0142tych aromatycznych nieco wyd\u0142u\u017conych owoc\u00f3w. Wyj\u0105tkowe walory smakowe owoc\u00f3w oraz brak zainteresowania przez ptaki sprawiaj\u0105, \u017ce jest to odmiana szczeg\u00f3lnie polecana do przydomowych ogr\u00f3dk\u00f3w. Ro\u015blina wykazuje du\u017c\u0105 odporno\u015b\u0107 na choroby i mr\u00f3z. Wymaga gleby przepuszczalnej i \u017cyznej. Nadaje si\u0119 do uprawy w gruncie oraz w pojemnikach na balkonach i tarasach. Siew p\u0142ytki na g\u0142\u0119boko\u015b\u0107<\/p>\n<p>0,5 cm do inspektu II-IV lub bezpo\u015brednio do gruntu w V-VI. Owocuje w roku siewu,<\/p>\n<p>a nast\u0119pnie corocznie od czerwca do ko\u0144ca wrze\u015bnia.<\/p>\n<p><b>\u2705Siew do inspektu:<\/b> II-III; V-VI G\u0141. 0,5cm<\/p>\n<p><b>\u2705Przesadzanie do gruntu:<\/b> V-VI<\/p>\n<p><b>\u2705Wysoko\u015b\u0107:<\/b> 15-30cm<\/p>\n<p><b>\u2705Rozstawa:<\/b> 15-20\u00d725-30 cm<\/p>\n<p><b>\u2705Zbi\u00f3r:<\/b> VI-X<\/p>\n<\/section><\/div>\n<\/section>\n<section class=\"section\">\n<div class=\"item item-6\">\n<section class=\"image-item\"><img decoding=\"async\" src=\"https:\/\/upload.cdn.baselinker.com\/products\/3018170\/f29ae1ad3aa8bdfe17984616ed8fb029.jpg\" \/><\/section>\n<\/p><\/div>\n<div class=\"item item-6\">\n<section class=\"text-item\">\n<p><b>SPRAWDZONA JAKO\u015a\u0106 NASION<\/b><\/p>\n<p>Oferowane przez nas nasiona s\u0105 testowane w&nbsp;<b>Laboratorium Oceny Nasion pod wzgl\u0119dem:<\/b><\/p>\n<p>\u2705<b>kie\u0142kowania<\/b><\/p>\n<p>\u2705<b>wilgotno\u015bci<\/b><\/p>\n<p>\u2705<b>czysto\u015bci ziarna<\/b><\/p>\n<p><b>Dzi\u0119ki czemu udost\u0119pniane nasiona s\u0105 \u015bci\u015ble wyselekcjonowane, tylko wysokiej klasy.<\/b><\/p>\n<p>Torebki zakupione na naszej aukcji s\u0105 w pe\u0142ni bezpieczne, posiadaj\u0105&nbsp;<b>dat\u0119 wa\u017cno\u015bci i nr partii na opakowaniu.<\/b>&nbsp;Gwarantujemy r\u00f3wnie\u017c jako\u015b\u0107 i oryginalno\u015b\u0107 produkt\u00f3w, poniewa\u017c s\u0105 nabywane bezpo\u015brednio od producenta.<\/p>\n<\/section><\/div>\n<\/section>\n<section class=\"section\">\n<div class=\"item item-12\">\n<section class=\"image-item\"><img decoding=\"async\" src=\"https:\/\/upload.cdn.baselinker.com\/products\/3018170\/9d8a2c93917be6264c853c12c5dc75da.jpg\" \/><\/section>\n<\/p><\/div>\n<\/section>\n","protected":false},"excerpt":{"rendered":"<p>NASIONA POZIOMKA YELLOW WONDER bardzo plenna zachwyca swoim s\u0142odkim smakiem Poziomka YELLOW WONDER Fragaria vesca var. Hortensis Oryginalna, bardzo plenna odmiana, kt\u00f3ra zachwyca swoim s\u0142odkim smakiem i niezwyk\u0142ym wygl\u0105dem intensywnie \u017c\u00f3\u0142tych aromatycznych nieco wyd\u0142u\u017conych owoc\u00f3w. Wyj\u0105tkowe walory smakowe owoc\u00f3w oraz brak zainteresowania przez ptaki sprawiaj\u0105, \u017ce jest to odmiana szczeg\u00f3lnie polecana do przydomowych ogr\u00f3dk\u00f3w. Ro\u015blina&#8230;<\/p>\n","protected":false},"featured_media":23275,"comment_status":"open","ping_status":"closed","template":"","meta":{"inline_featured_image":false},"product_cat":[135,162,181],"product_tag":[],"location":[],"class_list":{"0":"post-23277","1":"product","2":"type-product","3":"status-publish","4":"has-post-thumbnail","6":"product_cat-nasiona-owocowe","7":"product_cat-nasiona","8":"product_cat-nasiona-poziomki","9":"nt-post-class","10":"","13":"excerpt-none","16":"first","17":"instock","18":"shipping-taxable","19":"purchasable","20":"product-type-simple"},"_links":{"self":[{"href":"https:\/\/boskienasiona.pl\/en\/wp-json\/wp\/v2\/product\/23277","targetHints":{"allow":["GET"]}}],"collection":[{"href":"https:\/\/boskienasiona.pl\/en\/wp-json\/wp\/v2\/product"}],"about":[{"href":"https:\/\/boskienasiona.pl\/en\/wp-json\/wp\/v2\/types\/product"}],"replies":[{"embeddable":true,"href":"https:\/\/boskienasiona.pl\/en\/wp-json\/wp\/v2\/comments?post=23277"}],"version-history":[{"count":0,"href":"https:\/\/boskienasiona.pl\/en\/wp-json\/wp\/v2\/product\/23277\/revisions"}],"wp:featuredmedia":[{"embeddable":true,"href":"https:\/\/boskienasiona.pl\/en\/wp-json\/wp\/v2\/media\/23275"}],"wp:attachment":[{"href":"https:\/\/boskienasiona.pl\/en\/wp-json\/wp\/v2\/media?parent=23277"}],"wp:term":[{"taxonomy":"product_cat","embeddable":true,"href":"https:\/\/boskienasiona.pl\/en\/wp-json\/wp\/v2\/product_cat?post=23277"},{"taxonomy":"product_tag","embeddable":true,"href":"https:\/\/boskienasiona.pl\/en\/wp-json\/wp\/v2\/product_tag?post=23277"},{"taxonomy":"location","embeddable":true,"href":"https:\/\/boskienasiona.pl\/en\/wp-json\/wp\/v2\/location?post=23277"}],"curies":[{"name":"wp","href":"https:\/\/api.w.org\/{rel}","templated":true}]}}