{"id":23292,"date":"2026-02-06T12:43:17","date_gmt":"2026-02-06T11:43:17","guid":{"rendered":"https:\/\/boskienasiona.pl\/produkt\/nasiona-poziomka-wielkoowocowa-regina-owocowanie-lato-i-jesien\/"},"modified":"2026-04-19T14:18:46","modified_gmt":"2026-04-19T12:18:46","slug":"nasiona-poziomka-wielkoowocowa-regina-owocowanie-lato-i-jesien","status":"publish","type":"product","link":"https:\/\/boskienasiona.pl\/en\/produkt\/nasiona-poziomka-wielkoowocowa-regina-owocowanie-lato-i-jesien\/","title":{"rendered":"NASIONA POZIOMKA WIELKOOWOCOWA REGINA OWOCOWANIE lato i jesie\u0144"},"content":{"rendered":"<section class=\"section\">\n<div class=\"item item-12\">\n<section class=\"text-item\">\n<h1>NASIONA POZIOMKA WIELKOOWOCOWA REGINA OWOCOWANIE lato i jesie\u0144<\/h1>\n<\/section><\/div>\n<\/section>\n<section class=\"section\">\n<div class=\"item item-6\">\n<section class=\"image-item\"><img decoding=\"async\" src=\"https:\/\/upload.cdn.baselinker.com\/products\/3018170\/cc0fed6a8bedc45d2c608a89d40dae4c.jpg\" \/><\/section>\n<\/p><\/div>\n<div class=\"item item-6\">\n<section class=\"text-item\">\n<p><b>Poziomka REGINA<\/b><\/p>\n<p>Fragaria vesca var. Hortensis<\/p>\n<p>Wielkoowocowa, silnie rosn\u0105ca, \u0142atwa w uprawie, odporna na choroby odmiana<\/p>\n<p>o czerwonych, intensywnie s\u0142odkich aromatycznych owocach. Owocuje nieprzerwanie przez lato i jesie\u0144. Nadaje si\u0119 do uprawy w ogrodach, oraz w donicach. Owoce (dwukrotnie wi\u0119ksze ni\u017c u pozosta\u0142ych odmian), doskonale sprawdzaj\u0105 si\u0119 do bezpo\u015bredniego spo\u017cycia, a tak\u017ce jako dodatek do deser\u00f3w i wypiek\u00f3w. Siew p\u0142ytki na g\u0142\u0119boko\u015b\u0107 0,5cm do inspektu II-IV lub bezpo\u015brednio do gruntu w V-VI. Wymaga gleb \u015brednio zwi\u0119z\u0142ych w dobrej strukturze,<\/p>\n<p>o lekko kwa\u015bnym odczynie. Ro\u015bliny nale\u017cy okry\u0107 na zim\u0119.<\/p>\n<p><b>\u2705Siew do inspektu:<\/b> II-III; V-VI<\/p>\n<p><b>\u2705Przesadzanie do gruntu:<\/b> V; VIII-IX<\/p>\n<p><b>\u2705Wysoko\u015b\u0107:<\/b> 20-30cm<\/p>\n<p><b>\u2705Rozstawa:<\/b> 15-20\u00d725-30 cm<\/p>\n<p><b>\u2705Zbi\u00f3r:<\/b> VI-X<\/p>\n<\/section><\/div>\n<\/section>\n<section class=\"section\">\n<div class=\"item item-6\">\n<section class=\"image-item\"><img decoding=\"async\" src=\"https:\/\/upload.cdn.baselinker.com\/products\/3018170\/4c1ca8cb2a3b4f692fc525ac2d1681cf.jpg\" \/><\/section>\n<\/p><\/div>\n<div class=\"item item-6\">\n<section class=\"text-item\">\n<p><b>SPRAWDZONA JAKO\u015a\u0106 NASION<\/b><\/p>\n<p>Oferowane przez nas nasiona s\u0105 testowane w&nbsp;<b>Laboratorium Oceny Nasion pod wzgl\u0119dem:<\/b><\/p>\n<p>\u2705<b>kie\u0142kowania<\/b><\/p>\n<p>\u2705<b>wilgotno\u015bci<\/b><\/p>\n<p>\u2705<b>czysto\u015bci ziarna<\/b><\/p>\n<p><b>Dzi\u0119ki czemu udost\u0119pniane nasiona s\u0105 \u015bci\u015ble wyselekcjonowane, tylko wysokiej klasy.<\/b><\/p>\n<p>Torebki zakupione na naszej aukcji s\u0105 w pe\u0142ni bezpieczne, posiadaj\u0105&nbsp;<b>dat\u0119 wa\u017cno\u015bci i nr partii na opakowaniu.<\/b>&nbsp;Gwarantujemy r\u00f3wnie\u017c jako\u015b\u0107 i oryginalno\u015b\u0107 produkt\u00f3w, poniewa\u017c s\u0105 nabywane bezpo\u015brednio od producenta.<\/p>\n<\/section><\/div>\n<\/section>\n<section class=\"section\">\n<div class=\"item item-12\">\n<section class=\"image-item\"><img decoding=\"async\" src=\"https:\/\/upload.cdn.baselinker.com\/products\/3018170\/2ac0af4d17d0155ac5d5b7c12983c91b.jpg\" \/><\/section>\n<\/p><\/div>\n<\/section>\n<section class=\"section\">\n<div class=\"item item-12\">\n<section class=\"image-item\"><img decoding=\"async\" src=\"https:\/\/upload.cdn.baselinker.com\/products\/3018170\/f685cc2baa8e5fd580610a57dbd3578a.jpg\" \/><\/section>\n<\/p><\/div>\n<\/section>\n","protected":false},"excerpt":{"rendered":"<p>NASIONA POZIOMKA WIELKOOWOCOWA REGINA OWOCOWANIE lato i jesie\u0144 Poziomka REGINA Fragaria vesca var. Hortensis Wielkoowocowa, silnie rosn\u0105ca, \u0142atwa w uprawie, odporna na choroby odmiana o czerwonych, intensywnie s\u0142odkich aromatycznych owocach. Owocuje nieprzerwanie przez lato i jesie\u0144. Nadaje si\u0119 do uprawy w ogrodach, oraz w donicach. Owoce (dwukrotnie wi\u0119ksze ni\u017c u pozosta\u0142ych odmian), doskonale sprawdzaj\u0105 si\u0119&#8230;<\/p>\n","protected":false},"featured_media":23290,"comment_status":"open","ping_status":"closed","template":"","meta":{"inline_featured_image":false},"product_cat":[135,162,181],"product_tag":[],"location":[],"class_list":{"0":"post-23292","1":"product","2":"type-product","3":"status-publish","4":"has-post-thumbnail","6":"product_cat-nasiona-owocowe","7":"product_cat-nasiona","8":"product_cat-nasiona-poziomki","9":"nt-post-class","10":"","13":"excerpt-none","16":"first","17":"instock","18":"shipping-taxable","19":"purchasable","20":"product-type-simple"},"_links":{"self":[{"href":"https:\/\/boskienasiona.pl\/en\/wp-json\/wp\/v2\/product\/23292","targetHints":{"allow":["GET"]}}],"collection":[{"href":"https:\/\/boskienasiona.pl\/en\/wp-json\/wp\/v2\/product"}],"about":[{"href":"https:\/\/boskienasiona.pl\/en\/wp-json\/wp\/v2\/types\/product"}],"replies":[{"embeddable":true,"href":"https:\/\/boskienasiona.pl\/en\/wp-json\/wp\/v2\/comments?post=23292"}],"version-history":[{"count":0,"href":"https:\/\/boskienasiona.pl\/en\/wp-json\/wp\/v2\/product\/23292\/revisions"}],"wp:featuredmedia":[{"embeddable":true,"href":"https:\/\/boskienasiona.pl\/en\/wp-json\/wp\/v2\/media\/23290"}],"wp:attachment":[{"href":"https:\/\/boskienasiona.pl\/en\/wp-json\/wp\/v2\/media?parent=23292"}],"wp:term":[{"taxonomy":"product_cat","embeddable":true,"href":"https:\/\/boskienasiona.pl\/en\/wp-json\/wp\/v2\/product_cat?post=23292"},{"taxonomy":"product_tag","embeddable":true,"href":"https:\/\/boskienasiona.pl\/en\/wp-json\/wp\/v2\/product_tag?post=23292"},{"taxonomy":"location","embeddable":true,"href":"https:\/\/boskienasiona.pl\/en\/wp-json\/wp\/v2\/location?post=23292"}],"curies":[{"name":"wp","href":"https:\/\/api.w.org\/{rel}","templated":true}]}}