{"id":23301,"date":"2026-02-06T14:09:51","date_gmt":"2026-02-06T13:09:51","guid":{"rendered":"https:\/\/boskienasiona.pl\/produkt\/nasiona-warzyw-koper-monarch-odrastajacy-bardzo-odporny-na-zbior-peczkowy-2\/"},"modified":"2026-04-19T14:18:48","modified_gmt":"2026-04-19T12:18:48","slug":"nasiona-warzyw-koper-monarch-odrastajacy-bardzo-odporny-na-zbior-peczkowy-2","status":"publish","type":"product","link":"https:\/\/boskienasiona.pl\/en\/produkt\/nasiona-warzyw-koper-monarch-odrastajacy-bardzo-odporny-na-zbior-peczkowy-2\/","title":{"rendered":"Nasiona warzyw Koper MONARCH odrastaj\u0105cy bardzo odporny na zbi\u00f3r p\u0119czkowy"},"content":{"rendered":"<section class=\"section\">\n<div class=\"item item-12\">\n<section class=\"text-item\">\n<h1>Nasiona warzyw Koper MONARCH odrastaj\u0105cy bardzo odporny na zbi\u00f3r p\u0119czkowy<\/h1>\n<\/section><\/div>\n<\/section>\n<section class=\"section\">\n<div class=\"item item-6\">\n<section class=\"image-item\"><img decoding=\"async\" src=\"https:\/\/upload.cdn.baselinker.com\/products\/3018170\/6a671113bedc77c94831f2f8861b3a50.jpg\" \/><\/section>\n<\/p><\/div>\n<div class=\"item item-6\">\n<section class=\"text-item\">\n<p><b>Koper MONARCH<\/b><\/p>\n<p>ANETHUM GRAVEOLENS L.<\/p>\n<p>Jedna z najlepszych odmian kopru przeznaczonego na zbi\u00f3r p\u0119czkowy. Bardzo odporna<\/p>\n<p>na wybijanie w p\u0119dy kwiatowe, silnie krzewi\u0105ca si\u0119, dzi\u0119ki czemu zbi\u00f3r natki mo\u017cna przeprowadza\u0107 wielokrotnie. Listki ciemnozielone ze srebrnym nalotem, \u0142odygi g\u0119sto ulistnione. Pierwsze zbiory przeprowadza si\u0119 po 45-55 dniach od wysiewu. Odmiana przeznaczona zar\u00f3wno do uprawy w gruncie, jak i pod os\u0142onami.<\/p>\n<p><b>\u2705Siew:<\/b> III-VIII, na g\u0142. 1-2 cm<\/p>\n<p><b>\u2705Zbi\u00f3r:<\/b> IV-X<\/p>\n<p><b>\u2705Rozstawa:<\/b> 5-10 x 30 cm<\/p>\n<\/section><\/div>\n<\/section>\n<section class=\"section\">\n<div class=\"item item-6\">\n<section class=\"image-item\"><img decoding=\"async\" src=\"https:\/\/upload.cdn.baselinker.com\/products\/3018170\/a4b94b42eacd08965524a929d9aab3e6.jpg\" \/><\/section>\n<\/p><\/div>\n<div class=\"item item-6\">\n<section class=\"text-item\">\n<p><b>SPRAWDZONA JAKO\u015a\u0106 NASION<\/b><\/p>\n<p>Oferowane przez nas nasiona s\u0105 testowane w\u00a0<b>Laboratorium Oceny Nasion pod wzgl\u0119dem:<\/b><\/p>\n<p>\u2705<b>kie\u0142kowania<\/b><\/p>\n<p>\u2705<b>wilgotno\u015bci<\/b><\/p>\n<p>\u2705<b>czysto\u015bci ziarna<\/b><\/p>\n<p><b>Dzi\u0119ki czemu udost\u0119pniane nasiona s\u0105 \u015bci\u015ble wyselekcjonowane, tylko wysokiej klasy.<\/b><\/p>\n<p>Torebki zakupione na naszej aukcji s\u0105 w pe\u0142ni bezpieczne, posiadaj\u0105\u00a0<b>dat\u0119 wa\u017cno\u015bci i nr partii na opakowaniu.<\/b>\u00a0Gwarantujemy r\u00f3wnie\u017c jako\u015b\u0107 i oryginalno\u015b\u0107 produkt\u00f3w, poniewa\u017c s\u0105 nabywane bezpo\u015brednio od producenta.<\/p>\n<\/section><\/div>\n<\/section>\n<section class=\"section\">\n<div class=\"item item-12\">\n<section class=\"image-item\"><img decoding=\"async\" src=\"https:\/\/upload.cdn.baselinker.com\/products\/3018170\/996506a2d601c09428039274055d5b22.jpg\" \/><\/section>\n<\/p><\/div>\n<\/section>\n<section class=\"section\">\n<div class=\"item item-6\">\n<section class=\"image-item\"><img decoding=\"async\" src=\"https:\/\/upload.cdn.baselinker.com\/products\/3018170\/15930912fd5e4340c78257e30dfe90e7.jpg\" \/><\/section>\n<\/p><\/div>\n<div class=\"item item-6\">\n<section class=\"image-item\"><img decoding=\"async\" src=\"https:\/\/upload.cdn.baselinker.com\/products\/3018170\/82d09e1e6304f6072ba2ecf7f722ff2c.jpg\" \/><\/section>\n<\/p><\/div>\n<\/section>\n<section class=\"section\">\n<div class=\"item item-6\">\n<section class=\"image-item\"><img decoding=\"async\" src=\"https:\/\/upload.cdn.baselinker.com\/products\/3018170\/a09ac3bcfaa08c267e17c245de7e3b6e.jpg\" \/><\/section>\n<\/p><\/div>\n<div class=\"item item-6\">\n<section class=\"image-item\"><img decoding=\"async\" src=\"https:\/\/upload.cdn.baselinker.com\/products\/3018170\/fdcb59f23328dff3f5320a09d087989b.jpg\" \/><\/section>\n<\/p><\/div>\n<\/section>\n","protected":false},"excerpt":{"rendered":"<p>Nasiona warzyw Koper MONARCH odrastaj\u0105cy bardzo odporny na zbi\u00f3r p\u0119czkowy Koper MONARCH ANETHUM GRAVEOLENS L. Jedna z najlepszych odmian kopru przeznaczonego na zbi\u00f3r p\u0119czkowy. Bardzo odporna na wybijanie w p\u0119dy kwiatowe, silnie krzewi\u0105ca si\u0119, dzi\u0119ki czemu zbi\u00f3r natki mo\u017cna przeprowadza\u0107 wielokrotnie. Listki ciemnozielone ze srebrnym nalotem, \u0142odygi g\u0119sto ulistnione. Pierwsze zbiory przeprowadza si\u0119 po 45-55&#8230;<\/p>\n","protected":false},"featured_media":23339,"comment_status":"open","ping_status":"closed","template":"","meta":{"inline_featured_image":false},"product_cat":[126,162],"product_tag":[],"location":[],"class_list":{"0":"post-23301","1":"product","2":"type-product","3":"status-publish","4":"has-post-thumbnail","6":"product_cat-nasiona-warzyw","7":"product_cat-nasiona","8":"nt-post-class","9":"","12":"excerpt-none","15":"first","16":"instock","17":"shipping-taxable","18":"purchasable","19":"product-type-simple"},"_links":{"self":[{"href":"https:\/\/boskienasiona.pl\/en\/wp-json\/wp\/v2\/product\/23301","targetHints":{"allow":["GET"]}}],"collection":[{"href":"https:\/\/boskienasiona.pl\/en\/wp-json\/wp\/v2\/product"}],"about":[{"href":"https:\/\/boskienasiona.pl\/en\/wp-json\/wp\/v2\/types\/product"}],"replies":[{"embeddable":true,"href":"https:\/\/boskienasiona.pl\/en\/wp-json\/wp\/v2\/comments?post=23301"}],"version-history":[{"count":1,"href":"https:\/\/boskienasiona.pl\/en\/wp-json\/wp\/v2\/product\/23301\/revisions"}],"predecessor-version":[{"id":23341,"href":"https:\/\/boskienasiona.pl\/en\/wp-json\/wp\/v2\/product\/23301\/revisions\/23341"}],"wp:featuredmedia":[{"embeddable":true,"href":"https:\/\/boskienasiona.pl\/en\/wp-json\/wp\/v2\/media\/23339"}],"wp:attachment":[{"href":"https:\/\/boskienasiona.pl\/en\/wp-json\/wp\/v2\/media?parent=23301"}],"wp:term":[{"taxonomy":"product_cat","embeddable":true,"href":"https:\/\/boskienasiona.pl\/en\/wp-json\/wp\/v2\/product_cat?post=23301"},{"taxonomy":"product_tag","embeddable":true,"href":"https:\/\/boskienasiona.pl\/en\/wp-json\/wp\/v2\/product_tag?post=23301"},{"taxonomy":"location","embeddable":true,"href":"https:\/\/boskienasiona.pl\/en\/wp-json\/wp\/v2\/location?post=23301"}],"curies":[{"name":"wp","href":"https:\/\/api.w.org\/{rel}","templated":true}]}}