{"id":23326,"date":"2026-02-06T14:10:10","date_gmt":"2026-02-06T13:10:10","guid":{"rendered":"https:\/\/boskienasiona.pl\/produkt\/nasiona-warzyw-koper-ambrozja-srednio-wczesna-odmiana-bardzo-aromatyczny\/"},"modified":"2026-04-19T14:18:47","modified_gmt":"2026-04-19T12:18:47","slug":"nasiona-warzyw-koper-ambrozja-srednio-wczesna-odmiana-bardzo-aromatyczny","status":"publish","type":"product","link":"https:\/\/boskienasiona.pl\/en\/produkt\/nasiona-warzyw-koper-ambrozja-srednio-wczesna-odmiana-bardzo-aromatyczny\/","title":{"rendered":"NASIONA WARZYW Koper AMBROZJA \u015arednio wczesna odmiana BARDZO AROMATYCZNY"},"content":{"rendered":"<section class=\"section\">\n<div class=\"item item-12\">\n<section class=\"text-item\">\n<h1>NASIONA WARZYW Koper AMBROZJA \u015arednio wczesna odmiana BARDZO AROMATYCZNY<\/h1>\n<\/section><\/div>\n<\/section>\n<section class=\"section\">\n<div class=\"item item-6\">\n<section class=\"image-item\"><img decoding=\"async\" src=\"https:\/\/upload.cdn.baselinker.com\/products\/3018170\/714081da4cd25514353a695d10ac3a2d.jpg\" \/><\/section>\n<\/p><\/div>\n<div class=\"item item-6\">\n<section class=\"text-item\">\n<p><b>Koper AMBROZJA<\/b><\/p>\n<p>ANETHUM GRAVEOLENS L.<\/p>\n<p>\u015arednio wczesna odmiana kopru, przez wielu uwa\u017cana za najbardziej aromatyczn\u0105. Zawiera olejki aromatyczne, kt\u00f3re zachowuj\u0105 sw\u00f3j zapach nawet po zamro\u017ceniu. Li\u015bcie maj\u0105 bardzo intensywny, zielony kolor, kt\u00f3ry wyr\u00f3\u017cnia go spo\u015br\u00f3d innych typowych odmian kopru. P\u00f3\u017ano wybija w p\u0119dy kwiatostanowe, dzi\u0119ki czemu wyd\u0142u\u017cony jest okres zbioru ,,na zielono\u201d. Wysiew przez ca\u0142y sezon wegetacyjny od III do VIII.<\/p>\n<p><b>\u2705Siew:<\/b> III-VIII, na g\u0142\u0119boko\u015b\u0107 0,5-1 cm<\/p>\n<p><b>\u2705Zbi\u00f3r:<\/b> IV-X<\/p>\n<p><b>\u2705Rozstawa:<\/b> 15\u00d730 cm<\/p>\n<\/section><\/div>\n<\/section>\n<section class=\"section\">\n<div class=\"item item-6\">\n<section class=\"image-item\"><img decoding=\"async\" src=\"https:\/\/upload.cdn.baselinker.com\/products\/3018170\/3ea26fad8582178386147f45dd76b332.jpg\" \/><\/section>\n<\/p><\/div>\n<div class=\"item item-6\">\n<section class=\"text-item\">\n<p><b>SPRAWDZONA JAKO\u015a\u0106 NASION<\/b><\/p>\n<p>Oferowane przez nas nasiona s\u0105 testowane w&nbsp;<b>Laboratorium Oceny Nasion pod wzgl\u0119dem:<\/b><\/p>\n<p>\u2705<b>kie\u0142kowania<\/b><\/p>\n<p>\u2705<b>wilgotno\u015bci<\/b><\/p>\n<p>\u2705<b>czysto\u015bci ziarna<\/b><\/p>\n<p><b>Dzi\u0119ki czemu udost\u0119pniane nasiona s\u0105 \u015bci\u015ble wyselekcjonowane, tylko wysokiej klasy.<\/b><\/p>\n<p>Torebki zakupione na naszej aukcji s\u0105 w pe\u0142ni bezpieczne, posiadaj\u0105&nbsp;<b>dat\u0119 wa\u017cno\u015bci i nr partii na opakowaniu.<\/b>&nbsp;Gwarantujemy r\u00f3wnie\u017c jako\u015b\u0107 i oryginalno\u015b\u0107 produkt\u00f3w, poniewa\u017c s\u0105 nabywane bezpo\u015brednio od producenta.<\/p>\n<\/section><\/div>\n<\/section>\n<section class=\"section\">\n<div class=\"item item-12\">\n<section class=\"image-item\"><img decoding=\"async\" src=\"https:\/\/upload.cdn.baselinker.com\/products\/3018170\/f9cfcfe092f2928ae4055230e25fea02.jpg\" \/><\/section>\n<\/p><\/div>\n<\/section>\n","protected":false},"excerpt":{"rendered":"<p>NASIONA WARZYW Koper AMBROZJA \u015arednio wczesna odmiana BARDZO AROMATYCZNY Koper AMBROZJA ANETHUM GRAVEOLENS L. \u015arednio wczesna odmiana kopru, przez wielu uwa\u017cana za najbardziej aromatyczn\u0105. Zawiera olejki aromatyczne, kt\u00f3re zachowuj\u0105 sw\u00f3j zapach nawet po zamro\u017ceniu. Li\u015bcie maj\u0105 bardzo intensywny, zielony kolor, kt\u00f3ry wyr\u00f3\u017cnia go spo\u015br\u00f3d innych typowych odmian kopru. P\u00f3\u017ano wybija w p\u0119dy kwiatostanowe, dzi\u0119ki czemu&#8230;<\/p>\n","protected":false},"featured_media":23322,"comment_status":"open","ping_status":"closed","template":"","meta":{"inline_featured_image":false},"product_cat":[126,162],"product_tag":[],"location":[],"class_list":{"0":"post-23326","1":"product","2":"type-product","3":"status-publish","4":"has-post-thumbnail","6":"product_cat-nasiona-warzyw","7":"product_cat-nasiona","8":"nt-post-class","9":"","12":"excerpt-none","15":"first","16":"instock","17":"shipping-taxable","18":"purchasable","19":"product-type-simple"},"_links":{"self":[{"href":"https:\/\/boskienasiona.pl\/en\/wp-json\/wp\/v2\/product\/23326","targetHints":{"allow":["GET"]}}],"collection":[{"href":"https:\/\/boskienasiona.pl\/en\/wp-json\/wp\/v2\/product"}],"about":[{"href":"https:\/\/boskienasiona.pl\/en\/wp-json\/wp\/v2\/types\/product"}],"replies":[{"embeddable":true,"href":"https:\/\/boskienasiona.pl\/en\/wp-json\/wp\/v2\/comments?post=23326"}],"version-history":[{"count":0,"href":"https:\/\/boskienasiona.pl\/en\/wp-json\/wp\/v2\/product\/23326\/revisions"}],"wp:featuredmedia":[{"embeddable":true,"href":"https:\/\/boskienasiona.pl\/en\/wp-json\/wp\/v2\/media\/23322"}],"wp:attachment":[{"href":"https:\/\/boskienasiona.pl\/en\/wp-json\/wp\/v2\/media?parent=23326"}],"wp:term":[{"taxonomy":"product_cat","embeddable":true,"href":"https:\/\/boskienasiona.pl\/en\/wp-json\/wp\/v2\/product_cat?post=23326"},{"taxonomy":"product_tag","embeddable":true,"href":"https:\/\/boskienasiona.pl\/en\/wp-json\/wp\/v2\/product_tag?post=23326"},{"taxonomy":"location","embeddable":true,"href":"https:\/\/boskienasiona.pl\/en\/wp-json\/wp\/v2\/location?post=23326"}],"curies":[{"name":"wp","href":"https:\/\/api.w.org\/{rel}","templated":true}]}}