{"id":23385,"date":"2026-02-10T20:43:15","date_gmt":"2026-02-10T19:43:15","guid":{"rendered":"https:\/\/boskienasiona.pl\/produkt\/nasiona-kwiatow-pelargonia-rabatowa-mix-na-balkony-i-tarasy\/"},"modified":"2026-04-07T14:22:51","modified_gmt":"2026-04-07T12:22:51","slug":"nasiona-kwiatow-pelargonia-rabatowa-mix-na-balkony-i-tarasy","status":"publish","type":"product","link":"https:\/\/boskienasiona.pl\/en\/produkt\/nasiona-kwiatow-pelargonia-rabatowa-mix-na-balkony-i-tarasy\/","title":{"rendered":"Nasiona kwiat\u00f3w Pelargonia rabatowa MIX na balkony i tarasy"},"content":{"rendered":"<section class=\"section\">\n<div class=\"item item-12\">\n<section class=\"text-item\">\n<h1>Nasiona kwiat\u00f3w Pelargonia rabatowa MIX na balkony i tarasy<\/h1>\n<\/section><\/div>\n<\/section>\n<section class=\"section\">\n<div class=\"item item-6\">\n<section class=\"image-item\"><img decoding=\"async\" src=\"https:\/\/upload.cdn.baselinker.com\/products\/3018170\/e03495ca9404405501171a6efdaf5613.jpg\" \/><\/section>\n<\/p><\/div>\n<div class=\"item item-6\">\n<section class=\"text-item\">\n<p><b>Pelargonia rabatowa MIX<\/b><\/p>\n<p>Pelargonium\u00a0zonale<\/p>\n<p>Ro\u015blina wieloletnia, w naszym klimacie uprawiana w ogrodach i na tarasach jako ro\u015blina jednoroczna. Silnie rozkrzewione ro\u015bliny tworz\u0105 na szczycie r\u00f3\u017cnobarwne, baldachowate kwiatostany o \u015brednicy 10-12 cm. Doskonale prezentuje si\u0119 w skrzynkach balkonowych, donicach, misach i na rabatach. Nasiona wysiewa\u0107 pod os\u0142onami, w I-IV. W temp. 20-25oC wschody nast\u0119puj\u0105 po oko\u0142o 2 tygodniach. Do gruntu lub pojemnik\u00f3w wysadza\u0107\u00a0w maju-czerwcu. Wymaga \u017cyznego i wilgotnego pod\u0142o\u017ca. Napar z li\u015bci pelargonii mo\u017cna stosowa\u0107 w celu wzbogacenia smaku konfitur i d\u017cem\u00f3w.<\/p>\n<ul>\n<li><b>Siew:<\/b> I-IV<\/li>\n<li><b>Kwitnienie:<\/b> VI-X<\/li>\n<li><b>Wysoko\u015b\u0107:<\/b> 30-35 cm<\/li>\n<li><b>Rozstawa:<\/b> 25\u00d730 cm<\/li>\n<\/ul>\n<\/section><\/div>\n<\/section>\n<section class=\"section\">\n<div class=\"item item-6\">\n<section class=\"image-item\"><img decoding=\"async\" src=\"https:\/\/upload.cdn.baselinker.com\/products\/3018170\/fc33762c98ebb1d7c27f141d28bcde33.jpg\" \/><\/section>\n<\/p><\/div>\n<div class=\"item item-6\">\n<section class=\"text-item\">\n<p><b>SPRAWDZONA JAKO\u015a\u0106 NASION<\/b><\/p>\n<p>Oferowane przez nas nasiona s\u0105 testowane w\u00a0<b>Laboratorium Oceny Nasion pod wzgl\u0119dem:<\/b><\/p>\n<p>\u2705<b>kie\u0142kowania<\/b><\/p>\n<p>\u2705<b>wilgotno\u015bci<\/b><\/p>\n<p>\u2705<b>czysto\u015bci ziarna<\/b><\/p>\n<p><b>Dzi\u0119ki czemu udost\u0119pniane nasiona s\u0105 \u015bci\u015ble wyselekcjonowane, tylko wysokiej klasy.<\/b><\/p>\n<p>Torebki zakupione na naszej aukcji s\u0105 w pe\u0142ni bezpieczne, posiadaj\u0105\u00a0<b>dat\u0119 wa\u017cno\u015bci i nr partii na opakowaniu.<\/b>\u00a0Gwarantujemy r\u00f3wnie\u017c jako\u015b\u0107 i oryginalno\u015b\u0107 produkt\u00f3w, poniewa\u017c s\u0105 nabywane bezpo\u015brednio od producenta.<\/p>\n<\/section><\/div>\n<\/section>\n<section class=\"section\">\n<div class=\"item item-12\">\n<section class=\"image-item\"><img decoding=\"async\" src=\"https:\/\/upload.cdn.baselinker.com\/products\/3018170\/e8cb1866b517e032eecbec524f7a4c44.jpg\" \/><\/section>\n<\/p><\/div>\n<\/section>\n<section class=\"section\">\n<div class=\"item item-12\">\n<section class=\"image-item\"><img decoding=\"async\" src=\"https:\/\/upload.cdn.baselinker.com\/products\/3018170\/2ce1dc0d66881c77ec64fbdca32a10c6.jpg\" \/><\/section>\n<\/p><\/div>\n<\/section>\n<section class=\"section\">\n<div class=\"item item-12\">\n<section class=\"image-item\"><img decoding=\"async\" src=\"https:\/\/upload.cdn.baselinker.com\/products\/3018170\/0bf8fc7fc745d5c72c9c0a694fe204b1.jpg\" \/><\/section>\n<\/p><\/div>\n<\/section>\n","protected":false},"excerpt":{"rendered":"<p>Nasiona kwiat\u00f3w Pelargonia rabatowa MIX na balkony i tarasy Pelargonia rabatowa MIX Pelargonium\u00a0zonale Ro\u015blina wieloletnia, w naszym klimacie uprawiana w ogrodach i na tarasach jako ro\u015blina jednoroczna. Silnie rozkrzewione ro\u015bliny tworz\u0105 na szczycie r\u00f3\u017cnobarwne, baldachowate kwiatostany o \u015brednicy 10-12 cm. Doskonale prezentuje si\u0119 w skrzynkach balkonowych, donicach, misach i na rabatach. Nasiona wysiewa\u0107 pod os\u0142onami,&#8230;<\/p>\n","protected":false},"featured_media":23383,"comment_status":"open","ping_status":"closed","template":"","meta":{"inline_featured_image":false},"product_cat":[134,162],"product_tag":[],"location":[],"class_list":{"0":"post-23385","1":"product","2":"type-product","3":"status-publish","4":"has-post-thumbnail","6":"product_cat-nasiona-kwiatow","7":"product_cat-nasiona","8":"nt-post-class","9":"","12":"excerpt-none","15":"first","16":"instock","17":"shipping-taxable","18":"purchasable","19":"product-type-simple"},"_links":{"self":[{"href":"https:\/\/boskienasiona.pl\/en\/wp-json\/wp\/v2\/product\/23385","targetHints":{"allow":["GET"]}}],"collection":[{"href":"https:\/\/boskienasiona.pl\/en\/wp-json\/wp\/v2\/product"}],"about":[{"href":"https:\/\/boskienasiona.pl\/en\/wp-json\/wp\/v2\/types\/product"}],"replies":[{"embeddable":true,"href":"https:\/\/boskienasiona.pl\/en\/wp-json\/wp\/v2\/comments?post=23385"}],"version-history":[{"count":1,"href":"https:\/\/boskienasiona.pl\/en\/wp-json\/wp\/v2\/product\/23385\/revisions"}],"predecessor-version":[{"id":23414,"href":"https:\/\/boskienasiona.pl\/en\/wp-json\/wp\/v2\/product\/23385\/revisions\/23414"}],"wp:featuredmedia":[{"embeddable":true,"href":"https:\/\/boskienasiona.pl\/en\/wp-json\/wp\/v2\/media\/23383"}],"wp:attachment":[{"href":"https:\/\/boskienasiona.pl\/en\/wp-json\/wp\/v2\/media?parent=23385"}],"wp:term":[{"taxonomy":"product_cat","embeddable":true,"href":"https:\/\/boskienasiona.pl\/en\/wp-json\/wp\/v2\/product_cat?post=23385"},{"taxonomy":"product_tag","embeddable":true,"href":"https:\/\/boskienasiona.pl\/en\/wp-json\/wp\/v2\/product_tag?post=23385"},{"taxonomy":"location","embeddable":true,"href":"https:\/\/boskienasiona.pl\/en\/wp-json\/wp\/v2\/location?post=23385"}],"curies":[{"name":"wp","href":"https:\/\/api.w.org\/{rel}","templated":true}]}}