{"id":23417,"date":"2026-02-10T20:43:36","date_gmt":"2026-02-10T19:43:36","guid":{"rendered":"https:\/\/boskienasiona.pl\/produkt\/nasiona-kwiatow-pelargonia-rabatowa-biala-piekny-kwiat\/"},"modified":"2026-04-17T22:19:23","modified_gmt":"2026-04-17T20:19:23","slug":"nasiona-kwiatow-pelargonia-rabatowa-biala-piekny-kwiat","status":"publish","type":"product","link":"https:\/\/boskienasiona.pl\/en\/produkt\/nasiona-kwiatow-pelargonia-rabatowa-biala-piekny-kwiat\/","title":{"rendered":"Nasiona kwiat\u00f3w Pelargonia rabatowa BIA\u0141A PI\u0118KNY KWIAT"},"content":{"rendered":"<section class=\"section\">\n<div class=\"item item-12\">\n<section class=\"text-item\">\n<h1>Nasiona kwiat\u00f3w Pelargonia rabatowa BIA\u0141A PI\u0118KNY KWIAT<\/h1>\n<\/section><\/div>\n<\/section>\n<section class=\"section\">\n<div class=\"item item-6\">\n<section class=\"image-item\"><img decoding=\"async\" src=\"https:\/\/upload.cdn.baselinker.com\/products\/3018170\/e20e93aacb846b84e5aee44eeb9f1961.jpg\" \/><\/section>\n<\/p><\/div>\n<div class=\"item item-6\">\n<section class=\"text-item\">\n<p><b>Pelargonia rabatowa BIA\u0141A<\/b><\/p>\n<p>Pelargonium zonale<\/p>\n<p>Ro\u015blina wieloletnia, w naszym klimacie uprawiana w ogrodach i na tarasach jako ro\u015blina jednoroczna. Silnie rozkrzewione ro\u015bliny tworz\u0105 na szczycie bia\u0142e baldachowate kwiatostany o \u015brednicy 10-12 cm. Doskonale prezentuje si\u0119 w skrzynkach balkonowych, donicach, misach i na rabatach. Nasiona wysiewa\u0107 pod os\u0142onami w I-IV w temp. 20-25\u00b0C.<\/p>\n<p>Do gruntu lub pojemnik\u00f3w wysadza\u0107 w V-VI. Wymaga \u017cyznego i wilgotnego pod\u0142o\u017ca.<\/p>\n<ul>\n<li><b>Siew inspekt:<\/b> I-IV<\/li>\n<li><b>Rozstawa:<\/b> 25-30 cm<\/li>\n<li><b>Wysoko\u015b\u0107:<\/b> 30-35 cm<\/li>\n<li><b>Kwitnienie:<\/b> VI-X<\/li>\n<\/ul>\n<p>graniczy si\u0119 podlewanie i nawo\u017cenie Pelargonia przezimuje.<\/p>\n<\/section><\/div>\n<\/section>\n<section class=\"section\">\n<div class=\"item item-6\">\n<section class=\"image-item\"><img decoding=\"async\" src=\"https:\/\/upload.cdn.baselinker.com\/products\/3018170\/cd8dac6db4e26c0380c1c0a97598d1e5.jpg\" \/><\/section>\n<\/p><\/div>\n<div class=\"item item-6\">\n<section class=\"text-item\">\n<p><b>SPRAWDZONA JAKO\u015a\u0106 NASION<\/b><\/p>\n<p>Oferowane przez nas nasiona s\u0105 testowane w&nbsp;<b>Laboratorium Oceny Nasion pod wzgl\u0119dem:<\/b><\/p>\n<p>\u2705<b>kie\u0142kowania<\/b><\/p>\n<p>\u2705<b>wilgotno\u015bci<\/b><\/p>\n<p>\u2705<b>czysto\u015bci ziarna<\/b><\/p>\n<p><b>Dzi\u0119ki czemu udost\u0119pniane nasiona s\u0105 \u015bci\u015ble wyselekcjonowane, tylko wysokiej klasy.<\/b><\/p>\n<p>Torebki zakupione na naszej aukcji s\u0105 w pe\u0142ni bezpieczne, posiadaj\u0105&nbsp;<b>dat\u0119 wa\u017cno\u015bci i nr partii na opakowaniu.<\/b>&nbsp;Gwarantujemy r\u00f3wnie\u017c jako\u015b\u0107 i oryginalno\u015b\u0107 produkt\u00f3w, poniewa\u017c s\u0105 nabywane bezpo\u015brednio od producenta.<\/p>\n<\/section><\/div>\n<\/section>\n<section class=\"section\">\n<div class=\"item item-12\">\n<section class=\"image-item\"><img decoding=\"async\" src=\"https:\/\/upload.cdn.baselinker.com\/products\/3018170\/eca1e208145df5198dab69b2b395a36c.jpg\" \/><\/section>\n<\/p><\/div>\n<\/section>\n","protected":false},"excerpt":{"rendered":"<p>Nasiona kwiat\u00f3w Pelargonia rabatowa BIA\u0141A PI\u0118KNY KWIAT Pelargonia rabatowa BIA\u0141A Pelargonium zonale Ro\u015blina wieloletnia, w naszym klimacie uprawiana w ogrodach i na tarasach jako ro\u015blina jednoroczna. Silnie rozkrzewione ro\u015bliny tworz\u0105 na szczycie bia\u0142e baldachowate kwiatostany o \u015brednicy 10-12 cm. Doskonale prezentuje si\u0119 w skrzynkach balkonowych, donicach, misach i na rabatach. Nasiona wysiewa\u0107 pod os\u0142onami w&#8230;<\/p>\n","protected":false},"featured_media":23420,"comment_status":"open","ping_status":"closed","template":"","meta":{"inline_featured_image":false},"product_cat":[134,162],"product_tag":[],"location":[],"class_list":{"0":"post-23417","1":"product","2":"type-product","3":"status-publish","4":"has-post-thumbnail","6":"product_cat-nasiona-kwiatow","7":"product_cat-nasiona","8":"nt-post-class","9":"","12":"excerpt-none","15":"first","16":"outofstock","17":"shipping-taxable","18":"purchasable","19":"product-type-simple"},"_links":{"self":[{"href":"https:\/\/boskienasiona.pl\/en\/wp-json\/wp\/v2\/product\/23417","targetHints":{"allow":["GET"]}}],"collection":[{"href":"https:\/\/boskienasiona.pl\/en\/wp-json\/wp\/v2\/product"}],"about":[{"href":"https:\/\/boskienasiona.pl\/en\/wp-json\/wp\/v2\/types\/product"}],"replies":[{"embeddable":true,"href":"https:\/\/boskienasiona.pl\/en\/wp-json\/wp\/v2\/comments?post=23417"}],"version-history":[{"count":1,"href":"https:\/\/boskienasiona.pl\/en\/wp-json\/wp\/v2\/product\/23417\/revisions"}],"predecessor-version":[{"id":23422,"href":"https:\/\/boskienasiona.pl\/en\/wp-json\/wp\/v2\/product\/23417\/revisions\/23422"}],"wp:featuredmedia":[{"embeddable":true,"href":"https:\/\/boskienasiona.pl\/en\/wp-json\/wp\/v2\/media\/23420"}],"wp:attachment":[{"href":"https:\/\/boskienasiona.pl\/en\/wp-json\/wp\/v2\/media?parent=23417"}],"wp:term":[{"taxonomy":"product_cat","embeddable":true,"href":"https:\/\/boskienasiona.pl\/en\/wp-json\/wp\/v2\/product_cat?post=23417"},{"taxonomy":"product_tag","embeddable":true,"href":"https:\/\/boskienasiona.pl\/en\/wp-json\/wp\/v2\/product_tag?post=23417"},{"taxonomy":"location","embeddable":true,"href":"https:\/\/boskienasiona.pl\/en\/wp-json\/wp\/v2\/location?post=23417"}],"curies":[{"name":"wp","href":"https:\/\/api.w.org\/{rel}","templated":true}]}}