{"id":23484,"date":"2026-02-10T20:44:06","date_gmt":"2026-02-10T19:44:06","guid":{"rendered":"https:\/\/boskienasiona.pl\/produkt\/nasiona-kwiatow-pierwiosnek-wyniosly-mix-na-rabaty-donic-i-na-kwiat-ciety-2\/"},"modified":"2026-04-06T10:37:54","modified_gmt":"2026-04-06T08:37:54","slug":"nasiona-kwiatow-pierwiosnek-wyniosly-mix-na-rabaty-donic-i-na-kwiat-ciety-2","status":"publish","type":"product","link":"https:\/\/boskienasiona.pl\/en\/produkt\/nasiona-kwiatow-pierwiosnek-wyniosly-mix-na-rabaty-donic-i-na-kwiat-ciety-2\/","title":{"rendered":"Nasiona kwiat\u00f3w Pierwiosnek wynios\u0142y MIX na rabaty donic i na kwiat ci\u0119ty"},"content":{"rendered":"<section class=\"section\">\n<div class=\"item item-12\">\n<section class=\"text-item\">\n<h1>Nasiona kwiat\u00f3w Pierwiosnek wynios\u0142y MIX na rabaty donic i na kwiat ci\u0119ty<\/h1>\n<\/section><\/div>\n<\/section>\n<section class=\"section\">\n<div class=\"item item-6\">\n<section class=\"image-item\"><img decoding=\"async\" src=\"https:\/\/upload.cdn.baselinker.com\/products\/3018170\/cb1b806943947a1f8569d2543b0599e5.jpg\" \/><\/section>\n<\/p><\/div>\n<div class=\"item item-6\">\n<section class=\"text-item\">\n<p><b>Pierwiosnek wynios\u0142y MIX<\/b><\/p>\n<p>Primula veris elatior<\/p>\n<p>Ro\u015blina wieloletnia wysoko\u015bci 15-25 cm o r\u00f3\u017cnobarwnych kwiatach z \u017c\u00f3\u0142tym \u015brodkiem zebranych w baldaszkowate kwiatostany. Polecana w szczeg\u00f3lno\u015bci do ogrod\u00f3w skalnych,&nbsp;na rabaty, do donic i na kwiat ci\u0119ty. Zaczyna kwitn\u0105\u0107 wczesn\u0105 wiosn\u0105 od IV do VII. Wysiew nasion IV-VI do donic lub na rozsadniku. Rozsad\u0119 na miejsce sta\u0142e sadzimy w VI-X. Wymaga gleb gliniastych, bogatych w pr\u00f3chnic\u0119. Najlepiej ro\u015bnie w p\u00f3\u0142cieniu.<\/p>\n<ul>\n<li><b>Siew inspekt:<\/b> IV-VI<\/li>\n<li><b>Kwitnienie:<\/b> IV-VII<\/li>\n<li><b>Wysoko\u015b\u0107:<\/b> 15-25 cm<\/li>\n<li><b>Rozstawa:<\/b> 15-25 cm<\/li>\n<\/ul>\n<\/section><\/div>\n<\/section>\n<section class=\"section\">\n<div class=\"item item-6\">\n<section class=\"image-item\"><img decoding=\"async\" src=\"https:\/\/upload.cdn.baselinker.com\/products\/3018170\/a3e63dcccd89509fe52472af2d2ae9e0.jpg\" \/><\/section>\n<\/p><\/div>\n<div class=\"item item-6\">\n<section class=\"text-item\">\n<p><b>SPRAWDZONA JAKO\u015a\u0106 NASION<\/b><\/p>\n<p>Oferowane przez nas nasiona s\u0105 testowane w&nbsp;<b>Laboratorium Oceny Nasion pod wzgl\u0119dem:<\/b><\/p>\n<p>\u2705<b>kie\u0142kowania<\/b><\/p>\n<p>\u2705<b>wilgotno\u015bci<\/b><\/p>\n<p>\u2705<b>czysto\u015bci ziarna<\/b><\/p>\n<p><b>Dzi\u0119ki czemu udost\u0119pniane nasiona s\u0105 \u015bci\u015ble wyselekcjonowane, tylko wysokiej klasy.<\/b><\/p>\n<p>Torebki zakupione na naszej aukcji s\u0105 w pe\u0142ni bezpieczne, posiadaj\u0105&nbsp;<b>dat\u0119 wa\u017cno\u015bci i nr partii na opakowaniu.<\/b>&nbsp;Gwarantujemy r\u00f3wnie\u017c jako\u015b\u0107 i oryginalno\u015b\u0107 produkt\u00f3w, poniewa\u017c s\u0105 nabywane bezpo\u015brednio od producenta.<\/p>\n<\/section><\/div>\n<\/section>\n<section class=\"section\">\n<div class=\"item item-12\">\n<section class=\"image-item\"><img decoding=\"async\" src=\"https:\/\/upload.cdn.baselinker.com\/products\/3018170\/bdfe6bb1cf75cfe40fabe41555a7b2ab.jpg\" \/><\/section>\n<\/p><\/div>\n<\/section>\n<section class=\"section\">\n<div class=\"item item-12\">\n<section class=\"image-item\"><img decoding=\"async\" src=\"https:\/\/upload.cdn.baselinker.com\/products\/3018170\/743509310be4382c7a49ed264c58fd78.jpg\" \/><\/section>\n<\/p><\/div>\n<\/section>\n","protected":false},"excerpt":{"rendered":"<p>Nasiona kwiat\u00f3w Pierwiosnek wynios\u0142y MIX na rabaty donic i na kwiat ci\u0119ty Pierwiosnek wynios\u0142y MIX Primula veris elatior Ro\u015blina wieloletnia wysoko\u015bci 15-25 cm o r\u00f3\u017cnobarwnych kwiatach z \u017c\u00f3\u0142tym \u015brodkiem zebranych w baldaszkowate kwiatostany. Polecana w szczeg\u00f3lno\u015bci do ogrod\u00f3w skalnych,&nbsp;na rabaty, do donic i na kwiat ci\u0119ty. Zaczyna kwitn\u0105\u0107 wczesn\u0105 wiosn\u0105 od IV do VII. Wysiew&#8230;<\/p>\n","protected":false},"featured_media":23480,"comment_status":"open","ping_status":"closed","template":"","meta":{"inline_featured_image":false},"product_cat":[134,162],"product_tag":[],"location":[],"class_list":{"0":"post-23484","1":"product","2":"type-product","3":"status-publish","4":"has-post-thumbnail","6":"product_cat-nasiona-kwiatow","7":"product_cat-nasiona","8":"nt-post-class","9":"","12":"excerpt-none","15":"first","16":"instock","17":"shipping-taxable","18":"purchasable","19":"product-type-simple"},"_links":{"self":[{"href":"https:\/\/boskienasiona.pl\/en\/wp-json\/wp\/v2\/product\/23484","targetHints":{"allow":["GET"]}}],"collection":[{"href":"https:\/\/boskienasiona.pl\/en\/wp-json\/wp\/v2\/product"}],"about":[{"href":"https:\/\/boskienasiona.pl\/en\/wp-json\/wp\/v2\/types\/product"}],"replies":[{"embeddable":true,"href":"https:\/\/boskienasiona.pl\/en\/wp-json\/wp\/v2\/comments?post=23484"}],"version-history":[{"count":0,"href":"https:\/\/boskienasiona.pl\/en\/wp-json\/wp\/v2\/product\/23484\/revisions"}],"wp:featuredmedia":[{"embeddable":true,"href":"https:\/\/boskienasiona.pl\/en\/wp-json\/wp\/v2\/media\/23480"}],"wp:attachment":[{"href":"https:\/\/boskienasiona.pl\/en\/wp-json\/wp\/v2\/media?parent=23484"}],"wp:term":[{"taxonomy":"product_cat","embeddable":true,"href":"https:\/\/boskienasiona.pl\/en\/wp-json\/wp\/v2\/product_cat?post=23484"},{"taxonomy":"product_tag","embeddable":true,"href":"https:\/\/boskienasiona.pl\/en\/wp-json\/wp\/v2\/product_tag?post=23484"},{"taxonomy":"location","embeddable":true,"href":"https:\/\/boskienasiona.pl\/en\/wp-json\/wp\/v2\/location?post=23484"}],"curies":[{"name":"wp","href":"https:\/\/api.w.org\/{rel}","templated":true}]}}