{"id":23531,"date":"2026-02-10T20:44:26","date_gmt":"2026-02-10T19:44:26","guid":{"rendered":"https:\/\/boskienasiona.pl\/produkt\/nasiona-kwiatow-pierwiosnek-zabkowany-mix-doskonala-roslina-na-rabaty\/"},"modified":"2026-04-06T10:37:54","modified_gmt":"2026-04-06T08:37:54","slug":"nasiona-kwiatow-pierwiosnek-zabkowany-mix-doskonala-roslina-na-rabaty","status":"publish","type":"product","link":"https:\/\/boskienasiona.pl\/en\/produkt\/nasiona-kwiatow-pierwiosnek-zabkowany-mix-doskonala-roslina-na-rabaty\/","title":{"rendered":"Nasiona kwiat\u00f3w Pierwiosnek z\u0105bkowany MIX Doskona\u0142a ro\u015blina na rabaty"},"content":{"rendered":"<section class=\"section\">\n<div class=\"item item-12\">\n<section class=\"text-item\">\n<h1>Nasiona kwiat\u00f3w Pierwiosnek z\u0105bkowany MIX Doskona\u0142a ro\u015blina na rabaty<\/h1>\n<\/section><\/div>\n<\/section>\n<section class=\"section\">\n<div class=\"item item-6\">\n<section class=\"image-item\"><img decoding=\"async\" src=\"https:\/\/upload.cdn.baselinker.com\/products\/3018170\/5b9e302e18a555a2444f6ed9f81e508e.jpg\" \/><\/section>\n<\/p><\/div>\n<div class=\"item item-6\">\n<section class=\"text-item\">\n<p><b>Pierwiosnek z\u0105bkowany MIX<\/b><\/p>\n<p>Primula denticulata<\/p>\n<p>Ro\u015blina wieloletnia o barwnych kwiatach zebranych w kuliste kwiatostany, osadzone na wierzcho\u0142ku sztywnych, wzniesionych p\u0119d\u00f3w. Wysoko\u015b\u0107 ro\u015blin 25-30 cm. Doskona\u0142a ro\u015blina na rabaty bylinowe, do ogrod\u00f3w skalnych i na kwiat ci\u0119ty. Wysiew nasion IV-VI na rozsadnik. Sadzenie do gruntu w VII-VIII.&nbsp; Preferuje stanowisko w p\u00f3\u0142cieniu i gleb\u0119 przepuszczaln\u0105.<\/p>\n<ul>\n<li><b>Siew inspekt:<\/b> IV-VI<\/li>\n<li><b>Kwitnienie:<\/b> III-V\/ 2 rok<\/li>\n<li><b>Wysoko\u015b\u0107:<\/b> 25-30 cm<\/li>\n<li><b>Rozstawa:<\/b> 20\u00d730 cm<\/li>\n<\/ul>\n<\/section><\/div>\n<\/section>\n<section class=\"section\">\n<div class=\"item item-6\">\n<section class=\"image-item\"><img decoding=\"async\" src=\"https:\/\/upload.cdn.baselinker.com\/products\/3018170\/6daa895f4be5258515ab470379c53e30.jpg\" \/><\/section>\n<\/p><\/div>\n<div class=\"item item-6\">\n<section class=\"text-item\">\n<p><b>SPRAWDZONA JAKO\u015a\u0106 NASION<\/b><\/p>\n<p>Oferowane przez nas nasiona s\u0105 testowane w&nbsp;<b>Laboratorium Oceny Nasion pod wzgl\u0119dem:<\/b><\/p>\n<p>\u2705<b>kie\u0142kowania<\/b><\/p>\n<p>\u2705<b>wilgotno\u015bci<\/b><\/p>\n<p>\u2705<b>czysto\u015bci ziarna<\/b><\/p>\n<p><b>Dzi\u0119ki czemu udost\u0119pniane nasiona s\u0105 \u015bci\u015ble wyselekcjonowane, tylko wysokiej klasy.<\/b><\/p>\n<p>Torebki zakupione na naszej aukcji s\u0105 w pe\u0142ni bezpieczne, posiadaj\u0105&nbsp;<b>dat\u0119 wa\u017cno\u015bci i nr partii na opakowaniu.<\/b>&nbsp;Gwarantujemy r\u00f3wnie\u017c jako\u015b\u0107 i oryginalno\u015b\u0107 produkt\u00f3w, poniewa\u017c s\u0105 nabywane bezpo\u015brednio od producenta.<\/p>\n<\/section><\/div>\n<\/section>\n","protected":false},"excerpt":{"rendered":"<p>Nasiona kwiat\u00f3w Pierwiosnek z\u0105bkowany MIX Doskona\u0142a ro\u015blina na rabaty Pierwiosnek z\u0105bkowany MIX Primula denticulata Ro\u015blina wieloletnia o barwnych kwiatach zebranych w kuliste kwiatostany, osadzone na wierzcho\u0142ku sztywnych, wzniesionych p\u0119d\u00f3w. Wysoko\u015b\u0107 ro\u015blin 25-30 cm. Doskona\u0142a ro\u015blina na rabaty bylinowe, do ogrod\u00f3w skalnych i na kwiat ci\u0119ty. Wysiew nasion IV-VI na rozsadnik. Sadzenie do gruntu w VII-VIII.&nbsp;&#8230;<\/p>\n","protected":false},"featured_media":23527,"comment_status":"open","ping_status":"closed","template":"","meta":{"inline_featured_image":false},"product_cat":[134,162],"product_tag":[],"location":[],"class_list":{"0":"post-23531","1":"product","2":"type-product","3":"status-publish","4":"has-post-thumbnail","6":"product_cat-nasiona-kwiatow","7":"product_cat-nasiona","8":"nt-post-class","9":"","12":"excerpt-none","15":"first","16":"instock","17":"shipping-taxable","18":"purchasable","19":"product-type-simple"},"_links":{"self":[{"href":"https:\/\/boskienasiona.pl\/en\/wp-json\/wp\/v2\/product\/23531","targetHints":{"allow":["GET"]}}],"collection":[{"href":"https:\/\/boskienasiona.pl\/en\/wp-json\/wp\/v2\/product"}],"about":[{"href":"https:\/\/boskienasiona.pl\/en\/wp-json\/wp\/v2\/types\/product"}],"replies":[{"embeddable":true,"href":"https:\/\/boskienasiona.pl\/en\/wp-json\/wp\/v2\/comments?post=23531"}],"version-history":[{"count":0,"href":"https:\/\/boskienasiona.pl\/en\/wp-json\/wp\/v2\/product\/23531\/revisions"}],"wp:featuredmedia":[{"embeddable":true,"href":"https:\/\/boskienasiona.pl\/en\/wp-json\/wp\/v2\/media\/23527"}],"wp:attachment":[{"href":"https:\/\/boskienasiona.pl\/en\/wp-json\/wp\/v2\/media?parent=23531"}],"wp:term":[{"taxonomy":"product_cat","embeddable":true,"href":"https:\/\/boskienasiona.pl\/en\/wp-json\/wp\/v2\/product_cat?post=23531"},{"taxonomy":"product_tag","embeddable":true,"href":"https:\/\/boskienasiona.pl\/en\/wp-json\/wp\/v2\/product_tag?post=23531"},{"taxonomy":"location","embeddable":true,"href":"https:\/\/boskienasiona.pl\/en\/wp-json\/wp\/v2\/location?post=23531"}],"curies":[{"name":"wp","href":"https:\/\/api.w.org\/{rel}","templated":true}]}}