{"id":23569,"date":"2026-02-10T20:44:41","date_gmt":"2026-02-10T19:44:41","guid":{"rendered":"https:\/\/boskienasiona.pl\/produkt\/nasiona-kwiatow-stokrotka-lakowa-biala-rozkwita-wczesna-wiosna\/"},"modified":"2026-03-01T13:05:44","modified_gmt":"2026-03-01T12:05:44","slug":"nasiona-kwiatow-stokrotka-lakowa-biala-rozkwita-wczesna-wiosna","status":"publish","type":"product","link":"https:\/\/boskienasiona.pl\/en\/produkt\/nasiona-kwiatow-stokrotka-lakowa-biala-rozkwita-wczesna-wiosna\/","title":{"rendered":"Nasiona kwiat\u00f3w Stokrotka \u0142\u0105kowa bia\u0142a rozkwita wczesn\u0105 wiosn\u0105"},"content":{"rendered":"<section class=\"section\">\n<div class=\"item item-12\">\n<section class=\"text-item\">\n<h1>Nasiona kwiat\u00f3w Stokrotka \u0142\u0105kowa bia\u0142a rozkwita wczesn\u0105 wiosn\u0105<\/h1>\n<\/section><\/div>\n<\/section>\n<section class=\"section\">\n<div class=\"item item-6\">\n<section class=\"image-item\"><img decoding=\"async\" src=\"https:\/\/upload.cdn.baselinker.com\/products\/3018170\/a8e97ae7ae06a28358a447bfb8ea4c03.jpg\" \/><\/section>\n<\/p><\/div>\n<div class=\"item item-6\">\n<section class=\"text-item\">\n<p><b>Stokrotka \u0142\u0105kowa bia\u0142a<\/b><\/p>\n<p>Bellis perennis<\/p>\n<p>Ma\u0142o wymagaj\u0105ca bylina wysoko\u015bci 10-15 cm rozkwitaj\u0105ca ju\u017c wczesn\u0105 wiosn\u0105 bia\u0142ymi urokliwymi kwiatami z \u017c\u00f3\u0142tym \u015brodkiem. Wysiew nasion w lipcu na rozsadnik lub do skrzynek. Na \u015bwie\u017co za\u0142o\u017conych trawnikach wysiewa\u0107 wczesn\u0105 wiosn\u0105 lub od p\u00f3\u017anego lata do wczesnej jesieni bezpo\u015brednio po koszeniu trawy. Po wysiewie trawnik nale\u017cy starannie zgrabi\u0107 tak, aby nasiona trafi\u0142y powierzchniowo do ziemi.<\/p>\n<ul>\n<li><b>Siew:<\/b> IV-VI, VIII-IX<\/li>\n<li><b>Kwitnienie:<\/b> IV-VII<\/li>\n<li><b>Wysoko\u015b\u0107:<\/b> 10-15 cm<\/li>\n<li><b>Rozstawa:<\/b> 15-20\u00d725 cm<\/li>\n<\/ul>\n<\/section><\/div>\n<\/section>\n<section class=\"section\">\n<div class=\"item item-6\">\n<section class=\"image-item\"><img decoding=\"async\" src=\"https:\/\/upload.cdn.baselinker.com\/products\/3018170\/0bd2f30fc5dff552016aa7f4cc4c627f.jpg\" \/><\/section>\n<\/p><\/div>\n<div class=\"item item-6\">\n<section class=\"text-item\">\n<p><b>SPRAWDZONA JAKO\u015a\u0106 NASION<\/b><\/p>\n<p>Oferowane przez nas nasiona s\u0105 testowane w\u00a0<b>Laboratorium Oceny Nasion pod wzgl\u0119dem:<\/b><\/p>\n<p>\u2705<b>kie\u0142kowania<\/b><\/p>\n<p>\u2705<b>wilgotno\u015bci<\/b><\/p>\n<p>\u2705<b>czysto\u015bci ziarna<\/b><\/p>\n<p><b>Dzi\u0119ki czemu udost\u0119pniane nasiona s\u0105 \u015bci\u015ble wyselekcjonowane, tylko wysokiej klasy.<\/b><\/p>\n<p>Torebki zakupione na naszej aukcji s\u0105 w pe\u0142ni bezpieczne, posiadaj\u0105\u00a0<b>dat\u0119 wa\u017cno\u015bci i nr partii na opakowaniu.<\/b>\u00a0Gwarantujemy r\u00f3wnie\u017c jako\u015b\u0107 i oryginalno\u015b\u0107 produkt\u00f3w, poniewa\u017c s\u0105 nabywane bezpo\u015brednio od producenta.<\/p>\n<\/section><\/div>\n<\/section>\n<section class=\"section\">\n<div class=\"item item-12\">\n<section class=\"image-item\"><img decoding=\"async\" src=\"https:\/\/upload.cdn.baselinker.com\/products\/3018170\/dc2fc4e4e17da6700024d4671162f8b9.jpg\" \/><\/section>\n<\/p><\/div>\n<\/section>\n","protected":false},"excerpt":{"rendered":"<p>Nasiona kwiat\u00f3w Stokrotka \u0142\u0105kowa bia\u0142a rozkwita wczesn\u0105 wiosn\u0105 Stokrotka \u0142\u0105kowa bia\u0142a Bellis perennis Ma\u0142o wymagaj\u0105ca bylina wysoko\u015bci 10-15 cm rozkwitaj\u0105ca ju\u017c wczesn\u0105 wiosn\u0105 bia\u0142ymi urokliwymi kwiatami z \u017c\u00f3\u0142tym \u015brodkiem. Wysiew nasion w lipcu na rozsadnik lub do skrzynek. Na \u015bwie\u017co za\u0142o\u017conych trawnikach wysiewa\u0107 wczesn\u0105 wiosn\u0105 lub od p\u00f3\u017anego lata do wczesnej jesieni bezpo\u015brednio po koszeniu&#8230;<\/p>\n","protected":false},"featured_media":23565,"comment_status":"open","ping_status":"closed","template":"","meta":{"inline_featured_image":false},"product_cat":[134,162],"product_tag":[],"location":[],"class_list":{"0":"post-23569","1":"product","2":"type-product","3":"status-publish","4":"has-post-thumbnail","6":"product_cat-nasiona-kwiatow","7":"product_cat-nasiona","8":"nt-post-class","9":"","12":"excerpt-none","15":"first","16":"instock","17":"shipping-taxable","18":"purchasable","19":"product-type-simple"},"_links":{"self":[{"href":"https:\/\/boskienasiona.pl\/en\/wp-json\/wp\/v2\/product\/23569","targetHints":{"allow":["GET"]}}],"collection":[{"href":"https:\/\/boskienasiona.pl\/en\/wp-json\/wp\/v2\/product"}],"about":[{"href":"https:\/\/boskienasiona.pl\/en\/wp-json\/wp\/v2\/types\/product"}],"replies":[{"embeddable":true,"href":"https:\/\/boskienasiona.pl\/en\/wp-json\/wp\/v2\/comments?post=23569"}],"version-history":[{"count":0,"href":"https:\/\/boskienasiona.pl\/en\/wp-json\/wp\/v2\/product\/23569\/revisions"}],"wp:featuredmedia":[{"embeddable":true,"href":"https:\/\/boskienasiona.pl\/en\/wp-json\/wp\/v2\/media\/23565"}],"wp:attachment":[{"href":"https:\/\/boskienasiona.pl\/en\/wp-json\/wp\/v2\/media?parent=23569"}],"wp:term":[{"taxonomy":"product_cat","embeddable":true,"href":"https:\/\/boskienasiona.pl\/en\/wp-json\/wp\/v2\/product_cat?post=23569"},{"taxonomy":"product_tag","embeddable":true,"href":"https:\/\/boskienasiona.pl\/en\/wp-json\/wp\/v2\/product_tag?post=23569"},{"taxonomy":"location","embeddable":true,"href":"https:\/\/boskienasiona.pl\/en\/wp-json\/wp\/v2\/location?post=23569"}],"curies":[{"name":"wp","href":"https:\/\/api.w.org\/{rel}","templated":true}]}}