{"id":23617,"date":"2026-02-10T20:44:57","date_gmt":"2026-02-10T19:44:57","guid":{"rendered":"https:\/\/boskienasiona.pl\/produkt\/nasiona-kwiatow-aksamitka-rozpierzchla-court-jester-kwiaty-zolto-bordowej\/"},"modified":"2026-02-10T20:45:06","modified_gmt":"2026-02-10T19:45:06","slug":"nasiona-kwiatow-aksamitka-rozpierzchla-court-jester-kwiaty-zolto-bordowej","status":"publish","type":"product","link":"https:\/\/boskienasiona.pl\/en\/produkt\/nasiona-kwiatow-aksamitka-rozpierzchla-court-jester-kwiaty-zolto-bordowej\/","title":{"rendered":"NASIONA KWIAT\u00d3W Aksamitka rozpierzch\u0142a COURT JESTER kwiaty \u017c\u00f3\u0142to-bordowej"},"content":{"rendered":"<section class=\"section\">\n<div class=\"item item-12\">\n<section class=\"text-item\">\n<h1>Aksamitka rozpierzch\u0142a COURT JESTER<\/h1>\n<\/section><\/div>\n<\/section>\n<section class=\"section\">\n<div class=\"item item-6\">\n<section class=\"image-item\"><img decoding=\"async\" src=\"https:\/\/upload.cdn.baselinker.com\/products\/3018170\/f904e42c5e0ebef60952d4c90963b1b1.jpg\" \/><\/section>\n<\/p><\/div>\n<div class=\"item item-6\">\n<section class=\"text-item\">\n<p><b>Aksamitka rozpierzch\u0142a COURT JESTER<\/b><\/p>\n<p>Tegetes erecta<\/p>\n<p>Ro\u015blina jednoroczna o wysoko\u015bci 50 cm. Pojedyncze kwiaty \u015brednicy 5 cm barwy<\/p>\n<p>\u017c\u00f3\u0142to-bordowej. Kwitnie obficie i r\u00f3wnomiernie od czerwca do pa\u017adziernika. Doskona\u0142a na rabaty, kwietniki oraz do pojemnik\u00f3w. Udaje si\u0119 na ka\u017cdej glebie ogrodowej. Wysiew<\/p>\n<p>w kwietniu do inspektu lub w maju wprost do gruntu.<\/p>\n<p><b>\u2705Siew inspekt:<\/b> III \u2013 IV<\/p>\n<p><b>\u2705Siew grunt:<\/b> V<\/p>\n<p><b>\u2705Kwitnienie:<\/b> VI-X<\/p>\n<p><b>\u2705Rozstawa:<\/b> 50\u00d750 cm<\/p>\n<p><b>\u2705Wysoko\u015b\u0107:<\/b> 50 cm<\/p>\n<\/section><\/div>\n<\/section>\n<section class=\"section\">\n<div class=\"item item-6\">\n<section class=\"image-item\"><img decoding=\"async\" src=\"https:\/\/upload.cdn.baselinker.com\/products\/3018170\/b47efae0a71395ff147707929c1ec771.jpg\" \/><\/section>\n<\/p><\/div>\n<div class=\"item item-6\">\n<section class=\"text-item\">\n<p><b>SPRAWDZONA JAKO\u015a\u0106 NASION<\/b><\/p>\n<p>Oferowane przez nas nasiona s\u0105 testowane w&nbsp;<b>Laboratorium Oceny Nasion pod wzgl\u0119dem:<\/b><\/p>\n<p>\u2705<b>kie\u0142kowania<\/b><\/p>\n<p>\u2705<b>wilgotno\u015bci<\/b><\/p>\n<p>\u2705<b>czysto\u015bci ziarna<\/b><\/p>\n<p><b>Dzi\u0119ki czemu udost\u0119pniane nasiona s\u0105 \u015bci\u015ble wyselekcjonowane, tylko wysokiej klasy.<\/b><\/p>\n<p>Torebki zakupione na naszej aukcji s\u0105 w pe\u0142ni bezpieczne, posiadaj\u0105&nbsp;<b>dat\u0119 wa\u017cno\u015bci i nr partii na opakowaniu.<\/b>&nbsp;Gwarantujemy r\u00f3wnie\u017c jako\u015b\u0107 i oryginalno\u015b\u0107 produkt\u00f3w, poniewa\u017c s\u0105 nabywane bezpo\u015brednio od producenta.<\/p>\n<\/section><\/div>\n<\/section>\n<section class=\"section\">\n<div class=\"item item-12\">\n<section class=\"image-item\"><img decoding=\"async\" src=\"https:\/\/upload.cdn.baselinker.com\/products\/3018170\/aedcd94c70492ac54f75bfa159f8f794.jpg\" \/><\/section>\n<\/p><\/div>\n<\/section>\n","protected":false},"excerpt":{"rendered":"<p>Aksamitka rozpierzch\u0142a COURT JESTER Aksamitka rozpierzch\u0142a COURT JESTER Tegetes erecta Ro\u015blina jednoroczna o wysoko\u015bci 50 cm. Pojedyncze kwiaty \u015brednicy 5 cm barwy \u017c\u00f3\u0142to-bordowej. Kwitnie obficie i r\u00f3wnomiernie od czerwca do pa\u017adziernika. Doskona\u0142a na rabaty, kwietniki oraz do pojemnik\u00f3w. Udaje si\u0119 na ka\u017cdej glebie ogrodowej. Wysiew w kwietniu do inspektu lub w maju wprost do gruntu&#8230;.<\/p>\n","protected":false},"featured_media":23615,"comment_status":"open","ping_status":"closed","template":"","meta":{"inline_featured_image":false},"product_cat":[134,162],"product_tag":[],"location":[],"class_list":{"0":"post-23617","1":"product","2":"type-product","3":"status-publish","4":"has-post-thumbnail","6":"product_cat-nasiona-kwiatow","7":"product_cat-nasiona","8":"nt-post-class","9":"","12":"excerpt-none","15":"first","16":"instock","17":"shipping-taxable","18":"purchasable","19":"product-type-simple"},"_links":{"self":[{"href":"https:\/\/boskienasiona.pl\/en\/wp-json\/wp\/v2\/product\/23617","targetHints":{"allow":["GET"]}}],"collection":[{"href":"https:\/\/boskienasiona.pl\/en\/wp-json\/wp\/v2\/product"}],"about":[{"href":"https:\/\/boskienasiona.pl\/en\/wp-json\/wp\/v2\/types\/product"}],"replies":[{"embeddable":true,"href":"https:\/\/boskienasiona.pl\/en\/wp-json\/wp\/v2\/comments?post=23617"}],"version-history":[{"count":0,"href":"https:\/\/boskienasiona.pl\/en\/wp-json\/wp\/v2\/product\/23617\/revisions"}],"wp:featuredmedia":[{"embeddable":true,"href":"https:\/\/boskienasiona.pl\/en\/wp-json\/wp\/v2\/media\/23615"}],"wp:attachment":[{"href":"https:\/\/boskienasiona.pl\/en\/wp-json\/wp\/v2\/media?parent=23617"}],"wp:term":[{"taxonomy":"product_cat","embeddable":true,"href":"https:\/\/boskienasiona.pl\/en\/wp-json\/wp\/v2\/product_cat?post=23617"},{"taxonomy":"product_tag","embeddable":true,"href":"https:\/\/boskienasiona.pl\/en\/wp-json\/wp\/v2\/product_tag?post=23617"},{"taxonomy":"location","embeddable":true,"href":"https:\/\/boskienasiona.pl\/en\/wp-json\/wp\/v2\/location?post=23617"}],"curies":[{"name":"wp","href":"https:\/\/api.w.org\/{rel}","templated":true}]}}