{"id":23648,"date":"2026-02-10T20:45:09","date_gmt":"2026-02-10T19:45:09","guid":{"rendered":"https:\/\/boskienasiona.pl\/produkt\/nasiona-kwiatow-aksamitka-wysoka-fantastic-pomaranczowa-obwodki-kwietniki-2\/"},"modified":"2026-02-10T20:45:17","modified_gmt":"2026-02-10T19:45:17","slug":"nasiona-kwiatow-aksamitka-wysoka-fantastic-pomaranczowa-obwodki-kwietniki-2","status":"publish","type":"product","link":"https:\/\/boskienasiona.pl\/en\/produkt\/nasiona-kwiatow-aksamitka-wysoka-fantastic-pomaranczowa-obwodki-kwietniki-2\/","title":{"rendered":"NASIONA KWIAT\u00d3W Aksamitka wysoka FANTASTIC pomara\u0144czowa obw\u00f3dki kwietniki"},"content":{"rendered":"<section class=\"section\">\n<div class=\"item item-12\">\n<section class=\"text-item\">\n<h1>NASIONA KWIAT\u00d3W Aksamitka wysoka FANTASTIC pomara\u0144czowa obw\u00f3dki kwietniki<\/h1>\n<\/section><\/div>\n<\/section>\n<section class=\"section\">\n<div class=\"item item-6\">\n<section class=\"image-item\"><img decoding=\"async\" src=\"https:\/\/upload.cdn.baselinker.com\/products\/3018170\/df81369a055604c7c8ae7b3690cf7999.jpg\" \/><\/section>\n<\/p><\/div>\n<div class=\"item item-6\">\n<section class=\"text-item\">\n<p><b>Aksamitka wysoka FANTASTIC pomara\u0144czowa<\/b><\/p>\n<p>Tegetes erecta fl.pl.<\/p>\n<p>Dekoracyjna ro\u015blina jednoroczna o wysoko\u015bci 65-100 cm i du\u017cych, pomara\u0144czowych, pe\u0142nych kwiatach z lekko poskr\u0119canymi p\u0142atkami. Kwitnie od wczesnego lata a\u017c do pierwszych przymrozk\u00f3w. Zastosowanie: rabaty, obw\u00f3dki, kwietniki oraz do pojemnik\u00f3w i doniczek. Udaje si\u0119 na ka\u017cdej glebie ogrodowej, wytrzyma\u0142a na susze. Wysiew w kwietniu do inspektu lub w maju wprost do gruntu.<\/p>\n<p><b>\u2705Siew inspekt:<\/b> III \u2013 IV<\/p>\n<p><b>\u2705Siew grunt:<\/b> V<\/p>\n<p><b>\u2705Kwitnienie:<\/b> VI-X<\/p>\n<p><b>\u2705Rozstawa:<\/b> 30\u00d730 cm<\/p>\n<p><b>\u2705Wysoko\u015b\u0107:<\/b> 65-100 cm<\/p>\n<\/section><\/div>\n<\/section>\n<section class=\"section\">\n<div class=\"item item-6\">\n<section class=\"image-item\"><img decoding=\"async\" src=\"https:\/\/upload.cdn.baselinker.com\/products\/3018170\/1b5972b5f2fd759feb05048424e0fa86.jpg\" \/><\/section>\n<\/p><\/div>\n<div class=\"item item-6\">\n<section class=\"text-item\">\n<p><b>SPRAWDZONA JAKO\u015a\u0106 NASION<\/b><\/p>\n<p>Oferowane przez nas nasiona s\u0105 testowane w&nbsp;<b>Laboratorium Oceny Nasion pod wzgl\u0119dem:<\/b><\/p>\n<p>\u2705<b>kie\u0142kowania<\/b><\/p>\n<p>\u2705<b>wilgotno\u015bci<\/b><\/p>\n<p>\u2705<b>czysto\u015bci ziarna<\/b><\/p>\n<p><b>Dzi\u0119ki czemu udost\u0119pniane nasiona s\u0105 \u015bci\u015ble wyselekcjonowane, tylko wysokiej klasy.<\/b><\/p>\n<p>Torebki zakupione na naszej aukcji s\u0105 w pe\u0142ni bezpieczne, posiadaj\u0105&nbsp;<b>dat\u0119 wa\u017cno\u015bci i nr partii na opakowaniu.<\/b>&nbsp;Gwarantujemy r\u00f3wnie\u017c jako\u015b\u0107 i oryginalno\u015b\u0107 produkt\u00f3w, poniewa\u017c s\u0105 nabywane bezpo\u015brednio od producenta.<\/p>\n<\/section><\/div>\n<\/section>\n<section class=\"section\">\n<div class=\"item item-12\">\n<section class=\"image-item\"><img decoding=\"async\" src=\"https:\/\/upload.cdn.baselinker.com\/products\/3018170\/f0cf49b777b73bfd25edd4f8f20211b6.jpg\" \/><\/section>\n<\/p><\/div>\n<\/section>\n","protected":false},"excerpt":{"rendered":"<p>NASIONA KWIAT\u00d3W Aksamitka wysoka FANTASTIC pomara\u0144czowa obw\u00f3dki kwietniki Aksamitka wysoka FANTASTIC pomara\u0144czowa Tegetes erecta fl.pl. Dekoracyjna ro\u015blina jednoroczna o wysoko\u015bci 65-100 cm i du\u017cych, pomara\u0144czowych, pe\u0142nych kwiatach z lekko poskr\u0119canymi p\u0142atkami. Kwitnie od wczesnego lata a\u017c do pierwszych przymrozk\u00f3w. Zastosowanie: rabaty, obw\u00f3dki, kwietniki oraz do pojemnik\u00f3w i doniczek. Udaje si\u0119 na ka\u017cdej glebie ogrodowej, wytrzyma\u0142a&#8230;<\/p>\n","protected":false},"featured_media":23643,"comment_status":"open","ping_status":"closed","template":"","meta":{"inline_featured_image":false},"product_cat":[134,162],"product_tag":[],"location":[],"class_list":{"0":"post-23648","1":"product","2":"type-product","3":"status-publish","4":"has-post-thumbnail","6":"product_cat-nasiona-kwiatow","7":"product_cat-nasiona","8":"nt-post-class","9":"","12":"excerpt-none","15":"first","16":"instock","17":"shipping-taxable","18":"purchasable","19":"product-type-simple"},"_links":{"self":[{"href":"https:\/\/boskienasiona.pl\/en\/wp-json\/wp\/v2\/product\/23648","targetHints":{"allow":["GET"]}}],"collection":[{"href":"https:\/\/boskienasiona.pl\/en\/wp-json\/wp\/v2\/product"}],"about":[{"href":"https:\/\/boskienasiona.pl\/en\/wp-json\/wp\/v2\/types\/product"}],"replies":[{"embeddable":true,"href":"https:\/\/boskienasiona.pl\/en\/wp-json\/wp\/v2\/comments?post=23648"}],"version-history":[{"count":0,"href":"https:\/\/boskienasiona.pl\/en\/wp-json\/wp\/v2\/product\/23648\/revisions"}],"wp:featuredmedia":[{"embeddable":true,"href":"https:\/\/boskienasiona.pl\/en\/wp-json\/wp\/v2\/media\/23643"}],"wp:attachment":[{"href":"https:\/\/boskienasiona.pl\/en\/wp-json\/wp\/v2\/media?parent=23648"}],"wp:term":[{"taxonomy":"product_cat","embeddable":true,"href":"https:\/\/boskienasiona.pl\/en\/wp-json\/wp\/v2\/product_cat?post=23648"},{"taxonomy":"product_tag","embeddable":true,"href":"https:\/\/boskienasiona.pl\/en\/wp-json\/wp\/v2\/product_tag?post=23648"},{"taxonomy":"location","embeddable":true,"href":"https:\/\/boskienasiona.pl\/en\/wp-json\/wp\/v2\/location?post=23648"}],"curies":[{"name":"wp","href":"https:\/\/api.w.org\/{rel}","templated":true}]}}