{"id":23672,"date":"2026-02-10T20:45:22","date_gmt":"2026-02-10T19:45:22","guid":{"rendered":"https:\/\/boskienasiona.pl\/produkt\/nasiona-kwiatow-aksamitka-wielkokwiatowa-moonlight-zolta-na-rabaty-2\/"},"modified":"2026-04-18T22:18:51","modified_gmt":"2026-04-18T20:18:51","slug":"nasiona-kwiatow-aksamitka-wielkokwiatowa-moonlight-zolta-na-rabaty-2","status":"publish","type":"product","link":"https:\/\/boskienasiona.pl\/en\/produkt\/nasiona-kwiatow-aksamitka-wielkokwiatowa-moonlight-zolta-na-rabaty-2\/","title":{"rendered":"NASIONA KWIAT\u00d3W Aksamitka wielkokwiatowa MOONLIGHT \u017c\u00f3\u0142ta na rabaty"},"content":{"rendered":"<section class=\"section\">\n<div class=\"item item-12\">\n<section class=\"text-item\">\n<h1>NASIONA KWIAT\u00d3W Aksamitka wielkokwiatowa MOONLIGHT \u017c\u00f3\u0142ta na rabaty<\/h1>\n<\/section><\/div>\n<\/section>\n<section class=\"section\">\n<div class=\"item item-6\">\n<section class=\"image-item\"><img decoding=\"async\" src=\"https:\/\/upload.cdn.baselinker.com\/products\/3018170\/5548f9da6534b31eb690220f274858e9.jpg\" \/><\/section>\n<\/p><\/div>\n<div class=\"item item-6\">\n<section class=\"text-item\">\n<p><b>Aksamitka wielkokwiatowa MOONLIGHT \u017c\u00f3\u0142ta<\/b><\/p>\n<p>Tagetes erecta<\/p>\n<p>Aksamitka wielkokwiatowa Moonlight \u017c\u00f3\u0142ta.&nbsp;Ro\u015blina jednoroczna o wysoko\u015bci 35-50cm<\/p>\n<p>i du\u017cych, pe\u0142nych, \u017c\u00f3\u0142tych kwiatach. Kwitnie obficie i r\u00f3wnomiernie od VI do mroz\u00f3w. Doskona\u0142a na rabaty, obw\u00f3dki, kwietniki, do skrzynek. Udaje si\u0119 na ka\u017cdej glebie ogrodowej. Wysiew w III-IV do inspektu lub w maju wprost do gruntu.<\/p>\n<p><b>\u2705Siew inspekt:<\/b> III \u2013 IV<\/p>\n<p><b>\u2705Siew grunt:<\/b> V<\/p>\n<p><b>\u2705Kwitnienie:<\/b> VI-X<\/p>\n<p><b>\u2705Rozstawa:<\/b> 40\u00d740 cm<\/p>\n<p><b>\u2705Wysoko\u015b\u0107:<\/b> 35-50 cm<\/p>\n<\/section><\/div>\n<\/section>\n<section class=\"section\">\n<div class=\"item item-6\">\n<section class=\"image-item\"><img decoding=\"async\" src=\"https:\/\/upload.cdn.baselinker.com\/products\/3018170\/acdaf44a60f1765eaa6b68232757b239.jpg\" \/><\/section>\n<\/p><\/div>\n<div class=\"item item-6\">\n<section class=\"text-item\">\n<p><b>SPRAWDZONA JAKO\u015a\u0106 NASION<\/b><\/p>\n<p>Oferowane przez nas nasiona s\u0105 testowane w <b>Laboratorium Oceny Nasion pod wzgl\u0119dem:<\/b><\/p>\n<p>\u2705<b>kie\u0142kowania<\/b><\/p>\n<p>\u2705<b>wilgotno\u015bci<\/b><\/p>\n<p>\u2705<b>czysto\u015bci ziarna<\/b><\/p>\n<p><b>Dzi\u0119ki czemu udost\u0119pniane nasiona s\u0105 \u015bci\u015ble wyselekcjonowane, tylko wysokiej klasy.<\/b><\/p>\n<\/section><\/div>\n<\/section>\n<section class=\"section\">\n<div class=\"item item-12\">\n<section class=\"image-item\"><img decoding=\"async\" src=\"https:\/\/upload.cdn.baselinker.com\/products\/3018170\/b702f9a74f968f5bf552b2c79939304a.jpg\" \/><\/section>\n<\/p><\/div>\n<\/section>\n","protected":false},"excerpt":{"rendered":"<p>NASIONA KWIAT\u00d3W Aksamitka wielkokwiatowa MOONLIGHT \u017c\u00f3\u0142ta na rabaty Aksamitka wielkokwiatowa MOONLIGHT \u017c\u00f3\u0142ta Tagetes erecta Aksamitka wielkokwiatowa Moonlight \u017c\u00f3\u0142ta.&nbsp;Ro\u015blina jednoroczna o wysoko\u015bci 35-50cm i du\u017cych, pe\u0142nych, \u017c\u00f3\u0142tych kwiatach. Kwitnie obficie i r\u00f3wnomiernie od VI do mroz\u00f3w. Doskona\u0142a na rabaty, obw\u00f3dki, kwietniki, do skrzynek. Udaje si\u0119 na ka\u017cdej glebie ogrodowej. Wysiew w III-IV do inspektu lub w&#8230;<\/p>\n","protected":false},"featured_media":23669,"comment_status":"open","ping_status":"closed","template":"","meta":{"inline_featured_image":false},"product_cat":[134,162],"product_tag":[],"location":[],"class_list":{"0":"post-23672","1":"product","2":"type-product","3":"status-publish","4":"has-post-thumbnail","6":"product_cat-nasiona-kwiatow","7":"product_cat-nasiona","8":"nt-post-class","9":"","12":"excerpt-none","15":"first","16":"instock","17":"shipping-taxable","18":"purchasable","19":"product-type-simple"},"_links":{"self":[{"href":"https:\/\/boskienasiona.pl\/en\/wp-json\/wp\/v2\/product\/23672","targetHints":{"allow":["GET"]}}],"collection":[{"href":"https:\/\/boskienasiona.pl\/en\/wp-json\/wp\/v2\/product"}],"about":[{"href":"https:\/\/boskienasiona.pl\/en\/wp-json\/wp\/v2\/types\/product"}],"replies":[{"embeddable":true,"href":"https:\/\/boskienasiona.pl\/en\/wp-json\/wp\/v2\/comments?post=23672"}],"version-history":[{"count":0,"href":"https:\/\/boskienasiona.pl\/en\/wp-json\/wp\/v2\/product\/23672\/revisions"}],"wp:featuredmedia":[{"embeddable":true,"href":"https:\/\/boskienasiona.pl\/en\/wp-json\/wp\/v2\/media\/23669"}],"wp:attachment":[{"href":"https:\/\/boskienasiona.pl\/en\/wp-json\/wp\/v2\/media?parent=23672"}],"wp:term":[{"taxonomy":"product_cat","embeddable":true,"href":"https:\/\/boskienasiona.pl\/en\/wp-json\/wp\/v2\/product_cat?post=23672"},{"taxonomy":"product_tag","embeddable":true,"href":"https:\/\/boskienasiona.pl\/en\/wp-json\/wp\/v2\/product_tag?post=23672"},{"taxonomy":"location","embeddable":true,"href":"https:\/\/boskienasiona.pl\/en\/wp-json\/wp\/v2\/location?post=23672"}],"curies":[{"name":"wp","href":"https:\/\/api.w.org\/{rel}","templated":true}]}}